{"id":1500,"date":"2025-04-08T14:39:43","date_gmt":"2025-04-08T14:39:43","guid":{"rendered":"https:\/\/doctoflow.com\/?page_id=1500"},"modified":"2025-11-16T06:15:54","modified_gmt":"2025-11-16T06:15:54","slug":"medizinische-lizenzierung-in-dubai-und-den-vae","status":"publish","type":"page","link":"https:\/\/doctoflow.com\/ar\/medizinische-lizenzierung-in-dubai-und-den-vae\/","title":{"rendered":"\u0627\u0644\u062a\u0631\u062e\u064a\u0635 \u0627\u0644\u0637\u0628\u064a \u0641\u064a \u062f\u0628\u064a \u0648\u0627\u0644\u0625\u0645\u0627\u0631\u0627\u062a \u0627\u0644\u0639\u0631\u0628\u064a\u0629 \u0627\u0644\u0645\u062a\u062d\u062f\u0629"},"content":{"rendered":"\t\t<div data-elementor-type=\"wp-page\" data-elementor-id=\"1500\" class=\"elementor elementor-1500\">\n\t\t\t\t<div class=\"xts-negative-gap elementor-element elementor-element-f728ce4 e-flex e-con-boxed xts-section-disabled e-con e-parent\" data-id=\"f728ce4\" data-element_type=\"container\" data-e-type=\"container\">\n\t\t\t\t\t<div class=\"e-con-inner\">\n\t\t\t\t<div class=\"elementor-element elementor-element-712cd04 elementor-widget elementor-widget-xts_banner\" data-id=\"712cd04\" data-element_type=\"widget\" data-e-type=\"widget\" data-widget_type=\"xts_banner.default\">\n\t\t\t\t<div class=\"elementor-widget-container\">\n\t\t\t\t\t\t\t<div class=\"xts-iimage xts-with-background xts-style-mask-gradient xts-hover-zoom-in xts-scheme-light xts-cursor-pointer\" onclick=\"window.location.href=&quot;https:\/\/doctoflow.com\/dentistry\/&quot;\">\n\n\t\t\t<div class=\"xts-iimage-img-wrapper\">\n\t\t\t\t<div class=\"xts-iimage-img xts-bg-position-center-center\">\n\t\t\t\t\t<img fetchpriority=\"high\" decoding=\"async\" width=\"1600\" height=\"696\" src=\"https:\/\/doctoflow.com\/wp-content\/uploads\/2025\/04\/Bildschirmfoto-2025-01-11-um-19.10.48.png.webp\" class=\"attachment-full size-full wp-image-1503\" alt=\"\" srcset=\"https:\/\/doctoflow.com\/wp-content\/uploads\/2025\/04\/Bildschirmfoto-2025-01-11-um-19.10.48.png.webp 1600w, https:\/\/doctoflow.com\/wp-content\/uploads\/2025\/04\/Bildschirmfoto-2025-01-11-um-19.10.48.png-500x218.webp 500w, https:\/\/doctoflow.com\/wp-content\/uploads\/2025\/04\/Bildschirmfoto-2025-01-11-um-19.10.48.png-1024x445.webp 1024w, https:\/\/doctoflow.com\/wp-content\/uploads\/2025\/04\/Bildschirmfoto-2025-01-11-um-19.10.48.png-768x334.webp 768w, https:\/\/doctoflow.com\/wp-content\/uploads\/2025\/04\/Bildschirmfoto-2025-01-11-um-19.10.48.png-1536x668.webp 1536w\" sizes=\"(max-width: 1600px) 100vw, 1600px\" \/>\t\t\t\t<\/div>\n\n\t\t\t\t<div class=\"xts-iimage-overlay xts-fill\"><\/div>\n\t\t\t<\/div>\n\n\t\t\t<div class=\"xts-iimage-content-wrapper xts-fill xts-justify-start xts-items-end xts-textalign-left\">\n\t\t\t\t<div class=\"xts-iimage-content xts-reset-all-last\">\n\t\t\t\t\t\n\t\t\t\t\t\t\t\t\t\t\t<h4 class=\"xts-iimage-title title xts-fontsize-m\" data-elementor-setting-key=\"title\">\n\t\t\t\t\t\t\tLizensierung von \u00c4rzten\t\t\t\t\t\t<\/h4>\n\t\t\t\t\t\n\t\t\t\t\t\n\t\t\t\t\t\t\t\t\t\t\t\t\t\t<div class=\"xts-button-wrapper\" >\n\t\t\t\t\t\t\t\t\t<a class=\"xts-button xts-size-s xts-style-link xts-color-white\"  href=\"https:\/\/doctoflow.com\/dentistry\/\">\n\t\t\t\t\t\t<span class=\"xts-button-text\" data-elementor-setting-key=\"button_text\">\n\t\t\t\t\t\t\tMake appointment\t\t\t\t\t\t<\/span>\n\n\t\t\t\t\t\t\t\t\t\t\t<\/a>\n\t\t\t\t\t\t\t<\/div>\n\t\t\t\t\t\t\t\t\t\t\t<\/div>\n\t\t\t<\/div>\n\t\t<\/div>\n\n\t\t\t\t\t\t<\/div>\n\t\t\t\t<\/div>\n\t\t\t\t\t<\/div>\n\t\t\t\t<\/div>\n\t\t<div class=\"xts-negative-gap elementor-element elementor-element-8293fdf e-flex e-con-boxed xts-section-disabled e-con e-parent\" data-id=\"8293fdf\" data-element_type=\"container\" data-e-type=\"container\">\n\t\t\t\t\t<div class=\"e-con-inner\">\n\t\t\t\t<div class=\"elementor-element elementor-element-061df05 elementor-widget elementor-widget-spacer\" data-id=\"061df05\" data-element_type=\"widget\" data-e-type=\"widget\" data-widget_type=\"spacer.default\">\n\t\t\t\t<div class=\"elementor-widget-container\">\n\t\t\t\t\t\t\t<div class=\"elementor-spacer\">\n\t\t\t<div class=\"elementor-spacer-inner\"><\/div>\n\t\t<\/div>\n\t\t\t\t\t\t<\/div>\n\t\t\t\t<\/div>\n\t\t\t\t\t<\/div>\n\t\t\t\t<\/div>\n\t\t<div class=\"xts-negative-gap elementor-element elementor-element-f2e6c74 e-flex e-con-boxed xts-section-disabled e-con e-parent\" data-id=\"f2e6c74\" data-element_type=\"container\" data-e-type=\"container\">\n\t\t\t\t\t<div class=\"e-con-inner\">\n\t\t\t\t<div class=\"elementor-element elementor-element-b5f6268 elementor-widget elementor-widget-xts_button\" data-id=\"b5f6268\" data-element_type=\"widget\" data-e-type=\"widget\" data-widget_type=\"xts_button.default\">\n\t\t\t\t<div class=\"elementor-widget-container\">\n\t\t\t\t\t\t\t\t<div class=\"xts-button-wrapper xts-textalign-center\" >\n\t\t\t\t\t\t\t\t\t<a class=\"xts-button xts-size-xl xts-style-default xts-color-primary xts-shape-round xts-width-full\" href=\"http:\/\/wa.link\/hr0b0m\" target=\"_blank\" rel=\"noopener\">\n\t\t\t\t\t\t<span class=\"xts-button-text\" data-elementor-setting-key=\"button_text\">\n\t\t\t\t\t\t\tJetzt \u00fcber WhatsApp kontaktieren\t\t\t\t\t\t<\/span>\n\n\t\t\t\t\t\t\t\t\t\t\t<\/a>\n\t\t\t\t\t\t\t<\/div>\n\t\t\t\t\t\t<\/div>\n\t\t\t\t<\/div>\n\t\t\t\t\t<\/div>\n\t\t\t\t<\/div>\n\t\t<div class=\"xts-negative-gap elementor-element elementor-element-6cf8757 e-flex e-con-boxed xts-section-disabled e-con e-parent\" data-id=\"6cf8757\" data-element_type=\"container\" data-e-type=\"container\">\n\t\t\t\t\t<div class=\"e-con-inner\">\n\t\t\t\t<div class=\"elementor-element elementor-element-149ddae elementor-widget elementor-widget-spacer\" data-id=\"149ddae\" data-element_type=\"widget\" data-e-type=\"widget\" data-widget_type=\"spacer.default\">\n\t\t\t\t<div class=\"elementor-widget-container\">\n\t\t\t\t\t\t\t<div class=\"elementor-spacer\">\n\t\t\t<div class=\"elementor-spacer-inner\"><\/div>\n\t\t<\/div>\n\t\t\t\t\t\t<\/div>\n\t\t\t\t<\/div>\n\t\t\t\t\t<\/div>\n\t\t\t\t<\/div>\n\t\t<div class=\"xts-negative-gap elementor-element elementor-element-d7b3598 e-flex e-con-boxed xts-section-disabled e-con e-parent\" data-id=\"d7b3598\" data-element_type=\"container\" data-e-type=\"container\">\n\t\t\t\t\t<div class=\"e-con-inner\">\n\t\t\t\t<div class=\"elementor-element elementor-element-cca033a xts-width-100 elementor-widget elementor-widget-xts_title\" data-id=\"cca033a\" data-element_type=\"widget\" data-e-type=\"widget\" data-widget_type=\"xts_title.default\">\n\t\t\t\t<div class=\"elementor-widget-container\">\n\t\t\t\t\t\t\t\t<div class=\"xts-section-heading xts-reset-mb-10 xts-reset-last xts-textalign-left\" data-animation-delay=\"\">\n\t\t\t\t\t\t\t\t\t<div class=\"xts-section-subtitle xts-textcolor-primary xts-fontsize-s\">\n\t\t\t\t\t\t<span class=\"xts-section-subtitle-text\" data-elementor-setting-key=\"subtitle\">\n\t\t\t\t\t\t\tUAE Health Care \t\t\t\t\t\t<\/span>\n\n\t\t\t\t\t\t\t\t\t\t\t<\/div>\n\t\t\t\t\n\t\t\t\t\t\t\t\t\t<h4 class=\"xts-section-title title xts-design-default xts-fontsize-l\">\n\t\t\t\t\t\t<span class=\"xts-section-title-text\" data-elementor-setting-key=\"title\">\n\t\t\t\t\t\t\tMedizinische Lizenzierung in Dubai und den VAE\t\t\t\t\t\t<\/span>\n\n\t\t\t\t\t\t\t\t\t\t\t<\/h4>\n\t\t\t\t\n\t\t\t\t\n\t\t\t\t\t\t\t<\/div>\n\t\t\t\t\t\t<\/div>\n\t\t\t\t<\/div>\n\t\t\t\t\t<\/div>\n\t\t\t\t<\/div>\n\t\t<div class=\"xts-negative-gap elementor-element elementor-element-1b179b8 e-flex e-con-boxed xts-section-disabled e-con e-parent\" data-id=\"1b179b8\" data-element_type=\"container\" data-e-type=\"container\">\n\t\t\t\t\t<div class=\"e-con-inner\">\n\t\t\t\t<div class=\"elementor-element elementor-element-b9ae5c5 xts-scheme-inherit xts-textalign-inherit elementor-widget elementor-widget-text-editor\" data-id=\"b9ae5c5\" data-element_type=\"widget\" data-e-type=\"widget\" data-widget_type=\"text-editor.default\">\n\t\t\t\t<div class=\"elementor-widget-container\">\n\t\t\t\t\t\t\t\t\t<p><strong>\u00dcbersicht<\/strong><\/p><p>Die medizinische Lizenzierung in den Vereinigten Arabischen Emiraten ist ein komplexer Prozess, der spezifisches Fachwissen und Erfahrung erfordert. DoctoFlow bietet westlichen \u00c4rzten einen umfassenden Service, der den gesamten Lizenzierungsprozess vereinfacht und beschleunigt. Wir kennen die Anforderungen aller relevanten Gesundheitsbeh\u00f6rden in den VAE und begleiten Sie durch jeden Schritt des Verfahrens.<\/p><h3>Unsere Lizenzierungsdienstleistungen<\/h3><p>DHA Lizenzierung (Dubai Health Authority)<\/p><p>Die Dubai Health Authority (DHA) ist die Gesundheitsbeh\u00f6rde f\u00fcr das Emirat Dubai und stellt strenge Anforderungen an die Lizenzierung von \u00c4rzten. Unser spezialisiertes Team unterst\u00fctzt Sie bei:<\/p><p>&#8211; Pr\u00fcfung Ihrer Qualifikationen und Erfahrungen gem\u00e4\u00df den DHA-Anforderungen<br \/>&#8211; Vorbereitung und Einreichung aller erforderlichen Dokumente<br \/>&#8211; Begleitung durch den DataFlow-Verifizierungsprozess<br \/>&#8211; Vorbereitung auf die DHA-Pr\u00fcfung (falls erforderlich)<br \/>&#8211; Beantragung von Pr\u00fcfungsbefreiungen (f\u00fcr qualifizierte Kandidaten)<br \/>&#8211; \u00dcberwachung des Antragsstatus und Kommunikation mit der Beh\u00f6rde<br \/>&#8211; Unterst\u00fctzung bei der j\u00e4hrlichen Lizenzerneuerung<\/p><p>Die DHA-Lizenz erm\u00f6glicht es Ihnen, in allen medizinischen Einrichtungen in Dubai zu praktizieren und ist ein wichtiger Schritt f\u00fcr Ihre Karriere in den VAE.<\/p><h3><strong>DOH Lizenzierung (Department of Health Abu Dhabi)<\/strong><\/h3><p>Das Department of Health Abu Dhabi (DOH, fr\u00fcher HAAD) reguliert das Gesundheitswesen im Emirat Abu Dhabi. Unsere Dienstleistungen umfassen:<\/p><p>&#8211; Bewertung Ihrer Eignung f\u00fcr die DOH-Lizenzierung<br \/>&#8211; Zusammenstellung und Beglaubigung aller notwendigen Unterlagen<br \/>&#8211; Unterst\u00fctzung bei der DataFlow-Verifizierung<br \/>&#8211; Anmeldung und Vorbereitung f\u00fcr die DOH-Pr\u00fcfung<br \/>&#8211; Beantragung von Pr\u00fcfungsbefreiungen f\u00fcr qualifizierte Kandidaten<br \/>&#8211; Verfolgung des Antragsfortschritts<br \/>&#8211; Beratung zur Lizenzerneuerung alle f\u00fcnf Jahre<\/p><p>Mit einer DOH-Lizenz k\u00f6nnen Sie in Abu Dhabi und Al Ain praktizieren, was Ihnen Zugang zu einigen der f\u00fchrenden Gesundheitseinrichtungen der Region verschafft.<\/p><h3>MOHAP Lizenzierung (Ministry of Health and Prevention)<\/h3><p>Das Ministry of Health and Prevention (MOHAP) ist f\u00fcr die Lizenzierung von \u00c4rzten in den n\u00f6rdlichen Emiraten (Sharjah, Ajman, Umm Al Quwain, Ras Al Khaimah und Fujairah) zust\u00e4ndig. Wir bieten:<\/p><p>&#8211; Evaluierung Ihrer Qualifikationen nach MOHAP-Standards<br \/>&#8211; Zusammenstellung und Legalisierung aller erforderlichen Dokumente<br \/>&#8211; Begleitung durch den DataFlow-Prozess<br \/>&#8211; Anmeldung und Vorbereitung f\u00fcr die MOHAP-Pr\u00fcfung<br \/>&#8211; Unterst\u00fctzung bei der Beantragung von Pr\u00fcfungsbefreiungen<br \/>&#8211; \u00dcberwachung des Antragsstatus<br \/>&#8211; Beratung zur Lizenzerneuerung alle f\u00fcnf Jahre<\/p><p>Die MOHAP-Lizenz er\u00f6ffnet Ihnen berufliche M\u00f6glichkeiten in den n\u00f6rdlichen Emiraten und kann ein strategischer Vorteil f\u00fcr Ihre Karriereentwicklung in den VAE sein.<\/p><h3>Lizenz\u00fcbertragung zwischen Emiraten<\/h3><p>F\u00fcr \u00c4rzte, die bereits eine Lizenz in einem der Emirate besitzen und in einem anderen praktizieren m\u00f6chten, bieten wir spezialisierte Unterst\u00fctzung bei der Lizenz\u00fcbertragung:<\/p><p>&#8211; Beratung zur \u00dcbertragbarkeit Ihrer bestehenden Lizenz<br \/>&#8211; Identifizierung der zus\u00e4tzlich erforderlichen Dokumente<br \/>&#8211; Einreichung des \u00dcbertragungsantrags<br \/>&#8211; Kommunikation mit den beteiligten Beh\u00f6rden<br \/>&#8211; \u00dcberwachung des \u00dcbertragungsprozesses<\/p><p>Unsere Expertise in diesem Bereich spart Ihnen wertvolle Zeit und vermeidet unn\u00f6tige Verz\u00f6gerungen.<\/p><h3>DataFlow\/PSV Verifizierungsprozess<\/h3><p>Die Primary Source Verification (PSV) durch DataFlow ist ein kritischer Bestandteil des Lizenzierungsprozesses in den VAE. Dieser Prozess umfasst die \u00dcberpr\u00fcfung aller Ihrer Qualifikationen, Berufserfahrungen und Lizenzen direkt bei den ausstellenden Institutionen. DoctoFlow bietet:<\/p><p>&#8211; Detaillierte Anleitung zur Vorbereitung aller erforderlichen Dokumente<br \/>&#8211; Unterst\u00fctzung bei der Einreichung Ihrer Unterlagen bei DataFlow<br \/>&#8211; \u00dcberwachung des Verifizierungsprozesses<br \/>&#8211; L\u00f6sung eventueller Probleme oder Diskrepanzen<br \/>&#8211; Beschleunigung des Verfahrens durch direkte Kommunikation mit DataFlow<\/p><p>Unser Expertenteam kennt die h\u00e4ufigsten Herausforderungen im DataFlow-Prozess und kann potenzielle Verz\u00f6gerungen minimieren.<\/p><h3>Vorteile unserer Lizenzierungsdienstleistungen<\/h3><ul><li>Zeitersparnis<\/li><li>Der Lizenzierungsprozess kann ohne professionelle Unterst\u00fctzung 6-12 Monate dauern. Mit DoctoFlow reduzieren Sie diese Zeit auf durchschnittlich 3-6 Monate.<\/li><li>H\u00f6here Erfolgsquote<\/li><li>Unsere Erfolgsquote bei der Lizenzierung westlicher \u00c4rzte liegt bei \u00fcber 95%, deutlich h\u00f6her als bei Selbstbewerbern.<\/li><li>Stressfreier Prozess<\/li><li>Wir \u00fcbernehmen die komplexe B\u00fcrokratie und Kommunikation mit den Beh\u00f6rden, sodass Sie sich auf Ihre medizinische Karriere konzentrieren k\u00f6nnen.<\/li><li>Expertenberatung<\/li><li>Unser Team verf\u00fcgt \u00fcber umfassende Kenntnisse der aktuellen Anforderungen und Verfahren aller Gesundheitsbeh\u00f6rden in den VAE.<\/li><\/ul><h3>Transparente Kommunikation<\/h3><p>Sie erhalten regelm\u00e4\u00dfige Updates zum Status Ihres Antrags und haben jederzeit Zugang zu Ihrem pers\u00f6nlichen Berater.<\/p><h3>Lizenzierungsprozess mit DoctoFlow<\/h3><p>1. Kostenlose Erstberatung<\/p><p>Wir analysieren Ihre<br \/>Qualifikationen und beraten Sie zu Ihren Lizenzierungsoptionen in den VAE.<\/p><p>2. Dokumentenvorbereitung<\/p><p>Wir erstellen eine detaillierte Checkliste aller erforderlichen Dokumente und unterst\u00fctzen Sie bei deren Beschaffung und Beglaubigung.<\/p><p>3. DataFlow-Einreichung<br \/>Wir bereiten Ihre Unterlagen f\u00fcr die DataFlow-Verifizierung vor und reichen sie ein.<\/p><p>4. Pr\u00fcfungsvorbereitung (falls erforderlich)<br \/>Wir bieten Ressourcen und Unterst\u00fctzung zur Vorbereitung auf die Lizenzierungspr\u00fcfung oder beantragen Pr\u00fcfungsbefreiungen f\u00fcr qualifizierte Kandidaten.<\/p><p>5. Antragstellung<\/p><p>Wir reichen Ihren vollst\u00e4ndigen Lizenzantrag bei der entsprechenden Gesundheitsbeh\u00f6rde ein.<\/p><p>6. \u00dcberwachung und Follow-up<\/p><p>Wir verfolgen den Status Ihres Antrags und kommunizieren bei Bedarf mit den Beh\u00f6rden.<\/p><p>7. Lizenzerhalt<\/p><p>Nach erfolgreicher Genehmigung erhalten Sie Ihre medizinische Lizenz und k\u00f6nnen in den VAE praktizieren.<\/p><h3>H\u00e4ufig gestellte Fragen zur medizinischen Lizenzierung<\/h3><h3>Welche Qualifikationen ben\u00f6tige ich f\u00fcr eine \u00e4rztliche Lizenz in den VAE?<\/h3><p>Grunds\u00e4tzlich ben\u00f6tigen Sie einen anerkannten medizinischen Abschluss, eine Facharztausbildung (f\u00fcr Spezialisten), mindestens 2-3 Jahre Berufserfahrung nach dem Studium und eine g\u00fcltige Approbation\/Lizenz aus Ihrem Heimatland.<\/p><h3>Wie lange dauert der Lizenzierungsprozess?<\/h3><p>Mit unserer Unterst\u00fctzung dauert der Prozess durchschnittlich 3-6 Monate, abh\u00e4ngig von der spezifischen Beh\u00f6rde und Ihren individuellen Qualifikationen.<\/p><h3>Muss ich eine Pr\u00fcfung ablegen?<\/h3><p>Dies h\u00e4ngt von Ihren Qualifikationen und der jeweiligen Gesundheitsbeh\u00f6rde ab. \u00c4rzte mit Abschl\u00fcssen und Erfahrungen aus bestimmten westlichen L\u00e4ndern k\u00f6nnen unter bestimmten Bedingungen von Pr\u00fcfungen befreit werden. Wir beraten Sie individuell zu Ihren M\u00f6glichkeiten.<\/p><h3>Kann ich mit einer Lizenz in allen Emiraten praktizieren?<\/h3><p>Nein, jede Gesundheitsbeh\u00f6rde (DHA, DOH, MOHAP) erteilt Lizenzen f\u00fcr ihren spezifischen geografischen Bereich. Wir k\u00f6nnen Sie jedoch bei der \u00dcbertragung oder dem Erwerb zus\u00e4tzlicher Lizenzen unterst\u00fctzen.<\/p><h3>Welche Dokumente werden f\u00fcr die Lizenzierung ben\u00f6tigt?<\/h3><p>Typischerweise werden ben\u00f6tigt:<\/p><p>Medizinisches Diplom, Facharztnachweis, aktuelle Lizenz\/Approbation, Arbeitszeugnisse, F\u00fchrungszeugnis, Identit\u00e4tsnachweise und weitere spezifische Dokumente je nach Beh\u00f6rde. Wir stellen Ihnen eine detaillierte Checkliste zur Verf\u00fcgung.<\/p><h3>Kontaktieren Sie uns<\/h3><p>Starten Sie Ihren Weg zur medizinischen Lizenzierung in den VAE mit DoctoFlow. Unser Expertenteam steht bereit, um Ihnen zu helfe<\/p>\t\t\t\t\t\t\t\t<\/div>\n\t\t\t\t<\/div>\n\t\t\t\t\t<\/div>\n\t\t\t\t<\/div>\n\t\t<div class=\"xts-negative-gap elementor-element elementor-element-adb0cd3 e-flex e-con-boxed xts-section-disabled e-con e-parent\" data-id=\"adb0cd3\" data-element_type=\"container\" data-e-type=\"container\">\n\t\t\t\t\t<div class=\"e-con-inner\">\n\t\t\t\t<div class=\"elementor-element elementor-element-7a7d739 elementor-widget elementor-widget-spacer\" data-id=\"7a7d739\" data-element_type=\"widget\" data-e-type=\"widget\" data-widget_type=\"spacer.default\">\n\t\t\t\t<div class=\"elementor-widget-container\">\n\t\t\t\t\t\t\t<div class=\"elementor-spacer\">\n\t\t\t<div class=\"elementor-spacer-inner\"><\/div>\n\t\t<\/div>\n\t\t\t\t\t\t<\/div>\n\t\t\t\t<\/div>\n\t\t\t\t\t<\/div>\n\t\t\t\t<\/div>\n\t\t<div class=\"xts-negative-gap elementor-element elementor-element-be6d69a e-flex e-con-boxed xts-section-disabled e-con e-parent\" data-id=\"be6d69a\" data-element_type=\"container\" data-e-type=\"container\">\n\t\t\t\t\t<div class=\"e-con-inner\">\n\t\t\t\t<div class=\"elementor-element elementor-element-e0d1df9 elementor-widget elementor-widget-xts_button\" data-id=\"e0d1df9\" data-element_type=\"widget\" data-e-type=\"widget\" data-widget_type=\"xts_button.default\">\n\t\t\t\t<div class=\"elementor-widget-container\">\n\t\t\t\t\t\t\t\t<div class=\"xts-button-wrapper xts-textalign-center\" >\n\t\t\t\t\t\t\t\t\t<a class=\"xts-button xts-size-xl xts-style-default xts-color-primary xts-shape-round xts-width-full\" href=\"http:\/\/wa.link\/hr0b0m\" target=\"_blank\" rel=\"noopener\">\n\t\t\t\t\t\t<span class=\"xts-button-text\" data-elementor-setting-key=\"button_text\">\n\t\t\t\t\t\t\tJetzt \u00fcber WhatsApp kontaktieren\t\t\t\t\t\t<\/span>\n\n\t\t\t\t\t\t\t\t\t\t\t<\/a>\n\t\t\t\t\t\t\t<\/div>\n\t\t\t\t\t\t<\/div>\n\t\t\t\t<\/div>\n\t\t\t\t\t<\/div>\n\t\t\t\t<\/div>\n\t\t<div class=\"xts-negative-gap elementor-element elementor-element-cdbfc2a e-flex e-con-boxed xts-section-disabled e-con e-parent\" data-id=\"cdbfc2a\" data-element_type=\"container\" data-e-type=\"container\">\n\t\t\t\t\t<div class=\"e-con-inner\">\n\t\t\t\t<div class=\"elementor-element elementor-element-051b21f elementor-widget elementor-widget-spacer\" data-id=\"051b21f\" data-element_type=\"widget\" data-e-type=\"widget\" data-widget_type=\"spacer.default\">\n\t\t\t\t<div class=\"elementor-widget-container\">\n\t\t\t\t\t\t\t<div class=\"elementor-spacer\">\n\t\t\t<div class=\"elementor-spacer-inner\"><\/div>\n\t\t<\/div>\n\t\t\t\t\t\t<\/div>\n\t\t\t\t<\/div>\n\t\t\t\t\t<\/div>\n\t\t\t\t<\/div>\n\t\t<div class=\"xts-negative-gap elementor-element elementor-element-e6ef951 e-flex e-con-boxed xts-section-disabled e-con e-parent\" data-id=\"e6ef951\" data-element_type=\"container\" data-e-type=\"container\">\n\t\t\t\t\t<div class=\"e-con-inner\">\n\t\t\t\t<div class=\"elementor-element elementor-element-fab9e64 elementor-widget elementor-widget-html\" data-id=\"fab9e64\" data-element_type=\"widget\" data-e-type=\"widget\" data-widget_type=\"html.default\">\n\t\t\t\t<div class=\"elementor-widget-container\">\n\t\t\t\t\t<script src=\"https:\/\/fast.wistia.com\/player.js\" async><\/script><script src=\"https:\/\/fast.wistia.com\/embed\/fcluc3kvtc.js\" async type=\"module\"><\/script><style>wistia-player[media-id='fcluc3kvtc']:not(:defined) { background: center \/ contain no-repeat url('https:\/\/fast.wistia.com\/embed\/medias\/fcluc3kvtc\/swatch'); display: block; filter: blur(5px); padding-top:56.25%; }<\/style> <wistia-player media-id=\"fcluc3kvtc\" aspect=\"1.7777777777777777\"><div class=\"wistia_preload_transcript_outer_wrapper\" style=\"width: 100%; height: 100%; display:flex; justify-content:center; align-items: center; margin-top:-56.25%;\"><div class=\"wistia_preload_transcript_inner_wrapper\" style=\" overflow: auto;\"><p class=\"wistia_preload_transcript_text\" aria-hidden=\"true\" tabindex=\"-1\" style=\"text-align: justify; font-size: 5px !important;\">Actually, I found the company online while I was searching for some information about our move to Dubai. It was very simple. I put their information on WhatsApp and within a few minutes, I received a reply. And from that moment on, everything went really smoothly. The whole relocation process was simple and well organized. I always felt completely supported. Everything was transparent, quick and professional. What I really appreciated was that they always paid attention to the smaller things from finding the best apartment and helping me settle in. It was such a positive experience from start to finish. Honestly, I can truly recommend this company to everyone. When people ask me why we chose to leave our home country and move to Dubai, I always smile because here there's an incredible mix of opportunity, safety, and lifestyle that you don't find anywhere else. You really feel the city is growing every day. It's full of energy, new ideas, and international people. It's not just about work, it's about the way of life. The warmth, the safety, the respect you feel here. For us, it was the best decision we could make. If you also wish to start your medical career in Dubai, feel free to contact us. We fully support you throughout the entire process.<\/p><\/div><\/div><\/wistia-player>\t\t\t\t<\/div>\n\t\t\t\t<\/div>\n\t\t\t\t\t<\/div>\n\t\t\t\t<\/div>\n\t\t\t\t<\/div>\n\t\t","protected":false},"excerpt":{"rendered":"<p>Lizensierung von \u00c4rzten Make appointment Jetzt \u00fcber WhatsApp kontaktieren UAE Health Care Medizinische Lizenzierung in Dubai und den VAE \u00dcbersicht Die medizinische Lizenzierung in den Vereinigten Arabischen Emiraten ist ein komplexer Prozess, der spezifisches Fachwissen und Erfahrung erfordert. DoctoFlow bietet westlichen \u00c4rzten einen umfassenden Service, der den gesamten Lizenzierungsprozess vereinfacht und beschleunigt. Wir kennen die [&hellip;]<\/p>\n","protected":false},"author":1,"featured_media":0,"parent":0,"menu_order":0,"comment_status":"closed","ping_status":"closed","template":"","meta":{"footnotes":""},"class_list":["post-1500","page","type-page","status-publish","hentry"],"_hostinger_reach_plugin_has_subscription_block":false,"_hostinger_reach_plugin_is_elementor":false,"_links":{"self":[{"href":"https:\/\/doctoflow.com\/ar\/wp-json\/wp\/v2\/pages\/1500","targetHints":{"allow":["GET"]}}],"collection":[{"href":"https:\/\/doctoflow.com\/ar\/wp-json\/wp\/v2\/pages"}],"about":[{"href":"https:\/\/doctoflow.com\/ar\/wp-json\/wp\/v2\/types\/page"}],"author":[{"embeddable":true,"href":"https:\/\/doctoflow.com\/ar\/wp-json\/wp\/v2\/users\/1"}],"replies":[{"embeddable":true,"href":"https:\/\/doctoflow.com\/ar\/wp-json\/wp\/v2\/comments?post=1500"}],"version-history":[{"count":13,"href":"https:\/\/doctoflow.com\/ar\/wp-json\/wp\/v2\/pages\/1500\/revisions"}],"predecessor-version":[{"id":2172,"href":"https:\/\/doctoflow.com\/ar\/wp-json\/wp\/v2\/pages\/1500\/revisions\/2172"}],"wp:attachment":[{"href":"https:\/\/doctoflow.com\/ar\/wp-json\/wp\/v2\/media?parent=1500"}],"curies":[{"name":"wp","href":"https:\/\/api.w.org\/{rel}","templated":true}]}}