{"id":691,"date":"2020-02-12T10:28:37","date_gmt":"2020-02-12T10:28:37","guid":{"rendered":"http:\/\/space.xtemos.com\/demo\/venus\/?page_id=691"},"modified":"2025-04-12T13:50:47","modified_gmt":"2025-04-12T13:50:47","slug":"kardiologie","status":"publish","type":"page","link":"https:\/\/doctoflow.com\/ar\/kardiologie\/","title":{"rendered":"\u0623\u0645\u0631\u0627\u0636 \u0627\u0644\u0642\u0644\u0628"},"content":{"rendered":"<div data-elementor-type=\"wp-page\" data-elementor-id=\"691\" class=\"elementor elementor-691\">\n\t\t\t\t\t\t<section class=\"xts-negative-gap elementor-section elementor-top-section elementor-element elementor-element-d10dcae elementor-section-boxed elementor-section-height-default elementor-section-height-default xts-section-disabled\" data-id=\"d10dcae\" data-element_type=\"section\" data-e-type=\"section\">\n\t\t\t\t\t\t<div class=\"elementor-container elementor-column-gap-wide\">\n\t\t\t\t\t<div class=\"elementor-column elementor-col-66 elementor-top-column elementor-element elementor-element-9835dca\" data-id=\"9835dca\" data-element_type=\"column\" data-e-type=\"column\">\n\t\t\t<div class=\"elementor-widget-wrap elementor-element-populated\">\n\t\t\t\t\t\t<div class=\"elementor-element elementor-element-c44d598 xts-scheme-inherit xts-textalign-inherit elementor-widget elementor-widget-text-editor\" data-id=\"c44d598\" data-element_type=\"widget\" data-e-type=\"widget\" data-widget_type=\"text-editor.default\">\n\t\t\t\t<div class=\"elementor-widget-container\">\n\t\t\t\t\t\t\t\t\t<h3><strong data-spm-anchor-id=\"a2ty_o01.29997173.0.i28.3858517190J6RG\">Erfolgreich als Kardiologe in den VAE starten \u2013 Mit DoctorFlow an Ihrer Seite<\/strong><\/h3><p data-spm-anchor-id=\"a2ty_o01.29997173.0.i31.3858517190J6RG\">Von der DHA-Zulassung bis zur Er\u00f6ffnung Ihrer Kardiologie-Praxis \u2013 Wir \u00fcbernehmen alles f\u00fcr Sie.<\/p><p data-spm-anchor-id=\"a2ty_o01.29997173.0.i30.3858517190J6RG\">M\u00f6chten Sie als Kardiologe\/in in den VAE Fu\u00df fassen oder eine moderne Herzspezialistenpraxis gr\u00fcnden?<\/p><p data-spm-anchor-id=\"a2ty_o01.29997173.0.i30.3858517190J6RG\">Bei <strong>DoctorFlow <\/strong>unterst\u00fctzen wir Sie bei jedem Schritt des Prozesses. Unsere Experten kennen die regulatorischen Anforderungen der Dubai Health Authority (DHA) genau und sorgen daf\u00fcr, dass Ihre Praxis reibungslos er\u00f6ffnet wird.<\/p><p>Ob Sie eine kleine Praxis, eine Tagesklinik oder sogar eine voll ausgestattete Herz-Klinik er\u00f6ffnen m\u00f6chten \u2013 wir bieten ma\u00dfgeschneiderte L\u00f6sungen, die Ihren Zielen entsprechen. Vertrauen Sie auf unsere lokale Expertise und lassen Sie uns die komplizierten Abl\u00e4ufe f\u00fcr Sie \u00fcbernehmen.<\/p><p data-spm-anchor-id=\"a2ty_o01.29997173.0.i32.3858517190J6RG\">Die VAE sind ein wachsender Markt f\u00fcr kardiologische Dienstleistungen, insbesondere im Bereich der Pr\u00e4vention, Diagnose und Behandlung von Herzerkrankungen. Die Nachfrage nach hochwertigen kardiologischen Behandlungen steigt kontinuierlich \u2013 sowohl bei der lokalen Bev\u00f6lkerung als auch bei internationalen Patienten, die sich f\u00fcr fortschrittliche medizinische Versorgung entscheiden.<\/p><p><strong>Als Kardiologe\/in profitieren Sie von:<\/strong><\/p>\t\t\t\t\t\t\t\t<\/div>\n\t\t\t\t<\/div>\n\t\t\t\t<div class=\"elementor-element elementor-element-6d90521 elementor-icon-list--layout-traditional elementor-list-item-link-full_width elementor-widget elementor-widget-icon-list\" data-id=\"6d90521\" data-element_type=\"widget\" data-e-type=\"widget\" data-widget_type=\"icon-list.default\">\n\t\t\t\t<div class=\"elementor-widget-container\">\n\t\t\t\t\t\t\t<ul class=\"elementor-icon-list-items\">\n\t\t\t\t\t\t\t<li class=\"elementor-icon-list-item\">\n\t\t\t\t\t\t\t\t\t\t\t<span class=\"elementor-icon-list-icon\">\n\t\t\t\t\t\t\t<svg aria-hidden=\"true\" class=\"e-font-icon-svg e-fas-chevron-right\" viewbox=\"0 0 320 512\" xmlns=\"http:\/\/www.w3.org\/2000\/svg\"><path d=\"M285.476 272.971L91.132 467.314c-9.373 9.373-24.569 9.373-33.941 0l-22.667-22.667c-9.357-9.357-9.375-24.522-.04-33.901L188.505 256 34.484 101.255c-9.335-9.379-9.317-24.544.04-33.901l22.667-22.667c9.373-9.373 24.569-9.373 33.941 0L285.475 239.03c9.373 9.372 9.373 24.568.001 33.941z\"><\/path><\/svg>\t\t\t\t\t\t<\/span>\n\t\t\t\t\t\t\t\t\t\t<span class=\"elementor-icon-list-text\">Hoher Nachfrage: Ein wachsender Fokus auf Herzgesundheit und pr\u00e4ventive Medizin.<\/span>\n\t\t\t\t\t\t\t\t\t<\/li>\n\t\t\t\t\t\t\t\t<li class=\"elementor-icon-list-item\">\n\t\t\t\t\t\t\t\t\t\t\t<span class=\"elementor-icon-list-icon\">\n\t\t\t\t\t\t\t<svg aria-hidden=\"true\" class=\"e-font-icon-svg e-fas-chevron-right\" viewbox=\"0 0 320 512\" xmlns=\"http:\/\/www.w3.org\/2000\/svg\"><path d=\"M285.476 272.971L91.132 467.314c-9.373 9.373-24.569 9.373-33.941 0l-22.667-22.667c-9.357-9.357-9.375-24.522-.04-33.901L188.505 256 34.484 101.255c-9.335-9.379-9.317-24.544.04-33.901l22.667-22.667c9.373-9.373 24.569-9.373 33.941 0L285.475 239.03c9.373 9.372 9.373 24.568.001 33.941z\"><\/path><\/svg>\t\t\t\t\t\t<\/span>\n\t\t\t\t\t\t\t\t\t\t<span class=\"elementor-icon-list-text\">Moderne Infrastruktur: State-of-the-art Einrichtungen und Technologien.<\/span>\n\t\t\t\t\t\t\t\t\t<\/li>\n\t\t\t\t\t\t\t\t<li class=\"elementor-icon-list-item\">\n\t\t\t\t\t\t\t\t\t\t\t<span class=\"elementor-icon-list-icon\">\n\t\t\t\t\t\t\t<svg aria-hidden=\"true\" class=\"e-font-icon-svg e-fas-chevron-right\" viewbox=\"0 0 320 512\" xmlns=\"http:\/\/www.w3.org\/2000\/svg\"><path d=\"M285.476 272.971L91.132 467.314c-9.373 9.373-24.569 9.373-33.941 0l-22.667-22.667c-9.357-9.357-9.375-24.522-.04-33.901L188.505 256 34.484 101.255c-9.335-9.379-9.317-24.544.04-33.901l22.667-22.667c9.373-9.373 24.569-9.373 33.941 0L285.475 239.03c9.373 9.372 9.373 24.568.001 33.941z\"><\/path><\/svg>\t\t\t\t\t\t<\/span>\n\t\t\t\t\t\t\t\t\t\t<span class=\"elementor-icon-list-text\">Goldenes Visum: Als Fachkraft im Gesundheitswesen k\u00f6nnen Sie leicht ein Golden Visa erhalten.<\/span>\n\t\t\t\t\t\t\t\t\t<\/li>\n\t\t\t\t\t\t\t\t<li class=\"elementor-icon-list-item\">\n\t\t\t\t\t\t\t\t\t\t\t<span class=\"elementor-icon-list-icon\">\n\t\t\t\t\t\t\t<svg aria-hidden=\"true\" class=\"e-font-icon-svg e-fas-chevron-right\" viewbox=\"0 0 320 512\" xmlns=\"http:\/\/www.w3.org\/2000\/svg\"><path d=\"M285.476 272.971L91.132 467.314c-9.373 9.373-24.569 9.373-33.941 0l-22.667-22.667c-9.357-9.357-9.375-24.522-.04-33.901L188.505 256 34.484 101.255c-9.335-9.379-9.317-24.544.04-33.901l22.667-22.667c9.373-9.373 24.569-9.373 33.941 0L285.475 239.03c9.373 9.372 9.373 24.568.001 33.941z\"><\/path><\/svg>\t\t\t\t\t\t<\/span>\n\t\t\t\t\t\t\t\t\t\t<span class=\"elementor-icon-list-text\">Internationale Patienten: Die VAE ziehen Patienten aus der ganzen Welt an, die qualitativ hochwertige Behandlungen suchen.<\/span>\n\t\t\t\t\t\t\t\t\t<\/li>\n\t\t\t\t\t\t<\/ul>\n\t\t\t\t\t\t<\/div>\n\t\t\t\t<\/div>\n\t\t\t\t\t<\/div>\n\t\t<\/div>\n\t\t\t\t<div class=\"elementor-column elementor-col-33 elementor-top-column elementor-element elementor-element-df3f06c\" data-id=\"df3f06c\" data-element_type=\"column\" data-e-type=\"column\">\n\t\t\t<div class=\"elementor-widget-wrap elementor-element-populated\">\n\t\t\t\t\t\t<div class=\"elementor-element elementor-element-c5e9ab6 elementor-widget elementor-widget-xts_team_member\" data-id=\"c5e9ab6\" data-element_type=\"widget\" data-e-type=\"widget\" data-widget_type=\"xts_team_member.default\">\n\t\t\t\t<div class=\"elementor-widget-container\">\n\t\t\t\t\t\n\t\t<div class=\"xts-member xts-design-mask xts-textalign-left xts-scheme-light xts-with-bg-color xts-with-shadow\">\n\t\t\t\t\t\t\t<div class=\"xts-member-image\">\n\t\t\t\t\t<img fetchpriority=\"high\" decoding=\"async\" width=\"420\" height=\"658\" src=\"https:\/\/doctoflow.com\/wp-content\/uploads\/2020\/02\/venus-medic-4-opt.jpg\" class=\"attachment-full size-full wp-image-554\" alt=\"\" \/>\t\t\t\t<\/div>\n\t\t\t\n\t\t\t<div class=\"xts-member-content xts-reset-mb-10 xts-reset-last\">\n\t\t\t\t\t\t\t\t\t<h4 class=\"xts-member-name xts-fontsize-m\" data-elementor-setting-key=\"name\">\n\t\t\t\t\t\tJacob Burns\t\t\t\t\t<\/h4>\n\t\t\t\t\n\t\t\t\t\t\t\t\t\t<div class=\"xts-member-position xts-fontsize-s\" data-elementor-setting-key=\"position\">\n\t\t\t\t\t\t\u0623\u0645\u0631\u0627\u0636 \u0627\u0644\u0642\u0644\u0628\t\t\t\t\t<\/div>\n\t\t\t\t\n\t\t\t\t\n\t\t\t\t\t\t\t\t\t<div class=\"xts-social-buttons xts-social-icons xts-style-default xts-size-m xts-shape- xts-scheme-light\">\n\t\t\t\t\t\t\t\t\t\t\t\t\t<a target=\"_blank\" class=\"xts-social-facebook\" href=\"#\">\n\t\t\t\t\t\t\t\t<i class=\"xts-i-facebook\"><\/i>\n\t\t\t\t\t\t\t<\/a>\n\t\t\t\t\t\t\t\t\t\t\t\t\t<a target=\"_blank\" class=\"xts-social-twitter\" href=\"#\">\n\t\t\t\t\t\t\t\t<i class=\"xts-i-twitter\"><\/i>\n\t\t\t\t\t\t\t<\/a>\n\t\t\t\t\t\t\t\t\t\t\t\t\t<a target=\"_blank\" class=\"xts-social-linkedin\" href=\"#\">\n\t\t\t\t\t\t\t\t<i class=\"xts-i-linkedin\"><\/i>\n\t\t\t\t\t\t\t<\/a>\n\t\t\t\t\t\t\t\t\t\t\t\t\t<a target=\"_blank\" class=\"xts-social-instagram\" href=\"#\">\n\t\t\t\t\t\t\t\t<i class=\"xts-i-instagram\"><\/i>\n\t\t\t\t\t\t\t<\/a>\n\t\t\t\t\t\t\t\t\t\t\t\t\t<a target=\"_blank\" class=\"xts-social-github\" href=\"#\">\n\t\t\t\t\t\t\t\t<i class=\"xts-i-github\"><\/i>\n\t\t\t\t\t\t\t<\/a>\n\t\t\t\t\t\t\t\t\t\t\t<\/div>\n\t\t\t\t\t\t\t<\/div>\n\t\t<\/div>\n\n\t\t\t\t\t\t<\/div>\n\t\t\t\t<\/div>\n\t\t\t\t\t<\/div>\n\t\t<\/div>\n\t\t\t\t\t<\/div>\n\t\t<\/section>\n\t\t\t\t<section class=\"xts-negative-gap elementor-section elementor-top-section elementor-element elementor-element-e4b041e elementor-section-boxed elementor-section-height-default elementor-section-height-default xts-section-disabled\" data-id=\"e4b041e\" data-element_type=\"section\" data-e-type=\"section\">\n\t\t\t\t\t\t<div class=\"elementor-container elementor-column-gap-default\">\n\t\t\t\t\t<div class=\"elementor-column elementor-col-100 elementor-top-column elementor-element elementor-element-0364018\" data-id=\"0364018\" data-element_type=\"column\" data-e-type=\"column\">\n\t\t\t<div class=\"elementor-widget-wrap elementor-element-populated\">\n\t\t\t\t\t\t<div class=\"elementor-element elementor-element-421db21 xts-scheme-inherit xts-textalign-inherit elementor-widget elementor-widget-text-editor\" data-id=\"421db21\" data-element_type=\"widget\" data-e-type=\"widget\" data-widget_type=\"text-editor.default\">\n\t\t\t\t<div class=\"elementor-widget-container\">\n\t\t\t\t\t\t\t\t\t<p><strong data-spm-anchor-id=\"a2ty_o01.29997173.0.i38.3858517190J6RG\">Unsere umfassenden Dienstleistungen f\u00fcr Kardiologen in den VAE<\/strong><\/p><p>Wir bieten einen <strong>Komplettservice <\/strong>, der keine W\u00fcnsche offenl\u00e4sst. Hier ist, wie wir Sie unterst\u00fctzen:<\/p><ol start=\"1\"><li><p><strong>DHA-Zulassung und Approbation:<\/strong><br \/>Wir k\u00fcmmern uns um alle Dokumente, die f\u00fcr die Beantragung der DHA-Zulassung ben\u00f6tigt werden \u2013 von Logbooks \u00fcber universit\u00e4re Abschl\u00fcsse bis hin zu \u00dcbersetzungen.<\/p><\/li><li><p><strong>Gr\u00fcndung einer LLC\/Praxis:<\/strong><br \/>Wir helfen Ihnen bei der Gr\u00fcndung einer Limited Liability Company (LLC) und sorgen daf\u00fcr, dass alle rechtlichen Anforderungen erf\u00fcllt sind.<\/p><\/li><li><p><strong>Raumausstattung und Ger\u00e4te:<\/strong><br \/>Von der Planung der R\u00e4umlichkeiten bis zur Beschaffung modernster kardiologischer Ger\u00e4te \u2013 wir stellen sicher, dass Ihre Praxis den h\u00f6chsten Standards entspricht.<\/p><\/li><li><p><strong>Versicherungen und Compliance:<\/strong><br \/>Wir organisieren die n\u00f6tigen Malpractice-Versicherungen und sorgen f\u00fcr volle Konformit\u00e4t mit den lokalen Vorschriften.<\/p><\/li><li><p><strong>Marketing und Patientenakquise:<\/strong><br \/>Wir unterst\u00fctzen Sie dabei, Ihre Praxis bekannt zu machen und Patienten anzuziehen \u2013 lokal und international.<\/p><\/li><li><p><strong>Fortschrittliche Technologien:<\/strong><br \/>Wir beraten Sie bei der Auswahl von EKG-Ger\u00e4ten, Ultraschallger\u00e4ten, Herz-CT-Scannern und anderen High-Tech-L\u00f6sungen.<\/p><\/li><li><p><strong>Zusatzqualifikationen:<\/strong><br \/>Wenn Sie zus\u00e4tzliche Berechtigungen f\u00fcr interventionelle Kardiologie oder spezialisierte Behandlungen ben\u00f6tigen, helfen wir Ihnen bei der Auswahl und Organisation der entsprechenden Kurse.<\/p><\/li><\/ol>\t\t\t\t\t\t\t\t<\/div>\n\t\t\t\t<\/div>\n\t\t\t\t\t<\/div>\n\t\t<\/div>\n\t\t\t\t\t<\/div>\n\t\t<\/section>\n\t\t\t\t<section class=\"xts-negative-gap elementor-section elementor-top-section elementor-element elementor-element-12af891 elementor-section-boxed elementor-section-height-default elementor-section-height-default xts-section-disabled\" data-id=\"12af891\" data-element_type=\"section\" data-e-type=\"section\">\n\t\t\t\t\t\t<div class=\"elementor-container elementor-column-gap-default\">\n\t\t\t\t\t<div class=\"elementor-column elementor-col-50 elementor-top-column elementor-element elementor-element-9311f19\" data-id=\"9311f19\" data-element_type=\"column\" data-e-type=\"column\">\n\t\t\t<div class=\"elementor-widget-wrap elementor-element-populated\">\n\t\t\t\t\t\t<div class=\"elementor-element elementor-element-6c3387d elementor-widget elementor-widget-xts_image\" data-id=\"6c3387d\" data-element_type=\"widget\" data-e-type=\"widget\" data-widget_type=\"xts_image.default\">\n\t\t\t\t<div class=\"elementor-widget-container\">\n\t\t\t\t\t\t\t\t<div class=\"xts-image-single xts-textalign-center\">\n\t\t\t\t<figure class=\"xts-image\">\n\t\t\t\t\t\t\t\t\t\t\t<div class=\"xts-image-inner\">\n\t\t\t\t\t\n\t\t\t\t\t\t<img decoding=\"async\" width=\"600\" height=\"371\" src=\"https:\/\/doctoflow.com\/wp-content\/uploads\/2020\/02\/venus-depatmens-2-opt.jpg\" class=\"attachment-full size-full wp-image-719\" alt=\"\" \/>\n\t\t\t\t\t\t\t\t\t\t\t<\/div>\n\t\t\t\t\t\n\t\t\t\t\t\t\t\t\t<\/figure>\n\n\t\t\t\t\t\t\t<\/div>\n\t\t\t\t\t\t<\/div>\n\t\t\t\t<\/div>\n\t\t\t\t\t<\/div>\n\t\t<\/div>\n\t\t\t\t<div class=\"elementor-column elementor-col-50 elementor-top-column elementor-element elementor-element-476c417\" data-id=\"476c417\" data-element_type=\"column\" data-e-type=\"column\">\n\t\t\t<div class=\"elementor-widget-wrap elementor-element-populated\">\n\t\t\t\t\t\t<div class=\"elementor-element elementor-element-3ffb3be xts-scheme-inherit xts-textalign-inherit elementor-widget elementor-widget-text-editor\" data-id=\"3ffb3be\" data-element_type=\"widget\" data-e-type=\"widget\" data-widget_type=\"text-editor.default\">\n\t\t\t\t<div class=\"elementor-widget-container\">\n\t\t\t\t\t\t\t\t\t<h3><strong data-spm-anchor-id=\"a2ty_o01.29997173.0.i40.3858517190J6RG\">Alles, was Sie \u00fcber Kardiologie in den VAE wissen m\u00fcssen<\/strong><\/h3><p><strong data-spm-anchor-id=\"a2ty_o01.29997173.0.i39.3858517190J6RG\">Welche Voraussetzungen muss ich als Kardiologe\/in erf\u00fcllen, um in den VAE zu praktizieren?<\/strong><\/p><p>Um als Kardiologe\/in in den VAE t\u00e4tig zu sein, ben\u00f6tigen Sie eine Approbation von der Dubai Health Authority (DHA). Diese erfordert unter anderem:<\/p><ul><li>Einen universit\u00e4ren Abschluss in Kardiologie<\/li><li>Mindestens zwei Jahre Berufserfahrung<\/li><li>\u00dcbersetzte und beglaubigte Dokumente<\/li><li>M\u00f6glicherweise einen Fachtest auf Englisch<\/li><\/ul><p>Wir helfen Ihnen bei der Zusammenstellung aller erforderlichen Unterlagen und f\u00fchren Sie durch den gesamten Prozess.<\/p><p><strong>Kann ich meine eigenen Ger\u00e4te aus Deutschland mitbringen?<\/strong><\/p><p>Ja, aber es gibt Einschr\u00e4nkungen. Nicht alle Ger\u00e4te sind in den VAE zugelassen, und es kann Unterschiede bei Stromanschl\u00fcssen und technischen Standards geben. Wir beraten Sie bei der Auswahl und Beschaffung der richtigen Ger\u00e4te.<\/p><p><strong>Wie lange dauert der Prozess der DHA-Zulassung?<\/strong><\/p><p>Der Zeitrahmen variiert je nach Komplexit\u00e4t Ihres Falles und der Kommunikation zwischen den Beh\u00f6rden. In der Regel dauert es zwischen 4 Wochen und 6 Monaten. Wir optimieren den Prozess, um ihn so schnell wie m\u00f6glich abzuschlie\u00dfen.<\/p><p><strong>Was kostet es, eine Kardiologie-Praxis in den VAE zu er\u00f6ffnen?<\/strong><\/p><p>Die Kosten h\u00e4ngen von der Art der Einrichtung ab:<\/p><ul><li>Kleine Praxis: Ab ca. 150.000 AED<\/li><li>Tagesklinik: Ab ca. 750.000 AED<\/li><li>Vollst\u00e4ndige Klinik: Mehrere Millionen AED<\/li><\/ul><p>Wir erstellen eine detaillierte Kostensch\u00e4tzung, die auf Ihre Bed\u00fcrfnisse zugeschnitten ist.<\/p>\t\t\t\t\t\t\t\t<\/div>\n\t\t\t\t<\/div>\n\t\t\t\t\t<\/div>\n\t\t<\/div>\n\t\t\t\t\t<\/div>\n\t\t<\/section>\n\t\t\t\t<\/div>","protected":false},"excerpt":{"rendered":"<p>Erfolgreich als Kardiologe in den VAE starten \u2013 Mit DoctorFlow an Ihrer Seite Von der DHA-Zulassung bis zur Er\u00f6ffnung Ihrer Kardiologie-Praxis \u2013 Wir \u00fcbernehmen alles f\u00fcr Sie. M\u00f6chten Sie als Kardiologe\/in in den VAE Fu\u00df fassen oder eine moderne Herzspezialistenpraxis gr\u00fcnden? Bei DoctorFlow unterst\u00fctzen wir Sie bei jedem Schritt des Prozesses. Unsere Experten kennen die [&hellip;]<\/p>\n","protected":false},"author":1,"featured_media":0,"parent":0,"menu_order":2,"comment_status":"closed","ping_status":"closed","template":"","meta":{"footnotes":""},"class_list":["post-691","page","type-page","status-publish","hentry"],"_hostinger_reach_plugin_has_subscription_block":false,"_hostinger_reach_plugin_is_elementor":false,"_links":{"self":[{"href":"https:\/\/doctoflow.com\/ar\/wp-json\/wp\/v2\/pages\/691","targetHints":{"allow":["GET"]}}],"collection":[{"href":"https:\/\/doctoflow.com\/ar\/wp-json\/wp\/v2\/pages"}],"about":[{"href":"https:\/\/doctoflow.com\/ar\/wp-json\/wp\/v2\/types\/page"}],"author":[{"embeddable":true,"href":"https:\/\/doctoflow.com\/ar\/wp-json\/wp\/v2\/users\/1"}],"replies":[{"embeddable":true,"href":"https:\/\/doctoflow.com\/ar\/wp-json\/wp\/v2\/comments?post=691"}],"version-history":[{"count":5,"href":"https:\/\/doctoflow.com\/ar\/wp-json\/wp\/v2\/pages\/691\/revisions"}],"predecessor-version":[{"id":1633,"href":"https:\/\/doctoflow.com\/ar\/wp-json\/wp\/v2\/pages\/691\/revisions\/1633"}],"wp:attachment":[{"href":"https:\/\/doctoflow.com\/ar\/wp-json\/wp\/v2\/media?parent=691"}],"curies":[{"name":"wp","href":"https:\/\/api.w.org\/{rel}","templated":true}]}}