{"id":697,"date":"2020-02-12T10:29:23","date_gmt":"2020-02-12T10:29:23","guid":{"rendered":"http:\/\/space.xtemos.com\/demo\/venus\/?page_id=697"},"modified":"2025-04-12T14:39:04","modified_gmt":"2025-04-12T14:39:04","slug":"kinderarzt","status":"publish","type":"page","link":"https:\/\/doctoflow.com\/ar\/kinderarzt\/","title":{"rendered":"\u0637\u0628\u064a\u0628 \u0623\u0637\u0641\u0627\u0644"},"content":{"rendered":"<div data-elementor-type=\"wp-page\" data-elementor-id=\"697\" class=\"elementor elementor-697\">\n\t\t\t\t\t\t<section class=\"xts-negative-gap elementor-section elementor-top-section elementor-element elementor-element-d6e792e elementor-section-boxed elementor-section-height-default elementor-section-height-default xts-section-disabled\" data-id=\"d6e792e\" data-element_type=\"section\" data-e-type=\"section\">\n\t\t\t\t\t\t<div class=\"elementor-container elementor-column-gap-wide\">\n\t\t\t\t\t<div class=\"elementor-column elementor-col-66 elementor-top-column elementor-element elementor-element-aa4089a\" data-id=\"aa4089a\" data-element_type=\"column\" data-e-type=\"column\">\n\t\t\t<div class=\"elementor-widget-wrap elementor-element-populated\">\n\t\t\t\t\t\t<div class=\"elementor-element elementor-element-b11f56e xts-scheme-inherit xts-textalign-inherit elementor-widget elementor-widget-text-editor\" data-id=\"b11f56e\" data-element_type=\"widget\" data-e-type=\"widget\" data-widget_type=\"text-editor.default\">\n\t\t\t\t<div class=\"elementor-widget-container\">\n\t\t\t\t\t\t\t\t\t<h3 data-spm-anchor-id=\"a2ty_o01.29997173.0.i68.3858517190J6RG\"><strong data-spm-anchor-id=\"a2ty_o01.29997173.0.i67.3858517190J6RG\">Erfolgreich als Kinderarzt in den VAE starten \u2013 Mit DoctorFlow an Ihrer Seite<\/strong><\/h3><p data-spm-anchor-id=\"a2ty_o01.29997173.0.i66.3858517190J6RG\">Von der DHA-Zulassung bis zur Er\u00f6ffnung Ihrer p\u00e4diatrischen Praxis \u2013 Wir \u00fcbernehmen alles f\u00fcr Sie.<\/p><p>M\u00f6chten Sie als Kinderarzt\/in in den VAE Fu\u00df fassen oder eine moderne p\u00e4diatrische Praxis gr\u00fcnden? Bei <strong>DoctorFlow <\/strong>unterst\u00fctzen wir Sie bei jedem Schritt des Prozesses. Unsere Experten kennen die regulatorischen Anforderungen der Dubai Health Authority (DHA) genau und sorgen daf\u00fcr, dass Ihre Praxis reibungslos er\u00f6ffnet wird.<\/p><p>Ob Sie eine kleine Praxis, eine Tagesklinik oder eine voll ausgestattete p\u00e4diatrische Klinik er\u00f6ffnen m\u00f6chten \u2013 wir bieten ma\u00dfgeschneiderte L\u00f6sungen, die Ihren Zielen entsprechen. Vertrauen Sie auf unsere lokale Expertise und lassen Sie uns die komplizierten Abl\u00e4ufe f\u00fcr Sie \u00fcbernehmen.<\/p><h3><strong>Warum P\u00e4diatrie in den VAE?<\/strong><\/h3><p><strong>Warum die VAE ein attraktiver Standort f\u00fcr Kinder\u00e4rzte sind<\/strong><\/p><p>Die VAE sind ein wachsender Markt f\u00fcr p\u00e4diatrische Dienstleistungen, insbesondere im Bereich der Pr\u00e4vention, Impfungen und kinderfreundlichen Gesundheitsversorgung. Die Nachfrage nach hochwertigen p\u00e4diatrischen Behandlungen steigt kontinuierlich \u2013 sowohl bei der lokalen Bev\u00f6lkerung als auch bei internationalen Familien, die sich in den VAE niederlassen.<\/p><p><strong>Als Kinderarzt\/in profitieren Sie von:<\/strong><\/p>\t\t\t\t\t\t\t\t<\/div>\n\t\t\t\t<\/div>\n\t\t\t\t<div class=\"elementor-element elementor-element-e5795e1 elementor-icon-list--layout-traditional elementor-list-item-link-full_width elementor-widget elementor-widget-icon-list\" data-id=\"e5795e1\" data-element_type=\"widget\" data-e-type=\"widget\" data-widget_type=\"icon-list.default\">\n\t\t\t\t<div class=\"elementor-widget-container\">\n\t\t\t\t\t\t\t<ul class=\"elementor-icon-list-items\">\n\t\t\t\t\t\t\t<li class=\"elementor-icon-list-item\">\n\t\t\t\t\t\t\t\t\t\t\t<span class=\"elementor-icon-list-icon\">\n\t\t\t\t\t\t\t<svg aria-hidden=\"true\" class=\"e-font-icon-svg e-fas-chevron-right\" viewbox=\"0 0 320 512\" xmlns=\"http:\/\/www.w3.org\/2000\/svg\"><path d=\"M285.476 272.971L91.132 467.314c-9.373 9.373-24.569 9.373-33.941 0l-22.667-22.667c-9.357-9.357-9.375-24.522-.04-33.901L188.505 256 34.484 101.255c-9.335-9.379-9.317-24.544.04-33.901l22.667-22.667c9.373-9.373 24.569-9.373 33.941 0L285.475 239.03c9.373 9.372 9.373 24.568.001 33.941z\"><\/path><\/svg>\t\t\t\t\t\t<\/span>\n\t\t\t\t\t\t\t\t\t\t<span class=\"elementor-icon-list-text\">Hoher Nachfrage: Ein wachsender Fokus auf Kindermedizin und pr\u00e4ventive Gesundheitsversorgung.<\/span>\n\t\t\t\t\t\t\t\t\t<\/li>\n\t\t\t\t\t\t\t\t<li class=\"elementor-icon-list-item\">\n\t\t\t\t\t\t\t\t\t\t\t<span class=\"elementor-icon-list-icon\">\n\t\t\t\t\t\t\t<svg aria-hidden=\"true\" class=\"e-font-icon-svg e-fas-chevron-right\" viewbox=\"0 0 320 512\" xmlns=\"http:\/\/www.w3.org\/2000\/svg\"><path d=\"M285.476 272.971L91.132 467.314c-9.373 9.373-24.569 9.373-33.941 0l-22.667-22.667c-9.357-9.357-9.375-24.522-.04-33.901L188.505 256 34.484 101.255c-9.335-9.379-9.317-24.544.04-33.901l22.667-22.667c9.373-9.373 24.569-9.373 33.941 0L285.475 239.03c9.373 9.372 9.373 24.568.001 33.941z\"><\/path><\/svg>\t\t\t\t\t\t<\/span>\n\t\t\t\t\t\t\t\t\t\t<span class=\"elementor-icon-list-text\">Moderne Infrastruktur: State-of-the-art Einrichtungen und Technologien.<\/span>\n\t\t\t\t\t\t\t\t\t<\/li>\n\t\t\t\t\t\t\t\t<li class=\"elementor-icon-list-item\">\n\t\t\t\t\t\t\t\t\t\t\t<span class=\"elementor-icon-list-icon\">\n\t\t\t\t\t\t\t<svg aria-hidden=\"true\" class=\"e-font-icon-svg e-fas-chevron-right\" viewbox=\"0 0 320 512\" xmlns=\"http:\/\/www.w3.org\/2000\/svg\"><path d=\"M285.476 272.971L91.132 467.314c-9.373 9.373-24.569 9.373-33.941 0l-22.667-22.667c-9.357-9.357-9.375-24.522-.04-33.901L188.505 256 34.484 101.255c-9.335-9.379-9.317-24.544.04-33.901l22.667-22.667c9.373-9.373 24.569-9.373 33.941 0L285.475 239.03c9.373 9.372 9.373 24.568.001 33.941z\"><\/path><\/svg>\t\t\t\t\t\t<\/span>\n\t\t\t\t\t\t\t\t\t\t<span class=\"elementor-icon-list-text\">Goldenes Visum: Als Fachkraft im Gesundheitswesen k\u00f6nnen Sie leicht ein Golden Visa erhalten.<\/span>\n\t\t\t\t\t\t\t\t\t<\/li>\n\t\t\t\t\t\t\t\t<li class=\"elementor-icon-list-item\">\n\t\t\t\t\t\t\t\t\t\t\t<span class=\"elementor-icon-list-icon\">\n\t\t\t\t\t\t\t<svg aria-hidden=\"true\" class=\"e-font-icon-svg e-fas-chevron-right\" viewbox=\"0 0 320 512\" xmlns=\"http:\/\/www.w3.org\/2000\/svg\"><path d=\"M285.476 272.971L91.132 467.314c-9.373 9.373-24.569 9.373-33.941 0l-22.667-22.667c-9.357-9.357-9.375-24.522-.04-33.901L188.505 256 34.484 101.255c-9.335-9.379-9.317-24.544.04-33.901l22.667-22.667c9.373-9.373 24.569-9.373 33.941 0L285.475 239.03c9.373 9.372 9.373 24.568.001 33.941z\"><\/path><\/svg>\t\t\t\t\t\t<\/span>\n\t\t\t\t\t\t\t\t\t\t<span class=\"elementor-icon-list-text\">Internationale Patienten: Die VAE ziehen Familien aus der ganzen Welt an, die qualitativ hochwertige Behandlungen suchen.<\/span>\n\t\t\t\t\t\t\t\t\t<\/li>\n\t\t\t\t\t\t<\/ul>\n\t\t\t\t\t\t<\/div>\n\t\t\t\t<\/div>\n\t\t\t\t\t<\/div>\n\t\t<\/div>\n\t\t\t\t<div class=\"elementor-column elementor-col-33 elementor-top-column elementor-element elementor-element-f94cd52\" data-id=\"f94cd52\" data-element_type=\"column\" data-e-type=\"column\">\n\t\t\t<div class=\"elementor-widget-wrap elementor-element-populated\">\n\t\t\t\t\t\t<div class=\"elementor-element elementor-element-495e13e elementor-widget elementor-widget-xts_team_member\" data-id=\"495e13e\" data-element_type=\"widget\" data-e-type=\"widget\" data-widget_type=\"xts_team_member.default\">\n\t\t\t\t<div class=\"elementor-widget-container\">\n\t\t\t\t\t\n\t\t<div class=\"xts-member xts-design-mask xts-textalign-left xts-scheme-light xts-with-bg-color xts-with-shadow\">\n\t\t\t\t\t\t\t<div class=\"xts-member-image\">\n\t\t\t\t\t<img fetchpriority=\"high\" decoding=\"async\" width=\"420\" height=\"658\" src=\"https:\/\/doctoflow.com\/wp-content\/uploads\/2020\/02\/venus-medic-2-opt-1.jpg\" class=\"attachment-full size-full wp-image-552\" alt=\"\" \/>\t\t\t\t<\/div>\n\t\t\t\n\t\t\t<div class=\"xts-member-content xts-reset-mb-10 xts-reset-last\">\n\t\t\t\t\t\t\t\t\t<h4 class=\"xts-member-name xts-fontsize-m\" data-elementor-setting-key=\"name\">\n\t\t\t\t\t\tJohn Woods\t\t\t\t\t<\/h4>\n\t\t\t\t\n\t\t\t\t\t\t\t\t\t<div class=\"xts-member-position xts-fontsize-s\" data-elementor-setting-key=\"position\">\n\t\t\t\t\t\tKinderazt\t\t\t\t\t<\/div>\n\t\t\t\t\n\t\t\t\t\n\t\t\t\t\t\t\t<\/div>\n\t\t<\/div>\n\n\t\t\t\t\t\t<\/div>\n\t\t\t\t<\/div>\n\t\t\t\t\t<\/div>\n\t\t<\/div>\n\t\t\t\t\t<\/div>\n\t\t<\/section>\n\t\t<div class=\"xts-negative-gap elementor-element elementor-element-c4bc43a e-flex e-con-boxed xts-section-disabled e-con e-parent\" data-id=\"c4bc43a\" data-element_type=\"container\" data-e-type=\"container\">\n\t\t\t\t\t<div class=\"e-con-inner\">\n\t\t\t\t<div class=\"elementor-element elementor-element-b175341 elementor-widget elementor-widget-xts_button\" data-id=\"b175341\" data-element_type=\"widget\" data-e-type=\"widget\" data-widget_type=\"xts_button.default\">\n\t\t\t\t<div class=\"elementor-widget-container\">\n\t\t\t\t\t\t\t\t<div class=\"xts-button-wrapper xts-textalign-center\" >\n\t\t\t\t\t\t\t\t\t<a class=\"xts-button xts-size-xl xts-style-default xts-color-primary xts-shape-round xts-width-full\" href=\"http:\/\/wa.link\/hr0b0m\" target=\"_blank\" rel=\"noopener\">\n\t\t\t\t\t\t<span class=\"xts-button-text\" data-elementor-setting-key=\"button_text\">\n\t\t\t\t\t\t\t\u062a\u0648\u0627\u0635\u0644 \u0627\u0644\u0622\u0646 \u0639\u0628\u0631 \u0648\u0627\u062a\u0633\u0627\u0628\t\t\t\t\t\t<\/span>\n\n\t\t\t\t\t\t\t\t\t\t\t<\/a>\n\t\t\t\t\t\t\t<\/div>\n\t\t\t\t\t\t<\/div>\n\t\t\t\t<\/div>\n\t\t\t\t\t<\/div>\n\t\t\t\t<\/div>\n\t\t\t\t<section class=\"xts-negative-gap elementor-section elementor-top-section elementor-element elementor-element-5e88531 elementor-section-boxed elementor-section-height-default elementor-section-height-default xts-section-disabled\" data-id=\"5e88531\" data-element_type=\"section\" data-e-type=\"section\">\n\t\t\t\t\t\t<div class=\"elementor-container elementor-column-gap-default\">\n\t\t\t\t\t<div class=\"elementor-column elementor-col-100 elementor-top-column elementor-element elementor-element-da3b49a\" data-id=\"da3b49a\" data-element_type=\"column\" data-e-type=\"column\">\n\t\t\t<div class=\"elementor-widget-wrap elementor-element-populated\">\n\t\t\t\t\t\t<div class=\"elementor-element elementor-element-cbed2af xts-scheme-inherit xts-textalign-inherit elementor-widget elementor-widget-text-editor\" data-id=\"cbed2af\" data-element_type=\"widget\" data-e-type=\"widget\" data-widget_type=\"text-editor.default\">\n\t\t\t\t<div class=\"elementor-widget-container\">\n\t\t\t\t\t\t\t\t\t<h3><strong data-spm-anchor-id=\"a2ty_o01.29997173.0.i4.38582f1eTCCvta\">Unser Service f\u00fcr Kinder\u00e4rzte<\/strong><\/h3><p><strong>Unsere umfassenden Dienstleistungen f\u00fcr Kinder\u00e4rzte in den VAE<\/strong><\/p><p>Wir bieten einen <strong>Komplettservice <\/strong>, der keine W\u00fcnsche offenl\u00e4sst. Hier ist, wie wir Sie unterst\u00fctzen:<\/p><ol start=\"1\"><li><p><strong>DHA-Zulassung und Approbation:<\/strong><br \/>Wir k\u00fcmmern uns um alle Dokumente, die f\u00fcr die Beantragung der DHA-Zulassung ben\u00f6tigt werden \u2013 von Logbooks \u00fcber universit\u00e4re Abschl\u00fcsse bis hin zu \u00dcbersetzungen.<\/p><\/li><li><p><strong>Gr\u00fcndung einer LLC\/Praxis:<\/strong><br \/>Wir helfen Ihnen bei der Gr\u00fcndung einer Limited Liability Company (LLC) und sorgen daf\u00fcr, dass alle rechtlichen Anforderungen erf\u00fcllt sind.<\/p><\/li><li><p><strong>Raumausstattung und Ger\u00e4te:<\/strong><br \/>Von der Planung der R\u00e4umlichkeiten bis zur Beschaffung modernster p\u00e4diatrischer Ger\u00e4te \u2013 wir stellen sicher, dass Ihre Praxis den h\u00f6chsten Standards entspricht.<\/p><\/li><li><p><strong>Versicherungen und Compliance:<\/strong><br \/>Wir organisieren die n\u00f6tigen Malpractice-Versicherungen und sorgen f\u00fcr volle Konformit\u00e4t mit den lokalen Vorschriften.<\/p><\/li><li><p><strong>Marketing und Patientenakquise:<\/strong><br \/>Wir unterst\u00fctzen Sie dabei, Ihre Praxis bekannt zu machen und Patienten anzuziehen \u2013 lokal und international.<\/p><\/li><li><p><strong>Fortschrittliche Technologien:<\/strong><br \/>Wir beraten Sie bei der Auswahl von Ultraschallger\u00e4ten, Impfstoffen, Diagnoseger\u00e4ten und anderen High-Tech-L\u00f6sungen f\u00fcr die Kinderheilkunde.<\/p><\/li><li><p><strong>Zusatzqualifikationen:<\/strong><br \/>Wenn Sie zus\u00e4tzliche Berechtigungen f\u00fcr neonatale Intensivmedizin oder andere Spezialgebiete ben\u00f6tigen, helfen wir Ihnen bei der Auswahl und Organisation der entsprechenden Kurse.<\/p><\/li><\/ol><div class=\"my-2\">\u00a0<\/div><hr \/><h3><strong>FAQ \u2013 H\u00e4ufig gestellte Fragen<\/strong><\/h3><p><strong>Alles, was Sie \u00fcber Kinderheilkunde in den VAE wissen m\u00fcssen<\/strong><\/p><p><strong>Welche Voraussetzungen muss ich als Kinderarzt\/in erf\u00fcllen, um in den VAE zu praktizieren?<\/strong><\/p><p>Um als Kinderarzt\/in in den VAE t\u00e4tig zu sein, ben\u00f6tigen Sie eine Approbation von der Dubai Health Authority (DHA). Diese erfordert unter anderem:<\/p><ul><li>Einen universit\u00e4ren Abschluss in Kinderheilkunde<\/li><li>Mindestens zwei Jahre Berufserfahrung<\/li><li>\u00dcbersetzte und beglaubigte Dokumente<\/li><li>M\u00f6glicherweise einen Fachtest auf Englisch<\/li><\/ul><p>Wir helfen Ihnen bei der Zusammenstellung aller erforderlichen Unterlagen und f\u00fchren Sie durch den gesamten Prozess.<\/p><p><strong>Kann ich meine eigenen Ger\u00e4te aus Deutschland mitbringen?<\/strong><\/p><p>Ja, aber es gibt Einschr\u00e4nkungen. Nicht alle Ger\u00e4te sind in den VAE zugelassen, und es kann Unterschiede bei Stromanschl\u00fcssen und technischen Standards geben. Wir beraten Sie bei der Auswahl und Beschaffung der richtigen Ger\u00e4te.<\/p><p><strong>Wie lange dauert der Prozess der DHA-Zulassung?<\/strong><\/p><p>Der Zeitrahmen variiert je nach Komplexit\u00e4t Ihres Falles und der Kommunikation zwischen den Beh\u00f6rden. In der Regel dauert es zwischen 4 Wochen und 6 Monaten. Wir optimieren den Prozess, um ihn so schnell wie m\u00f6glich abzuschlie\u00dfen.<\/p><p><strong>Was kostet es, eine Kinderarztpraxis in den VAE zu er\u00f6ffnen?<\/strong><\/p><p>Die Kosten h\u00e4ngen von der Art der Einrichtung ab:<\/p><ul><li>Kleine Praxis: Ab ca. 100.000 AED<\/li><li>Tagesklinik: Ab ca. 500.000 AED<\/li><li>Vollst\u00e4ndige Klinik: Mehrere Millionen AED<\/li><\/ul><p>Wir erstellen eine detaillierte Kostensch\u00e4tzung, die auf Ihre Bed\u00fcrfnisse zugeschnitten ist.<\/p><div class=\"my-2\">\u00a0<\/div><hr \/><h3><strong>Kundenstimmen<\/strong><\/h3><h3><strong>Was unsere Kunden sagen<\/strong><\/h3><p><br \/>\u201eDoctorFlow hat uns bei der Er\u00f6ffnung unserer Kinderarztpraxis in Dubai hervorragend unterst\u00fctzt. Der gesamte Prozess war stressfrei und professionell. Wir k\u00f6nnen das Team nur w\u00e4rmstens empfehlen!\u201c<br \/>\u2013 Dr. Anna Schmidt, Kinder\u00e4rztin<\/p><p>\u201eVon der DHA-Zulassung bis zur Raumausstattung \u2013 DoctorFlow hat uns bei jedem Schritt begleitet. Wir sind begeistert von der Qualit\u00e4t der Dienstleistung.\u201c<br \/>\u2013 Dr. Ahmed Al-Farsi, Gr\u00fcnder einer Kinderklinik<\/p><h3><strong>Jetzt handeln<\/strong><\/h3><h3><strong>Starten Sie Ihre Karriere als Kinderarzt in den VAE \u2013 Noch heute!<\/strong><\/h3><p>Die VAE bieten unz\u00e4hlige M\u00f6glichkeiten f\u00fcr Kinder\u00e4rzte, die hier Fu\u00df fassen m\u00f6chten. Lassen Sie sich von unserem Expertenteam unterst\u00fctzen und verwandeln Sie Ihre Vision in Realit\u00e4t.<\/p>\t\t\t\t\t\t\t\t<\/div>\n\t\t\t\t<\/div>\n\t\t\t\t\t<\/div>\n\t\t<\/div>\n\t\t\t\t\t<\/div>\n\t\t<\/section>\n\t\t<div class=\"xts-negative-gap elementor-element elementor-element-17aeceb e-flex e-con-boxed xts-section-disabled e-con e-parent\" data-id=\"17aeceb\" data-element_type=\"container\" data-e-type=\"container\">\n\t\t\t\t\t<div class=\"e-con-inner\">\n\t\t\t\t<div class=\"elementor-element elementor-element-18724a8 elementor-widget elementor-widget-xts_button\" data-id=\"18724a8\" data-element_type=\"widget\" data-e-type=\"widget\" data-widget_type=\"xts_button.default\">\n\t\t\t\t<div class=\"elementor-widget-container\">\n\t\t\t\t\t\t\t\t<div class=\"xts-button-wrapper xts-textalign-center\" >\n\t\t\t\t\t\t\t\t\t<a class=\"xts-button xts-size-xl xts-style-default xts-color-primary xts-shape-round xts-width-full\" href=\"http:\/\/wa.link\/hr0b0m\" target=\"_blank\" rel=\"noopener\">\n\t\t\t\t\t\t<span class=\"xts-button-text\" data-elementor-setting-key=\"button_text\">\n\t\t\t\t\t\t\t\u062a\u0648\u0627\u0635\u0644 \u0627\u0644\u0622\u0646 \u0639\u0628\u0631 \u0648\u0627\u062a\u0633\u0627\u0628\t\t\t\t\t\t<\/span>\n\n\t\t\t\t\t\t\t\t\t\t\t<\/a>\n\t\t\t\t\t\t\t<\/div>\n\t\t\t\t\t\t<\/div>\n\t\t\t\t<\/div>\n\t\t\t\t\t<\/div>\n\t\t\t\t<\/div>\n\t\t\t\t<section class=\"xts-negative-gap elementor-section elementor-top-section elementor-element elementor-element-2acc8f7 elementor-section-boxed elementor-section-height-default elementor-section-height-default xts-section-disabled\" data-id=\"2acc8f7\" data-element_type=\"section\" data-e-type=\"section\">\n\t\t\t\t\t\t<div class=\"elementor-container elementor-column-gap-default\">\n\t\t\t\t\t<div class=\"elementor-column elementor-col-50 elementor-top-column elementor-element elementor-element-df40235\" data-id=\"df40235\" data-element_type=\"column\" data-e-type=\"column\">\n\t\t\t<div class=\"elementor-widget-wrap elementor-element-populated\">\n\t\t\t\t\t\t<div class=\"elementor-element elementor-element-257e1da elementor-widget elementor-widget-xts_image\" data-id=\"257e1da\" data-element_type=\"widget\" data-e-type=\"widget\" data-widget_type=\"xts_image.default\">\n\t\t\t\t<div class=\"elementor-widget-container\">\n\t\t\t\t\t\t\t\t<div class=\"xts-image-single xts-textalign-center\">\n\t\t\t\t<figure class=\"xts-image\">\n\t\t\t\t\t\t\t\t\t\t\t<div class=\"xts-image-inner\">\n\t\t\t\t\t\n\t\t\t\t\t\t<img decoding=\"async\" width=\"600\" height=\"371\" src=\"https:\/\/doctoflow.com\/wp-content\/uploads\/2020\/02\/venus-depatmens-1-opt.jpg\" class=\"attachment-full size-full wp-image-718\" alt=\"\" \/>\n\t\t\t\t\t\t\t\t\t\t\t<\/div>\n\t\t\t\t\t\n\t\t\t\t\t\t\t\t\t<\/figure>\n\n\t\t\t\t\t\t\t<\/div>\n\t\t\t\t\t\t<\/div>\n\t\t\t\t<\/div>\n\t\t\t\t\t<\/div>\n\t\t<\/div>\n\t\t\t\t<div class=\"elementor-column elementor-col-50 elementor-top-column elementor-element elementor-element-a0251ab\" data-id=\"a0251ab\" data-element_type=\"column\" data-e-type=\"column\">\n\t\t\t<div class=\"elementor-widget-wrap elementor-element-populated\">\n\t\t\t\t\t\t<div class=\"elementor-element elementor-element-41b5fe3 xts-scheme-inherit xts-textalign-inherit elementor-widget elementor-widget-text-editor\" data-id=\"41b5fe3\" data-element_type=\"widget\" data-e-type=\"widget\" data-widget_type=\"text-editor.default\">\n\t\t\t\t<div class=\"elementor-widget-container\">\n\t\t\t\t\t\t\t\t\t<h3><strong>Jetzt handeln<\/strong><\/h3><p><strong>Starten Sie Ihre Karriere als Kinderarzt in den VAE \u2013 Noch heute!<\/strong><\/p><p>Die VAE bieten unz\u00e4hlige M\u00f6glichkeiten f\u00fcr Kinder\u00e4rzte, die hier Fu\u00df fassen m\u00f6chten. Lassen Sie sich von unserem Expertenteam unterst\u00fctzen und verwandeln Sie Ihre Vision in Realit\u00e4t.<\/p>\t\t\t\t\t\t\t\t<\/div>\n\t\t\t\t<\/div>\n\t\t\t\t\t<\/div>\n\t\t<\/div>\n\t\t\t\t\t<\/div>\n\t\t<\/section>\n\t\t\t\t<\/div>","protected":false},"excerpt":{"rendered":"<p>Erfolgreich als Kinderarzt in den VAE starten \u2013 Mit DoctorFlow an Ihrer Seite Von der DHA-Zulassung bis zur Er\u00f6ffnung Ihrer p\u00e4diatrischen Praxis \u2013 Wir \u00fcbernehmen alles f\u00fcr Sie. M\u00f6chten Sie als Kinderarzt\/in in den VAE Fu\u00df fassen oder eine moderne p\u00e4diatrische Praxis gr\u00fcnden? Bei DoctorFlow unterst\u00fctzen wir Sie bei jedem Schritt des Prozesses. Unsere Experten [&hellip;]<\/p>\n","protected":false},"author":1,"featured_media":0,"parent":0,"menu_order":9,"comment_status":"closed","ping_status":"closed","template":"","meta":{"footnotes":""},"class_list":["post-697","page","type-page","status-publish","hentry"],"_hostinger_reach_plugin_has_subscription_block":false,"_hostinger_reach_plugin_is_elementor":false,"_links":{"self":[{"href":"https:\/\/doctoflow.com\/ar\/wp-json\/wp\/v2\/pages\/697","targetHints":{"allow":["GET"]}}],"collection":[{"href":"https:\/\/doctoflow.com\/ar\/wp-json\/wp\/v2\/pages"}],"about":[{"href":"https:\/\/doctoflow.com\/ar\/wp-json\/wp\/v2\/types\/page"}],"author":[{"embeddable":true,"href":"https:\/\/doctoflow.com\/ar\/wp-json\/wp\/v2\/users\/1"}],"replies":[{"embeddable":true,"href":"https:\/\/doctoflow.com\/ar\/wp-json\/wp\/v2\/comments?post=697"}],"version-history":[{"count":11,"href":"https:\/\/doctoflow.com\/ar\/wp-json\/wp\/v2\/pages\/697\/revisions"}],"predecessor-version":[{"id":1688,"href":"https:\/\/doctoflow.com\/ar\/wp-json\/wp\/v2\/pages\/697\/revisions\/1688"}],"wp:attachment":[{"href":"https:\/\/doctoflow.com\/ar\/wp-json\/wp\/v2\/media?parent=697"}],"curies":[{"name":"wp","href":"https:\/\/api.w.org\/{rel}","templated":true}]}}