{"id":694,"date":"2020-02-12T10:29:06","date_gmt":"2020-02-12T10:29:06","guid":{"rendered":"http:\/\/space.xtemos.com\/demo\/venus\/?page_id=694"},"modified":"2025-04-12T14:38:23","modified_gmt":"2025-04-12T14:38:23","slug":"surgery","status":"publish","type":"page","link":"https:\/\/doctoflow.com\/en\/chirurgie\/","title":{"rendered":"Surgery"},"content":{"rendered":"<div data-elementor-type=\"wp-page\" data-elementor-id=\"694\" class=\"elementor elementor-694\">\n\t\t\t\t\t\t<section class=\"xts-negative-gap elementor-section elementor-top-section elementor-element elementor-element-94fa62a elementor-section-boxed elementor-section-height-default elementor-section-height-default xts-section-disabled\" data-id=\"94fa62a\" data-element_type=\"section\" data-e-type=\"section\">\n\t\t\t\t\t\t<div class=\"elementor-container elementor-column-gap-wide\">\n\t\t\t\t\t<div class=\"elementor-column elementor-col-66 elementor-top-column elementor-element elementor-element-e197b82\" data-id=\"e197b82\" data-element_type=\"column\" data-e-type=\"column\">\n\t\t\t<div class=\"elementor-widget-wrap elementor-element-populated\">\n\t\t\t\t\t\t<div class=\"elementor-element elementor-element-2c77d8e xts-scheme-inherit xts-textalign-inherit elementor-widget elementor-widget-text-editor\" data-id=\"2c77d8e\" data-element_type=\"widget\" data-e-type=\"widget\" data-widget_type=\"text-editor.default\">\n\t\t\t\t<div class=\"elementor-widget-container\">\n\t\t\t\t\t\t\t\t\t<h3><strong data-spm-anchor-id=\"a2ty_o01.29997173.0.i49.3858517190J6RG\">Successful start as a surgeon in the UAE - with DoctorFlow at your side<\/strong><\/h3><p data-spm-anchor-id=\"a2ty_o01.29997173.0.i50.3858517190J6RG\">From DHA authorisation to the opening of your surgical practice or clinic - we take care of everything for you.<\/p><div class=\"my-2\"><p data-spm-anchor-id=\"a2ty_o01.29997173.0.i51.3858517190J6RG\">Would you like to establish yourself as a surgeon in the UAE or set up a modern surgical centre? With <strong>DoctorFlow<\/strong>we support you every step of the way. Our experts know the regulatory requirements of the Dubai Health Authority (DHA) inside out and will ensure that your practice or clinic opens smoothly.<\/p><p>Whether you want to open a small day clinic, an outpatient surgical facility or a fully equipped hospital - we offer customised solutions that meet your goals. Rely on our local expertise and let us take care of the complicated processes for you.<\/p><\/div><h4>\u00a0<\/h4><h4><strong data-spm-anchor-id=\"a2ty_o01.29997173.0.i52.3858517190J6RG\">Why the UAE is an attractive location for surgeons<\/strong><\/h4><p>The UAE is a growing market for surgical services, particularly in the field of minimally invasive surgery, plastic surgery and orthopaedic procedures. The demand for high-quality surgical treatments is continuously increasing - both among the local population and international patients who are opting for advanced medical care.<\/p>\t\t\t\t\t\t\t\t<\/div>\n\t\t\t\t<\/div>\n\t\t\t\t<div class=\"elementor-element elementor-element-4c18ae9 elementor-icon-list--layout-traditional elementor-list-item-link-full_width elementor-widget elementor-widget-icon-list\" data-id=\"4c18ae9\" data-element_type=\"widget\" data-e-type=\"widget\" data-widget_type=\"icon-list.default\">\n\t\t\t\t<div class=\"elementor-widget-container\">\n\t\t\t\t\t\t\t<ul class=\"elementor-icon-list-items\">\n\t\t\t\t\t\t\t<li class=\"elementor-icon-list-item\">\n\t\t\t\t\t\t\t\t\t\t\t<span class=\"elementor-icon-list-icon\">\n\t\t\t\t\t\t\t<svg aria-hidden=\"true\" class=\"e-font-icon-svg e-fas-chevron-right\" viewbox=\"0 0 320 512\" xmlns=\"http:\/\/www.w3.org\/2000\/svg\"><path d=\"M285.476 272.971L91.132 467.314c-9.373 9.373-24.569 9.373-33.941 0l-22.667-22.667c-9.357-9.357-9.375-24.522-.04-33.901L188.505 256 34.484 101.255c-9.335-9.379-9.317-24.544.04-33.901l22.667-22.667c9.373-9.373 24.569-9.373 33.941 0L285.475 239.03c9.373 9.372 9.373 24.568.001 33.941z\"><\/path><\/svg>\t\t\t\t\t\t<\/span>\n\t\t\t\t\t\t\t\t\t\t<span class=\"elementor-icon-list-text\">High demand: A growing focus on surgical innovations and precise treatments.<\/span>\n\t\t\t\t\t\t\t\t\t<\/li>\n\t\t\t\t\t\t\t\t<li class=\"elementor-icon-list-item\">\n\t\t\t\t\t\t\t\t\t\t\t<span class=\"elementor-icon-list-icon\">\n\t\t\t\t\t\t\t<svg aria-hidden=\"true\" class=\"e-font-icon-svg e-fas-chevron-right\" viewbox=\"0 0 320 512\" xmlns=\"http:\/\/www.w3.org\/2000\/svg\"><path d=\"M285.476 272.971L91.132 467.314c-9.373 9.373-24.569 9.373-33.941 0l-22.667-22.667c-9.357-9.357-9.375-24.522-.04-33.901L188.505 256 34.484 101.255c-9.335-9.379-9.317-24.544.04-33.901l22.667-22.667c9.373-9.373 24.569-9.373 33.941 0L285.475 239.03c9.373 9.372 9.373 24.568.001 33.941z\"><\/path><\/svg>\t\t\t\t\t\t<\/span>\n\t\t\t\t\t\t\t\t\t\t<span class=\"elementor-icon-list-text\">Modern infrastructure: state-of-the-art operating theatres and technologies.<\/span>\n\t\t\t\t\t\t\t\t\t<\/li>\n\t\t\t\t\t\t\t\t<li class=\"elementor-icon-list-item\">\n\t\t\t\t\t\t\t\t\t\t\t<span class=\"elementor-icon-list-icon\">\n\t\t\t\t\t\t\t<svg aria-hidden=\"true\" class=\"e-font-icon-svg e-fas-chevron-right\" viewbox=\"0 0 320 512\" xmlns=\"http:\/\/www.w3.org\/2000\/svg\"><path d=\"M285.476 272.971L91.132 467.314c-9.373 9.373-24.569 9.373-33.941 0l-22.667-22.667c-9.357-9.357-9.375-24.522-.04-33.901L188.505 256 34.484 101.255c-9.335-9.379-9.317-24.544.04-33.901l22.667-22.667c9.373-9.373 24.569-9.373 33.941 0L285.475 239.03c9.373 9.372 9.373 24.568.001 33.941z\"><\/path><\/svg>\t\t\t\t\t\t<\/span>\n\t\t\t\t\t\t\t\t\t\t<span class=\"elementor-icon-list-text\">Golden Visa: As a healthcare professional, you can easily obtain a Golden Visa.<\/span>\n\t\t\t\t\t\t\t\t\t<\/li>\n\t\t\t\t\t\t\t\t<li class=\"elementor-icon-list-item\">\n\t\t\t\t\t\t\t\t\t\t\t<span class=\"elementor-icon-list-icon\">\n\t\t\t\t\t\t\t<svg aria-hidden=\"true\" class=\"e-font-icon-svg e-fas-chevron-right\" viewbox=\"0 0 320 512\" xmlns=\"http:\/\/www.w3.org\/2000\/svg\"><path d=\"M285.476 272.971L91.132 467.314c-9.373 9.373-24.569 9.373-33.941 0l-22.667-22.667c-9.357-9.357-9.375-24.522-.04-33.901L188.505 256 34.484 101.255c-9.335-9.379-9.317-24.544.04-33.901l22.667-22.667c9.373-9.373 24.569-9.373 33.941 0L285.475 239.03c9.373 9.372 9.373 24.568.001 33.941z\"><\/path><\/svg>\t\t\t\t\t\t<\/span>\n\t\t\t\t\t\t\t\t\t\t<span class=\"elementor-icon-list-text\">International patients: The UAE attracts patients from all over the world seeking high quality treatments.<\/span>\n\t\t\t\t\t\t\t\t\t<\/li>\n\t\t\t\t\t\t<\/ul>\n\t\t\t\t\t\t<\/div>\n\t\t\t\t<\/div>\n\t\t\t\t\t<\/div>\n\t\t<\/div>\n\t\t\t\t<div class=\"elementor-column elementor-col-33 elementor-top-column elementor-element elementor-element-3aff4a8\" data-id=\"3aff4a8\" data-element_type=\"column\" data-e-type=\"column\">\n\t\t\t<div class=\"elementor-widget-wrap elementor-element-populated\">\n\t\t\t\t\t\t<div class=\"elementor-element elementor-element-711b1e0 elementor-widget elementor-widget-xts_team_member\" data-id=\"711b1e0\" data-element_type=\"widget\" data-e-type=\"widget\" data-widget_type=\"xts_team_member.default\">\n\t\t\t\t<div class=\"elementor-widget-container\">\n\t\t\t\t\t\n\t\t<div class=\"xts-member xts-design-mask xts-textalign-left xts-scheme-light xts-with-bg-color xts-with-shadow\">\n\t\t\t\t\t\t\t<div class=\"xts-member-image\">\n\t\t\t\t\t<img fetchpriority=\"high\" decoding=\"async\" width=\"420\" height=\"658\" src=\"https:\/\/doctoflow.com\/wp-content\/uploads\/2020\/02\/venus-medic-1-opt-1.jpg\" class=\"attachment-full size-full wp-image-551\" alt=\"\" \/>\t\t\t\t<\/div>\n\t\t\t\n\t\t\t<div class=\"xts-member-content xts-reset-mb-10 xts-reset-last\">\n\t\t\t\t\t\t\t\t\t<h4 class=\"xts-member-name xts-fontsize-m\" data-elementor-setting-key=\"name\">\n\t\t\t\t\t\tMary Hunt\t\t\t\t\t<\/h4>\n\t\t\t\t\n\t\t\t\t\t\t\t\t\t<div class=\"xts-member-position xts-fontsize-s\" data-elementor-setting-key=\"position\">\n\t\t\t\t\t\tParamedic\t\t\t\t\t<\/div>\n\t\t\t\t\n\t\t\t\t\n\t\t\t\t\t\t\t<\/div>\n\t\t<\/div>\n\n\t\t\t\t\t\t<\/div>\n\t\t\t\t<\/div>\n\t\t\t\t\t<\/div>\n\t\t<\/div>\n\t\t\t\t\t<\/div>\n\t\t<\/section>\n\t\t\t\t<section class=\"xts-negative-gap elementor-section elementor-top-section elementor-element elementor-element-dc3a512 elementor-section-boxed elementor-section-height-default elementor-section-height-default xts-section-disabled\" data-id=\"dc3a512\" data-element_type=\"section\" data-e-type=\"section\">\n\t\t\t\t\t\t<div class=\"elementor-container elementor-column-gap-default\">\n\t\t\t\t\t<div class=\"elementor-column elementor-col-100 elementor-top-column elementor-element elementor-element-2c0d8c0\" data-id=\"2c0d8c0\" data-element_type=\"column\" data-e-type=\"column\">\n\t\t\t<div class=\"elementor-widget-wrap elementor-element-populated\">\n\t\t\t\t\t\t<div class=\"elementor-element elementor-element-473b716 xts-scheme-inherit xts-textalign-inherit elementor-widget elementor-widget-text-editor\" data-id=\"473b716\" data-element_type=\"widget\" data-e-type=\"widget\" data-widget_type=\"text-editor.default\">\n\t\t\t\t<div class=\"elementor-widget-container\">\n\t\t\t\t\t\t\t\t\t<h3><strong data-spm-anchor-id=\"a2ty_o01.29997173.0.i59.3858517190J6RG\">Our service for surgeons<\/strong><\/h3><p><strong data-spm-anchor-id=\"a2ty_o01.29997173.0.i58.3858517190J6RG\">Our comprehensive services for surgeons in the UAE<\/strong><\/p><p>We offer a <strong>Complete service <\/strong>that leaves nothing to be desired. Here is how we support you:<\/p><ol start=\"1\"><li><p><strong>DHA authorisation and licence to practice:<\/strong><br \/>We take care of all the documents needed to apply for DHA authorisation - from logbooks and university degrees to translations.<\/p><\/li><li><p><strong>Formation of an LLC\/practice:<\/strong><br \/>We help you set up a Limited Liability Company (LLC) and ensure that all legal requirements are met.<\/p><\/li><li><p><strong>Interior fittings and equipment:<\/strong><br \/>From planning the premises to procuring the latest surgical equipment, we ensure that your facility meets the highest standards.<\/p><\/li><li><p><strong>Insurance and compliance:<\/strong><br \/>We organise the necessary malpractice insurance and ensure full compliance with local regulations.<\/p><\/li><li><p><strong>Marketing and patient acquisition:<\/strong><br \/>We support you in publicising your practice or clinic and attracting patients - locally and internationally.<\/p><\/li><li><p><strong>Advanced technologies:<\/strong><br \/>We advise you on the selection of operating theatre devices, robotic surgery systems, endoscopy devices and other high-tech solutions.<\/p><\/li><li><p><strong>Additional qualifications:<\/strong><br \/>If you require additional authorisations for specialised procedures, we will help you select and organise the appropriate courses.<\/p><\/li><\/ol>\t\t\t\t\t\t\t\t<\/div>\n\t\t\t\t<\/div>\n\t\t\t\t\t<\/div>\n\t\t<\/div>\n\t\t\t\t\t<\/div>\n\t\t<\/section>\n\t\t<div class=\"xts-negative-gap elementor-element elementor-element-20ed9c3 e-flex e-con-boxed xts-section-disabled e-con e-parent\" data-id=\"20ed9c3\" data-element_type=\"container\" data-e-type=\"container\">\n\t\t\t\t\t<div class=\"e-con-inner\">\n\t\t\t\t<div class=\"elementor-element elementor-element-180f34c elementor-widget elementor-widget-xts_button\" data-id=\"180f34c\" data-element_type=\"widget\" data-e-type=\"widget\" data-widget_type=\"xts_button.default\">\n\t\t\t\t<div class=\"elementor-widget-container\">\n\t\t\t\t\t\t\t\t<div class=\"xts-button-wrapper xts-textalign-center\" >\n\t\t\t\t\t\t\t\t\t<a class=\"xts-button xts-size-xl xts-style-default xts-color-primary xts-shape-round xts-width-full\" href=\"http:\/\/wa.link\/hr0b0m\" target=\"_blank\" rel=\"noopener\">\n\t\t\t\t\t\t<span class=\"xts-button-text\" data-elementor-setting-key=\"button_text\">\n\t\t\t\t\t\t\tContact us now via WhatsApp\t\t\t\t\t\t<\/span>\n\n\t\t\t\t\t\t\t\t\t\t\t<\/a>\n\t\t\t\t\t\t\t<\/div>\n\t\t\t\t\t\t<\/div>\n\t\t\t\t<\/div>\n\t\t\t\t\t<\/div>\n\t\t\t\t<\/div>\n\t\t\t\t<section class=\"xts-negative-gap elementor-section elementor-top-section elementor-element elementor-element-bc1b3f0 elementor-section-boxed elementor-section-height-default elementor-section-height-default xts-section-disabled\" data-id=\"bc1b3f0\" data-element_type=\"section\" data-e-type=\"section\">\n\t\t\t\t\t\t<div class=\"elementor-container elementor-column-gap-default\">\n\t\t\t\t\t<div class=\"elementor-column elementor-col-50 elementor-top-column elementor-element elementor-element-ad492cd\" data-id=\"ad492cd\" data-element_type=\"column\" data-e-type=\"column\">\n\t\t\t<div class=\"elementor-widget-wrap elementor-element-populated\">\n\t\t\t\t\t\t<div class=\"elementor-element elementor-element-aa46cb7 elementor-widget elementor-widget-xts_image\" data-id=\"aa46cb7\" data-element_type=\"widget\" data-e-type=\"widget\" data-widget_type=\"xts_image.default\">\n\t\t\t\t<div class=\"elementor-widget-container\">\n\t\t\t\t\t\t\t\t<div class=\"xts-image-single xts-textalign-center\">\n\t\t\t\t<figure class=\"xts-image\">\n\t\t\t\t\t\t\t\t\t\t\t<div class=\"xts-image-inner\">\n\t\t\t\t\t\n\t\t\t\t\t\t<img decoding=\"async\" width=\"600\" height=\"371\" src=\"https:\/\/doctoflow.com\/wp-content\/uploads\/2020\/02\/venus-depatmens-6-opt.jpg\" class=\"attachment-full size-full wp-image-723\" alt=\"\" \/>\n\t\t\t\t\t\t\t\t\t\t\t<\/div>\n\t\t\t\t\t\n\t\t\t\t\t\t\t\t\t<\/figure>\n\n\t\t\t\t\t\t\t<\/div>\n\t\t\t\t\t\t<\/div>\n\t\t\t\t<\/div>\n\t\t\t\t\t<\/div>\n\t\t<\/div>\n\t\t\t\t<div class=\"elementor-column elementor-col-50 elementor-top-column elementor-element elementor-element-83cd690\" data-id=\"83cd690\" data-element_type=\"column\" data-e-type=\"column\">\n\t\t\t<div class=\"elementor-widget-wrap elementor-element-populated\">\n\t\t\t\t\t\t<div class=\"elementor-element elementor-element-ca0ae6f xts-scheme-inherit xts-textalign-inherit elementor-widget elementor-widget-text-editor\" data-id=\"ca0ae6f\" data-element_type=\"widget\" data-e-type=\"widget\" data-widget_type=\"text-editor.default\">\n\t\t\t\t<div class=\"elementor-widget-container\">\n\t\t\t\t\t\t\t\t\t<h3><strong data-spm-anchor-id=\"a2ty_o01.29997173.0.i60.3858517190J6RG\">FAQ - Frequently asked questions<\/strong><\/h3><p><strong>Everything you need to know about surgery in the UAE<\/strong><\/p><p><strong>What requirements must I fulfil as a surgeon in order to practice in the UAE?<\/strong><\/p><p>To work as a surgeon in the UAE, you need a licence from the Dubai Health Authority (DHA). This requires, among other things:<\/p><ul><li>A university degree in surgery<\/li><li>At least two years of professional experience<\/li><li>Translated and notarised documents<\/li><li>Possibly a specialised test in English<\/li><\/ul><p>We will help you compile all the necessary documents and guide you through the entire process.<\/p><p><strong>Can I bring my own surgical equipment from Germany?<\/strong><\/p><p>Yes, but there are restrictions. Not all devices are approved in the UAE and there may be differences in power connections and technical standards. We can advise you on the selection and procurement of the right devices.<\/p><p><strong>How long does the DHA authorisation process take?<\/strong><\/p><p>The time frame varies depending on the complexity of your case and the communication between the authorities. It usually takes between 4 weeks and 6 months. We optimise the process to complete it as quickly as possible.<\/p><p><strong>What does it cost to open a surgical practice or clinic in the UAE?<\/strong><\/p><p>The costs depend on the type of facility:<\/p><ul><li>Small practice: From approx. 200,000 AED<\/li><li>Day clinic: From approx. 1,000,000 AED<\/li><li>Complete clinic: Several million AED<\/li><\/ul><p>We prepare a detailed cost estimate that is customised to your needs.<\/p><h3><strong>Customer testimonials<\/strong><\/h3><p><strong>What our customers say<\/strong><\/p><p><br \/>\"DoctorFlow provided us with excellent support during the opening of our surgical clinic in Dubai. The entire process was stress-free and professional. We can highly recommend the team!\"<br \/>- Dr Thomas M\u00fcller, Surgeon<\/p><div class=\"my-2\">\u00a0<\/div><p>\"From DHA approval to interior design - DoctorFlow was with us every step of the way. We are delighted with the quality of the service.\"<br \/>- Dr Fatima Al-Mansoori, founder of a surgical clinic<\/p><div class=\"my-2\">\u00a0<\/div><hr \/><h3><strong>Act now<\/strong><\/h3><h3><strong>Start your surgical career in the UAE - today!<\/strong><\/h3><p>The UAE offers countless opportunities for surgeons who want to gain a foothold here. Let our team of experts support you and turn your vision into reality.<\/p>\t\t\t\t\t\t\t\t<\/div>\n\t\t\t\t<\/div>\n\t\t\t\t\t<\/div>\n\t\t<\/div>\n\t\t\t\t\t<\/div>\n\t\t<\/section>\n\t\t<div class=\"xts-negative-gap elementor-element elementor-element-1c7abd4 e-flex e-con-boxed xts-section-disabled e-con e-parent\" data-id=\"1c7abd4\" data-element_type=\"container\" data-e-type=\"container\">\n\t\t\t\t\t<div class=\"e-con-inner\">\n\t\t\t\t<div class=\"elementor-element elementor-element-a9d2a0c elementor-widget elementor-widget-xts_button\" data-id=\"a9d2a0c\" data-element_type=\"widget\" data-e-type=\"widget\" data-widget_type=\"xts_button.default\">\n\t\t\t\t<div class=\"elementor-widget-container\">\n\t\t\t\t\t\t\t\t<div class=\"xts-button-wrapper xts-textalign-center\" >\n\t\t\t\t\t\t\t\t\t<a class=\"xts-button xts-size-xl xts-style-default xts-color-primary xts-shape-round xts-width-full\" href=\"http:\/\/wa.link\/hr0b0m\" target=\"_blank\" rel=\"noopener\">\n\t\t\t\t\t\t<span class=\"xts-button-text\" data-elementor-setting-key=\"button_text\">\n\t\t\t\t\t\t\tContact us now via WhatsApp\t\t\t\t\t\t<\/span>\n\n\t\t\t\t\t\t\t\t\t\t\t<\/a>\n\t\t\t\t\t\t\t<\/div>\n\t\t\t\t\t\t<\/div>\n\t\t\t\t<\/div>\n\t\t\t\t\t<\/div>\n\t\t\t\t<\/div>\n\t\t\t\t<\/div>","protected":false},"excerpt":{"rendered":"<p>Erfolgreich als Chirurg in den VAE starten \u2013 Mit DoctorFlow an Ihrer Seite Von der DHA-Zulassung bis zur Er\u00f6ffnung Ihrer chirurgischen Praxis oder Klinik \u2013 Wir \u00fcbernehmen alles f\u00fcr Sie. M\u00f6chten Sie als Chirurg\/in in den VAE Fu\u00df fassen oder eine moderne chirurgische Einrichtung gr\u00fcnden? Bei DoctorFlowunterst\u00fctzen wir Sie bei jedem Schritt des Prozesses. Unsere [&hellip;]<\/p>\n","protected":false},"author":1,"featured_media":0,"parent":0,"menu_order":11,"comment_status":"closed","ping_status":"closed","template":"","meta":{"footnotes":""},"class_list":["post-694","page","type-page","status-publish","hentry"],"_hostinger_reach_plugin_has_subscription_block":false,"_hostinger_reach_plugin_is_elementor":false,"_links":{"self":[{"href":"https:\/\/doctoflow.com\/en\/wp-json\/wp\/v2\/pages\/694","targetHints":{"allow":["GET"]}}],"collection":[{"href":"https:\/\/doctoflow.com\/en\/wp-json\/wp\/v2\/pages"}],"about":[{"href":"https:\/\/doctoflow.com\/en\/wp-json\/wp\/v2\/types\/page"}],"author":[{"embeddable":true,"href":"https:\/\/doctoflow.com\/en\/wp-json\/wp\/v2\/users\/1"}],"replies":[{"embeddable":true,"href":"https:\/\/doctoflow.com\/en\/wp-json\/wp\/v2\/comments?post=694"}],"version-history":[{"count":8,"href":"https:\/\/doctoflow.com\/en\/wp-json\/wp\/v2\/pages\/694\/revisions"}],"predecessor-version":[{"id":1685,"href":"https:\/\/doctoflow.com\/en\/wp-json\/wp\/v2\/pages\/694\/revisions\/1685"}],"wp:attachment":[{"href":"https:\/\/doctoflow.com\/en\/wp-json\/wp\/v2\/media?parent=694"}],"curies":[{"name":"wp","href":"https:\/\/api.w.org\/{rel}","templated":true}]}}