{"id":661,"date":"2020-02-12T09:49:55","date_gmt":"2020-02-12T09:49:55","guid":{"rendered":"http:\/\/space.xtemos.com\/demo\/venus\/?page_id=661"},"modified":"2025-06-03T19:28:17","modified_gmt":"2025-06-03T19:28:17","slug":"odontologia-2","status":"publish","type":"page","link":"https:\/\/doctoflow.com\/es\/odontologia-2\/","title":{"rendered":"Odontolog\u00eda"},"content":{"rendered":"<span class=\"span-reading-time rt-reading-time\" style=\"display: block;\"><span class=\"rt-label rt-prefix\">Tiempo de lectura: <\/span> <span class=\"rt-time\"> 3<\/span> <span class=\"rt-label rt-postfix\">minutos<\/span><\/span>\t\t<div data-elementor-type=\"wp-page\" data-elementor-id=\"661\" class=\"elementor elementor-661\">\n\t\t\t\t\t\t<section class=\"xts-negative-gap elementor-section elementor-top-section elementor-element elementor-element-aabde2c elementor-section-boxed elementor-section-height-default elementor-section-height-default xts-section-disabled\" data-id=\"aabde2c\" data-element_type=\"section\" data-e-type=\"section\">\n\t\t\t\t\t\t<div class=\"elementor-container elementor-column-gap-wide\">\n\t\t\t\t\t<div class=\"elementor-column elementor-col-66 elementor-top-column elementor-element elementor-element-046e579\" data-id=\"046e579\" data-element_type=\"column\" data-e-type=\"column\">\n\t\t\t<div class=\"elementor-widget-wrap elementor-element-populated\">\n\t\t\t\t\t\t<div class=\"elementor-element elementor-element-8ec3077 xts-scheme-inherit xts-textalign-inherit elementor-widget elementor-widget-text-editor\" data-id=\"8ec3077\" data-element_type=\"widget\" data-e-type=\"widget\" data-widget_type=\"text-editor.default\">\n\t\t\t\t<div class=\"elementor-widget-container\">\n\t\t\t\t\t\t\t\t\t<h3><strong data-spm-anchor-id=\"a2ty_o01.29997173.0.i6.3858c9212mR4Lq\">Un comienzo exitoso en la odontolog\u00eda en los EAU - con DoctorFlow a su lado<\/strong><\/h3><p data-spm-anchor-id=\"a2ty_o01.29997173.0.i7.3858c9212mR4Lq\">Desde la autorizaci\u00f3n de la DHA hasta la apertura de su cl\u00ednica dental: nos ocupamos de todo por usted.<\/p><p data-spm-anchor-id=\"a2ty_o01.29997173.0.i10.3858c9212mR4Lq\">Los EAU son un mercado en expansi\u00f3n para la odontolog\u00eda, caracterizado por una elevada inversi\u00f3n en infraestructuras sanitarias y una creciente demanda de servicios dentales de alta calidad.<\/p><p data-spm-anchor-id=\"a2ty_o01.29997173.0.i11.3858c9212mR4Lq\"><strong>Como dentista te beneficias de:<\/strong><\/p>\t\t\t\t\t\t\t\t<\/div>\n\t\t\t\t<\/div>\n\t\t\t\t<div class=\"elementor-element elementor-element-733d44d elementor-icon-list--layout-traditional elementor-list-item-link-full_width elementor-widget elementor-widget-icon-list\" data-id=\"733d44d\" data-element_type=\"widget\" data-e-type=\"widget\" data-widget_type=\"icon-list.default\">\n\t\t\t\t<div class=\"elementor-widget-container\">\n\t\t\t\t\t\t\t<ul class=\"elementor-icon-list-items\">\n\t\t\t\t\t\t\t<li class=\"elementor-icon-list-item\">\n\t\t\t\t\t\t\t\t\t\t\t<span class=\"elementor-icon-list-icon\">\n\t\t\t\t\t\t\t<svg aria-hidden=\"true\" class=\"e-font-icon-svg e-fas-chevron-right\" viewbox=\"0 0 320 512\" xmlns=\"http:\/\/www.w3.org\/2000\/svg\"><path d=\"M285.476 272.971L91.132 467.314c-9.373 9.373-24.569 9.373-33.941 0l-22.667-22.667c-9.357-9.357-9.375-24.522-.04-33.901L188.505 256 34.484 101.255c-9.335-9.379-9.317-24.544.04-33.901l22.667-22.667c9.373-9.373 24.569-9.373 33.941 0L285.475 239.03c9.373 9.372 9.373 24.568.001 33.941z\"><\/path><\/svg>\t\t\t\t\t\t<\/span>\n\t\t\t\t\t\t\t\t\t\t<span class=\"elementor-icon-list-text\">Gran demanda: una poblaci\u00f3n creciente y un inter\u00e9s cada vez mayor por la odontolog\u00eda est\u00e9tica.<\/span>\n\t\t\t\t\t\t\t\t\t<\/li>\n\t\t\t\t\t\t\t\t<li class=\"elementor-icon-list-item\">\n\t\t\t\t\t\t\t\t\t\t\t<span class=\"elementor-icon-list-icon\">\n\t\t\t\t\t\t\t<svg aria-hidden=\"true\" class=\"e-font-icon-svg e-fas-chevron-right\" viewbox=\"0 0 320 512\" xmlns=\"http:\/\/www.w3.org\/2000\/svg\"><path d=\"M285.476 272.971L91.132 467.314c-9.373 9.373-24.569 9.373-33.941 0l-22.667-22.667c-9.357-9.357-9.375-24.522-.04-33.901L188.505 256 34.484 101.255c-9.335-9.379-9.317-24.544.04-33.901l22.667-22.667c9.373-9.373 24.569-9.373 33.941 0L285.475 239.03c9.373 9.372 9.373 24.568.001 33.941z\"><\/path><\/svg>\t\t\t\t\t\t<\/span>\n\t\t\t\t\t\t\t\t\t\t<span class=\"elementor-icon-list-text\">Infraestructura moderna: instalaciones y tecnolog\u00edas de vanguardia.<\/span>\n\t\t\t\t\t\t\t\t\t<\/li>\n\t\t\t\t\t\t\t\t<li class=\"elementor-icon-list-item\">\n\t\t\t\t\t\t\t\t\t\t\t<span class=\"elementor-icon-list-icon\">\n\t\t\t\t\t\t\t<svg aria-hidden=\"true\" class=\"e-font-icon-svg e-fas-chevron-right\" viewbox=\"0 0 320 512\" xmlns=\"http:\/\/www.w3.org\/2000\/svg\"><path d=\"M285.476 272.971L91.132 467.314c-9.373 9.373-24.569 9.373-33.941 0l-22.667-22.667c-9.357-9.357-9.375-24.522-.04-33.901L188.505 256 34.484 101.255c-9.335-9.379-9.317-24.544.04-33.901l22.667-22.667c9.373-9.373 24.569-9.373 33.941 0L285.475 239.03c9.373 9.372 9.373 24.568.001 33.941z\"><\/path><\/svg>\t\t\t\t\t\t<\/span>\n\t\t\t\t\t\t\t\t\t\t<span class=\"elementor-icon-list-text\">Golden Visa: Como profesional sanitario, puede obtener f\u00e1cilmente un Golden Visa.<\/span>\n\t\t\t\t\t\t\t\t\t<\/li>\n\t\t\t\t\t\t\t\t<li class=\"elementor-icon-list-item\">\n\t\t\t\t\t\t\t\t\t\t\t<span class=\"elementor-icon-list-icon\">\n\t\t\t\t\t\t\t<svg aria-hidden=\"true\" class=\"e-font-icon-svg e-fas-chevron-right\" viewbox=\"0 0 320 512\" xmlns=\"http:\/\/www.w3.org\/2000\/svg\"><path d=\"M285.476 272.971L91.132 467.314c-9.373 9.373-24.569 9.373-33.941 0l-22.667-22.667c-9.357-9.357-9.375-24.522-.04-33.901L188.505 256 34.484 101.255c-9.335-9.379-9.317-24.544.04-33.901l22.667-22.667c9.373-9.373 24.569-9.373 33.941 0L285.475 239.03c9.373 9.372 9.373 24.568.001 33.941z\"><\/path><\/svg>\t\t\t\t\t\t<\/span>\n\t\t\t\t\t\t\t\t\t\t<span class=\"elementor-icon-list-text\">Pacientes internacionales: Los EAU atraen a pacientes de todo el mundo que buscan tratamientos de alta calidad.<\/span>\n\t\t\t\t\t\t\t\t\t<\/li>\n\t\t\t\t\t\t<\/ul>\n\t\t\t\t\t\t<\/div>\n\t\t\t\t<\/div>\n\t\t\t\t\t<\/div>\n\t\t<\/div>\n\t\t\t\t<div class=\"elementor-column elementor-col-33 elementor-top-column elementor-element elementor-element-270f8e5\" data-id=\"270f8e5\" data-element_type=\"column\" data-e-type=\"column\">\n\t\t\t<div class=\"elementor-widget-wrap elementor-element-populated\">\n\t\t\t\t\t\t<div class=\"elementor-element elementor-element-cbd4ce9 elementor-widget elementor-widget-xts_team_member\" data-id=\"cbd4ce9\" data-element_type=\"widget\" data-e-type=\"widget\" data-widget_type=\"xts_team_member.default\">\n\t\t\t\t<div class=\"elementor-widget-container\">\n\t\t\t\t\t\n\t\t<div class=\"xts-member xts-design-mask xts-textalign-left xts-scheme-light xts-with-bg-color xts-with-shadow\">\n\t\t\t\t\t\t\t<div class=\"xts-member-image\">\n\t\t\t\t\t<img fetchpriority=\"high\" decoding=\"async\" width=\"420\" height=\"658\" src=\"https:\/\/doctoflow.com\/wp-content\/uploads\/2020\/02\/venus-medic-2-opt-1.jpg\" class=\"attachment-full size-full wp-image-552\" alt=\"\" data-wp-pid=\"552\" \/>\t\t\t\t<\/div>\n\t\t\t\n\t\t\t<div class=\"xts-member-content xts-reset-mb-10 xts-reset-last\">\n\t\t\t\t\t\t\t\t\t<h4 class=\"xts-member-name xts-fontsize-m\" data-elementor-setting-key=\"name\">\n\t\t\t\t\t\tJohn Woods\t\t\t\t\t<\/h4>\n\t\t\t\t\n\t\t\t\t\t\t\t\t\t<div class=\"xts-member-position xts-fontsize-s\" data-elementor-setting-key=\"position\">\n\t\t\t\t\t\tOdontolog\u00eda\t\t\t\t\t<\/div>\n\t\t\t\t\n\t\t\t\t\n\t\t\t\t\t\t\t<\/div>\n\t\t<\/div>\n\n\t\t\t\t\t\t<\/div>\n\t\t\t\t<\/div>\n\t\t\t\t\t<\/div>\n\t\t<\/div>\n\t\t\t\t\t<\/div>\n\t\t<\/section>\n\t\t\t\t<section class=\"xts-negative-gap elementor-section elementor-top-section elementor-element elementor-element-eced782 elementor-section-boxed elementor-section-height-default elementor-section-height-default xts-section-disabled\" data-id=\"eced782\" data-element_type=\"section\" data-e-type=\"section\">\n\t\t\t\t\t\t<div class=\"elementor-container elementor-column-gap-default\">\n\t\t\t\t\t<div class=\"elementor-column elementor-col-100 elementor-top-column elementor-element elementor-element-5586519\" data-id=\"5586519\" data-element_type=\"column\" data-e-type=\"column\">\n\t\t\t<div class=\"elementor-widget-wrap elementor-element-populated\">\n\t\t\t\t\t\t<div class=\"elementor-element elementor-element-31addfb xts-scheme-inherit xts-textalign-inherit elementor-widget elementor-widget-text-editor\" data-id=\"31addfb\" data-element_type=\"widget\" data-e-type=\"widget\" data-widget_type=\"text-editor.default\">\n\t\t\t\t<div class=\"elementor-widget-container\">\n\t\t\t\t\t\t\t\t\t<p data-spm-anchor-id=\"a2ty_o01.29997173.0.i8.3858c9212mR4Lq\">\u00bfLe gustar\u00eda establecerse como dentista en los EAU o montar una moderna cl\u00ednica dental? Con <strong>DoctorFlow <\/strong>le apoyamos en todo momento. Nuestros expertos conocen al dedillo los requisitos normativos de la Autoridad Sanitaria de Dub\u00e1i (DHA) y se asegurar\u00e1n de que su consulta abra sin problemas.<\/p><div class=\"my-2\">\u00a0<\/div><p>Tanto si desea abrir una peque\u00f1a consulta dental como una gran cl\u00ednica, le ofrecemos soluciones personalizadas que se ajustan a sus objetivos. Conf\u00ede en nuestra experiencia local y deje que nos encarguemos de los procesos complicados por usted.<\/p><p>Eso no es tan malo, hay copia ficticia al rescate. Pero peor, \u00bfy si el pez no cabe en la lata, el pie es demasiado grande para la bota? \u00bfO demasiado peque\u00f1o? Frases demasiado cortas, demasiados encabezados, im\u00e1genes demasiado grandes para el dise\u00f1o propuesto, o demasiado peque\u00f1as, o encajan pero el aspecto es dudoso por razones que los asistentes a la reuni\u00f3n no pueden apreciar ahora mismo, pero de alg\u00fan modo est\u00e1n descontentos.<\/p><p>Un cliente descontento por una raz\u00f3n es un problema, un cliente descontento aunque no sepa muy bien por qu\u00e9 es peor. Pero. Un gran pero: Lorem Ipsum no es la ra\u00edz del problema, s\u00f3lo muestra lo que va mal. Lo m\u00e1s probable es que no haya habido colaboraci\u00f3n, comunicaci\u00f3n y puntos de control, que no se haya acordado o especificado un proceso con la granularidad necesaria. Se trata de una estrategia de contenidos mal planteada desde el principio. Evitar el uso de Lorem Ipsum no habr\u00eda ayudado y no ayudar\u00e1 ahora.<\/p>\t\t\t\t\t\t\t\t<\/div>\n\t\t\t\t<\/div>\n\t\t\t\t\t<\/div>\n\t\t<\/div>\n\t\t\t\t\t<\/div>\n\t\t<\/section>\n\t\t<div class=\"xts-negative-gap elementor-element elementor-element-b1a7e80 e-flex e-con-boxed xts-section-disabled e-con e-parent\" data-id=\"b1a7e80\" data-element_type=\"container\" data-e-type=\"container\">\n\t\t\t\t\t<div class=\"e-con-inner\">\n\t\t\t\t<div class=\"elementor-element elementor-element-94aede2 elementor-widget elementor-widget-xts_button\" data-id=\"94aede2\" data-element_type=\"widget\" data-e-type=\"widget\" data-widget_type=\"xts_button.default\">\n\t\t\t\t<div class=\"elementor-widget-container\">\n\t\t\t\t\t\t\t\t<div class=\"xts-button-wrapper xts-textalign-center\" >\n\t\t\t\t\t\t\t\t\t<a class=\"xts-button xts-size-xl xts-style-default xts-color-primary xts-shape-round xts-width-full\" href=\"http:\/\/wa.link\/hr0b0m\" target=\"_blank\" rel=\"noopener\">\n\t\t\t\t\t\t<span class=\"xts-button-text\" data-elementor-setting-key=\"button_text\">\n\t\t\t\t\t\t\tP\u00f3ngase en contacto con nosotros por WhatsApp\t\t\t\t\t\t<\/span>\n\n\t\t\t\t\t\t\t\t\t\t\t<\/a>\n\t\t\t\t\t\t\t<\/div>\n\t\t\t\t\t\t<\/div>\n\t\t\t\t<\/div>\n\t\t\t\t\t<\/div>\n\t\t\t\t<\/div>\n\t\t\t\t<section class=\"xts-negative-gap elementor-section elementor-top-section elementor-element elementor-element-be42099 elementor-section-boxed elementor-section-height-default elementor-section-height-default xts-section-disabled\" data-id=\"be42099\" data-element_type=\"section\" data-e-type=\"section\">\n\t\t\t\t\t\t<div class=\"elementor-container elementor-column-gap-default\">\n\t\t\t\t\t<div class=\"elementor-column elementor-col-50 elementor-top-column elementor-element elementor-element-d58d236\" data-id=\"d58d236\" data-element_type=\"column\" data-e-type=\"column\">\n\t\t\t<div class=\"elementor-widget-wrap elementor-element-populated\">\n\t\t\t\t\t\t<div class=\"elementor-element elementor-element-5291dea elementor-widget elementor-widget-xts_image\" data-id=\"5291dea\" data-element_type=\"widget\" data-e-type=\"widget\" data-widget_type=\"xts_image.default\">\n\t\t\t\t<div class=\"elementor-widget-container\">\n\t\t\t\t\t\t\t\t<div class=\"xts-image-single xts-textalign-center\">\n\t\t\t\t<figure class=\"xts-image\">\n\t\t\t\t\t\t\t\t\t\t\t<div class=\"xts-image-inner\">\n\t\t\t\t\t\n\t\t\t\t\t\t<img decoding=\"async\" width=\"600\" height=\"370\" src=\"https:\/\/doctoflow.com\/wp-content\/uploads\/2020\/02\/venus-depatmens-4-opt.jpg\" class=\"attachment-full size-full wp-image-721\" alt=\"\" data-wp-pid=\"721\" \/>\n\t\t\t\t\t\t\t\t\t\t\t<\/div>\n\t\t\t\t\t\n\t\t\t\t\t\t\t\t\t<\/figure>\n\n\t\t\t\t\t\t\t<\/div>\n\t\t\t\t\t\t<\/div>\n\t\t\t\t<\/div>\n\t\t\t\t\t<\/div>\n\t\t<\/div>\n\t\t\t\t<div class=\"elementor-column elementor-col-50 elementor-top-column elementor-element elementor-element-5b982e6\" data-id=\"5b982e6\" data-element_type=\"column\" data-e-type=\"column\">\n\t\t\t<div class=\"elementor-widget-wrap elementor-element-populated\">\n\t\t\t\t\t\t<div class=\"elementor-element elementor-element-01bea04 xts-scheme-inherit xts-textalign-inherit elementor-widget elementor-widget-text-editor\" data-id=\"01bea04\" data-element_type=\"widget\" data-e-type=\"widget\" data-widget_type=\"text-editor.default\">\n\t\t\t\t<div class=\"elementor-widget-container\">\n\t\t\t\t\t\t\t\t\t<h3><strong data-spm-anchor-id=\"a2ty_o01.29997173.0.i15.3858c9212mR4Lq\">Nuestros servicios integrales para dentistas en los EAU<\/strong><\/h3><p data-spm-anchor-id=\"a2ty_o01.29997173.0.i16.3858c9212mR4Lq\">Ofrecemos un <strong>Servicio completo <\/strong>que no deja nada que desear. As\u00ed es como le apoyamos:<\/p><div class=\"my-2\">\u00a0<\/div><ol start=\"1\"><li><p><strong>Autorizaci\u00f3n DHA y licencia para ejercer:<\/strong><br \/>Nos encargamos de todos los documentos necesarios para solicitar la autorizaci\u00f3n de la DHA: desde los cuadernos de bit\u00e1cora y los t\u00edtulos universitarios hasta las traducciones.<\/p><\/li><li><p><strong>Constituci\u00f3n de una sociedad de responsabilidad limitada\/consultorio:<\/strong><br \/>Le ayudamos a constituir una Sociedad de Responsabilidad Limitada (SRL) y nos aseguramos de que se cumplen todos los requisitos legales.<\/p><\/li><li><p><strong>Equipamiento interior:<\/strong><br \/>Desde la planificaci\u00f3n de las instalaciones hasta la adquisici\u00f3n de los equipos dentales m\u00e1s modernos, nos aseguramos de que su consulta cumpla las normas m\u00e1s estrictas.<\/p><\/li><li><p><strong>Seguros y cumplimiento:<\/strong><br \/>Organizamos el seguro de mala praxis necesario y garantizamos el pleno cumplimiento de la normativa local.<\/p><\/li><li><p><strong>Marketing y captaci\u00f3n de pacientes:<\/strong><br \/>Le ayudamos a dar a conocer su consulta y a atraer pacientes, tanto a nivel local como internacional.<\/p><\/li><\/ol><div class=\"my-2\">\u00a0<\/div><hr \/><h3><strong>FAQ - Preguntas m\u00e1s frecuentes<\/strong><\/h3><h3><strong>Todo lo que debe saber sobre la odontolog\u00eda en los EAU<\/strong><\/h3><p><strong>\u00bfQu\u00e9 requisitos debo cumplir como dentista para ejercer en los EAU?<\/strong><\/p><p>Para trabajar como dentista en los EAU, necesita una licencia de la Autoridad Sanitaria de Dubai (DHA). Esto requiere, entre otras cosas:<\/p><ul><li>T\u00edtulo universitario en odontolog\u00eda<\/li><li>Al menos dos a\u00f1os de experiencia profesional<\/li><li>Documentos traducidos y notariados<\/li><li>Posiblemente una prueba especializada en ingl\u00e9s<\/li><\/ul><div class=\"my-2\">\u00a0<\/div><p>Le ayudaremos a recopilar todos los documentos necesarios y le guiaremos a lo largo de todo el proceso.<\/p><div class=\"my-2\">\u00a0<\/div><p><strong>\u00bfPuedo traer mis propios dispositivos desde Alemania?<\/strong><\/p><p>S\u00ed, pero hay restricciones. No todos los dispositivos est\u00e1n homologados en los EAU y puede haber diferencias en las conexiones el\u00e9ctricas y las normas t\u00e9cnicas. Podemos asesorarle en la selecci\u00f3n y adquisici\u00f3n de los dispositivos adecuados.<\/p><p><strong>\u00bfCu\u00e1nto dura el proceso de autorizaci\u00f3n de la DHA?<\/strong><\/p><p>El plazo var\u00eda en funci\u00f3n de la complejidad de su caso y de la comunicaci\u00f3n entre las autoridades. Suele durar entre 4 semanas y 6 meses. Optimizamos el proceso para completarlo lo antes posible.<\/p><p><strong>\u00bfCu\u00e1nto cuesta abrir una cl\u00ednica dental en los EAU?<\/strong><\/p><p>Los costes dependen del tipo de instalaci\u00f3n:<\/p><ul><li>Consultorio peque\u00f1o: Desde aprox. 100.000 AED<\/li><li>Cl\u00ednica de d\u00eda: Desde aprox. 500.000 AED<\/li><li>Cl\u00ednica completa: varios millones de AED<\/li><\/ul><div class=\"my-2\">\u00a0<\/div><p>Elaboramos un presupuesto detallado y adaptado a sus necesidades.<\/p><h3>\u00a0<\/h3><p><strong>La opini\u00f3n de nuestros clientes<\/strong><\/p><div class=\"my-2\">\u00a0<\/div><p>\"DoctorFlow nos proporcion\u00f3 un apoyo excelente cuando abrimos nuestra cl\u00ednica dental en Dubai. Todo el proceso fue profesional y sin estr\u00e9s. Recomendamos encarecidamente al equipo\".<br \/>- Dra. Anna M\u00fcller, odont\u00f3loga<\/p><div class=\"my-2\">\u00a0<\/div><p>\"Desde la aprobaci\u00f3n de la DHA hasta el dise\u00f1o interior, DoctorFlow nos acompa\u00f1\u00f3 en todo momento. Estamos encantados con la calidad del servicio\".<br \/>- Dr. Ahmed Al-Farsi, fundador de una cl\u00ednica dental<\/p><div class=\"my-2\">\u00a0<\/div><hr \/><h3><strong>6 Act\u00fae ahora<\/strong><\/h3><p><strong>Empieza tu carrera dental en los EAU, \u00a1hoy mismo!<\/strong><\/p><p>Los EAU ofrecen innumerables oportunidades a los dentistas que quieran afianzarse aqu\u00ed. Deje que nuestro equipo de expertos le apoye y convierta su visi\u00f3n en realidad.<\/p>\t\t\t\t\t\t\t\t<\/div>\n\t\t\t\t<\/div>\n\t\t\t\t\t<\/div>\n\t\t<\/div>\n\t\t\t\t\t<\/div>\n\t\t<\/section>\n\t\t<div class=\"xts-negative-gap elementor-element elementor-element-2314f91 e-flex e-con-boxed xts-section-disabled e-con e-parent\" data-id=\"2314f91\" data-element_type=\"container\" data-e-type=\"container\">\n\t\t\t\t\t<div class=\"e-con-inner\">\n\t\t\t\t<div class=\"elementor-element elementor-element-0d80c82 elementor-widget elementor-widget-xts_button\" data-id=\"0d80c82\" data-element_type=\"widget\" data-e-type=\"widget\" data-widget_type=\"xts_button.default\">\n\t\t\t\t<div class=\"elementor-widget-container\">\n\t\t\t\t\t\t\t\t<div class=\"xts-button-wrapper xts-textalign-center\" >\n\t\t\t\t\t\t\t\t\t<a class=\"xts-button xts-size-xl xts-style-default xts-color-primary xts-shape-round xts-width-full\" href=\"http:\/\/wa.link\/hr0b0m\" target=\"_blank\" rel=\"noopener\">\n\t\t\t\t\t\t<span class=\"xts-button-text\" data-elementor-setting-key=\"button_text\">\n\t\t\t\t\t\t\tP\u00f3ngase en contacto con nosotros por WhatsApp\t\t\t\t\t\t<\/span>\n\n\t\t\t\t\t\t\t\t\t\t\t<\/a>\n\t\t\t\t\t\t\t<\/div>\n\t\t\t\t\t\t<\/div>\n\t\t\t\t<\/div>\n\t\t\t\t\t<\/div>\n\t\t\t\t<\/div>\n\t\t\t\t<\/div>","protected":false},"excerpt":{"rendered":"<p><span class=\"span-reading-time rt-reading-time\" style=\"display: block;\"><span class=\"rt-label rt-prefix\">Reading Time: <\/span> <span class=\"rt-time\"> 3<\/span> <span class=\"rt-label rt-postfix\">minutes<\/span><\/span>Erfolgreich in die Zahnmedizin in den VAE starten \u2013 Mit DoctorFlow an Ihrer Seite Von der DHA-Zulassung bis zur Er\u00f6ffnung Ihrer Zahnarztpraxis \u2013 Wir \u00fcbernehmen alles f\u00fcr Sie. Die VAE sind ein wachsender Markt f\u00fcr Zahnmedizin, der durch hohe Investitionen in Gesundheitsinfrastruktur und eine steigende Nachfrage nach hochwertigen zahnmedizinischen Dienstleistungen gekennzeichnet ist. Als Zahnarzt profitieren [&hellip;]<\/p>\n","protected":false},"author":1,"featured_media":0,"parent":0,"menu_order":4,"comment_status":"closed","ping_status":"closed","template":"","meta":{"_acf_changed":false,"footnotes":""},"class_list":["post-661","page","type-page","status-publish","hentry"],"acf":[],"_hostinger_reach_plugin_has_subscription_block":false,"_hostinger_reach_plugin_is_elementor":false,"jetpack_sharing_enabled":true,"_links":{"self":[{"href":"https:\/\/doctoflow.com\/es\/wp-json\/wp\/v2\/pages\/661","targetHints":{"allow":["GET"]}}],"collection":[{"href":"https:\/\/doctoflow.com\/es\/wp-json\/wp\/v2\/pages"}],"about":[{"href":"https:\/\/doctoflow.com\/es\/wp-json\/wp\/v2\/types\/page"}],"author":[{"embeddable":true,"href":"https:\/\/doctoflow.com\/es\/wp-json\/wp\/v2\/users\/1"}],"replies":[{"embeddable":true,"href":"https:\/\/doctoflow.com\/es\/wp-json\/wp\/v2\/comments?post=661"}],"version-history":[{"count":16,"href":"https:\/\/doctoflow.com\/es\/wp-json\/wp\/v2\/pages\/661\/revisions"}],"predecessor-version":[{"id":1743,"href":"https:\/\/doctoflow.com\/es\/wp-json\/wp\/v2\/pages\/661\/revisions\/1743"}],"wp:attachment":[{"href":"https:\/\/doctoflow.com\/es\/wp-json\/wp\/v2\/media?parent=661"}],"curies":[{"name":"wp","href":"https:\/\/api.w.org\/{rel}","templated":true}]}}