{"id":686,"date":"2020-02-12T10:28:07","date_gmt":"2020-02-12T10:28:07","guid":{"rendered":"http:\/\/space.xtemos.com\/demo\/venus\/?page_id=686"},"modified":"2025-04-12T14:37:49","modified_gmt":"2025-04-12T14:37:49","slug":"dermatologia","status":"publish","type":"page","link":"https:\/\/doctoflow.com\/es\/dermatologia\/","title":{"rendered":"Dermatolog\u00eda"},"content":{"rendered":"<span class=\"span-reading-time rt-reading-time\" style=\"display: block;\"><span class=\"rt-label rt-prefix\">Tiempo de lectura: <\/span> <span class=\"rt-time\"> 3<\/span> <span class=\"rt-label rt-postfix\">minutos<\/span><\/span>\t\t<div data-elementor-type=\"wp-page\" data-elementor-id=\"686\" class=\"elementor elementor-686\">\n\t\t\t\t\t\t<section class=\"xts-negative-gap elementor-section elementor-top-section elementor-element elementor-element-15fffed elementor-section-boxed elementor-section-height-default elementor-section-height-default xts-section-disabled\" data-id=\"15fffed\" data-element_type=\"section\" data-e-type=\"section\">\n\t\t\t\t\t\t<div class=\"elementor-container elementor-column-gap-wide\">\n\t\t\t\t\t<div class=\"elementor-column elementor-col-66 elementor-top-column elementor-element elementor-element-b7abcff\" data-id=\"b7abcff\" data-element_type=\"column\" data-e-type=\"column\">\n\t\t\t<div class=\"elementor-widget-wrap elementor-element-populated\">\n\t\t\t\t\t\t<div class=\"elementor-element elementor-element-677f5bb xts-scheme-inherit xts-textalign-inherit elementor-widget elementor-widget-text-editor\" data-id=\"677f5bb\" data-element_type=\"widget\" data-e-type=\"widget\" data-widget_type=\"text-editor.default\">\n\t\t\t\t<div class=\"elementor-widget-container\">\n\t\t\t\t\t\t\t\t\t<h3><strong data-spm-anchor-id=\"a2ty_o01.29997173.0.i6.3858517190J6RG\">Empieza con \u00e9xito como dermat\u00f3logo en los EAU - Con DoctorFlow a tu lado<\/strong><\/h3><p data-spm-anchor-id=\"a2ty_o01.29997173.0.i7.3858517190J6RG\">Desde la autorizaci\u00f3n DHA hasta la apertura de su consulta dermatol\u00f3gica: nos ocupamos de todo por usted.<\/p><p data-spm-anchor-id=\"a2ty_o01.29997173.0.i8.3858517190J6RG\">\u00bfDesea establecerse como dermat\u00f3logo en los EAU o crear una consulta dermatol\u00f3gica moderna? En <strong>DoctorFlow<\/strong>le apoyamos en todo momento. Nuestros expertos conocen al dedillo los requisitos normativos de la Autoridad Sanitaria de Dub\u00e1i (DHA) y se asegurar\u00e1n de que su consulta abra sin problemas.<\/p><p>Tanto si desea abrir una peque\u00f1a consulta como una cl\u00ednica dermatol\u00f3gica especializada, le ofrecemos soluciones a medida que se ajustan a sus objetivos. Conf\u00ede en nuestra experiencia local y deje que nos encarguemos de los procesos complicados por usted.<\/p><h3><strong data-spm-anchor-id=\"a2ty_o01.29997173.0.i11.3858517190J6RG\">\u00bfPor qu\u00e9 dermatolog\u00eda en los EAU?<\/strong><\/h3><p><strong>Titular:<\/strong><br \/><strong data-spm-anchor-id=\"a2ty_o01.29997173.0.i10.3858517190J6RG\">Por qu\u00e9 los EAU son un lugar atractivo para los dermat\u00f3logos<\/strong><\/p><p>Los EAU son un mercado en expansi\u00f3n para los servicios dermatol\u00f3gicos, sobre todo en el campo de la medicina est\u00e9tica y el cuidado de la piel. La demanda de tratamientos de alta calidad, como b\u00f3tox, rellenos, terapias con l\u00e1ser y soluciones antienvejecimiento, aumenta continuamente, tanto entre la poblaci\u00f3n local como entre los pacientes internacionales.<\/p><p>Como dermat\u00f3logo se beneficia de:<\/p><ul><li><strong>Gran demanda: <\/strong>Cada vez se presta m\u00e1s atenci\u00f3n a la medicina est\u00e9tica y al cuidado preventivo de la piel.<\/li><li><strong>Infraestructuras modernas: <\/strong>Instalaciones y tecnolog\u00edas de vanguardia.<\/li><li><strong>Visa Oro: <\/strong>Como profesional sanitario, puede obtener f\u00e1cilmente un Golden Visa.<\/li><li><strong>Pacientes internacionales: <\/strong>Los EAU atraen a pacientes de todo el mundo en busca de tratamientos de alta calidad.<\/li><\/ul><p>Con <strong>DoctorFlow <\/strong>Aproveche al m\u00e1ximo estas oportunidades: le ayudaremos a establecerse en este din\u00e1mico mercado.<\/p><p data-spm-anchor-id=\"a2ty_o01.29997173.0.i13.3858517190J6RG\"><strong>Nuestros servicios integrales para dermat\u00f3logos en los EAU<\/strong><\/p>\t\t\t\t\t\t\t\t<\/div>\n\t\t\t\t<\/div>\n\t\t\t\t<div class=\"elementor-element elementor-element-0354f5f elementor-icon-list--layout-traditional elementor-list-item-link-full_width elementor-widget elementor-widget-icon-list\" data-id=\"0354f5f\" data-element_type=\"widget\" data-e-type=\"widget\" data-widget_type=\"icon-list.default\">\n\t\t\t\t<div class=\"elementor-widget-container\">\n\t\t\t\t\t\t\t<ul class=\"elementor-icon-list-items\">\n\t\t\t\t\t\t\t<li class=\"elementor-icon-list-item\">\n\t\t\t\t\t\t\t\t\t\t\t<span class=\"elementor-icon-list-icon\">\n\t\t\t\t\t\t\t<svg aria-hidden=\"true\" class=\"e-font-icon-svg e-fas-chevron-right\" viewbox=\"0 0 320 512\" xmlns=\"http:\/\/www.w3.org\/2000\/svg\"><path d=\"M285.476 272.971L91.132 467.314c-9.373 9.373-24.569 9.373-33.941 0l-22.667-22.667c-9.357-9.357-9.375-24.522-.04-33.901L188.505 256 34.484 101.255c-9.335-9.379-9.317-24.544.04-33.901l22.667-22.667c9.373-9.373 24.569-9.373 33.941 0L285.475 239.03c9.373 9.372 9.373 24.568.001 33.941z\"><\/path><\/svg>\t\t\t\t\t\t<\/span>\n\t\t\t\t\t\t\t\t\t\t<span class=\"elementor-icon-list-text\">Autorizaci\u00f3n DHA y licencia para ejercer: nos encargamos de todos los documentos necesarios para solicitar la autorizaci\u00f3n DHA, desde los libros de registro y los t\u00edtulos universitarios hasta las traducciones.<\/span>\n\t\t\t\t\t\t\t\t\t<\/li>\n\t\t\t\t\t\t\t\t<li class=\"elementor-icon-list-item\">\n\t\t\t\t\t\t\t\t\t\t\t<span class=\"elementor-icon-list-icon\">\n\t\t\t\t\t\t\t<svg aria-hidden=\"true\" class=\"e-font-icon-svg e-fas-chevron-right\" viewbox=\"0 0 320 512\" xmlns=\"http:\/\/www.w3.org\/2000\/svg\"><path d=\"M285.476 272.971L91.132 467.314c-9.373 9.373-24.569 9.373-33.941 0l-22.667-22.667c-9.357-9.357-9.375-24.522-.04-33.901L188.505 256 34.484 101.255c-9.335-9.379-9.317-24.544.04-33.901l22.667-22.667c9.373-9.373 24.569-9.373 33.941 0L285.475 239.03c9.373 9.372 9.373 24.568.001 33.941z\"><\/path><\/svg>\t\t\t\t\t\t<\/span>\n\t\t\t\t\t\t\t\t\t\t<span class=\"elementor-icon-list-text\">Constituci\u00f3n de una sociedad de responsabilidad limitada\/pr\u00e1ctica: Le ayudamos a constituir una sociedad de responsabilidad limitada (SRL) y nos aseguramos de que se cumplan todos los requisitos legales.<\/span>\n\t\t\t\t\t\t\t\t\t<\/li>\n\t\t\t\t\t\t\t\t<li class=\"elementor-icon-list-item\">\n\t\t\t\t\t\t\t\t\t\t\t<span class=\"elementor-icon-list-icon\">\n\t\t\t\t\t\t\t<svg aria-hidden=\"true\" class=\"e-font-icon-svg e-fas-chevron-right\" viewbox=\"0 0 320 512\" xmlns=\"http:\/\/www.w3.org\/2000\/svg\"><path d=\"M285.476 272.971L91.132 467.314c-9.373 9.373-24.569 9.373-33.941 0l-22.667-22.667c-9.357-9.357-9.375-24.522-.04-33.901L188.505 256 34.484 101.255c-9.335-9.379-9.317-24.544.04-33.901l22.667-22.667c9.373-9.373 24.569-9.373 33.941 0L285.475 239.03c9.373 9.372 9.373 24.568.001 33.941z\"><\/path><\/svg>\t\t\t\t\t\t<\/span>\n\t\t\t\t\t\t\t\t\t\t<span class=\"elementor-icon-list-text\">Dise\u00f1o interior y equipamiento: desde la planificaci\u00f3n de las instalaciones hasta la adquisici\u00f3n de los equipos dermatol\u00f3gicos m\u00e1s modernos, nos aseguramos de que su consulta cumpla las normas m\u00e1s estrictas.<\/span>\n\t\t\t\t\t\t\t\t\t<\/li>\n\t\t\t\t\t\t\t\t<li class=\"elementor-icon-list-item\">\n\t\t\t\t\t\t\t\t\t\t\t<span class=\"elementor-icon-list-icon\">\n\t\t\t\t\t\t\t<svg aria-hidden=\"true\" class=\"e-font-icon-svg e-fas-chevron-right\" viewbox=\"0 0 320 512\" xmlns=\"http:\/\/www.w3.org\/2000\/svg\"><path d=\"M285.476 272.971L91.132 467.314c-9.373 9.373-24.569 9.373-33.941 0l-22.667-22.667c-9.357-9.357-9.375-24.522-.04-33.901L188.505 256 34.484 101.255c-9.335-9.379-9.317-24.544.04-33.901l22.667-22.667c9.373-9.373 24.569-9.373 33.941 0L285.475 239.03c9.373 9.372 9.373 24.568.001 33.941z\"><\/path><\/svg>\t\t\t\t\t\t<\/span>\n\t\t\t\t\t\t\t\t\t\t<span class=\"elementor-icon-list-text\">Seguros y cumplimiento: organizamos el seguro de mala praxis necesario y garantizamos el pleno cumplimiento de la normativa local.<\/span>\n\t\t\t\t\t\t\t\t\t<\/li>\n\t\t\t\t\t\t\t\t<li class=\"elementor-icon-list-item\">\n\t\t\t\t\t\t\t\t\t\t\t<span class=\"elementor-icon-list-icon\">\n\t\t\t\t\t\t\t<svg aria-hidden=\"true\" class=\"e-font-icon-svg e-fas-chevron-right\" viewbox=\"0 0 320 512\" xmlns=\"http:\/\/www.w3.org\/2000\/svg\"><path d=\"M285.476 272.971L91.132 467.314c-9.373 9.373-24.569 9.373-33.941 0l-22.667-22.667c-9.357-9.357-9.375-24.522-.04-33.901L188.505 256 34.484 101.255c-9.335-9.379-9.317-24.544.04-33.901l22.667-22.667c9.373-9.373 24.569-9.373 33.941 0L285.475 239.03c9.373 9.372 9.373 24.568.001 33.941z\"><\/path><\/svg>\t\t\t\t\t\t<\/span>\n\t\t\t\t\t\t\t\t\t\t<span class=\"elementor-icon-list-text\">Marketing y captaci\u00f3n de pacientes: le ayudamos a dar a conocer su consulta y a captar pacientes, tanto a nivel local como internacional.<\/span>\n\t\t\t\t\t\t\t\t\t<\/li>\n\t\t\t\t\t\t\t\t<li class=\"elementor-icon-list-item\">\n\t\t\t\t\t\t\t\t\t\t\t<span class=\"elementor-icon-list-icon\">\n\t\t\t\t\t\t\t<svg aria-hidden=\"true\" class=\"e-font-icon-svg e-fas-chevron-right\" viewbox=\"0 0 320 512\" xmlns=\"http:\/\/www.w3.org\/2000\/svg\"><path d=\"M285.476 272.971L91.132 467.314c-9.373 9.373-24.569 9.373-33.941 0l-22.667-22.667c-9.357-9.357-9.375-24.522-.04-33.901L188.505 256 34.484 101.255c-9.335-9.379-9.317-24.544.04-33.901l22.667-22.667c9.373-9.373 24.569-9.373 33.941 0L285.475 239.03c9.373 9.372 9.373 24.568.001 33.941z\"><\/path><\/svg>\t\t\t\t\t\t<\/span>\n\t\t\t\t\t\t\t\t\t\t<span class=\"elementor-icon-list-text\">Cualificaciones adicionales: Si necesita cualificaciones adicionales para tratamientos est\u00e9ticos, le ayudaremos a seleccionar y organizar los cursos adecuados.<\/span>\n\t\t\t\t\t\t\t\t\t<\/li>\n\t\t\t\t\t\t<\/ul>\n\t\t\t\t\t\t<\/div>\n\t\t\t\t<\/div>\n\t\t\t\t\t<\/div>\n\t\t<\/div>\n\t\t\t\t<div class=\"elementor-column elementor-col-33 elementor-top-column elementor-element elementor-element-bd4b354\" data-id=\"bd4b354\" data-element_type=\"column\" data-e-type=\"column\">\n\t\t\t<div class=\"elementor-widget-wrap elementor-element-populated\">\n\t\t\t\t\t\t<div class=\"elementor-element elementor-element-1b3bebe elementor-widget elementor-widget-xts_team_member\" data-id=\"1b3bebe\" data-element_type=\"widget\" data-e-type=\"widget\" data-widget_type=\"xts_team_member.default\">\n\t\t\t\t<div class=\"elementor-widget-container\">\n\t\t\t\t\t\n\t\t<div class=\"xts-member xts-design-mask xts-textalign-left xts-scheme-light xts-with-bg-color xts-with-shadow\">\n\t\t\t\t\t\t\t<div class=\"xts-member-image\">\n\t\t\t\t\t<img fetchpriority=\"high\" decoding=\"async\" width=\"420\" height=\"658\" src=\"https:\/\/doctoflow.com\/wp-content\/uploads\/2020\/02\/venus-medic-3-opt.jpg\" class=\"attachment-full size-full wp-image-553\" alt=\"\" data-wp-pid=\"553\" \/>\t\t\t\t<\/div>\n\t\t\t\n\t\t\t<div class=\"xts-member-content xts-reset-mb-10 xts-reset-last\">\n\t\t\t\t\t\t\t\t\t<h4 class=\"xts-member-name xts-fontsize-m\" data-elementor-setting-key=\"name\">\n\t\t\t\t\t\tNaomi Dean\t\t\t\t\t<\/h4>\n\t\t\t\t\n\t\t\t\t\t\t\t\t\t<div class=\"xts-member-position xts-fontsize-s\" data-elementor-setting-key=\"position\">\n\t\t\t\t\t\tDermat\u00f3logo\t\t\t\t\t<\/div>\n\t\t\t\t\n\t\t\t\t\n\t\t\t\t\t\t\t\t\t<div class=\"xts-social-buttons xts-social-icons xts-style-default xts-size-m xts-shape- xts-scheme-light\">\n\t\t\t\t\t\t\t\t\t\t\t\t\t<a target=\"_blank\" class=\"xts-social-facebook\" href=\"#\">\n\t\t\t\t\t\t\t\t<i class=\"xts-i-facebook\"><\/i>\n\t\t\t\t\t\t\t<\/a>\n\t\t\t\t\t\t\t\t\t\t\t\t\t<a target=\"_blank\" class=\"xts-social-twitter\" href=\"#\">\n\t\t\t\t\t\t\t\t<i class=\"xts-i-twitter\"><\/i>\n\t\t\t\t\t\t\t<\/a>\n\t\t\t\t\t\t\t\t\t\t\t\t\t<a target=\"_blank\" class=\"xts-social-linkedin\" href=\"#\">\n\t\t\t\t\t\t\t\t<i class=\"xts-i-linkedin\"><\/i>\n\t\t\t\t\t\t\t<\/a>\n\t\t\t\t\t\t\t\t\t\t\t\t\t<a target=\"_blank\" class=\"xts-social-instagram\" href=\"#\">\n\t\t\t\t\t\t\t\t<i class=\"xts-i-instagram\"><\/i>\n\t\t\t\t\t\t\t<\/a>\n\t\t\t\t\t\t\t\t\t\t\t\t\t<a target=\"_blank\" class=\"xts-social-github\" href=\"#\">\n\t\t\t\t\t\t\t\t<i class=\"xts-i-github\"><\/i>\n\t\t\t\t\t\t\t<\/a>\n\t\t\t\t\t\t\t\t\t\t\t<\/div>\n\t\t\t\t\t\t\t<\/div>\n\t\t<\/div>\n\n\t\t\t\t\t\t<\/div>\n\t\t\t\t<\/div>\n\t\t\t\t\t<\/div>\n\t\t<\/div>\n\t\t\t\t\t<\/div>\n\t\t<\/section>\n\t\t<div class=\"xts-negative-gap elementor-element elementor-element-933ad87 e-flex e-con-boxed xts-section-disabled e-con e-parent\" data-id=\"933ad87\" data-element_type=\"container\" data-e-type=\"container\">\n\t\t\t\t\t<div class=\"e-con-inner\">\n\t\t\t\t<div class=\"elementor-element elementor-element-885bdd1 elementor-widget elementor-widget-xts_button\" data-id=\"885bdd1\" data-element_type=\"widget\" data-e-type=\"widget\" data-widget_type=\"xts_button.default\">\n\t\t\t\t<div class=\"elementor-widget-container\">\n\t\t\t\t\t\t\t\t<div class=\"xts-button-wrapper xts-textalign-center\" >\n\t\t\t\t\t\t\t\t\t<a class=\"xts-button xts-size-xl xts-style-default xts-color-primary xts-shape-round xts-width-full\" href=\"http:\/\/wa.link\/hr0b0m\" target=\"_blank\" rel=\"noopener\">\n\t\t\t\t\t\t<span class=\"xts-button-text\" data-elementor-setting-key=\"button_text\">\n\t\t\t\t\t\t\tP\u00f3ngase en contacto con nosotros por WhatsApp\t\t\t\t\t\t<\/span>\n\n\t\t\t\t\t\t\t\t\t\t\t<\/a>\n\t\t\t\t\t\t\t<\/div>\n\t\t\t\t\t\t<\/div>\n\t\t\t\t<\/div>\n\t\t\t\t\t<\/div>\n\t\t\t\t<\/div>\n\t\t\t\t<section class=\"xts-negative-gap elementor-section elementor-top-section elementor-element elementor-element-5e95911 elementor-section-boxed elementor-section-height-default elementor-section-height-default xts-section-disabled\" data-id=\"5e95911\" data-element_type=\"section\" data-e-type=\"section\">\n\t\t\t\t\t\t<div class=\"elementor-container elementor-column-gap-default\">\n\t\t\t\t\t<div class=\"elementor-column elementor-col-100 elementor-top-column elementor-element elementor-element-5104fd7\" data-id=\"5104fd7\" data-element_type=\"column\" data-e-type=\"column\">\n\t\t\t<div class=\"elementor-widget-wrap elementor-element-populated\">\n\t\t\t\t\t\t<div class=\"elementor-element elementor-element-6c86381 xts-scheme-inherit xts-textalign-inherit elementor-widget elementor-widget-text-editor\" data-id=\"6c86381\" data-element_type=\"widget\" data-e-type=\"widget\" data-widget_type=\"text-editor.default\">\n\t\t\t\t<div class=\"elementor-widget-container\">\n\t\t\t\t\t\t\t\t\t<h3><strong data-spm-anchor-id=\"a2ty_o01.29997173.0.i20.3858517190J6RG\">Todo lo que debe saber sobre dermatolog\u00eda en los EAU<\/strong><\/h3><p><strong>\u00bfQu\u00e9 requisitos debo cumplir como dermat\u00f3logo para ejercer en los EAU?<\/strong><\/p><p>Para trabajar como dermat\u00f3logo en los EAU se necesita una licencia para ejercer expedida por la Autoridad Sanitaria de Dubai (DHA). Esto requiere, entre otras cosas:<\/p><ul><li>T\u00edtulo universitario en dermatolog\u00eda<\/li><li>Al menos dos a\u00f1os de experiencia profesional<\/li><li>Documentos traducidos y notariados<\/li><li>Posiblemente una prueba especializada en ingl\u00e9s<\/li><\/ul><p>Le ayudaremos a recopilar todos los documentos necesarios y le guiaremos a lo largo de todo el proceso.<\/p><p><strong>\u00bfPuedo traer mis propios dispositivos desde Alemania?<\/strong><\/p><p>S\u00ed, pero hay restricciones. No todos los dispositivos est\u00e1n homologados en los EAU y puede haber diferencias en las conexiones el\u00e9ctricas y las normas t\u00e9cnicas. Podemos asesorarle en la selecci\u00f3n y adquisici\u00f3n de los dispositivos adecuados.<\/p><p><strong>\u00bfCu\u00e1nto dura el proceso de autorizaci\u00f3n de la DHA?<\/strong><\/p><p>El plazo var\u00eda en funci\u00f3n de la complejidad de su caso y de la comunicaci\u00f3n entre las autoridades. Suele durar entre 4 semanas y 6 meses. Optimizamos el proceso para completarlo lo antes posible.<\/p><p><strong>\u00bfCu\u00e1nto cuesta abrir una consulta de dermatolog\u00eda en los EAU?<\/strong><\/p><p>Los costes dependen del tipo de instalaci\u00f3n:<\/p><ul><li>Consultorio peque\u00f1o: Desde aprox. 100.000 AED<\/li><li>Cl\u00ednica de d\u00eda: Desde aprox. 500.000 AED<\/li><li>Cl\u00ednica completa: varios millones de AED<\/li><\/ul><p>Elaboramos un presupuesto detallado y adaptado a sus necesidades.<\/p><div class=\"my-2\">\u00a0<\/div><hr \/><h3><strong>Testimonios de clientes<\/strong><\/h3><h3><strong>La opini\u00f3n de nuestros clientes<\/strong><\/h3><p>\"DoctorFlow nos proporcion\u00f3 un apoyo excelente cuando abrimos nuestra consulta dermatol\u00f3gica en Dubai. Todo el proceso fue profesional y sin estr\u00e9s. Recomendamos encarecidamente al equipo\".<br \/>- Dra. Sarah Klein, dermat\u00f3loga<\/p><p>\"Desde la aprobaci\u00f3n de la DHA hasta el dise\u00f1o interior, DoctorFlow nos acompa\u00f1\u00f3 en todo momento. Estamos encantados con la calidad del servicio\".<br \/>- Dr. Ahmed Al-Farsi, fundador de una cl\u00ednica dermatol\u00f3gica<\/p>\t\t\t\t\t\t\t\t<\/div>\n\t\t\t\t<\/div>\n\t\t\t\t\t<\/div>\n\t\t<\/div>\n\t\t\t\t\t<\/div>\n\t\t<\/section>\n\t\t<div class=\"xts-negative-gap elementor-element elementor-element-4dd5ad3 e-flex e-con-boxed xts-section-disabled e-con e-parent\" data-id=\"4dd5ad3\" data-element_type=\"container\" data-e-type=\"container\">\n\t\t\t\t\t<div class=\"e-con-inner\">\n\t\t\t\t<div class=\"elementor-element elementor-element-d6a98c8 elementor-widget elementor-widget-xts_button\" data-id=\"d6a98c8\" data-element_type=\"widget\" data-e-type=\"widget\" data-widget_type=\"xts_button.default\">\n\t\t\t\t<div class=\"elementor-widget-container\">\n\t\t\t\t\t\t\t\t<div class=\"xts-button-wrapper xts-textalign-center\" >\n\t\t\t\t\t\t\t\t\t<a class=\"xts-button xts-size-xl xts-style-default xts-color-primary xts-shape-round xts-width-full\" href=\"http:\/\/wa.link\/hr0b0m\" target=\"_blank\" rel=\"noopener\">\n\t\t\t\t\t\t<span class=\"xts-button-text\" data-elementor-setting-key=\"button_text\">\n\t\t\t\t\t\t\tP\u00f3ngase en contacto con nosotros por WhatsApp\t\t\t\t\t\t<\/span>\n\n\t\t\t\t\t\t\t\t\t\t\t<\/a>\n\t\t\t\t\t\t\t<\/div>\n\t\t\t\t\t\t<\/div>\n\t\t\t\t<\/div>\n\t\t\t\t\t<\/div>\n\t\t\t\t<\/div>\n\t\t\t\t<section class=\"xts-negative-gap elementor-section elementor-top-section elementor-element elementor-element-fa8b52f elementor-section-boxed elementor-section-height-default elementor-section-height-default xts-section-disabled\" data-id=\"fa8b52f\" data-element_type=\"section\" data-e-type=\"section\">\n\t\t\t\t\t\t<div class=\"elementor-container elementor-column-gap-default\">\n\t\t\t\t\t<div class=\"elementor-column elementor-col-50 elementor-top-column elementor-element elementor-element-702cdec\" data-id=\"702cdec\" data-element_type=\"column\" data-e-type=\"column\">\n\t\t\t<div class=\"elementor-widget-wrap elementor-element-populated\">\n\t\t\t\t\t\t<div class=\"elementor-element elementor-element-e19a62d elementor-widget elementor-widget-xts_image\" data-id=\"e19a62d\" data-element_type=\"widget\" data-e-type=\"widget\" data-widget_type=\"xts_image.default\">\n\t\t\t\t<div class=\"elementor-widget-container\">\n\t\t\t\t\t\t\t\t<div class=\"xts-image-single xts-textalign-center\">\n\t\t\t\t<figure class=\"xts-image\">\n\t\t\t\t\t\t\t\t\t\t\t<div class=\"xts-image-inner\">\n\t\t\t\t\t\n\t\t\t\t\t\t<img decoding=\"async\" width=\"600\" height=\"370\" src=\"https:\/\/doctoflow.com\/wp-content\/uploads\/2020\/02\/venus-depatmens-5-opt.jpg\" class=\"attachment-full size-full wp-image-722\" alt=\"\" data-wp-pid=\"722\" \/>\n\t\t\t\t\t\t\t\t\t\t\t<\/div>\n\t\t\t\t\t\n\t\t\t\t\t\t\t\t\t<\/figure>\n\n\t\t\t\t\t\t\t<\/div>\n\t\t\t\t\t\t<\/div>\n\t\t\t\t<\/div>\n\t\t\t\t\t<\/div>\n\t\t<\/div>\n\t\t\t\t<div class=\"elementor-column elementor-col-50 elementor-top-column elementor-element elementor-element-0581ed2\" data-id=\"0581ed2\" data-element_type=\"column\" data-e-type=\"column\">\n\t\t\t<div class=\"elementor-widget-wrap elementor-element-populated\">\n\t\t\t\t\t\t<div class=\"elementor-element elementor-element-d9a3bb5 xts-scheme-inherit xts-textalign-inherit elementor-widget elementor-widget-text-editor\" data-id=\"d9a3bb5\" data-element_type=\"widget\" data-e-type=\"widget\" data-widget_type=\"text-editor.default\">\n\t\t\t\t<div class=\"elementor-widget-container\">\n\t\t\t\t\t\t\t\t\t<h3><strong data-spm-anchor-id=\"a2ty_o01.29997173.0.i22.3858517190J6RG\">Act\u00faa ya<\/strong><\/h3><p><strong>Comience hoy mismo su carrera profesional en dermatolog\u00eda en los EAU.<\/strong><\/p><p>Los EAU ofrecen innumerables oportunidades a los dermat\u00f3logos que deseen afianzarse aqu\u00ed. Deje que nuestro equipo de expertos le apoye y convierta su visi\u00f3n en realidad.<\/p>\t\t\t\t\t\t\t\t<\/div>\n\t\t\t\t<\/div>\n\t\t\t\t\t<\/div>\n\t\t<\/div>\n\t\t\t\t\t<\/div>\n\t\t<\/section>\n\t\t\t\t<\/div>","protected":false},"excerpt":{"rendered":"<p><span class=\"span-reading-time rt-reading-time\" style=\"display: block;\"><span class=\"rt-label rt-prefix\">Reading Time: <\/span> <span class=\"rt-time\"> 3<\/span> <span class=\"rt-label rt-postfix\">minutes<\/span><\/span>Erfolgreich als Dermatologe in den VAE starten \u2013 Mit DoctorFlow an Ihrer Seite Von der DHA-Zulassung bis zur Er\u00f6ffnung Ihrer Hautarztpraxis \u2013 Wir \u00fcbernehmen alles f\u00fcr Sie. M\u00f6chten Sie als Dermatologe\/in in den VAE Fu\u00df fassen oder eine moderne Hautarztpraxis gr\u00fcnden? Bei DoctorFlowunterst\u00fctzen wir Sie bei jedem Schritt des Prozesses. Unsere Experten kennen die regulatorischen [&hellip;]<\/p>\n","protected":false},"author":1,"featured_media":0,"parent":0,"menu_order":5,"comment_status":"closed","ping_status":"closed","template":"","meta":{"_acf_changed":false,"footnotes":""},"class_list":["post-686","page","type-page","status-publish","hentry"],"acf":[],"_hostinger_reach_plugin_has_subscription_block":false,"_hostinger_reach_plugin_is_elementor":false,"jetpack_sharing_enabled":true,"_links":{"self":[{"href":"https:\/\/doctoflow.com\/es\/wp-json\/wp\/v2\/pages\/686","targetHints":{"allow":["GET"]}}],"collection":[{"href":"https:\/\/doctoflow.com\/es\/wp-json\/wp\/v2\/pages"}],"about":[{"href":"https:\/\/doctoflow.com\/es\/wp-json\/wp\/v2\/types\/page"}],"author":[{"embeddable":true,"href":"https:\/\/doctoflow.com\/es\/wp-json\/wp\/v2\/users\/1"}],"replies":[{"embeddable":true,"href":"https:\/\/doctoflow.com\/es\/wp-json\/wp\/v2\/comments?post=686"}],"version-history":[{"count":8,"href":"https:\/\/doctoflow.com\/es\/wp-json\/wp\/v2\/pages\/686\/revisions"}],"predecessor-version":[{"id":1682,"href":"https:\/\/doctoflow.com\/es\/wp-json\/wp\/v2\/pages\/686\/revisions\/1682"}],"wp:attachment":[{"href":"https:\/\/doctoflow.com\/es\/wp-json\/wp\/v2\/media?parent=686"}],"curies":[{"name":"wp","href":"https:\/\/api.w.org\/{rel}","templated":true}]}}