{"id":691,"date":"2020-02-12T10:28:37","date_gmt":"2020-02-12T10:28:37","guid":{"rendered":"http:\/\/space.xtemos.com\/demo\/venus\/?page_id=691"},"modified":"2025-04-12T13:50:47","modified_gmt":"2025-04-12T13:50:47","slug":"cardiologia-2","status":"publish","type":"page","link":"https:\/\/doctoflow.com\/es\/kardiologie\/","title":{"rendered":"Cardiolog\u00eda"},"content":{"rendered":"<div data-elementor-type=\"wp-page\" data-elementor-id=\"691\" class=\"elementor elementor-691\">\n\t\t\t\t\t\t<section class=\"xts-negative-gap elementor-section elementor-top-section elementor-element elementor-element-d10dcae elementor-section-boxed elementor-section-height-default elementor-section-height-default xts-section-disabled\" data-id=\"d10dcae\" data-element_type=\"section\" data-e-type=\"section\">\n\t\t\t\t\t\t<div class=\"elementor-container elementor-column-gap-wide\">\n\t\t\t\t\t<div class=\"elementor-column elementor-col-66 elementor-top-column elementor-element elementor-element-9835dca\" data-id=\"9835dca\" data-element_type=\"column\" data-e-type=\"column\">\n\t\t\t<div class=\"elementor-widget-wrap elementor-element-populated\">\n\t\t\t\t\t\t<div class=\"elementor-element elementor-element-c44d598 xts-scheme-inherit xts-textalign-inherit elementor-widget elementor-widget-text-editor\" data-id=\"c44d598\" data-element_type=\"widget\" data-e-type=\"widget\" data-widget_type=\"text-editor.default\">\n\t\t\t\t<div class=\"elementor-widget-container\">\n\t\t\t\t\t\t\t\t\t<h3><strong data-spm-anchor-id=\"a2ty_o01.29997173.0.i28.3858517190J6RG\">Comienzo exitoso como cardi\u00f3logo en los EAU - Con DoctorFlow a su lado<\/strong><\/h3><p data-spm-anchor-id=\"a2ty_o01.29997173.0.i31.3858517190J6RG\">Desde la autorizaci\u00f3n de la DHA hasta la apertura de su consulta de cardiolog\u00eda: nos ocupamos de todo por usted.<\/p><p data-spm-anchor-id=\"a2ty_o01.29997173.0.i30.3858517190J6RG\">\u00bfDesea establecerse como cardi\u00f3logo en los EAU o crear una consulta de cardiolog\u00eda moderna?<\/p><p data-spm-anchor-id=\"a2ty_o01.29997173.0.i30.3858517190J6RG\">Con <strong>DoctorFlow <\/strong>le apoyamos en todo momento. Nuestros expertos conocen al dedillo los requisitos normativos de la Autoridad Sanitaria de Dub\u00e1i (DHA) y se asegurar\u00e1n de que su consulta abra sin problemas.<\/p><p>Tanto si desea abrir una peque\u00f1a consulta, una cl\u00ednica de d\u00eda o incluso una cl\u00ednica cardiol\u00f3gica totalmente equipada, le ofrecemos soluciones personalizadas que se ajustan a sus objetivos. Conf\u00ede en nuestra experiencia local y deje que nos encarguemos de los procesos complicados por usted.<\/p><p data-spm-anchor-id=\"a2ty_o01.29997173.0.i32.3858517190J6RG\">Los EAU son un mercado en expansi\u00f3n para los servicios de cardiolog\u00eda, sobre todo en la prevenci\u00f3n, el diagn\u00f3stico y el tratamiento de las cardiopat\u00edas. La demanda de tratamientos cardiol\u00f3gicos de alta calidad aumenta continuamente, tanto entre la poblaci\u00f3n local como entre los pacientes internacionales que optan por una atenci\u00f3n m\u00e9dica avanzada.<\/p><p><strong>Como cardi\u00f3logo, usted se beneficia de<\/strong><\/p>\t\t\t\t\t\t\t\t<\/div>\n\t\t\t\t<\/div>\n\t\t\t\t<div class=\"elementor-element elementor-element-6d90521 elementor-icon-list--layout-traditional elementor-list-item-link-full_width elementor-widget elementor-widget-icon-list\" data-id=\"6d90521\" data-element_type=\"widget\" data-e-type=\"widget\" data-widget_type=\"icon-list.default\">\n\t\t\t\t<div class=\"elementor-widget-container\">\n\t\t\t\t\t\t\t<ul class=\"elementor-icon-list-items\">\n\t\t\t\t\t\t\t<li class=\"elementor-icon-list-item\">\n\t\t\t\t\t\t\t\t\t\t\t<span class=\"elementor-icon-list-icon\">\n\t\t\t\t\t\t\t<svg aria-hidden=\"true\" class=\"e-font-icon-svg e-fas-chevron-right\" viewbox=\"0 0 320 512\" xmlns=\"http:\/\/www.w3.org\/2000\/svg\"><path d=\"M285.476 272.971L91.132 467.314c-9.373 9.373-24.569 9.373-33.941 0l-22.667-22.667c-9.357-9.357-9.375-24.522-.04-33.901L188.505 256 34.484 101.255c-9.335-9.379-9.317-24.544.04-33.901l22.667-22.667c9.373-9.373 24.569-9.373 33.941 0L285.475 239.03c9.373 9.372 9.373 24.568.001 33.941z\"><\/path><\/svg>\t\t\t\t\t\t<\/span>\n\t\t\t\t\t\t\t\t\t\t<span class=\"elementor-icon-list-text\">Gran demanda: creciente atenci\u00f3n a la salud cardiaca y la medicina preventiva.<\/span>\n\t\t\t\t\t\t\t\t\t<\/li>\n\t\t\t\t\t\t\t\t<li class=\"elementor-icon-list-item\">\n\t\t\t\t\t\t\t\t\t\t\t<span class=\"elementor-icon-list-icon\">\n\t\t\t\t\t\t\t<svg aria-hidden=\"true\" class=\"e-font-icon-svg e-fas-chevron-right\" viewbox=\"0 0 320 512\" xmlns=\"http:\/\/www.w3.org\/2000\/svg\"><path d=\"M285.476 272.971L91.132 467.314c-9.373 9.373-24.569 9.373-33.941 0l-22.667-22.667c-9.357-9.357-9.375-24.522-.04-33.901L188.505 256 34.484 101.255c-9.335-9.379-9.317-24.544.04-33.901l22.667-22.667c9.373-9.373 24.569-9.373 33.941 0L285.475 239.03c9.373 9.372 9.373 24.568.001 33.941z\"><\/path><\/svg>\t\t\t\t\t\t<\/span>\n\t\t\t\t\t\t\t\t\t\t<span class=\"elementor-icon-list-text\">Infraestructura moderna: instalaciones y tecnolog\u00edas de vanguardia.<\/span>\n\t\t\t\t\t\t\t\t\t<\/li>\n\t\t\t\t\t\t\t\t<li class=\"elementor-icon-list-item\">\n\t\t\t\t\t\t\t\t\t\t\t<span class=\"elementor-icon-list-icon\">\n\t\t\t\t\t\t\t<svg aria-hidden=\"true\" class=\"e-font-icon-svg e-fas-chevron-right\" viewbox=\"0 0 320 512\" xmlns=\"http:\/\/www.w3.org\/2000\/svg\"><path d=\"M285.476 272.971L91.132 467.314c-9.373 9.373-24.569 9.373-33.941 0l-22.667-22.667c-9.357-9.357-9.375-24.522-.04-33.901L188.505 256 34.484 101.255c-9.335-9.379-9.317-24.544.04-33.901l22.667-22.667c9.373-9.373 24.569-9.373 33.941 0L285.475 239.03c9.373 9.372 9.373 24.568.001 33.941z\"><\/path><\/svg>\t\t\t\t\t\t<\/span>\n\t\t\t\t\t\t\t\t\t\t<span class=\"elementor-icon-list-text\">Golden Visa: Como profesional sanitario, puede obtener f\u00e1cilmente un Golden Visa.<\/span>\n\t\t\t\t\t\t\t\t\t<\/li>\n\t\t\t\t\t\t\t\t<li class=\"elementor-icon-list-item\">\n\t\t\t\t\t\t\t\t\t\t\t<span class=\"elementor-icon-list-icon\">\n\t\t\t\t\t\t\t<svg aria-hidden=\"true\" class=\"e-font-icon-svg e-fas-chevron-right\" viewbox=\"0 0 320 512\" xmlns=\"http:\/\/www.w3.org\/2000\/svg\"><path d=\"M285.476 272.971L91.132 467.314c-9.373 9.373-24.569 9.373-33.941 0l-22.667-22.667c-9.357-9.357-9.375-24.522-.04-33.901L188.505 256 34.484 101.255c-9.335-9.379-9.317-24.544.04-33.901l22.667-22.667c9.373-9.373 24.569-9.373 33.941 0L285.475 239.03c9.373 9.372 9.373 24.568.001 33.941z\"><\/path><\/svg>\t\t\t\t\t\t<\/span>\n\t\t\t\t\t\t\t\t\t\t<span class=\"elementor-icon-list-text\">Pacientes internacionales: Los EAU atraen a pacientes de todo el mundo que buscan tratamientos de alta calidad.<\/span>\n\t\t\t\t\t\t\t\t\t<\/li>\n\t\t\t\t\t\t<\/ul>\n\t\t\t\t\t\t<\/div>\n\t\t\t\t<\/div>\n\t\t\t\t\t<\/div>\n\t\t<\/div>\n\t\t\t\t<div class=\"elementor-column elementor-col-33 elementor-top-column elementor-element elementor-element-df3f06c\" data-id=\"df3f06c\" data-element_type=\"column\" data-e-type=\"column\">\n\t\t\t<div class=\"elementor-widget-wrap elementor-element-populated\">\n\t\t\t\t\t\t<div class=\"elementor-element elementor-element-c5e9ab6 elementor-widget elementor-widget-xts_team_member\" data-id=\"c5e9ab6\" data-element_type=\"widget\" data-e-type=\"widget\" data-widget_type=\"xts_team_member.default\">\n\t\t\t\t<div class=\"elementor-widget-container\">\n\t\t\t\t\t\n\t\t<div class=\"xts-member xts-design-mask xts-textalign-left xts-scheme-light xts-with-bg-color xts-with-shadow\">\n\t\t\t\t\t\t\t<div class=\"xts-member-image\">\n\t\t\t\t\t<img fetchpriority=\"high\" decoding=\"async\" width=\"420\" height=\"658\" src=\"https:\/\/doctoflow.com\/wp-content\/uploads\/2020\/02\/venus-medic-4-opt.jpg\" class=\"attachment-full size-full wp-image-554\" alt=\"\" \/>\t\t\t\t<\/div>\n\t\t\t\n\t\t\t<div class=\"xts-member-content xts-reset-mb-10 xts-reset-last\">\n\t\t\t\t\t\t\t\t\t<h4 class=\"xts-member-name xts-fontsize-m\" data-elementor-setting-key=\"name\">\n\t\t\t\t\t\tJacob Burns\t\t\t\t\t<\/h4>\n\t\t\t\t\n\t\t\t\t\t\t\t\t\t<div class=\"xts-member-position xts-fontsize-s\" data-elementor-setting-key=\"position\">\n\t\t\t\t\t\tCardiolog\u00eda\t\t\t\t\t<\/div>\n\t\t\t\t\n\t\t\t\t\n\t\t\t\t\t\t\t\t\t<div class=\"xts-social-buttons xts-social-icons xts-style-default xts-size-m xts-shape- xts-scheme-light\">\n\t\t\t\t\t\t\t\t\t\t\t\t\t<a target=\"_blank\" class=\"xts-social-facebook\" href=\"#\">\n\t\t\t\t\t\t\t\t<i class=\"xts-i-facebook\"><\/i>\n\t\t\t\t\t\t\t<\/a>\n\t\t\t\t\t\t\t\t\t\t\t\t\t<a target=\"_blank\" class=\"xts-social-twitter\" href=\"#\">\n\t\t\t\t\t\t\t\t<i class=\"xts-i-twitter\"><\/i>\n\t\t\t\t\t\t\t<\/a>\n\t\t\t\t\t\t\t\t\t\t\t\t\t<a target=\"_blank\" class=\"xts-social-linkedin\" href=\"#\">\n\t\t\t\t\t\t\t\t<i class=\"xts-i-linkedin\"><\/i>\n\t\t\t\t\t\t\t<\/a>\n\t\t\t\t\t\t\t\t\t\t\t\t\t<a target=\"_blank\" class=\"xts-social-instagram\" href=\"#\">\n\t\t\t\t\t\t\t\t<i class=\"xts-i-instagram\"><\/i>\n\t\t\t\t\t\t\t<\/a>\n\t\t\t\t\t\t\t\t\t\t\t\t\t<a target=\"_blank\" class=\"xts-social-github\" href=\"#\">\n\t\t\t\t\t\t\t\t<i class=\"xts-i-github\"><\/i>\n\t\t\t\t\t\t\t<\/a>\n\t\t\t\t\t\t\t\t\t\t\t<\/div>\n\t\t\t\t\t\t\t<\/div>\n\t\t<\/div>\n\n\t\t\t\t\t\t<\/div>\n\t\t\t\t<\/div>\n\t\t\t\t\t<\/div>\n\t\t<\/div>\n\t\t\t\t\t<\/div>\n\t\t<\/section>\n\t\t\t\t<section class=\"xts-negative-gap elementor-section elementor-top-section elementor-element elementor-element-e4b041e elementor-section-boxed elementor-section-height-default elementor-section-height-default xts-section-disabled\" data-id=\"e4b041e\" data-element_type=\"section\" data-e-type=\"section\">\n\t\t\t\t\t\t<div class=\"elementor-container elementor-column-gap-default\">\n\t\t\t\t\t<div class=\"elementor-column elementor-col-100 elementor-top-column elementor-element elementor-element-0364018\" data-id=\"0364018\" data-element_type=\"column\" data-e-type=\"column\">\n\t\t\t<div class=\"elementor-widget-wrap elementor-element-populated\">\n\t\t\t\t\t\t<div class=\"elementor-element elementor-element-421db21 xts-scheme-inherit xts-textalign-inherit elementor-widget elementor-widget-text-editor\" data-id=\"421db21\" data-element_type=\"widget\" data-e-type=\"widget\" data-widget_type=\"text-editor.default\">\n\t\t\t\t<div class=\"elementor-widget-container\">\n\t\t\t\t\t\t\t\t\t<p><strong data-spm-anchor-id=\"a2ty_o01.29997173.0.i38.3858517190J6RG\">Nuestros servicios integrales para cardi\u00f3logos en los EAU<\/strong><\/p><p>Ofrecemos un <strong>Servicio completo <\/strong>que no deja nada que desear. As\u00ed es como le apoyamos:<\/p><ol start=\"1\"><li><p><strong>Autorizaci\u00f3n DHA y licencia para ejercer:<\/strong><br \/>Nos encargamos de todos los documentos necesarios para solicitar la autorizaci\u00f3n de la DHA: desde los cuadernos de bit\u00e1cora y los t\u00edtulos universitarios hasta las traducciones.<\/p><\/li><li><p><strong>Constituci\u00f3n de una sociedad de responsabilidad limitada\/consultorio:<\/strong><br \/>Le ayudamos a constituir una Sociedad de Responsabilidad Limitada (SRL) y nos aseguramos de que se cumplen todos los requisitos legales.<\/p><\/li><li><p><strong>Equipamiento interior:<\/strong><br \/>Desde la planificaci\u00f3n de las instalaciones hasta la adquisici\u00f3n de los equipos cardiol\u00f3gicos m\u00e1s modernos, nos aseguramos de que su consulta cumpla las normas m\u00e1s estrictas.<\/p><\/li><li><p><strong>Seguros y cumplimiento:<\/strong><br \/>Organizamos el seguro de mala praxis necesario y garantizamos el pleno cumplimiento de la normativa local.<\/p><\/li><li><p><strong>Marketing y captaci\u00f3n de pacientes:<\/strong><br \/>Le ayudamos a dar a conocer su consulta y a atraer pacientes, tanto a nivel local como internacional.<\/p><\/li><li><p><strong>Tecnolog\u00edas avanzadas:<\/strong><br \/>Le asesoramos en la selecci\u00f3n de aparatos de ECG, ec\u00f3grafos, tom\u00f3grafos card\u00edacos y otras soluciones de alta tecnolog\u00eda.<\/p><\/li><li><p><strong>Cualificaciones adicionales:<\/strong><br \/>Si necesita cualificaciones adicionales para cardiolog\u00eda intervencionista o tratamientos especializados, le ayudaremos a seleccionar y organizar los cursos adecuados.<\/p><\/li><\/ol>\t\t\t\t\t\t\t\t<\/div>\n\t\t\t\t<\/div>\n\t\t\t\t\t<\/div>\n\t\t<\/div>\n\t\t\t\t\t<\/div>\n\t\t<\/section>\n\t\t\t\t<section class=\"xts-negative-gap elementor-section elementor-top-section elementor-element elementor-element-12af891 elementor-section-boxed elementor-section-height-default elementor-section-height-default xts-section-disabled\" data-id=\"12af891\" data-element_type=\"section\" data-e-type=\"section\">\n\t\t\t\t\t\t<div class=\"elementor-container elementor-column-gap-default\">\n\t\t\t\t\t<div class=\"elementor-column elementor-col-50 elementor-top-column elementor-element elementor-element-9311f19\" data-id=\"9311f19\" data-element_type=\"column\" data-e-type=\"column\">\n\t\t\t<div class=\"elementor-widget-wrap elementor-element-populated\">\n\t\t\t\t\t\t<div class=\"elementor-element elementor-element-6c3387d elementor-widget elementor-widget-xts_image\" data-id=\"6c3387d\" data-element_type=\"widget\" data-e-type=\"widget\" data-widget_type=\"xts_image.default\">\n\t\t\t\t<div class=\"elementor-widget-container\">\n\t\t\t\t\t\t\t\t<div class=\"xts-image-single xts-textalign-center\">\n\t\t\t\t<figure class=\"xts-image\">\n\t\t\t\t\t\t\t\t\t\t\t<div class=\"xts-image-inner\">\n\t\t\t\t\t\n\t\t\t\t\t\t<img decoding=\"async\" width=\"600\" height=\"371\" src=\"https:\/\/doctoflow.com\/wp-content\/uploads\/2020\/02\/venus-depatmens-2-opt.jpg\" class=\"attachment-full size-full wp-image-719\" alt=\"\" \/>\n\t\t\t\t\t\t\t\t\t\t\t<\/div>\n\t\t\t\t\t\n\t\t\t\t\t\t\t\t\t<\/figure>\n\n\t\t\t\t\t\t\t<\/div>\n\t\t\t\t\t\t<\/div>\n\t\t\t\t<\/div>\n\t\t\t\t\t<\/div>\n\t\t<\/div>\n\t\t\t\t<div class=\"elementor-column elementor-col-50 elementor-top-column elementor-element elementor-element-476c417\" data-id=\"476c417\" data-element_type=\"column\" data-e-type=\"column\">\n\t\t\t<div class=\"elementor-widget-wrap elementor-element-populated\">\n\t\t\t\t\t\t<div class=\"elementor-element elementor-element-3ffb3be xts-scheme-inherit xts-textalign-inherit elementor-widget elementor-widget-text-editor\" data-id=\"3ffb3be\" data-element_type=\"widget\" data-e-type=\"widget\" data-widget_type=\"text-editor.default\">\n\t\t\t\t<div class=\"elementor-widget-container\">\n\t\t\t\t\t\t\t\t\t<h3><strong data-spm-anchor-id=\"a2ty_o01.29997173.0.i40.3858517190J6RG\">Todo lo que necesita saber sobre cardiolog\u00eda en los EAU<\/strong><\/h3><p><strong data-spm-anchor-id=\"a2ty_o01.29997173.0.i39.3858517190J6RG\">\u00bfQu\u00e9 requisitos debo cumplir como cardi\u00f3logo para ejercer en los EAU?<\/strong><\/p><p>Para trabajar como cardi\u00f3logo en los EAU, necesita una licencia de la Autoridad Sanitaria de Dubai (DHA). Esto requiere, entre otras cosas:<\/p><ul><li>Titulaci\u00f3n universitaria en cardiolog\u00eda<\/li><li>Al menos dos a\u00f1os de experiencia profesional<\/li><li>Documentos traducidos y notariados<\/li><li>Posiblemente una prueba especializada en ingl\u00e9s<\/li><\/ul><p>Le ayudaremos a recopilar todos los documentos necesarios y le guiaremos a lo largo de todo el proceso.<\/p><p><strong>\u00bfPuedo traer mis propios dispositivos desde Alemania?<\/strong><\/p><p>S\u00ed, pero hay restricciones. No todos los dispositivos est\u00e1n homologados en los EAU y puede haber diferencias en las conexiones el\u00e9ctricas y las normas t\u00e9cnicas. Podemos asesorarle en la selecci\u00f3n y adquisici\u00f3n de los dispositivos adecuados.<\/p><p><strong>\u00bfCu\u00e1nto dura el proceso de autorizaci\u00f3n de la DHA?<\/strong><\/p><p>El plazo var\u00eda en funci\u00f3n de la complejidad de su caso y de la comunicaci\u00f3n entre las autoridades. Suele durar entre 4 semanas y 6 meses. Optimizamos el proceso para completarlo lo antes posible.<\/p><p><strong>\u00bfCu\u00e1nto cuesta abrir una consulta de cardiolog\u00eda en los EAU?<\/strong><\/p><p>Los costes dependen del tipo de instalaci\u00f3n:<\/p><ul><li>Consultorio peque\u00f1o: Desde aprox. 150.000 AED<\/li><li>Cl\u00ednica de d\u00eda: Desde aprox. 750.000 AED<\/li><li>Cl\u00ednica completa: varios millones de AED<\/li><\/ul><p>Elaboramos un presupuesto detallado y adaptado a sus necesidades.<\/p>\t\t\t\t\t\t\t\t<\/div>\n\t\t\t\t<\/div>\n\t\t\t\t\t<\/div>\n\t\t<\/div>\n\t\t\t\t\t<\/div>\n\t\t<\/section>\n\t\t\t\t<\/div>","protected":false},"excerpt":{"rendered":"<p>Erfolgreich als Kardiologe in den VAE starten \u2013 Mit DoctorFlow an Ihrer Seite Von der DHA-Zulassung bis zur Er\u00f6ffnung Ihrer Kardiologie-Praxis \u2013 Wir \u00fcbernehmen alles f\u00fcr Sie. M\u00f6chten Sie als Kardiologe\/in in den VAE Fu\u00df fassen oder eine moderne Herzspezialistenpraxis gr\u00fcnden? Bei DoctorFlow unterst\u00fctzen wir Sie bei jedem Schritt des Prozesses. Unsere Experten kennen die [&hellip;]<\/p>\n","protected":false},"author":1,"featured_media":0,"parent":0,"menu_order":2,"comment_status":"closed","ping_status":"closed","template":"","meta":{"footnotes":""},"class_list":["post-691","page","type-page","status-publish","hentry"],"_hostinger_reach_plugin_has_subscription_block":false,"_hostinger_reach_plugin_is_elementor":false,"_links":{"self":[{"href":"https:\/\/doctoflow.com\/es\/wp-json\/wp\/v2\/pages\/691","targetHints":{"allow":["GET"]}}],"collection":[{"href":"https:\/\/doctoflow.com\/es\/wp-json\/wp\/v2\/pages"}],"about":[{"href":"https:\/\/doctoflow.com\/es\/wp-json\/wp\/v2\/types\/page"}],"author":[{"embeddable":true,"href":"https:\/\/doctoflow.com\/es\/wp-json\/wp\/v2\/users\/1"}],"replies":[{"embeddable":true,"href":"https:\/\/doctoflow.com\/es\/wp-json\/wp\/v2\/comments?post=691"}],"version-history":[{"count":5,"href":"https:\/\/doctoflow.com\/es\/wp-json\/wp\/v2\/pages\/691\/revisions"}],"predecessor-version":[{"id":1633,"href":"https:\/\/doctoflow.com\/es\/wp-json\/wp\/v2\/pages\/691\/revisions\/1633"}],"wp:attachment":[{"href":"https:\/\/doctoflow.com\/es\/wp-json\/wp\/v2\/media?parent=691"}],"curies":[{"name":"wp","href":"https:\/\/api.w.org\/{rel}","templated":true}]}}