{"id":697,"date":"2020-02-12T10:29:23","date_gmt":"2020-02-12T10:29:23","guid":{"rendered":"http:\/\/space.xtemos.com\/demo\/venus\/?page_id=697"},"modified":"2025-04-12T14:39:04","modified_gmt":"2025-04-12T14:39:04","slug":"pediatra","status":"publish","type":"page","link":"https:\/\/doctoflow.com\/es\/kinderarzt\/","title":{"rendered":"Pediatra"},"content":{"rendered":"<div data-elementor-type=\"wp-page\" data-elementor-id=\"697\" class=\"elementor elementor-697\">\n\t\t\t\t\t\t<section class=\"xts-negative-gap elementor-section elementor-top-section elementor-element elementor-element-d6e792e elementor-section-boxed elementor-section-height-default elementor-section-height-default xts-section-disabled\" data-id=\"d6e792e\" data-element_type=\"section\" data-e-type=\"section\">\n\t\t\t\t\t\t<div class=\"elementor-container elementor-column-gap-wide\">\n\t\t\t\t\t<div class=\"elementor-column elementor-col-66 elementor-top-column elementor-element elementor-element-aa4089a\" data-id=\"aa4089a\" data-element_type=\"column\" data-e-type=\"column\">\n\t\t\t<div class=\"elementor-widget-wrap elementor-element-populated\">\n\t\t\t\t\t\t<div class=\"elementor-element elementor-element-b11f56e xts-scheme-inherit xts-textalign-inherit elementor-widget elementor-widget-text-editor\" data-id=\"b11f56e\" data-element_type=\"widget\" data-e-type=\"widget\" data-widget_type=\"text-editor.default\">\n\t\t\t\t<div class=\"elementor-widget-container\">\n\t\t\t\t\t\t\t\t\t<h3 data-spm-anchor-id=\"a2ty_o01.29997173.0.i68.3858517190J6RG\"><strong data-spm-anchor-id=\"a2ty_o01.29997173.0.i67.3858517190J6RG\">Empieza con \u00e9xito como pediatra en los EAU - con DoctorFlow a tu lado<\/strong><\/h3><p data-spm-anchor-id=\"a2ty_o01.29997173.0.i66.3858517190J6RG\">Desde la aprobaci\u00f3n de la DHA hasta la apertura de su consulta pedi\u00e1trica: nos ocupamos de todo por usted.<\/p><p>\u00bfDesea establecerse como pediatra en los EAU o crear una consulta pedi\u00e1trica moderna? En <strong>DoctorFlow <\/strong>le apoyamos en todo momento. Nuestros expertos conocen al dedillo los requisitos normativos de la Autoridad Sanitaria de Dub\u00e1i (DHA) y se asegurar\u00e1n de que su consulta abra sin problemas.<\/p><p>Tanto si desea abrir una peque\u00f1a consulta, una cl\u00ednica de d\u00eda o una cl\u00ednica pedi\u00e1trica totalmente equipada, le ofrecemos soluciones a medida que se ajustan a sus objetivos. Conf\u00ede en nuestra experiencia local y deje que nos encarguemos de los procesos complicados por usted.<\/p><h3><strong>\u00bfPor qu\u00e9 pediatr\u00eda en los EAU?<\/strong><\/h3><p><strong>Por qu\u00e9 los EAU son un lugar atractivo para los pediatras<\/strong><\/p><p>Los EAU son un mercado en expansi\u00f3n para los servicios pedi\u00e1tricos, sobre todo en los \u00e1mbitos de la prevenci\u00f3n, la vacunaci\u00f3n y la atenci\u00f3n sanitaria adaptada a los ni\u00f1os. La demanda de tratamientos pedi\u00e1tricos de alta calidad aumenta continuamente, tanto entre la poblaci\u00f3n local como entre las familias internacionales que se establecen en los EAU.<\/p><p><strong>Como pediatra, se beneficiar\u00e1 de<\/strong><\/p>\t\t\t\t\t\t\t\t<\/div>\n\t\t\t\t<\/div>\n\t\t\t\t<div class=\"elementor-element elementor-element-e5795e1 elementor-icon-list--layout-traditional elementor-list-item-link-full_width elementor-widget elementor-widget-icon-list\" data-id=\"e5795e1\" data-element_type=\"widget\" data-e-type=\"widget\" data-widget_type=\"icon-list.default\">\n\t\t\t\t<div class=\"elementor-widget-container\">\n\t\t\t\t\t\t\t<ul class=\"elementor-icon-list-items\">\n\t\t\t\t\t\t\t<li class=\"elementor-icon-list-item\">\n\t\t\t\t\t\t\t\t\t\t\t<span class=\"elementor-icon-list-icon\">\n\t\t\t\t\t\t\t<svg aria-hidden=\"true\" class=\"e-font-icon-svg e-fas-chevron-right\" viewbox=\"0 0 320 512\" xmlns=\"http:\/\/www.w3.org\/2000\/svg\"><path d=\"M285.476 272.971L91.132 467.314c-9.373 9.373-24.569 9.373-33.941 0l-22.667-22.667c-9.357-9.357-9.375-24.522-.04-33.901L188.505 256 34.484 101.255c-9.335-9.379-9.317-24.544.04-33.901l22.667-22.667c9.373-9.373 24.569-9.373 33.941 0L285.475 239.03c9.373 9.372 9.373 24.568.001 33.941z\"><\/path><\/svg>\t\t\t\t\t\t<\/span>\n\t\t\t\t\t\t\t\t\t\t<span class=\"elementor-icon-list-text\">Gran demanda: creciente atenci\u00f3n a la medicina pedi\u00e1trica y la atenci\u00f3n sanitaria preventiva.<\/span>\n\t\t\t\t\t\t\t\t\t<\/li>\n\t\t\t\t\t\t\t\t<li class=\"elementor-icon-list-item\">\n\t\t\t\t\t\t\t\t\t\t\t<span class=\"elementor-icon-list-icon\">\n\t\t\t\t\t\t\t<svg aria-hidden=\"true\" class=\"e-font-icon-svg e-fas-chevron-right\" viewbox=\"0 0 320 512\" xmlns=\"http:\/\/www.w3.org\/2000\/svg\"><path d=\"M285.476 272.971L91.132 467.314c-9.373 9.373-24.569 9.373-33.941 0l-22.667-22.667c-9.357-9.357-9.375-24.522-.04-33.901L188.505 256 34.484 101.255c-9.335-9.379-9.317-24.544.04-33.901l22.667-22.667c9.373-9.373 24.569-9.373 33.941 0L285.475 239.03c9.373 9.372 9.373 24.568.001 33.941z\"><\/path><\/svg>\t\t\t\t\t\t<\/span>\n\t\t\t\t\t\t\t\t\t\t<span class=\"elementor-icon-list-text\">Infraestructura moderna: instalaciones y tecnolog\u00edas de vanguardia.<\/span>\n\t\t\t\t\t\t\t\t\t<\/li>\n\t\t\t\t\t\t\t\t<li class=\"elementor-icon-list-item\">\n\t\t\t\t\t\t\t\t\t\t\t<span class=\"elementor-icon-list-icon\">\n\t\t\t\t\t\t\t<svg aria-hidden=\"true\" class=\"e-font-icon-svg e-fas-chevron-right\" viewbox=\"0 0 320 512\" xmlns=\"http:\/\/www.w3.org\/2000\/svg\"><path d=\"M285.476 272.971L91.132 467.314c-9.373 9.373-24.569 9.373-33.941 0l-22.667-22.667c-9.357-9.357-9.375-24.522-.04-33.901L188.505 256 34.484 101.255c-9.335-9.379-9.317-24.544.04-33.901l22.667-22.667c9.373-9.373 24.569-9.373 33.941 0L285.475 239.03c9.373 9.372 9.373 24.568.001 33.941z\"><\/path><\/svg>\t\t\t\t\t\t<\/span>\n\t\t\t\t\t\t\t\t\t\t<span class=\"elementor-icon-list-text\">Golden Visa: Como profesional sanitario, puede obtener f\u00e1cilmente un Golden Visa.<\/span>\n\t\t\t\t\t\t\t\t\t<\/li>\n\t\t\t\t\t\t\t\t<li class=\"elementor-icon-list-item\">\n\t\t\t\t\t\t\t\t\t\t\t<span class=\"elementor-icon-list-icon\">\n\t\t\t\t\t\t\t<svg aria-hidden=\"true\" class=\"e-font-icon-svg e-fas-chevron-right\" viewbox=\"0 0 320 512\" xmlns=\"http:\/\/www.w3.org\/2000\/svg\"><path d=\"M285.476 272.971L91.132 467.314c-9.373 9.373-24.569 9.373-33.941 0l-22.667-22.667c-9.357-9.357-9.375-24.522-.04-33.901L188.505 256 34.484 101.255c-9.335-9.379-9.317-24.544.04-33.901l22.667-22.667c9.373-9.373 24.569-9.373 33.941 0L285.475 239.03c9.373 9.372 9.373 24.568.001 33.941z\"><\/path><\/svg>\t\t\t\t\t\t<\/span>\n\t\t\t\t\t\t\t\t\t\t<span class=\"elementor-icon-list-text\">Pacientes internacionales: Los EAU atraen a familias de todo el mundo que buscan tratamientos de alta calidad.<\/span>\n\t\t\t\t\t\t\t\t\t<\/li>\n\t\t\t\t\t\t<\/ul>\n\t\t\t\t\t\t<\/div>\n\t\t\t\t<\/div>\n\t\t\t\t\t<\/div>\n\t\t<\/div>\n\t\t\t\t<div class=\"elementor-column elementor-col-33 elementor-top-column elementor-element elementor-element-f94cd52\" data-id=\"f94cd52\" data-element_type=\"column\" data-e-type=\"column\">\n\t\t\t<div class=\"elementor-widget-wrap elementor-element-populated\">\n\t\t\t\t\t\t<div class=\"elementor-element elementor-element-495e13e elementor-widget elementor-widget-xts_team_member\" data-id=\"495e13e\" data-element_type=\"widget\" data-e-type=\"widget\" data-widget_type=\"xts_team_member.default\">\n\t\t\t\t<div class=\"elementor-widget-container\">\n\t\t\t\t\t\n\t\t<div class=\"xts-member xts-design-mask xts-textalign-left xts-scheme-light xts-with-bg-color xts-with-shadow\">\n\t\t\t\t\t\t\t<div class=\"xts-member-image\">\n\t\t\t\t\t<img fetchpriority=\"high\" decoding=\"async\" width=\"420\" height=\"658\" src=\"https:\/\/doctoflow.com\/wp-content\/uploads\/2020\/02\/venus-medic-2-opt-1.jpg\" class=\"attachment-full size-full wp-image-552\" alt=\"\" \/>\t\t\t\t<\/div>\n\t\t\t\n\t\t\t<div class=\"xts-member-content xts-reset-mb-10 xts-reset-last\">\n\t\t\t\t\t\t\t\t\t<h4 class=\"xts-member-name xts-fontsize-m\" data-elementor-setting-key=\"name\">\n\t\t\t\t\t\tJohn Woods\t\t\t\t\t<\/h4>\n\t\t\t\t\n\t\t\t\t\t\t\t\t\t<div class=\"xts-member-position xts-fontsize-s\" data-elementor-setting-key=\"position\">\n\t\t\t\t\t\tPediatra\t\t\t\t\t<\/div>\n\t\t\t\t\n\t\t\t\t\n\t\t\t\t\t\t\t<\/div>\n\t\t<\/div>\n\n\t\t\t\t\t\t<\/div>\n\t\t\t\t<\/div>\n\t\t\t\t\t<\/div>\n\t\t<\/div>\n\t\t\t\t\t<\/div>\n\t\t<\/section>\n\t\t<div class=\"xts-negative-gap elementor-element elementor-element-c4bc43a e-flex e-con-boxed xts-section-disabled e-con e-parent\" data-id=\"c4bc43a\" data-element_type=\"container\" data-e-type=\"container\">\n\t\t\t\t\t<div class=\"e-con-inner\">\n\t\t\t\t<div class=\"elementor-element elementor-element-b175341 elementor-widget elementor-widget-xts_button\" data-id=\"b175341\" data-element_type=\"widget\" data-e-type=\"widget\" data-widget_type=\"xts_button.default\">\n\t\t\t\t<div class=\"elementor-widget-container\">\n\t\t\t\t\t\t\t\t<div class=\"xts-button-wrapper xts-textalign-center\" >\n\t\t\t\t\t\t\t\t\t<a class=\"xts-button xts-size-xl xts-style-default xts-color-primary xts-shape-round xts-width-full\" href=\"http:\/\/wa.link\/hr0b0m\" target=\"_blank\" rel=\"noopener\">\n\t\t\t\t\t\t<span class=\"xts-button-text\" data-elementor-setting-key=\"button_text\">\n\t\t\t\t\t\t\tP\u00f3ngase en contacto con nosotros por WhatsApp\t\t\t\t\t\t<\/span>\n\n\t\t\t\t\t\t\t\t\t\t\t<\/a>\n\t\t\t\t\t\t\t<\/div>\n\t\t\t\t\t\t<\/div>\n\t\t\t\t<\/div>\n\t\t\t\t\t<\/div>\n\t\t\t\t<\/div>\n\t\t\t\t<section class=\"xts-negative-gap elementor-section elementor-top-section elementor-element elementor-element-5e88531 elementor-section-boxed elementor-section-height-default elementor-section-height-default xts-section-disabled\" data-id=\"5e88531\" data-element_type=\"section\" data-e-type=\"section\">\n\t\t\t\t\t\t<div class=\"elementor-container elementor-column-gap-default\">\n\t\t\t\t\t<div class=\"elementor-column elementor-col-100 elementor-top-column elementor-element elementor-element-da3b49a\" data-id=\"da3b49a\" data-element_type=\"column\" data-e-type=\"column\">\n\t\t\t<div class=\"elementor-widget-wrap elementor-element-populated\">\n\t\t\t\t\t\t<div class=\"elementor-element elementor-element-cbed2af xts-scheme-inherit xts-textalign-inherit elementor-widget elementor-widget-text-editor\" data-id=\"cbed2af\" data-element_type=\"widget\" data-e-type=\"widget\" data-widget_type=\"text-editor.default\">\n\t\t\t\t<div class=\"elementor-widget-container\">\n\t\t\t\t\t\t\t\t\t<h3><strong data-spm-anchor-id=\"a2ty_o01.29997173.0.i4.38582f1eTCCvta\">Nuestro servicio para pediatras<\/strong><\/h3><p><strong>Nuestros servicios integrales para pediatras en los EAU<\/strong><\/p><p>Ofrecemos un <strong>Servicio completo <\/strong>que no deja nada que desear. As\u00ed es como le apoyamos:<\/p><ol start=\"1\"><li><p><strong>Autorizaci\u00f3n DHA y licencia para ejercer:<\/strong><br \/>Nos encargamos de todos los documentos necesarios para solicitar la autorizaci\u00f3n de la DHA: desde los cuadernos de bit\u00e1cora y los t\u00edtulos universitarios hasta las traducciones.<\/p><\/li><li><p><strong>Constituci\u00f3n de una sociedad de responsabilidad limitada\/consultorio:<\/strong><br \/>Le ayudamos a constituir una Sociedad de Responsabilidad Limitada (SRL) y nos aseguramos de que se cumplen todos los requisitos legales.<\/p><\/li><li><p><strong>Equipamiento interior:<\/strong><br \/>Desde la planificaci\u00f3n de las instalaciones hasta la adquisici\u00f3n de los equipos pedi\u00e1tricos m\u00e1s modernos, nos aseguramos de que su consulta cumpla las normas m\u00e1s estrictas.<\/p><\/li><li><p><strong>Seguros y cumplimiento:<\/strong><br \/>Organizamos el seguro de mala praxis necesario y garantizamos el pleno cumplimiento de la normativa local.<\/p><\/li><li><p><strong>Marketing y captaci\u00f3n de pacientes:<\/strong><br \/>Le ayudamos a dar a conocer su consulta y a atraer pacientes, tanto a nivel local como internacional.<\/p><\/li><li><p><strong>Tecnolog\u00edas avanzadas:<\/strong><br \/>Le asesoramos en la selecci\u00f3n de ec\u00f3grafos, vacunas, equipos de diagn\u00f3stico y otras soluciones de alta tecnolog\u00eda para pediatr\u00eda.<\/p><\/li><li><p><strong>Cualificaciones adicionales:<\/strong><br \/>Si necesita cualificaciones adicionales en cuidados intensivos neonatales u otras especialidades, le ayudaremos a seleccionar y organizar los cursos adecuados.<\/p><\/li><\/ol><div class=\"my-2\">\u00a0<\/div><hr \/><h3><strong>FAQ - Preguntas m\u00e1s frecuentes<\/strong><\/h3><p><strong>Todo lo que necesita saber sobre pediatr\u00eda en los EAU<\/strong><\/p><p><strong>\u00bfQu\u00e9 requisitos debo cumplir como pediatra para ejercer en los EAU?<\/strong><\/p><p>Para trabajar como pediatra en los EAU se necesita una licencia para ejercer expedida por la Autoridad Sanitaria de Dubai (DHA). Para ello es necesario, entre otras cosas:<\/p><ul><li>T\u00edtulo universitario en pediatr\u00eda<\/li><li>Al menos dos a\u00f1os de experiencia profesional<\/li><li>Documentos traducidos y notariados<\/li><li>Posiblemente una prueba especializada en ingl\u00e9s<\/li><\/ul><p>Le ayudaremos a recopilar todos los documentos necesarios y le guiaremos a lo largo de todo el proceso.<\/p><p><strong>\u00bfPuedo traer mis propios dispositivos desde Alemania?<\/strong><\/p><p>S\u00ed, pero hay restricciones. No todos los dispositivos est\u00e1n homologados en los EAU y puede haber diferencias en las conexiones el\u00e9ctricas y las normas t\u00e9cnicas. Podemos asesorarle en la selecci\u00f3n y adquisici\u00f3n de los dispositivos adecuados.<\/p><p><strong>\u00bfCu\u00e1nto dura el proceso de autorizaci\u00f3n de la DHA?<\/strong><\/p><p>El plazo var\u00eda en funci\u00f3n de la complejidad de su caso y de la comunicaci\u00f3n entre las autoridades. Suele durar entre 4 semanas y 6 meses. Optimizamos el proceso para completarlo lo antes posible.<\/p><p><strong>\u00bfCu\u00e1nto cuesta abrir una consulta de pediatr\u00eda en los EAU?<\/strong><\/p><p>Los costes dependen del tipo de instalaci\u00f3n:<\/p><ul><li>Consultorio peque\u00f1o: Desde aprox. 100.000 AED<\/li><li>Cl\u00ednica de d\u00eda: Desde aprox. 500.000 AED<\/li><li>Cl\u00ednica completa: varios millones de AED<\/li><\/ul><p>Elaboramos un presupuesto detallado y adaptado a sus necesidades.<\/p><div class=\"my-2\">\u00a0<\/div><hr \/><h3><strong>Testimonios de clientes<\/strong><\/h3><h3><strong>La opini\u00f3n de nuestros clientes<\/strong><\/h3><p><br \/>\"DoctorFlow nos proporcion\u00f3 un apoyo excelente cuando abrimos nuestra consulta pedi\u00e1trica en Dubai. Todo el proceso fue profesional y sin estr\u00e9s. Recomendamos encarecidamente al equipo\".<br \/>- Dra. Anna Schmidt, pediatra<\/p><p>\"Desde la aprobaci\u00f3n de la DHA hasta el dise\u00f1o interior, DoctorFlow nos acompa\u00f1\u00f3 en todo momento. Estamos encantados con la calidad del servicio\".<br \/>- Dr. Ahmed Al-Farsi, fundador de una cl\u00ednica infantil<\/p><h3><strong>Act\u00faa ya<\/strong><\/h3><h3><strong>Empieza tu carrera como pediatra en los EAU, \u00a1hoy mismo!<\/strong><\/h3><p>Los EAU ofrecen innumerables oportunidades a los pediatras que quieran afianzarse aqu\u00ed. Deje que nuestro equipo de expertos le apoye y convierta su visi\u00f3n en realidad.<\/p>\t\t\t\t\t\t\t\t<\/div>\n\t\t\t\t<\/div>\n\t\t\t\t\t<\/div>\n\t\t<\/div>\n\t\t\t\t\t<\/div>\n\t\t<\/section>\n\t\t<div class=\"xts-negative-gap elementor-element elementor-element-17aeceb e-flex e-con-boxed xts-section-disabled e-con e-parent\" data-id=\"17aeceb\" data-element_type=\"container\" data-e-type=\"container\">\n\t\t\t\t\t<div class=\"e-con-inner\">\n\t\t\t\t<div class=\"elementor-element elementor-element-18724a8 elementor-widget elementor-widget-xts_button\" data-id=\"18724a8\" data-element_type=\"widget\" data-e-type=\"widget\" data-widget_type=\"xts_button.default\">\n\t\t\t\t<div class=\"elementor-widget-container\">\n\t\t\t\t\t\t\t\t<div class=\"xts-button-wrapper xts-textalign-center\" >\n\t\t\t\t\t\t\t\t\t<a class=\"xts-button xts-size-xl xts-style-default xts-color-primary xts-shape-round xts-width-full\" href=\"http:\/\/wa.link\/hr0b0m\" target=\"_blank\" rel=\"noopener\">\n\t\t\t\t\t\t<span class=\"xts-button-text\" data-elementor-setting-key=\"button_text\">\n\t\t\t\t\t\t\tP\u00f3ngase en contacto con nosotros por WhatsApp\t\t\t\t\t\t<\/span>\n\n\t\t\t\t\t\t\t\t\t\t\t<\/a>\n\t\t\t\t\t\t\t<\/div>\n\t\t\t\t\t\t<\/div>\n\t\t\t\t<\/div>\n\t\t\t\t\t<\/div>\n\t\t\t\t<\/div>\n\t\t\t\t<section class=\"xts-negative-gap elementor-section elementor-top-section elementor-element elementor-element-2acc8f7 elementor-section-boxed elementor-section-height-default elementor-section-height-default xts-section-disabled\" data-id=\"2acc8f7\" data-element_type=\"section\" data-e-type=\"section\">\n\t\t\t\t\t\t<div class=\"elementor-container elementor-column-gap-default\">\n\t\t\t\t\t<div class=\"elementor-column elementor-col-50 elementor-top-column elementor-element elementor-element-df40235\" data-id=\"df40235\" data-element_type=\"column\" data-e-type=\"column\">\n\t\t\t<div class=\"elementor-widget-wrap elementor-element-populated\">\n\t\t\t\t\t\t<div class=\"elementor-element elementor-element-257e1da elementor-widget elementor-widget-xts_image\" data-id=\"257e1da\" data-element_type=\"widget\" data-e-type=\"widget\" data-widget_type=\"xts_image.default\">\n\t\t\t\t<div class=\"elementor-widget-container\">\n\t\t\t\t\t\t\t\t<div class=\"xts-image-single xts-textalign-center\">\n\t\t\t\t<figure class=\"xts-image\">\n\t\t\t\t\t\t\t\t\t\t\t<div class=\"xts-image-inner\">\n\t\t\t\t\t\n\t\t\t\t\t\t<img decoding=\"async\" width=\"600\" height=\"371\" src=\"https:\/\/doctoflow.com\/wp-content\/uploads\/2020\/02\/venus-depatmens-1-opt.jpg\" class=\"attachment-full size-full wp-image-718\" alt=\"\" \/>\n\t\t\t\t\t\t\t\t\t\t\t<\/div>\n\t\t\t\t\t\n\t\t\t\t\t\t\t\t\t<\/figure>\n\n\t\t\t\t\t\t\t<\/div>\n\t\t\t\t\t\t<\/div>\n\t\t\t\t<\/div>\n\t\t\t\t\t<\/div>\n\t\t<\/div>\n\t\t\t\t<div class=\"elementor-column elementor-col-50 elementor-top-column elementor-element elementor-element-a0251ab\" data-id=\"a0251ab\" data-element_type=\"column\" data-e-type=\"column\">\n\t\t\t<div class=\"elementor-widget-wrap elementor-element-populated\">\n\t\t\t\t\t\t<div class=\"elementor-element elementor-element-41b5fe3 xts-scheme-inherit xts-textalign-inherit elementor-widget elementor-widget-text-editor\" data-id=\"41b5fe3\" data-element_type=\"widget\" data-e-type=\"widget\" data-widget_type=\"text-editor.default\">\n\t\t\t\t<div class=\"elementor-widget-container\">\n\t\t\t\t\t\t\t\t\t<h3><strong>Act\u00faa ya<\/strong><\/h3><p><strong>Empieza tu carrera como pediatra en los EAU, \u00a1hoy mismo!<\/strong><\/p><p>Los EAU ofrecen innumerables oportunidades a los pediatras que quieran afianzarse aqu\u00ed. Deje que nuestro equipo de expertos le apoye y convierta su visi\u00f3n en realidad.<\/p>\t\t\t\t\t\t\t\t<\/div>\n\t\t\t\t<\/div>\n\t\t\t\t\t<\/div>\n\t\t<\/div>\n\t\t\t\t\t<\/div>\n\t\t<\/section>\n\t\t\t\t<\/div>","protected":false},"excerpt":{"rendered":"<p>Erfolgreich als Kinderarzt in den VAE starten \u2013 Mit DoctorFlow an Ihrer Seite Von der DHA-Zulassung bis zur Er\u00f6ffnung Ihrer p\u00e4diatrischen Praxis \u2013 Wir \u00fcbernehmen alles f\u00fcr Sie. M\u00f6chten Sie als Kinderarzt\/in in den VAE Fu\u00df fassen oder eine moderne p\u00e4diatrische Praxis gr\u00fcnden? Bei DoctorFlow unterst\u00fctzen wir Sie bei jedem Schritt des Prozesses. Unsere Experten [&hellip;]<\/p>\n","protected":false},"author":1,"featured_media":0,"parent":0,"menu_order":9,"comment_status":"closed","ping_status":"closed","template":"","meta":{"footnotes":""},"class_list":["post-697","page","type-page","status-publish","hentry"],"_hostinger_reach_plugin_has_subscription_block":false,"_hostinger_reach_plugin_is_elementor":false,"_links":{"self":[{"href":"https:\/\/doctoflow.com\/es\/wp-json\/wp\/v2\/pages\/697","targetHints":{"allow":["GET"]}}],"collection":[{"href":"https:\/\/doctoflow.com\/es\/wp-json\/wp\/v2\/pages"}],"about":[{"href":"https:\/\/doctoflow.com\/es\/wp-json\/wp\/v2\/types\/page"}],"author":[{"embeddable":true,"href":"https:\/\/doctoflow.com\/es\/wp-json\/wp\/v2\/users\/1"}],"replies":[{"embeddable":true,"href":"https:\/\/doctoflow.com\/es\/wp-json\/wp\/v2\/comments?post=697"}],"version-history":[{"count":11,"href":"https:\/\/doctoflow.com\/es\/wp-json\/wp\/v2\/pages\/697\/revisions"}],"predecessor-version":[{"id":1688,"href":"https:\/\/doctoflow.com\/es\/wp-json\/wp\/v2\/pages\/697\/revisions\/1688"}],"wp:attachment":[{"href":"https:\/\/doctoflow.com\/es\/wp-json\/wp\/v2\/media?parent=697"}],"curies":[{"name":"wp","href":"https:\/\/api.w.org\/{rel}","templated":true}]}}