{"id":2102,"date":"2025-11-12T04:35:10","date_gmt":"2025-11-12T04:35:10","guid":{"rendered":"https:\/\/doctoflow.com\/?page_id=2102"},"modified":"2026-04-19T17:15:20","modified_gmt":"2026-04-19T17:15:20","slug":"comment-nous-aidons-les-medecins-a-se-deplacer-a-dubai","status":"publish","type":"page","link":"https:\/\/doctoflow.com\/fr\/how-we-help-doctors-move-to-dubai\/","title":{"rendered":"Comment nous aidons les m\u00e9decins \u00e0 se d\u00e9placer \u00e0 Duba\u00ef"},"content":{"rendered":"<div data-elementor-type=\"wp-page\" data-elementor-id=\"2102\" class=\"elementor elementor-2102\">\n\t\t\t\t<div class=\"xts-negative-gap elementor-element elementor-element-6d58931 e-flex e-con-boxed xts-section-disabled e-con e-parent\" data-id=\"6d58931\" data-element_type=\"container\" data-e-type=\"container\">\n\t\t\t\t\t<div class=\"e-con-inner\">\n\t\t\t\t<div class=\"elementor-element elementor-element-64a30d7 elementor-widget elementor-widget-spacer\" data-id=\"64a30d7\" data-element_type=\"widget\" data-e-type=\"widget\" data-widget_type=\"spacer.default\">\n\t\t\t\t<div class=\"elementor-widget-container\">\n\t\t\t\t\t\t\t<div class=\"elementor-spacer\">\n\t\t\t<div class=\"elementor-spacer-inner\"><\/div>\n\t\t<\/div>\n\t\t\t\t\t\t<\/div>\n\t\t\t\t<\/div>\n\t\t\t\t\t<\/div>\n\t\t\t\t<\/div>\n\t\t<div class=\"xts-negative-gap elementor-element elementor-element-ff42923 e-flex e-con-boxed xts-section-disabled e-con e-parent\" data-id=\"ff42923\" data-element_type=\"container\" data-e-type=\"container\">\n\t\t\t\t\t<div class=\"e-con-inner\">\n\t\t\t\t<div class=\"elementor-element elementor-element-da610b7 xts-scheme-inherit xts-textalign-inherit elementor-widget elementor-widget-text-editor\" data-id=\"da610b7\" data-element_type=\"widget\" data-e-type=\"widget\" data-widget_type=\"text-editor.default\">\n\t\t\t\t<div class=\"elementor-widget-container\">\n\t\t\t\t\t\t\t\t\t<p data-start=\"299\" data-end=\"505\">At <strong data-start=\"302\" data-end=\"315\">DoctoFlow<\/strong>, nous facilitons la t\u00e2che des m\u00e9decins qui souhaitent entamer un nouveau chapitre dans le monde m\u00e9dical de Duba\u00ef. Notre processus est con\u00e7u pour \u00e9liminer toute complexit\u00e9 - vous pouvez ainsi vous concentrer sur votre carri\u00e8re pendant que nous nous occupons du reste.<\/p><h4 data-start=\"507\" data-end=\"547\">1\u00e8re \u00e9tape : Consultation initiale<\/h4><p data-start=\"548\" data-end=\"792\">Tout commence par une conversation. Pas de paperasse, pas de pression - juste une discussion ouverte sur votre histoire, votre sp\u00e9cialit\u00e9, votre parcours de formation et vos objectifs. Cela nous aide \u00e0 comprendre votre profil professionnel et \u00e0 planifier le bon parcours pour vous.<\/p><h4 data-start=\"794\" data-end=\"835\">2\u00e8me \u00e9tape : v\u00e9rification du DataFlow<\/h4><p data-start=\"836\" data-end=\"1102\">Une fois que nous comprenons vos ant\u00e9c\u00e9dents, nous commen\u00e7ons le <strong data-start=\"885\" data-end=\"910\">V\u00e9rification de DataFlow<\/strong> - la v\u00e9rification officielle des ant\u00e9c\u00e9dents requise par le <strong data-start=\"959\" data-end=\"979\">DHA, DOH, ou MOH<\/strong>. Notre \u00e9quipe g\u00e8re chaque document, t\u00e9l\u00e9chargement et suivi pour s'assurer que votre v\u00e9rification se d\u00e9roule sans heurts et de mani\u00e8re efficace.<\/p><h4 data-start=\"1104\" data-end=\"1141\">3\u00e8me \u00e9tape : Stage d'obtention de licence<\/h4><p data-start=\"1142\" data-end=\"1410\">Ensuite, nous assistons <strong data-start=\"1167\" data-end=\"1196\">processus de licence m\u00e9dicale<\/strong>. C'est lorsque votre licence professionnelle et votre carte d'identit\u00e9 DHA sont approuv\u00e9es.<br data-start=\"1261\" data-end=\"1264\" \/>Si un examen tel que le <strong data-start=\"1287\" data-end=\"1300\">Prometric<\/strong> Si n\u00e9cessaire, nous nous chargeons de la r\u00e9servation, fournissons le mat\u00e9riel d'\u00e9tude et vous guidons tout au long de la pr\u00e9paration jusqu'\u00e0 la r\u00e9ussite.<\/p><h4 data-start=\"1412\" data-end=\"1446\">4e \u00e9tape : le placement<\/h4><p data-start=\"1447\" data-end=\"1709\">Une fois que votre licence est pr\u00eate ou sur le point d'\u00eatre approuv\u00e9e, nous nous d\u00e9pla\u00e7ons vers <strong data-start=\"1503\" data-end=\"1520\">job placement<\/strong> - l'\u00e9tape la plus gratifiante. Nous vous pr\u00e9sentons directement aux h\u00f4pitaux et cliniques de Duba\u00ef, organisons des entretiens et vous mettons en contact avec des postes qui correspondent vraiment \u00e0 votre parcours et \u00e0 vos ambitions.<\/p><h4 data-start=\"1711\" data-end=\"1757\">5e \u00e9tape : Visa &amp; Relocation Support<\/h4><p data-start=\"1758\" data-end=\"1990\">Enfin, nous prenons soin de la <strong data-start=\"1787\" data-end=\"1832\">visa, Emirates ID, et processus de relocation<\/strong>. D\u00e8s votre arriv\u00e9e \u00e0 Duba\u00ef, votre offre d'emploi et tous les documents l\u00e9gaux sont d\u00e9j\u00e0 en place. Vous pouvez commencer votre nouvelle vie en toute confiance et en toute s\u00e9r\u00e9nit\u00e9.<\/p><hr data-start=\"1992\" data-end=\"1995\" \/><h3 data-start=\"1997\" data-end=\"2051\">Du premier message \u00e0 votre premier jour de travail<\/h3><p data-start=\"2052\" data-end=\"2169\">C'est la <strong data-start=\"2063\" data-end=\"2084\">Processus DoctoFlow<\/strong> - un voyage complet, de votre premier contact \u00e0 votre premier jour de travail aux EAU.<\/p><p data-start=\"2171\" data-end=\"2379\">Dans la prochaine partie de notre voyage, nous allons explorer quelque chose d'encore plus important : <strong data-start=\"2249\" data-end=\"2258\">trust<\/strong> - how we built it, and why hundreds of doctors from around the world choose DoctoFlow as their trusted partner in Dubai.<\/p>\t\t\t\t\t\t\t\t<\/div>\n\t\t\t\t<\/div>\n\t\t\t\t\t<\/div>\n\t\t\t\t<\/div>\n\t\t<div class=\"xts-negative-gap elementor-element elementor-element-a149e3d e-flex e-con-boxed xts-section-disabled e-con e-parent\" data-id=\"a149e3d\" data-element_type=\"container\" data-e-type=\"container\">\n\t\t\t\t\t<div class=\"e-con-inner\">\n\t\t\t\t<div class=\"elementor-element elementor-element-e44936f elementor-widget elementor-widget-spacer\" data-id=\"e44936f\" data-element_type=\"widget\" data-e-type=\"widget\" data-widget_type=\"spacer.default\">\n\t\t\t\t<div class=\"elementor-widget-container\">\n\t\t\t\t\t\t\t<div class=\"elementor-spacer\">\n\t\t\t<div class=\"elementor-spacer-inner\"><\/div>\n\t\t<\/div>\n\t\t\t\t\t\t<\/div>\n\t\t\t\t<\/div>\n\t\t\t\t\t<\/div>\n\t\t\t\t<\/div>\n\t\t<div class=\"xts-negative-gap elementor-element elementor-element-6cdd746 e-flex e-con-boxed xts-section-disabled e-con e-parent\" data-id=\"6cdd746\" data-element_type=\"container\" data-e-type=\"container\">\n\t\t\t\t\t<div class=\"e-con-inner\">\n\t\t\t\t<div class=\"elementor-element elementor-element-9221730 elementor-widget elementor-widget-xts_button\" data-id=\"9221730\" data-element_type=\"widget\" data-e-type=\"widget\" data-widget_type=\"xts_button.default\">\n\t\t\t\t<div class=\"elementor-widget-container\">\n\t\t\t\t\t\t\t\t<div class=\"xts-button-wrapper xts-textalign-center xts-smooth-scroll\"  data-smooth-time=\"100\" data-smooth-offset=\"100\">\n\t\t\t\t\t\t\t\t\t<a class=\"xts-button xts-size-xl xts-style-default xts-color-primary xts-shape-round xts-width-full\"  href=\"https:\/\/doctoflow.com\/fr\/construire-la-confiance-avec-doctoflow\/\">\n\t\t\t\t\t\t<span class=\"xts-button-text\" data-elementor-setting-key=\"button_text\">\n\t\t\t\t\t\t\tNext Video - Construire la confiance avec DoctoFlow\t\t\t\t\t\t<\/span>\n\n\t\t\t\t\t\t\t\t\t\t\t<\/a>\n\t\t\t\t\t\t\t<\/div>\n\t\t\t\t\t\t<\/div>\n\t\t\t\t<\/div>\n\t\t\t\t\t<\/div>\n\t\t\t\t<\/div>\n\t\t\t\t<\/div>","protected":false},"excerpt":{"rendered":"<p>At DoctoFlow, we make it simple for doctors to begin a new chapter in Dubai\u2019s medical world. Our process is designed to remove all complexity \u2014 so you can focus on your career, while we handle the rest. 1. Step One: Initial Consultation Everything begins with a conversation. No paperwork, no pressure \u2014 just an [&hellip;]<\/p>\n","protected":false},"author":1,"featured_media":0,"parent":0,"menu_order":0,"comment_status":"closed","ping_status":"closed","template":"","meta":{"footnotes":""},"class_list":["post-2102","page","type-page","status-publish","hentry"],"_hostinger_reach_plugin_has_subscription_block":false,"_hostinger_reach_plugin_is_elementor":false,"_links":{"self":[{"href":"https:\/\/doctoflow.com\/fr\/wp-json\/wp\/v2\/pages\/2102","targetHints":{"allow":["GET"]}}],"collection":[{"href":"https:\/\/doctoflow.com\/fr\/wp-json\/wp\/v2\/pages"}],"about":[{"href":"https:\/\/doctoflow.com\/fr\/wp-json\/wp\/v2\/types\/page"}],"author":[{"embeddable":true,"href":"https:\/\/doctoflow.com\/fr\/wp-json\/wp\/v2\/users\/1"}],"replies":[{"embeddable":true,"href":"https:\/\/doctoflow.com\/fr\/wp-json\/wp\/v2\/comments?post=2102"}],"version-history":[{"count":12,"href":"https:\/\/doctoflow.com\/fr\/wp-json\/wp\/v2\/pages\/2102\/revisions"}],"predecessor-version":[{"id":2205,"href":"https:\/\/doctoflow.com\/fr\/wp-json\/wp\/v2\/pages\/2102\/revisions\/2205"}],"wp:attachment":[{"href":"https:\/\/doctoflow.com\/fr\/wp-json\/wp\/v2\/media?parent=2102"}],"curies":[{"name":"wp","href":"https:\/\/api.w.org\/{rel}","templated":true}]}}