{"id":661,"date":"2020-02-12T09:49:55","date_gmt":"2020-02-12T09:49:55","guid":{"rendered":"http:\/\/space.xtemos.com\/demo\/venus\/?page_id=661"},"modified":"2025-06-03T19:28:17","modified_gmt":"2025-06-03T19:28:17","slug":"medecine-dentaire","status":"publish","type":"page","link":"https:\/\/doctoflow.com\/fr\/zahnmedizin\/","title":{"rendered":"M\u00e9decine dentaire"},"content":{"rendered":"<div data-elementor-type=\"wp-page\" data-elementor-id=\"661\" class=\"elementor elementor-661\">\n\t\t\t\t\t\t<section class=\"xts-negative-gap elementor-section elementor-top-section elementor-element elementor-element-aabde2c elementor-section-boxed elementor-section-height-default elementor-section-height-default xts-section-disabled\" data-id=\"aabde2c\" data-element_type=\"section\" data-e-type=\"section\">\n\t\t\t\t\t\t<div class=\"elementor-container elementor-column-gap-wide\">\n\t\t\t\t\t<div class=\"elementor-column elementor-col-66 elementor-top-column elementor-element elementor-element-046e579\" data-id=\"046e579\" data-element_type=\"column\" data-e-type=\"column\">\n\t\t\t<div class=\"elementor-widget-wrap elementor-element-populated\">\n\t\t\t\t\t\t<div class=\"elementor-element elementor-element-8ec3077 xts-scheme-inherit xts-textalign-inherit elementor-widget elementor-widget-text-editor\" data-id=\"8ec3077\" data-element_type=\"widget\" data-e-type=\"widget\" data-widget_type=\"text-editor.default\">\n\t\t\t\t<div class=\"elementor-widget-container\">\n\t\t\t\t\t\t\t\t\t<h3><strong data-spm-anchor-id=\"a2ty_o01.29997173.0.i6.3858c9212mR4Lq\">Se lancer avec succ\u00e8s dans la dentisterie aux EAU - Avec DoctorFlow \u00e0 vos c\u00f4t\u00e9s<\/strong><\/h3><p data-spm-anchor-id=\"a2ty_o01.29997173.0.i7.3858c9212mR4Lq\">De l'agr\u00e9ment DHA \u00e0 l'ouverture de votre cabinet dentaire - nous nous chargeons de tout pour vous.<\/p><p data-spm-anchor-id=\"a2ty_o01.29997173.0.i10.3858c9212mR4Lq\">Les EAU sont un march\u00e9 en pleine croissance dans le domaine de la dentisterie, caract\u00e9ris\u00e9 par des investissements importants dans les infrastructures de sant\u00e9 et une demande croissante de services dentaires de qualit\u00e9.<\/p><p data-spm-anchor-id=\"a2ty_o01.29997173.0.i11.3858c9212mR4Lq\"><strong>En tant que dentiste, vous b\u00e9n\u00e9ficiez de :<\/strong><\/p>\t\t\t\t\t\t\t\t<\/div>\n\t\t\t\t<\/div>\n\t\t\t\t<div class=\"elementor-element elementor-element-733d44d elementor-icon-list--layout-traditional elementor-list-item-link-full_width elementor-widget elementor-widget-icon-list\" data-id=\"733d44d\" data-element_type=\"widget\" data-e-type=\"widget\" data-widget_type=\"icon-list.default\">\n\t\t\t\t<div class=\"elementor-widget-container\">\n\t\t\t\t\t\t\t<ul class=\"elementor-icon-list-items\">\n\t\t\t\t\t\t\t<li class=\"elementor-icon-list-item\">\n\t\t\t\t\t\t\t\t\t\t\t<span class=\"elementor-icon-list-icon\">\n\t\t\t\t\t\t\t<svg aria-hidden=\"true\" class=\"e-font-icon-svg e-fas-chevron-right\" viewbox=\"0 0 320 512\" xmlns=\"http:\/\/www.w3.org\/2000\/svg\"><path d=\"M285.476 272.971L91.132 467.314c-9.373 9.373-24.569 9.373-33.941 0l-22.667-22.667c-9.357-9.357-9.375-24.522-.04-33.901L188.505 256 34.484 101.255c-9.335-9.379-9.317-24.544.04-33.901l22.667-22.667c9.373-9.373 24.569-9.373 33.941 0L285.475 239.03c9.373 9.372 9.373 24.568.001 33.941z\"><\/path><\/svg>\t\t\t\t\t\t<\/span>\n\t\t\t\t\t\t\t\t\t\t<span class=\"elementor-icon-list-text\">Une forte demande : une population croissante et un int\u00e9r\u00eat croissant pour la dentisterie esth\u00e9tique.<\/span>\n\t\t\t\t\t\t\t\t\t<\/li>\n\t\t\t\t\t\t\t\t<li class=\"elementor-icon-list-item\">\n\t\t\t\t\t\t\t\t\t\t\t<span class=\"elementor-icon-list-icon\">\n\t\t\t\t\t\t\t<svg aria-hidden=\"true\" class=\"e-font-icon-svg e-fas-chevron-right\" viewbox=\"0 0 320 512\" xmlns=\"http:\/\/www.w3.org\/2000\/svg\"><path d=\"M285.476 272.971L91.132 467.314c-9.373 9.373-24.569 9.373-33.941 0l-22.667-22.667c-9.357-9.357-9.375-24.522-.04-33.901L188.505 256 34.484 101.255c-9.335-9.379-9.317-24.544.04-33.901l22.667-22.667c9.373-9.373 24.569-9.373 33.941 0L285.475 239.03c9.373 9.372 9.373 24.568.001 33.941z\"><\/path><\/svg>\t\t\t\t\t\t<\/span>\n\t\t\t\t\t\t\t\t\t\t<span class=\"elementor-icon-list-text\">Infrastructure moderne : installations et technologies \u00e0 la pointe du progr\u00e8s.<\/span>\n\t\t\t\t\t\t\t\t\t<\/li>\n\t\t\t\t\t\t\t\t<li class=\"elementor-icon-list-item\">\n\t\t\t\t\t\t\t\t\t\t\t<span class=\"elementor-icon-list-icon\">\n\t\t\t\t\t\t\t<svg aria-hidden=\"true\" class=\"e-font-icon-svg e-fas-chevron-right\" viewbox=\"0 0 320 512\" xmlns=\"http:\/\/www.w3.org\/2000\/svg\"><path d=\"M285.476 272.971L91.132 467.314c-9.373 9.373-24.569 9.373-33.941 0l-22.667-22.667c-9.357-9.357-9.375-24.522-.04-33.901L188.505 256 34.484 101.255c-9.335-9.379-9.317-24.544.04-33.901l22.667-22.667c9.373-9.373 24.569-9.373 33.941 0L285.475 239.03c9.373 9.372 9.373 24.568.001 33.941z\"><\/path><\/svg>\t\t\t\t\t\t<\/span>\n\t\t\t\t\t\t\t\t\t\t<span class=\"elementor-icon-list-text\">Visa d'or : en tant que professionnel de la sant\u00e9, vous pouvez facilement obtenir un Golden Visa.<\/span>\n\t\t\t\t\t\t\t\t\t<\/li>\n\t\t\t\t\t\t\t\t<li class=\"elementor-icon-list-item\">\n\t\t\t\t\t\t\t\t\t\t\t<span class=\"elementor-icon-list-icon\">\n\t\t\t\t\t\t\t<svg aria-hidden=\"true\" class=\"e-font-icon-svg e-fas-chevron-right\" viewbox=\"0 0 320 512\" xmlns=\"http:\/\/www.w3.org\/2000\/svg\"><path d=\"M285.476 272.971L91.132 467.314c-9.373 9.373-24.569 9.373-33.941 0l-22.667-22.667c-9.357-9.357-9.375-24.522-.04-33.901L188.505 256 34.484 101.255c-9.335-9.379-9.317-24.544.04-33.901l22.667-22.667c9.373-9.373 24.569-9.373 33.941 0L285.475 239.03c9.373 9.372 9.373 24.568.001 33.941z\"><\/path><\/svg>\t\t\t\t\t\t<\/span>\n\t\t\t\t\t\t\t\t\t\t<span class=\"elementor-icon-list-text\">Des patients internationaux : Les EAU attirent des patients du monde entier \u00e0 la recherche de traitements de qualit\u00e9.<\/span>\n\t\t\t\t\t\t\t\t\t<\/li>\n\t\t\t\t\t\t<\/ul>\n\t\t\t\t\t\t<\/div>\n\t\t\t\t<\/div>\n\t\t\t\t\t<\/div>\n\t\t<\/div>\n\t\t\t\t<div class=\"elementor-column elementor-col-33 elementor-top-column elementor-element elementor-element-270f8e5\" data-id=\"270f8e5\" data-element_type=\"column\" data-e-type=\"column\">\n\t\t\t<div class=\"elementor-widget-wrap elementor-element-populated\">\n\t\t\t\t\t\t<div class=\"elementor-element elementor-element-cbd4ce9 elementor-widget elementor-widget-xts_team_member\" data-id=\"cbd4ce9\" data-element_type=\"widget\" data-e-type=\"widget\" data-widget_type=\"xts_team_member.default\">\n\t\t\t\t<div class=\"elementor-widget-container\">\n\t\t\t\t\t\n\t\t<div class=\"xts-member xts-design-mask xts-textalign-left xts-scheme-light xts-with-bg-color xts-with-shadow\">\n\t\t\t\t\t\t\t<div class=\"xts-member-image\">\n\t\t\t\t\t<img fetchpriority=\"high\" decoding=\"async\" width=\"420\" height=\"658\" src=\"https:\/\/doctoflow.com\/wp-content\/uploads\/2020\/02\/venus-medic-2-opt-1.jpg\" class=\"attachment-full size-full wp-image-552\" alt=\"\" \/>\t\t\t\t<\/div>\n\t\t\t\n\t\t\t<div class=\"xts-member-content xts-reset-mb-10 xts-reset-last\">\n\t\t\t\t\t\t\t\t\t<h4 class=\"xts-member-name xts-fontsize-m\" data-elementor-setting-key=\"name\">\n\t\t\t\t\t\tJohn Woods\t\t\t\t\t<\/h4>\n\t\t\t\t\n\t\t\t\t\t\t\t\t\t<div class=\"xts-member-position xts-fontsize-s\" data-elementor-setting-key=\"position\">\n\t\t\t\t\t\tM\u00e9decine dentaire\t\t\t\t\t<\/div>\n\t\t\t\t\n\t\t\t\t\n\t\t\t\t\t\t\t<\/div>\n\t\t<\/div>\n\n\t\t\t\t\t\t<\/div>\n\t\t\t\t<\/div>\n\t\t\t\t\t<\/div>\n\t\t<\/div>\n\t\t\t\t\t<\/div>\n\t\t<\/section>\n\t\t\t\t<section class=\"xts-negative-gap elementor-section elementor-top-section elementor-element elementor-element-eced782 elementor-section-boxed elementor-section-height-default elementor-section-height-default xts-section-disabled\" data-id=\"eced782\" data-element_type=\"section\" data-e-type=\"section\">\n\t\t\t\t\t\t<div class=\"elementor-container elementor-column-gap-default\">\n\t\t\t\t\t<div class=\"elementor-column elementor-col-100 elementor-top-column elementor-element elementor-element-5586519\" data-id=\"5586519\" data-element_type=\"column\" data-e-type=\"column\">\n\t\t\t<div class=\"elementor-widget-wrap elementor-element-populated\">\n\t\t\t\t\t\t<div class=\"elementor-element elementor-element-31addfb xts-scheme-inherit xts-textalign-inherit elementor-widget elementor-widget-text-editor\" data-id=\"31addfb\" data-element_type=\"widget\" data-e-type=\"widget\" data-widget_type=\"text-editor.default\">\n\t\t\t\t<div class=\"elementor-widget-container\">\n\t\t\t\t\t\t\t\t\t<p data-spm-anchor-id=\"a2ty_o01.29997173.0.i8.3858c9212mR4Lq\">Vous souhaitez vous \u00e9tablir comme dentiste aux EAU ou fonder une clinique dentaire moderne ? Rendez-vous sur <strong>DoctorFlow <\/strong>nous vous assistons \u00e0 chaque \u00e9tape du processus. Nos experts connaissent parfaitement les exigences r\u00e9glementaires de la Dubai Health Authority (DHA) et veillent \u00e0 ce que l'ouverture de votre cabinet se d\u00e9roule sans probl\u00e8me.<\/p><div class=\"my-2\">\u00a0<\/div><p>Que vous souhaitiez ouvrir un petit cabinet dentaire ou une grande clinique, nous proposons des solutions sur mesure qui r\u00e9pondent \u00e0 vos objectifs. Faites confiance \u00e0 notre expertise locale et laissez-nous g\u00e9rer les proc\u00e9dures compliqu\u00e9es \u00e0 votre place.<\/p><p>Ce n'est pas si mal, il y a des copies factices \u00e0 la rescousse. Mais pire, que faire si le poisson ne rentre pas dans le canot, si le pied est trop grand pour le bateau ? Ou trop petit ? Des phrases trop courtes, trop d'en-t\u00eates, des images trop grandes pour le design propos\u00e9, ou trop petites, ou bien elles s'y adaptent mais \u00e7a a l'air inoffensif pour des raisons que les gens de la r\u00e9union ne peuvent pas tout \u00e0 fait expliquer maintenant, mais ils ne sont pas contents, d'une certaine mani\u00e8re.<\/p><p>Un client qui n'est pas content pour une raison est un probl\u00e8me, un client qui n'est pas content bien qu'il ou elle ne puisse pas vraiment mettre le doigt dessus est pire. Mais. A big but : Lorem Ipsum n'est pas la racine du probl\u00e8me, il montre simplement ce qui ne va pas. Les chances sont qu'il n'y a pas eu de collaboration, de communication et de points de contr\u00f4le, qu'il n'y a pas eu de processus convenu ou sp\u00e9cifi\u00e9 avec la granularit\u00e9 requise. La strat\u00e9gie de contenu s'est effondr\u00e9e d\u00e8s le d\u00e9but. Forswearing the use of Lorem Ipsum wouldn't have helped, won't help now.<\/p>\t\t\t\t\t\t\t\t<\/div>\n\t\t\t\t<\/div>\n\t\t\t\t\t<\/div>\n\t\t<\/div>\n\t\t\t\t\t<\/div>\n\t\t<\/section>\n\t\t<div class=\"xts-negative-gap elementor-element elementor-element-b1a7e80 e-flex e-con-boxed xts-section-disabled e-con e-parent\" data-id=\"b1a7e80\" data-element_type=\"container\" data-e-type=\"container\">\n\t\t\t\t\t<div class=\"e-con-inner\">\n\t\t\t\t<div class=\"elementor-element elementor-element-94aede2 elementor-widget elementor-widget-xts_button\" data-id=\"94aede2\" data-element_type=\"widget\" data-e-type=\"widget\" data-widget_type=\"xts_button.default\">\n\t\t\t\t<div class=\"elementor-widget-container\">\n\t\t\t\t\t\t\t\t<div class=\"xts-button-wrapper xts-textalign-center\" >\n\t\t\t\t\t\t\t\t\t<a class=\"xts-button xts-size-xl xts-style-default xts-color-primary xts-shape-round xts-width-full\" href=\"http:\/\/wa.link\/hr0b0m\" target=\"_blank\" rel=\"noopener\">\n\t\t\t\t\t\t<span class=\"xts-button-text\" data-elementor-setting-key=\"button_text\">\n\t\t\t\t\t\t\tContacter maintenant via WhatsApp\t\t\t\t\t\t<\/span>\n\n\t\t\t\t\t\t\t\t\t\t\t<\/a>\n\t\t\t\t\t\t\t<\/div>\n\t\t\t\t\t\t<\/div>\n\t\t\t\t<\/div>\n\t\t\t\t\t<\/div>\n\t\t\t\t<\/div>\n\t\t\t\t<section class=\"xts-negative-gap elementor-section elementor-top-section elementor-element elementor-element-be42099 elementor-section-boxed elementor-section-height-default elementor-section-height-default xts-section-disabled\" data-id=\"be42099\" data-element_type=\"section\" data-e-type=\"section\">\n\t\t\t\t\t\t<div class=\"elementor-container elementor-column-gap-default\">\n\t\t\t\t\t<div class=\"elementor-column elementor-col-50 elementor-top-column elementor-element elementor-element-d58d236\" data-id=\"d58d236\" data-element_type=\"column\" data-e-type=\"column\">\n\t\t\t<div class=\"elementor-widget-wrap elementor-element-populated\">\n\t\t\t\t\t\t<div class=\"elementor-element elementor-element-5291dea elementor-widget elementor-widget-xts_image\" data-id=\"5291dea\" data-element_type=\"widget\" data-e-type=\"widget\" data-widget_type=\"xts_image.default\">\n\t\t\t\t<div class=\"elementor-widget-container\">\n\t\t\t\t\t\t\t\t<div class=\"xts-image-single xts-textalign-center\">\n\t\t\t\t<figure class=\"xts-image\">\n\t\t\t\t\t\t\t\t\t\t\t<div class=\"xts-image-inner\">\n\t\t\t\t\t\n\t\t\t\t\t\t<img decoding=\"async\" width=\"600\" height=\"370\" src=\"https:\/\/doctoflow.com\/wp-content\/uploads\/2020\/02\/venus-depatmens-4-opt.jpg\" class=\"attachment-full size-full wp-image-721\" alt=\"\" \/>\n\t\t\t\t\t\t\t\t\t\t\t<\/div>\n\t\t\t\t\t\n\t\t\t\t\t\t\t\t\t<\/figure>\n\n\t\t\t\t\t\t\t<\/div>\n\t\t\t\t\t\t<\/div>\n\t\t\t\t<\/div>\n\t\t\t\t\t<\/div>\n\t\t<\/div>\n\t\t\t\t<div class=\"elementor-column elementor-col-50 elementor-top-column elementor-element elementor-element-5b982e6\" data-id=\"5b982e6\" data-element_type=\"column\" data-e-type=\"column\">\n\t\t\t<div class=\"elementor-widget-wrap elementor-element-populated\">\n\t\t\t\t\t\t<div class=\"elementor-element elementor-element-01bea04 xts-scheme-inherit xts-textalign-inherit elementor-widget elementor-widget-text-editor\" data-id=\"01bea04\" data-element_type=\"widget\" data-e-type=\"widget\" data-widget_type=\"text-editor.default\">\n\t\t\t\t<div class=\"elementor-widget-container\">\n\t\t\t\t\t\t\t\t\t<h3><strong data-spm-anchor-id=\"a2ty_o01.29997173.0.i15.3858c9212mR4Lq\">Nos services complets pour les dentistes aux EAU<\/strong><\/h3><p data-spm-anchor-id=\"a2ty_o01.29997173.0.i16.3858c9212mR4Lq\">Nous proposons un <strong>Service complet <\/strong>qui r\u00e9pond \u00e0 tous les besoins. Voici comment nous vous soutenons :<\/p><div class=\"my-2\">\u00a0<\/div><ol start=\"1\"><li><p><strong>Agr\u00e9ment DHA et autorisation d'exercer :<\/strong><br \/>Nous nous occupons de tous les documents n\u00e9cessaires \u00e0 la demande d'agr\u00e9ment DHA, des logbooks aux dipl\u00f4mes universitaires en passant par les traductions.<\/p><\/li><li><p><strong>Cr\u00e9ation d'une LLC\/d'un cabinet :<\/strong><br \/>Nous vous aidons \u00e0 cr\u00e9er une Limited Liability Company (LLC) et veillons \u00e0 ce que toutes les exigences l\u00e9gales soient remplies.<\/p><\/li><li><p><strong>Am\u00e9nagement de l'espace et appareils :<\/strong><br \/>De la planification des locaux \u00e0 l'achat d'\u00e9quipements dentaires de pointe, nous veillons \u00e0 ce que votre cabinet r\u00e9ponde aux normes les plus strictes.<\/p><\/li><li><p><strong>Assurances et conformit\u00e9 :<\/strong><br \/>Nous organisons les assurances malpractice n\u00e9cessaires et veillons \u00e0 la pleine conformit\u00e9 avec les r\u00e9glementations locales.<\/p><\/li><li><p><strong>Marketing et acquisition de patients :<\/strong><br \/>Nous vous aidons \u00e0 faire conna\u00eetre votre cabinet et \u00e0 attirer des patients - au niveau local et international.<\/p><\/li><\/ol><div class=\"my-2\">\u00a0<\/div><hr \/><h3><strong>FAQ - Foire aux questions<\/strong><\/h3><h3><strong>Tout ce que vous devez savoir sur la dentisterie aux EAU<\/strong><\/h3><p><strong>Quelles conditions dois-je remplir en tant que dentiste pour pouvoir pratiquer aux EAU ?<\/strong><\/p><p>Pour exercer la profession de dentiste aux EAU, vous devez obtenir une autorisation de l'Autorit\u00e9 sanitaire de Duba\u00ef (DHA). Celle-ci requiert entre autres<\/p><ul><li>Un dipl\u00f4me universitaire en m\u00e9decine dentaire<\/li><li>Au moins deux ans d'exp\u00e9rience professionnelle<\/li><li>Documents traduits et certifi\u00e9s<\/li><li>Eventuellement un test de branche en anglais<\/li><\/ul><div class=\"my-2\">\u00a0<\/div><p>Nous vous aidons \u00e0 rassembler tous les documents n\u00e9cessaires et vous guidons tout au long du processus.<\/p><div class=\"my-2\">\u00a0<\/div><p><strong>Puis-je apporter mes propres appareils d'Allemagne ?<\/strong><\/p><p>Oui, mais il y a des restrictions. Tous les appareils ne sont pas autoris\u00e9s aux EAU et il peut y avoir des diff\u00e9rences au niveau des raccordements \u00e9lectriques et des normes techniques. Nous pouvons vous conseiller sur le choix et l'achat des appareils appropri\u00e9s.<\/p><p><strong>Combien de temps dure le processus d'autorisation de la DHA ?<\/strong><\/p><p>Le d\u00e9lai varie en fonction de la complexit\u00e9 de votre cas et de la communication entre les autorit\u00e9s. En g\u00e9n\u00e9ral, cela prend entre 4 semaines et 6 mois. Nous optimisons le processus afin de le cl\u00f4turer le plus rapidement possible.<\/p><p><strong>Combien co\u00fbte l'ouverture d'un cabinet dentaire aux EAU ?<\/strong><\/p><p>Les co\u00fbts d\u00e9pendent du type d'\u00e9tablissement :<\/p><ul><li>Petite pratique : \u00e0 partir d'environ 100.000 AED<\/li><li>H\u00f4pital de jour : \u00e0 partir d'environ 500.000 AED<\/li><li>Clinique compl\u00e8te : plusieurs millions d'AED<\/li><\/ul><div class=\"my-2\">\u00a0<\/div><p>Nous \u00e9tablissons une estimation d\u00e9taill\u00e9e des co\u00fbts en fonction de vos besoins.<\/p><h3>\u00a0<\/h3><p><strong>Ce que disent nos clients<\/strong><\/p><div class=\"my-2\">\u00a0<\/div><p>\"DoctorFlow nous a apport\u00e9 un soutien exceptionnel lors de l'ouverture de notre cabinet dentaire \u00e0 Duba\u00ef. L'ensemble du processus s'est d\u00e9roul\u00e9 sans stress et de mani\u00e8re professionnelle. Nous ne pouvons que recommander vivement cette \u00e9quipe !\"<br \/>- Dr. Anna M\u00fcller, dentiste<\/p><div class=\"my-2\">\u00a0<\/div><p>\"De l'agr\u00e9ment DHA \u00e0 l'am\u00e9nagement des locaux, DoctorFlow nous a accompagn\u00e9s \u00e0 chaque \u00e9tape. Nous sommes ravis de la qualit\u00e9 du service\".<br \/>- Dr Ahmed Al-Farsi, fondateur d'une clinique dentaire<\/p><div class=\"my-2\">\u00a0<\/div><hr \/><h3><strong>6. agir maintenant<\/strong><\/h3><p><strong>Commencez votre carri\u00e8re de dentiste aux EAU - D\u00e8s aujourd'hui !<\/strong><\/p><p>Les EAU offrent d'innombrables possibilit\u00e9s aux dentistes qui souhaitent s'y \u00e9tablir. Faites-vous aider par notre \u00e9quipe d'experts et transformez votre vision en r\u00e9alit\u00e9.<\/p>\t\t\t\t\t\t\t\t<\/div>\n\t\t\t\t<\/div>\n\t\t\t\t\t<\/div>\n\t\t<\/div>\n\t\t\t\t\t<\/div>\n\t\t<\/section>\n\t\t<div class=\"xts-negative-gap elementor-element elementor-element-2314f91 e-flex e-con-boxed xts-section-disabled e-con e-parent\" data-id=\"2314f91\" data-element_type=\"container\" data-e-type=\"container\">\n\t\t\t\t\t<div class=\"e-con-inner\">\n\t\t\t\t<div class=\"elementor-element elementor-element-0d80c82 elementor-widget elementor-widget-xts_button\" data-id=\"0d80c82\" data-element_type=\"widget\" data-e-type=\"widget\" data-widget_type=\"xts_button.default\">\n\t\t\t\t<div class=\"elementor-widget-container\">\n\t\t\t\t\t\t\t\t<div class=\"xts-button-wrapper xts-textalign-center\" >\n\t\t\t\t\t\t\t\t\t<a class=\"xts-button xts-size-xl xts-style-default xts-color-primary xts-shape-round xts-width-full\" href=\"http:\/\/wa.link\/hr0b0m\" target=\"_blank\" rel=\"noopener\">\n\t\t\t\t\t\t<span class=\"xts-button-text\" data-elementor-setting-key=\"button_text\">\n\t\t\t\t\t\t\tContacter maintenant via WhatsApp\t\t\t\t\t\t<\/span>\n\n\t\t\t\t\t\t\t\t\t\t\t<\/a>\n\t\t\t\t\t\t\t<\/div>\n\t\t\t\t\t\t<\/div>\n\t\t\t\t<\/div>\n\t\t\t\t\t<\/div>\n\t\t\t\t<\/div>\n\t\t\t\t<\/div>","protected":false},"excerpt":{"rendered":"<p>Erfolgreich in die Zahnmedizin in den VAE starten \u2013 Mit DoctorFlow an Ihrer Seite Von der DHA-Zulassung bis zur Er\u00f6ffnung Ihrer Zahnarztpraxis \u2013 Wir \u00fcbernehmen alles f\u00fcr Sie. Die VAE sind ein wachsender Markt f\u00fcr Zahnmedizin, der durch hohe Investitionen in Gesundheitsinfrastruktur und eine steigende Nachfrage nach hochwertigen zahnmedizinischen Dienstleistungen gekennzeichnet ist. Als Zahnarzt profitieren [&hellip;]<\/p>\n","protected":false},"author":1,"featured_media":0,"parent":0,"menu_order":4,"comment_status":"closed","ping_status":"closed","template":"","meta":{"footnotes":""},"class_list":["post-661","page","type-page","status-publish","hentry"],"_hostinger_reach_plugin_has_subscription_block":false,"_hostinger_reach_plugin_is_elementor":false,"_links":{"self":[{"href":"https:\/\/doctoflow.com\/fr\/wp-json\/wp\/v2\/pages\/661","targetHints":{"allow":["GET"]}}],"collection":[{"href":"https:\/\/doctoflow.com\/fr\/wp-json\/wp\/v2\/pages"}],"about":[{"href":"https:\/\/doctoflow.com\/fr\/wp-json\/wp\/v2\/types\/page"}],"author":[{"embeddable":true,"href":"https:\/\/doctoflow.com\/fr\/wp-json\/wp\/v2\/users\/1"}],"replies":[{"embeddable":true,"href":"https:\/\/doctoflow.com\/fr\/wp-json\/wp\/v2\/comments?post=661"}],"version-history":[{"count":16,"href":"https:\/\/doctoflow.com\/fr\/wp-json\/wp\/v2\/pages\/661\/revisions"}],"predecessor-version":[{"id":1743,"href":"https:\/\/doctoflow.com\/fr\/wp-json\/wp\/v2\/pages\/661\/revisions\/1743"}],"wp:attachment":[{"href":"https:\/\/doctoflow.com\/fr\/wp-json\/wp\/v2\/media?parent=661"}],"curies":[{"name":"wp","href":"https:\/\/api.w.org\/{rel}","templated":true}]}}