{"id":667,"date":"2020-02-12T09:52:03","date_gmt":"2020-02-12T09:52:03","guid":{"rendered":"http:\/\/space.xtemos.com\/demo\/venus\/?page_id=667"},"modified":"2025-04-12T14:37:03","modified_gmt":"2025-04-12T14:37:03","slug":"gynecologie","status":"publish","type":"page","link":"https:\/\/doctoflow.com\/fr\/gynecologie\/","title":{"rendered":"Gyn\u00e9cologie"},"content":{"rendered":"<span class=\"span-reading-time rt-reading-time\" style=\"display: block;\"><span class=\"rt-label rt-prefix\">Reading Time: <\/span> <span class=\"rt-time\"> 4<\/span> <span class=\"rt-label rt-postfix\">minutes<\/span><\/span>\t\t<div data-elementor-type=\"wp-page\" data-elementor-id=\"667\" class=\"elementor elementor-667\">\n\t\t\t\t\t\t<section class=\"xts-negative-gap elementor-section elementor-top-section elementor-element elementor-element-c0375df elementor-section-boxed elementor-section-height-default elementor-section-height-default xts-section-disabled\" data-id=\"c0375df\" data-element_type=\"section\" data-e-type=\"section\">\n\t\t\t\t\t\t<div class=\"elementor-container elementor-column-gap-wide\">\n\t\t\t\t\t<div class=\"elementor-column elementor-col-66 elementor-top-column elementor-element elementor-element-d86f9e3\" data-id=\"d86f9e3\" data-element_type=\"column\" data-e-type=\"column\">\n\t\t\t<div class=\"elementor-widget-wrap elementor-element-populated\">\n\t\t\t\t\t\t<div class=\"elementor-element elementor-element-4cfb7cf xts-scheme-inherit xts-textalign-inherit elementor-widget elementor-widget-text-editor\" data-id=\"4cfb7cf\" data-element_type=\"widget\" data-e-type=\"widget\" data-widget_type=\"text-editor.default\">\n\t\t\t\t<div class=\"elementor-widget-container\">\n\t\t\t\t\t\t\t\t\t<h3 data-spm-anchor-id=\"a2ty_o01.29997173.0.i24.3858c9212mR4Lq\"><strong data-spm-anchor-id=\"a2ty_o01.29997173.0.i23.3858c9212mR4Lq\">Erfolgreich in die Gyn\u00e4kologie in den VAE starten \u2013 Mit DoctorFlow an Ihrer Seite<\/strong><\/h3><p data-spm-anchor-id=\"a2ty_o01.29997173.0.i25.3858c9212mR4Lq\">Von der DHA-Zulassung bis zur Er\u00f6ffnung Ihrer Frauenarztpraxis \u2013 Wir \u00fcbernehmen alles f\u00fcr Sie.<\/p><p data-spm-anchor-id=\"a2ty_o01.29997173.0.i26.3858c9212mR4Lq\">M\u00f6chten Sie als Gyn\u00e4kologe\/in in den VAE Fu\u00df fassen oder eine moderne Frauenarztpraxis gr\u00fcnden? Bei <strong>DoctorFlow <\/strong>unterst\u00fctzen wir Sie bei jedem Schritt des Prozesses. Unsere Experten kennen die regulatorischen Anforderungen der Dubai Health Authority (DHA) genau und sorgen daf\u00fcr, dass Ihre Praxis reibungslos er\u00f6ffnet wird.<\/p><p data-spm-anchor-id=\"a2ty_o01.29997173.0.i26.3858c9212mR4Lq\">Ob Sie eine kleine Praxis oder eine spezialisierte Klinik f\u00fcr Frauenheilkunde er\u00f6ffnen m\u00f6chten \u2013 wir bieten ma\u00dfgeschneiderte L\u00f6sungen, die Ihren Zielen entsprechen. Vertrauen Sie auf unsere lokale Expertise und lassen Sie uns die komplizierten Abl\u00e4ufe f\u00fcr Sie \u00fcbernehmen.<\/p><p>Die VAE sind ein wachsender Markt f\u00fcr medizinische Fachrichtungen, insbesondere f\u00fcr die Gyn\u00e4kologie. Die Nachfrage nach hochwertigen frauen\u00e4rztlichen Dienstleistungen steigt kontinuierlich, sowohl bei der lokalen Bev\u00f6lkerung als auch bei internationalen Patienten.<\/p><p><strong>Als Gyn\u00e4kologe\/in profitieren Sie von:<\/strong><\/p>\t\t\t\t\t\t\t\t<\/div>\n\t\t\t\t<\/div>\n\t\t\t\t<div class=\"elementor-element elementor-element-b4f386f elementor-icon-list--layout-traditional elementor-list-item-link-full_width elementor-widget elementor-widget-icon-list\" data-id=\"b4f386f\" data-element_type=\"widget\" data-e-type=\"widget\" data-widget_type=\"icon-list.default\">\n\t\t\t\t<div class=\"elementor-widget-container\">\n\t\t\t\t\t\t\t<ul class=\"elementor-icon-list-items\">\n\t\t\t\t\t\t\t<li class=\"elementor-icon-list-item\">\n\t\t\t\t\t\t\t\t\t\t\t<span class=\"elementor-icon-list-icon\">\n\t\t\t\t\t\t\t<svg aria-hidden=\"true\" class=\"e-font-icon-svg e-fas-chevron-right\" viewBox=\"0 0 320 512\" xmlns=\"http:\/\/www.w3.org\/2000\/svg\"><path d=\"M285.476 272.971L91.132 467.314c-9.373 9.373-24.569 9.373-33.941 0l-22.667-22.667c-9.357-9.357-9.375-24.522-.04-33.901L188.505 256 34.484 101.255c-9.335-9.379-9.317-24.544.04-33.901l22.667-22.667c9.373-9.373 24.569-9.373 33.941 0L285.475 239.03c9.373 9.372 9.373 24.568.001 33.941z\"><\/path><\/svg>\t\t\t\t\t\t<\/span>\n\t\t\t\t\t\t\t\t\t\t<span class=\"elementor-icon-list-text\">Hoher Nachfrage: Wachsende Bev\u00f6lkerung und steigender Fokus auf pr\u00e4ventive Gesundheitsversorgung.<\/span>\n\t\t\t\t\t\t\t\t\t<\/li>\n\t\t\t\t\t\t\t\t<li class=\"elementor-icon-list-item\">\n\t\t\t\t\t\t\t\t\t\t\t<span class=\"elementor-icon-list-icon\">\n\t\t\t\t\t\t\t<svg aria-hidden=\"true\" class=\"e-font-icon-svg e-fas-chevron-right\" viewBox=\"0 0 320 512\" xmlns=\"http:\/\/www.w3.org\/2000\/svg\"><path d=\"M285.476 272.971L91.132 467.314c-9.373 9.373-24.569 9.373-33.941 0l-22.667-22.667c-9.357-9.357-9.375-24.522-.04-33.901L188.505 256 34.484 101.255c-9.335-9.379-9.317-24.544.04-33.901l22.667-22.667c9.373-9.373 24.569-9.373 33.941 0L285.475 239.03c9.373 9.372 9.373 24.568.001 33.941z\"><\/path><\/svg>\t\t\t\t\t\t<\/span>\n\t\t\t\t\t\t\t\t\t\t<span class=\"elementor-icon-list-text\">Moderne Infrastruktur: State-of-the-art Einrichtungen und Technologien.<\/span>\n\t\t\t\t\t\t\t\t\t<\/li>\n\t\t\t\t\t\t\t\t<li class=\"elementor-icon-list-item\">\n\t\t\t\t\t\t\t\t\t\t\t<span class=\"elementor-icon-list-icon\">\n\t\t\t\t\t\t\t<svg aria-hidden=\"true\" class=\"e-font-icon-svg e-fas-chevron-right\" viewBox=\"0 0 320 512\" xmlns=\"http:\/\/www.w3.org\/2000\/svg\"><path d=\"M285.476 272.971L91.132 467.314c-9.373 9.373-24.569 9.373-33.941 0l-22.667-22.667c-9.357-9.357-9.375-24.522-.04-33.901L188.505 256 34.484 101.255c-9.335-9.379-9.317-24.544.04-33.901l22.667-22.667c9.373-9.373 24.569-9.373 33.941 0L285.475 239.03c9.373 9.372 9.373 24.568.001 33.941z\"><\/path><\/svg>\t\t\t\t\t\t<\/span>\n\t\t\t\t\t\t\t\t\t\t<span class=\"elementor-icon-list-text\">Goldenes Visum: Als Fachkraft im Gesundheitswesen k\u00f6nnen Sie leicht ein Golden Visa erhalten.<\/span>\n\t\t\t\t\t\t\t\t\t<\/li>\n\t\t\t\t\t\t<\/ul>\n\t\t\t\t\t\t<\/div>\n\t\t\t\t<\/div>\n\t\t\t\t\t<\/div>\n\t\t<\/div>\n\t\t\t\t<div class=\"elementor-column elementor-col-33 elementor-top-column elementor-element elementor-element-c422764\" data-id=\"c422764\" data-element_type=\"column\" data-e-type=\"column\">\n\t\t\t<div class=\"elementor-widget-wrap elementor-element-populated\">\n\t\t\t\t\t\t<div class=\"elementor-element elementor-element-c2c58e2 elementor-widget elementor-widget-xts_team_member\" data-id=\"c2c58e2\" data-element_type=\"widget\" data-e-type=\"widget\" data-widget_type=\"xts_team_member.default\">\n\t\t\t\t<div class=\"elementor-widget-container\">\n\t\t\t\t\t\n\t\t<div class=\"xts-member xts-design-mask xts-textalign-left xts-scheme-light xts-with-bg-color xts-with-shadow\">\n\t\t\t\t\t\t\t<div class=\"xts-member-image\">\n\t\t\t\t\t<img fetchpriority=\"high\" decoding=\"async\" width=\"420\" height=\"658\" src=\"https:\/\/doctoflow.com\/wp-content\/uploads\/2020\/02\/venus-medic-1-opt-1.jpg\" class=\"attachment-full size-full wp-image-551\" alt=\"\" data-wp-pid=\"551\" \/>\t\t\t\t<\/div>\n\t\t\t\n\t\t\t<div class=\"xts-member-content xts-reset-mb-10 xts-reset-last\">\n\t\t\t\t\t\t\t\t\t<h4 class=\"xts-member-name xts-fontsize-m\" data-elementor-setting-key=\"name\">\n\t\t\t\t\t\tMary Hunt\t\t\t\t\t<\/h4>\n\t\t\t\t\n\t\t\t\t\t\t\t\t\t<div class=\"xts-member-position xts-fontsize-s\" data-elementor-setting-key=\"position\">\n\t\t\t\t\t\tGyn\u00e4kologin\t\t\t\t\t<\/div>\n\t\t\t\t\n\t\t\t\t\n\t\t\t\t\t\t\t<\/div>\n\t\t<\/div>\n\n\t\t\t\t\t\t<\/div>\n\t\t\t\t<\/div>\n\t\t\t\t\t<\/div>\n\t\t<\/div>\n\t\t\t\t\t<\/div>\n\t\t<\/section>\n\t\t<div class=\"xts-negative-gap elementor-element elementor-element-8fa6203 e-flex e-con-boxed xts-section-disabled e-con e-parent\" data-id=\"8fa6203\" data-element_type=\"container\" data-e-type=\"container\">\n\t\t\t\t\t<div class=\"e-con-inner\">\n\t\t\t\t<div class=\"elementor-element elementor-element-3797554 elementor-widget elementor-widget-xts_button\" data-id=\"3797554\" data-element_type=\"widget\" data-e-type=\"widget\" data-widget_type=\"xts_button.default\">\n\t\t\t\t<div class=\"elementor-widget-container\">\n\t\t\t\t\t\t\t\t<div class=\"xts-button-wrapper xts-textalign-center\" >\n\t\t\t\t\t\t\t\t\t<a class=\"xts-button xts-size-xl xts-style-default xts-color-primary xts-shape-round xts-width-full\" href=\"http:\/\/wa.link\/hr0b0m\" target=\"_blank\" rel=\"noopener\">\n\t\t\t\t\t\t<span class=\"xts-button-text\" data-elementor-setting-key=\"button_text\">\n\t\t\t\t\t\t\tJetzt \u00fcber WhatsApp kontaktieren\t\t\t\t\t\t<\/span>\n\n\t\t\t\t\t\t\t\t\t\t\t<\/a>\n\t\t\t\t\t\t\t<\/div>\n\t\t\t\t\t\t<\/div>\n\t\t\t\t<\/div>\n\t\t\t\t\t<\/div>\n\t\t\t\t<\/div>\n\t\t\t\t<section class=\"xts-negative-gap elementor-section elementor-top-section elementor-element elementor-element-bc1c0e8 elementor-section-boxed elementor-section-height-default elementor-section-height-default xts-section-disabled\" data-id=\"bc1c0e8\" data-element_type=\"section\" data-e-type=\"section\">\n\t\t\t\t\t\t<div class=\"elementor-container elementor-column-gap-default\">\n\t\t\t\t\t<div class=\"elementor-column elementor-col-100 elementor-top-column elementor-element elementor-element-4e7076e\" data-id=\"4e7076e\" data-element_type=\"column\" data-e-type=\"column\">\n\t\t\t<div class=\"elementor-widget-wrap elementor-element-populated\">\n\t\t\t\t\t\t<div class=\"elementor-element elementor-element-1163da8 xts-scheme-inherit xts-textalign-inherit elementor-widget elementor-widget-text-editor\" data-id=\"1163da8\" data-element_type=\"widget\" data-e-type=\"widget\" data-widget_type=\"text-editor.default\">\n\t\t\t\t<div class=\"elementor-widget-container\">\n\t\t\t\t\t\t\t\t\t<h3><strong data-spm-anchor-id=\"a2ty_o01.29997173.0.i32.3858c9212mR4Lq\">Unsere umfassenden Dienstleistungen f\u00fcr Gyn\u00e4kologen in den VAE<\/strong><\/h3><p data-spm-anchor-id=\"a2ty_o01.29997173.0.i33.3858c9212mR4Lq\">Wir bieten einen <strong>Komplettservice <\/strong>, der keine W\u00fcnsche offenl\u00e4sst. Hier ist, wie wir Sie unterst\u00fctzen:<\/p><ol start=\"1\"><li><p><strong>DHA-Zulassung und Approbation:<\/strong><br \/>Wir k\u00fcmmern uns um alle Dokumente, die f\u00fcr die Beantragung der DHA-Zulassung ben\u00f6tigt werden \u2013 von Logbooks \u00fcber universit\u00e4re Abschl\u00fcsse bis hin zu \u00dcbersetzungen.<\/p><\/li><li><p><strong>Gr\u00fcndung einer LLC\/Praxis:<\/strong><br \/>Wir helfen Ihnen bei der Gr\u00fcndung einer Limited Liability Company (LLC) und sorgen daf\u00fcr, dass alle rechtlichen Anforderungen erf\u00fcllt sind.<\/p><\/li><li><p><strong>Raumausstattung und Ger\u00e4te:<\/strong><br \/>Von der Planung der R\u00e4umlichkeiten bis zur Beschaffung modernster gyn\u00e4kologischer Ger\u00e4te \u2013 wir stellen sicher, dass Ihre Praxis den h\u00f6chsten Standards entspricht.<\/p><\/li><li><p><strong>Versicherungen und Compliance:<\/strong><br \/>Wir organisieren die n\u00f6tigen Malpractice-Versicherungen und sorgen f\u00fcr volle Konformit\u00e4t mit den lokalen Vorschriften.<\/p><\/li><li><p><strong>Marketing und Patientenakquise:<\/strong><br \/>Wir unterst\u00fctzen Sie dabei, Ihre Praxis bekannt zu machen und Patienten anzuziehen \u2013 lokal und international.<\/p><\/li><\/ol><p>\u00a0<\/p><hr \/><h3><strong>FAQ \u2013 H\u00e4ufig gestellte Fragen<\/strong><\/h3><p><strong>Alles, was Sie \u00fcber Gyn\u00e4kologie in den VAE wissen m\u00fcssen<\/strong><\/p><p><strong>Welche Voraussetzungen muss ich als Gyn\u00e4kologe\/in erf\u00fcllen, um in den VAE zu praktizieren?<\/strong><\/p><p>Um als Gyn\u00e4kologe\/in in den VAE t\u00e4tig zu sein, ben\u00f6tigen Sie eine Approbation von der Dubai Health Authority (DHA). Diese erfordert unter anderem:<\/p><ul><li>Einen universit\u00e4ren Abschluss in Gyn\u00e4kologie<\/li><li>Mindestens zwei Jahre Berufserfahrung<\/li><li>\u00dcbersetzte und beglaubigte Dokumente<\/li><li>M\u00f6glicherweise einen Fachtest auf Englisch<\/li><\/ul><p>Wir helfen Ihnen bei der Zusammenstellung aller erforderlichen Unterlagen und f\u00fchren Sie durch den gesamten Prozess.<\/p>\t\t\t\t\t\t\t\t<\/div>\n\t\t\t\t<\/div>\n\t\t\t\t\t<\/div>\n\t\t<\/div>\n\t\t\t\t\t<\/div>\n\t\t<\/section>\n\t\t\t\t<section class=\"xts-negative-gap elementor-section elementor-top-section elementor-element elementor-element-19b2b48 elementor-section-boxed elementor-section-height-default elementor-section-height-default xts-section-disabled\" data-id=\"19b2b48\" data-element_type=\"section\" data-e-type=\"section\">\n\t\t\t\t\t\t<div class=\"elementor-container elementor-column-gap-default\">\n\t\t\t\t\t<div class=\"elementor-column elementor-col-50 elementor-top-column elementor-element elementor-element-a677a7b\" data-id=\"a677a7b\" data-element_type=\"column\" data-e-type=\"column\">\n\t\t\t<div class=\"elementor-widget-wrap elementor-element-populated\">\n\t\t\t\t\t\t<div class=\"elementor-element elementor-element-a432e83 elementor-widget elementor-widget-xts_image\" data-id=\"a432e83\" data-element_type=\"widget\" data-e-type=\"widget\" data-widget_type=\"xts_image.default\">\n\t\t\t\t<div class=\"elementor-widget-container\">\n\t\t\t\t\t\t\t\t<div class=\"xts-image-single xts-textalign-center\">\n\t\t\t\t<figure class=\"xts-image\">\n\t\t\t\t\t\t\t\t\t\t\t<div class=\"xts-image-inner\">\n\t\t\t\t\t\n\t\t\t\t\t\t<img decoding=\"async\" width=\"600\" height=\"371\" src=\"https:\/\/doctoflow.com\/wp-content\/uploads\/2020\/02\/venus-depatmens-3-opt.jpg\" class=\"attachment-full size-full wp-image-720\" alt=\"\" data-wp-pid=\"720\" \/>\n\t\t\t\t\t\t\t\t\t\t\t<\/div>\n\t\t\t\t\t\n\t\t\t\t\t\t\t\t\t<\/figure>\n\n\t\t\t\t\t\t\t<\/div>\n\t\t\t\t\t\t<\/div>\n\t\t\t\t<\/div>\n\t\t\t\t\t<\/div>\n\t\t<\/div>\n\t\t\t\t<div class=\"elementor-column elementor-col-50 elementor-top-column elementor-element elementor-element-85f8fa8\" data-id=\"85f8fa8\" data-element_type=\"column\" data-e-type=\"column\">\n\t\t\t<div class=\"elementor-widget-wrap elementor-element-populated\">\n\t\t\t\t\t\t<div class=\"elementor-element elementor-element-7634d4c xts-scheme-inherit xts-textalign-inherit elementor-widget elementor-widget-text-editor\" data-id=\"7634d4c\" data-element_type=\"widget\" data-e-type=\"widget\" data-widget_type=\"text-editor.default\">\n\t\t\t\t<div class=\"elementor-widget-container\">\n\t\t\t\t\t\t\t\t\t<div class=\"mt-[-4px]\"><div class=\"chat-assistant markdown-prose w-full min-w-full svelte-kicyhr\" dir=\"auto\"><div class=\" \"><div id=\"response-content-container\" class=\"relative flex w-full max-w-full flex-col\"><p data-spm-anchor-id=\"a2ty_o01.29997173.0.i24.3858c9212mR4Lq\"><strong data-spm-anchor-id=\"a2ty_o01.29997173.0.i23.3858c9212mR4Lq\">Erfolgreich in die Gyn\u00e4kologie in den VAE starten \u2013 Mit DoctorFlow an Ihrer Seite<\/strong><\/p><p data-spm-anchor-id=\"a2ty_o01.29997173.0.i25.3858c9212mR4Lq\">Von der DHA-Zulassung bis zur Er\u00f6ffnung Ihrer Frauenarztpraxis \u2013 Wir \u00fcbernehmen alles f\u00fcr Sie.<\/p><p data-spm-anchor-id=\"a2ty_o01.29997173.0.i26.3858c9212mR4Lq\">M\u00f6chten Sie als Gyn\u00e4kologe\/in in den VAE Fu\u00df fassen oder eine moderne Frauenarztpraxis gr\u00fcnden? Bei <strong>DoctorFlow <\/strong>unterst\u00fctzen wir Sie bei jedem Schritt des Prozesses. Unsere Experten kennen die regulatorischen Anforderungen der Dubai Health Authority (DHA) genau und sorgen daf\u00fcr, dass Ihre Praxis reibungslos er\u00f6ffnet wird.<\/p><p data-spm-anchor-id=\"a2ty_o01.29997173.0.i27.3858c9212mR4Lq\">Ob Sie eine kleine Praxis oder eine spezialisierte Klinik f\u00fcr Frauenheilkunde er\u00f6ffnen m\u00f6chten \u2013 wir bieten ma\u00dfgeschneiderte L\u00f6sungen, die Ihren Zielen entsprechen. Vertrauen Sie auf unsere lokale Expertise und lassen Sie uns die komplizierten Abl\u00e4ufe f\u00fcr Sie \u00fcbernehmen.<\/p><div class=\"my-2\"><span style=\"font-size: 15px;\">\u00a0<\/span><\/div><hr \/><h3><strong>Warum Gyn\u00e4kologie in den VAE?<\/strong><\/h3><p><strong>Warum die VAE ein attraktiver Standort f\u00fcr Gyn\u00e4kologen sind<\/strong><\/p><p>Die VAE sind ein wachsender Markt f\u00fcr medizinische Fachrichtungen, insbesondere f\u00fcr die Gyn\u00e4kologie. Die Nachfrage nach hochwertigen frauen\u00e4rztlichen Dienstleistungen steigt kontinuierlich, sowohl bei der lokalen Bev\u00f6lkerung als auch bei internationalen Patienten.<\/p><p>Als Gyn\u00e4kologe\/in profitieren Sie von:<\/p><ul><li><strong>Hoher Nachfrage: <\/strong>Wachsende Bev\u00f6lkerung und steigender Fokus auf pr\u00e4ventive Gesundheitsversorgung.<\/li><li><strong data-spm-anchor-id=\"a2ty_o01.29997173.0.i29.3858c9212mR4Lq\">Moderne Infrastruktur: <\/strong>State-of-the-art Einrichtungen und Technologien.<\/li><li data-spm-anchor-id=\"a2ty_o01.29997173.0.i30.3858c9212mR4Lq\"><strong>Goldenes Visum: <\/strong>Als Fachkraft im Gesundheitswesen k\u00f6nnen Sie leicht ein Golden Visa erhalten.<\/li><li data-spm-anchor-id=\"a2ty_o01.29997173.0.i31.3858c9212mR4Lq\"><strong>Internationale Patienten: <\/strong>Die VAE ziehen Patienten aus der ganzen Welt an, die qualitativ hochwertige Behandlungen suchen.<\/li><\/ul><div class=\"my-2\">\u00a0<\/div><p>Mit <strong>DoctorFlow <\/strong>nutzen Sie diese Chancen optimal \u2013 wir helfen Ihnen, sich in diesem dynamischen Markt zu etablieren.<\/p><div class=\"my-2\">\u00a0<\/div><hr \/><h3><strong>Unser Service f\u00fcr Gyn\u00e4kologen<\/strong><\/h3><p><strong data-spm-anchor-id=\"a2ty_o01.29997173.0.i32.3858c9212mR4Lq\">Unsere umfassenden Dienstleistungen f\u00fcr Gyn\u00e4kologen in den VAE<\/strong><\/p><p data-spm-anchor-id=\"a2ty_o01.29997173.0.i33.3858c9212mR4Lq\">Wir bieten einen <strong>Komplettservice <\/strong>, der keine W\u00fcnsche offenl\u00e4sst. Hier ist, wie wir Sie unterst\u00fctzen:<\/p><ol start=\"1\"><li><p><strong>DHA-Zulassung und Approbation:<\/strong><br \/>Wir k\u00fcmmern uns um alle Dokumente, die f\u00fcr die Beantragung der DHA-Zulassung ben\u00f6tigt werden \u2013 von Logbooks \u00fcber universit\u00e4re Abschl\u00fcsse bis hin zu \u00dcbersetzungen.<\/p><\/li><li><p><strong>Gr\u00fcndung einer LLC\/Praxis:<\/strong><br \/>Wir helfen Ihnen bei der Gr\u00fcndung einer Limited Liability Company (LLC) und sorgen daf\u00fcr, dass alle rechtlichen Anforderungen erf\u00fcllt sind.<\/p><\/li><li><p><strong>Raumausstattung und Ger\u00e4te:<\/strong><br \/>Von der Planung der R\u00e4umlichkeiten bis zur Beschaffung modernster gyn\u00e4kologischer Ger\u00e4te \u2013 wir stellen sicher, dass Ihre Praxis den h\u00f6chsten Standards entspricht.<\/p><\/li><li><p><strong>Versicherungen und Compliance:<\/strong><br \/>Wir organisieren die n\u00f6tigen Malpractice-Versicherungen und sorgen f\u00fcr volle Konformit\u00e4t mit den lokalen Vorschriften.<\/p><\/li><li><p><strong>Marketing und Patientenakquise:<\/strong><br \/>Wir unterst\u00fctzen Sie dabei, Ihre Praxis bekannt zu machen und Patienten anzuziehen \u2013 lokal und international.<\/p><\/li><\/ol><div class=\"my-2\">\u00a0<\/div><hr \/><p><strong>Wie lange dauert der Prozess der DHA-Zulassung?<\/strong><\/p><p>Der Zeitrahmen variiert je nach Komplexit\u00e4t Ihres Falles und der Kommunikation zwischen den Beh\u00f6rden. In der Regel dauert es zwischen 4 Wochen und 6 Monaten. Wir optimieren den Prozess, um ihn so schnell wie m\u00f6glich abzuschlie\u00dfen.<\/p><p><strong>Was kostet es, eine Frauenarztpraxis in den VAE zu er\u00f6ffnen?<\/strong><br \/>Die Kosten h\u00e4ngen von der Art der Einrichtung ab:<\/p><ul><li>Kleine Praxis: Ab ca. 100.000 AED<\/li><li>Tagesklinik: Ab ca. 500.000 AED<\/li><li>Vollst\u00e4ndige Klinik: Mehrere Millionen AED<\/li><\/ul><p>Wir erstellen eine detaillierte Kostensch\u00e4tzung, die auf Ihre Bed\u00fcrfnisse zugeschnitten ist.<\/p><div class=\"my-2\">\u00a0<\/div><hr \/><p><strong>Was unsere Kunden sagen<\/strong><\/p><p>\u201eDoctorFlow hat uns bei der Er\u00f6ffnung unserer Frauenarztpraxis in Dubai hervorragend unterst\u00fctzt. Der gesamte Prozess war stressfrei und professionell. Wir k\u00f6nnen das Team nur w\u00e4rmstens empfehlen!\u201c<br \/>\u2013 Dr. Sarah Klein, Gyn\u00e4kologin<\/p><div class=\"my-2\">\u00a0<\/div><p>\u201eVon der DHA-Zulassung bis zur Raumausstattung \u2013 DoctorFlow hat uns bei jedem Schritt begleitet. Wir sind begeistert von der Qualit\u00e4t der Dienstleistung.\u201c<br \/>\u2013 Dr. Ahmed Al-Farsi, Gr\u00fcnder einer Gyn\u00e4kologie-Klinik<\/p><div class=\"my-2\">\u00a0<\/div><hr \/><h3><strong>Jetzt handeln<\/strong><\/h3><p><strong>Starten Sie Ihre Gyn\u00e4kologie-Karriere in den VAE \u2013 Noch heute!<\/strong><\/p><p>Die VAE bieten unz\u00e4hlige M\u00f6glichkeiten f\u00fcr Gyn\u00e4kologen, die hier Fu\u00df fassen m\u00f6chten. Lassen Sie sich von unserem Expertenteam unterst\u00fctzen und verwandeln Sie Ihre Vision in Realit\u00e4t.<\/p><\/div><\/div><\/div><\/div>\t\t\t\t\t\t\t\t<\/div>\n\t\t\t\t<\/div>\n\t\t\t\t\t<\/div>\n\t\t<\/div>\n\t\t\t\t\t<\/div>\n\t\t<\/section>\n\t\t<div class=\"xts-negative-gap elementor-element elementor-element-c067a85 e-flex e-con-boxed xts-section-disabled e-con e-parent\" data-id=\"c067a85\" data-element_type=\"container\" data-e-type=\"container\">\n\t\t\t\t\t<div class=\"e-con-inner\">\n\t\t\t\t<div class=\"elementor-element elementor-element-c272266 elementor-widget elementor-widget-xts_button\" data-id=\"c272266\" data-element_type=\"widget\" data-e-type=\"widget\" data-widget_type=\"xts_button.default\">\n\t\t\t\t<div class=\"elementor-widget-container\">\n\t\t\t\t\t\t\t\t<div class=\"xts-button-wrapper xts-textalign-center\" >\n\t\t\t\t\t\t\t\t\t<a class=\"xts-button xts-size-xl xts-style-default xts-color-primary xts-shape-round xts-width-full\" href=\"http:\/\/wa.link\/hr0b0m\" target=\"_blank\" rel=\"noopener\">\n\t\t\t\t\t\t<span class=\"xts-button-text\" data-elementor-setting-key=\"button_text\">\n\t\t\t\t\t\t\tJetzt \u00fcber WhatsApp kontaktieren\t\t\t\t\t\t<\/span>\n\n\t\t\t\t\t\t\t\t\t\t\t<\/a>\n\t\t\t\t\t\t\t<\/div>\n\t\t\t\t\t\t<\/div>\n\t\t\t\t<\/div>\n\t\t\t\t\t<\/div>\n\t\t\t\t<\/div>\n\t\t\t\t<\/div>\n\t\t","protected":false},"excerpt":{"rendered":"<p><span class=\"span-reading-time rt-reading-time\" style=\"display: block;\"><span class=\"rt-label rt-prefix\">Reading Time: <\/span> <span class=\"rt-time\"> 4<\/span> <span class=\"rt-label rt-postfix\">minutes<\/span><\/span>Erfolgreich in die Gyn\u00e4kologie in den VAE starten \u2013 Mit DoctorFlow an Ihrer Seite Von der DHA-Zulassung bis zur Er\u00f6ffnung Ihrer Frauenarztpraxis \u2013 Wir \u00fcbernehmen alles f\u00fcr Sie. M\u00f6chten Sie als Gyn\u00e4kologe\/in in den VAE Fu\u00df fassen oder eine moderne Frauenarztpraxis gr\u00fcnden? Bei DoctorFlow unterst\u00fctzen wir Sie bei jedem Schritt des Prozesses. Unsere Experten kennen [&hellip;]<\/p>\n","protected":false},"author":1,"featured_media":0,"parent":0,"menu_order":6,"comment_status":"closed","ping_status":"closed","template":"","meta":{"_acf_changed":false,"footnotes":""},"class_list":["post-667","page","type-page","status-publish","hentry"],"acf":[],"_hostinger_reach_plugin_has_subscription_block":false,"_hostinger_reach_plugin_is_elementor":false,"jetpack_sharing_enabled":true,"_links":{"self":[{"href":"https:\/\/doctoflow.com\/fr\/wp-json\/wp\/v2\/pages\/667","targetHints":{"allow":["GET"]}}],"collection":[{"href":"https:\/\/doctoflow.com\/fr\/wp-json\/wp\/v2\/pages"}],"about":[{"href":"https:\/\/doctoflow.com\/fr\/wp-json\/wp\/v2\/types\/page"}],"author":[{"embeddable":true,"href":"https:\/\/doctoflow.com\/fr\/wp-json\/wp\/v2\/users\/1"}],"replies":[{"embeddable":true,"href":"https:\/\/doctoflow.com\/fr\/wp-json\/wp\/v2\/comments?post=667"}],"version-history":[{"count":20,"href":"https:\/\/doctoflow.com\/fr\/wp-json\/wp\/v2\/pages\/667\/revisions"}],"predecessor-version":[{"id":1679,"href":"https:\/\/doctoflow.com\/fr\/wp-json\/wp\/v2\/pages\/667\/revisions\/1679"}],"wp:attachment":[{"href":"https:\/\/doctoflow.com\/fr\/wp-json\/wp\/v2\/media?parent=667"}],"curies":[{"name":"wp","href":"https:\/\/api.w.org\/{rel}","templated":true}]}}