{"id":686,"date":"2020-02-12T10:28:07","date_gmt":"2020-02-12T10:28:07","guid":{"rendered":"http:\/\/space.xtemos.com\/demo\/venus\/?page_id=686"},"modified":"2025-04-12T14:37:49","modified_gmt":"2025-04-12T14:37:49","slug":"dermatologie","status":"publish","type":"page","link":"https:\/\/doctoflow.com\/fr\/dermatologie\/","title":{"rendered":"Dermatologie"},"content":{"rendered":"<span class=\"span-reading-time rt-reading-time\" style=\"display: block;\"><span class=\"rt-label rt-prefix\">L'heure de la lecture : <\/span> <span class=\"rt-time\"> 3<\/span> <span class=\"rt-label rt-postfix\">minutes<\/span><\/span>\t\t<div data-elementor-type=\"wp-page\" data-elementor-id=\"686\" class=\"elementor elementor-686\">\n\t\t\t\t\t\t<section class=\"xts-negative-gap elementor-section elementor-top-section elementor-element elementor-element-15fffed elementor-section-boxed elementor-section-height-default elementor-section-height-default xts-section-disabled\" data-id=\"15fffed\" data-element_type=\"section\" data-e-type=\"section\">\n\t\t\t\t\t\t<div class=\"elementor-container elementor-column-gap-wide\">\n\t\t\t\t\t<div class=\"elementor-column elementor-col-66 elementor-top-column elementor-element elementor-element-b7abcff\" data-id=\"b7abcff\" data-element_type=\"column\" data-e-type=\"column\">\n\t\t\t<div class=\"elementor-widget-wrap elementor-element-populated\">\n\t\t\t\t\t\t<div class=\"elementor-element elementor-element-677f5bb xts-scheme-inherit xts-textalign-inherit elementor-widget elementor-widget-text-editor\" data-id=\"677f5bb\" data-element_type=\"widget\" data-e-type=\"widget\" data-widget_type=\"text-editor.default\">\n\t\t\t\t<div class=\"elementor-widget-container\">\n\t\t\t\t\t\t\t\t\t<h3><strong data-spm-anchor-id=\"a2ty_o01.29997173.0.i6.3858517190J6RG\">D\u00e9marrer avec succ\u00e8s en tant que dermatologue aux EAU - Avec DoctorFlow \u00e0 vos c\u00f4t\u00e9s<\/strong><\/h3><p data-spm-anchor-id=\"a2ty_o01.29997173.0.i7.3858517190J6RG\">De l'autorisation DHA \u00e0 l'ouverture de votre cabinet de dermatologie - nous nous chargeons de tout pour vous.<\/p><p data-spm-anchor-id=\"a2ty_o01.29997173.0.i8.3858517190J6RG\">Vous souhaitez vous \u00e9tablir en tant que dermatologue aux EAU ou cr\u00e9er un cabinet de dermatologie moderne ? Rendez-vous sur <strong>DoctorFlow<\/strong>nous vous assistons \u00e0 chaque \u00e9tape du processus. Nos experts connaissent parfaitement les exigences r\u00e9glementaires de la Dubai Health Authority (DHA) et veillent \u00e0 ce que l'ouverture de votre cabinet se d\u00e9roule sans probl\u00e8me.<\/p><p>Que vous souhaitiez ouvrir un petit cabinet ou une clinique sp\u00e9cialis\u00e9e en dermatologie, nous proposons des solutions sur mesure adapt\u00e9es \u00e0 vos objectifs. Faites confiance \u00e0 notre expertise locale et laissez-nous g\u00e9rer les proc\u00e9dures compliqu\u00e9es \u00e0 votre place.<\/p><h3><strong data-spm-anchor-id=\"a2ty_o01.29997173.0.i11.3858517190J6RG\">Pourquoi la dermatologie aux EAU ?<\/strong><\/h3><p><strong>Titre :<\/strong><br \/><strong data-spm-anchor-id=\"a2ty_o01.29997173.0.i10.3858517190J6RG\">Pourquoi les EAU sont un lieu attractif pour les dermatologues<\/strong><\/p><p>Les EAU constituent un march\u00e9 en pleine croissance pour les services dermatologiques, notamment dans le domaine de la m\u00e9decine esth\u00e9tique et des soins de la peau. La demande de traitements de qualit\u00e9 tels que le Botox, les produits de comblement, les th\u00e9rapies au laser et les solutions anti-\u00e2ge ne cesse d'augmenter, tant aupr\u00e8s de la population locale que des patients internationaux.<\/p><p>En tant que dermatologue, vous b\u00e9n\u00e9ficiez de :<\/p><ul><li><strong>Forte demande : <\/strong>Un accent croissant sur la m\u00e9decine esth\u00e9tique et les soins pr\u00e9ventifs de la peau.<\/li><li><strong>Infrastructure moderne : <\/strong>Des installations et des technologies \u00e0 la pointe du progr\u00e8s.<\/li><li><strong>Visa d'or : <\/strong>En tant que professionnel de la sant\u00e9, vous pouvez facilement obtenir un Golden Visa.<\/li><li><strong>Patients internationaux : <\/strong>Les EAU attirent des patients du monde entier \u00e0 la recherche de traitements de haute qualit\u00e9.<\/li><\/ul><p>Avec <strong>DoctorFlow <\/strong>profitez au mieux de ces opportunit\u00e9s - nous vous aidons \u00e0 vous \u00e9tablir sur ce march\u00e9 dynamique.<\/p><p data-spm-anchor-id=\"a2ty_o01.29997173.0.i13.3858517190J6RG\"><strong>Nos services complets pour les dermatologues aux EAU<\/strong><\/p>\t\t\t\t\t\t\t\t<\/div>\n\t\t\t\t<\/div>\n\t\t\t\t<div class=\"elementor-element elementor-element-0354f5f elementor-icon-list--layout-traditional elementor-list-item-link-full_width elementor-widget elementor-widget-icon-list\" data-id=\"0354f5f\" data-element_type=\"widget\" data-e-type=\"widget\" data-widget_type=\"icon-list.default\">\n\t\t\t\t<div class=\"elementor-widget-container\">\n\t\t\t\t\t\t\t<ul class=\"elementor-icon-list-items\">\n\t\t\t\t\t\t\t<li class=\"elementor-icon-list-item\">\n\t\t\t\t\t\t\t\t\t\t\t<span class=\"elementor-icon-list-icon\">\n\t\t\t\t\t\t\t<svg aria-hidden=\"true\" class=\"e-font-icon-svg e-fas-chevron-right\" viewbox=\"0 0 320 512\" xmlns=\"http:\/\/www.w3.org\/2000\/svg\"><path d=\"M285.476 272.971L91.132 467.314c-9.373 9.373-24.569 9.373-33.941 0l-22.667-22.667c-9.357-9.357-9.375-24.522-.04-33.901L188.505 256 34.484 101.255c-9.335-9.379-9.317-24.544.04-33.901l22.667-22.667c9.373-9.373 24.569-9.373 33.941 0L285.475 239.03c9.373 9.372 9.373 24.568.001 33.941z\"><\/path><\/svg>\t\t\t\t\t\t<\/span>\n\t\t\t\t\t\t\t\t\t\t<span class=\"elementor-icon-list-text\">Agr\u00e9ment DHA et autorisation d'exercer : nous nous occupons de tous les documents n\u00e9cessaires \u00e0 la demande d'agr\u00e9ment DHA, des logbooks aux dipl\u00f4mes universitaires en passant par les traductions.<\/span>\n\t\t\t\t\t\t\t\t\t<\/li>\n\t\t\t\t\t\t\t\t<li class=\"elementor-icon-list-item\">\n\t\t\t\t\t\t\t\t\t\t\t<span class=\"elementor-icon-list-icon\">\n\t\t\t\t\t\t\t<svg aria-hidden=\"true\" class=\"e-font-icon-svg e-fas-chevron-right\" viewbox=\"0 0 320 512\" xmlns=\"http:\/\/www.w3.org\/2000\/svg\"><path d=\"M285.476 272.971L91.132 467.314c-9.373 9.373-24.569 9.373-33.941 0l-22.667-22.667c-9.357-9.357-9.375-24.522-.04-33.901L188.505 256 34.484 101.255c-9.335-9.379-9.317-24.544.04-33.901l22.667-22.667c9.373-9.373 24.569-9.373 33.941 0L285.475 239.03c9.373 9.372 9.373 24.568.001 33.941z\"><\/path><\/svg>\t\t\t\t\t\t<\/span>\n\t\t\t\t\t\t\t\t\t\t<span class=\"elementor-icon-list-text\">Cr\u00e9ation d'une LLC\/d'un cabinet : nous vous aidons \u00e0 cr\u00e9er une Limited Liability Company (LLC) et veillons \u00e0 ce que toutes les exigences l\u00e9gales soient remplies.<\/span>\n\t\t\t\t\t\t\t\t\t<\/li>\n\t\t\t\t\t\t\t\t<li class=\"elementor-icon-list-item\">\n\t\t\t\t\t\t\t\t\t\t\t<span class=\"elementor-icon-list-icon\">\n\t\t\t\t\t\t\t<svg aria-hidden=\"true\" class=\"e-font-icon-svg e-fas-chevron-right\" viewbox=\"0 0 320 512\" xmlns=\"http:\/\/www.w3.org\/2000\/svg\"><path d=\"M285.476 272.971L91.132 467.314c-9.373 9.373-24.569 9.373-33.941 0l-22.667-22.667c-9.357-9.357-9.375-24.522-.04-33.901L188.505 256 34.484 101.255c-9.335-9.379-9.317-24.544.04-33.901l22.667-22.667c9.373-9.373 24.569-9.373 33.941 0L285.475 239.03c9.373 9.372 9.373 24.568.001 33.941z\"><\/path><\/svg>\t\t\t\t\t\t<\/span>\n\t\t\t\t\t\t\t\t\t\t<span class=\"elementor-icon-list-text\">Am\u00e9nagement des locaux et \u00e9quipements : de la planification des locaux \u00e0 l'achat d'\u00e9quipements dermatologiques de pointe, nous veillons \u00e0 ce que votre cabinet r\u00e9ponde aux normes les plus strictes.<\/span>\n\t\t\t\t\t\t\t\t\t<\/li>\n\t\t\t\t\t\t\t\t<li class=\"elementor-icon-list-item\">\n\t\t\t\t\t\t\t\t\t\t\t<span class=\"elementor-icon-list-icon\">\n\t\t\t\t\t\t\t<svg aria-hidden=\"true\" class=\"e-font-icon-svg e-fas-chevron-right\" viewbox=\"0 0 320 512\" xmlns=\"http:\/\/www.w3.org\/2000\/svg\"><path d=\"M285.476 272.971L91.132 467.314c-9.373 9.373-24.569 9.373-33.941 0l-22.667-22.667c-9.357-9.357-9.375-24.522-.04-33.901L188.505 256 34.484 101.255c-9.335-9.379-9.317-24.544.04-33.901l22.667-22.667c9.373-9.373 24.569-9.373 33.941 0L285.475 239.03c9.373 9.372 9.373 24.568.001 33.941z\"><\/path><\/svg>\t\t\t\t\t\t<\/span>\n\t\t\t\t\t\t\t\t\t\t<span class=\"elementor-icon-list-text\">Assurances et conformit\u00e9 : nous organisons les assurances contre la maltraitance n\u00e9cessaires et veillons \u00e0 la pleine conformit\u00e9 avec les r\u00e9glementations locales.<\/span>\n\t\t\t\t\t\t\t\t\t<\/li>\n\t\t\t\t\t\t\t\t<li class=\"elementor-icon-list-item\">\n\t\t\t\t\t\t\t\t\t\t\t<span class=\"elementor-icon-list-icon\">\n\t\t\t\t\t\t\t<svg aria-hidden=\"true\" class=\"e-font-icon-svg e-fas-chevron-right\" viewbox=\"0 0 320 512\" xmlns=\"http:\/\/www.w3.org\/2000\/svg\"><path d=\"M285.476 272.971L91.132 467.314c-9.373 9.373-24.569 9.373-33.941 0l-22.667-22.667c-9.357-9.357-9.375-24.522-.04-33.901L188.505 256 34.484 101.255c-9.335-9.379-9.317-24.544.04-33.901l22.667-22.667c9.373-9.373 24.569-9.373 33.941 0L285.475 239.03c9.373 9.372 9.373 24.568.001 33.941z\"><\/path><\/svg>\t\t\t\t\t\t<\/span>\n\t\t\t\t\t\t\t\t\t\t<span class=\"elementor-icon-list-text\">Marketing et acquisition de patients : nous vous aidons \u00e0 faire conna\u00eetre votre cabinet et \u00e0 attirer des patients - au niveau local et international.<\/span>\n\t\t\t\t\t\t\t\t\t<\/li>\n\t\t\t\t\t\t\t\t<li class=\"elementor-icon-list-item\">\n\t\t\t\t\t\t\t\t\t\t\t<span class=\"elementor-icon-list-icon\">\n\t\t\t\t\t\t\t<svg aria-hidden=\"true\" class=\"e-font-icon-svg e-fas-chevron-right\" viewbox=\"0 0 320 512\" xmlns=\"http:\/\/www.w3.org\/2000\/svg\"><path d=\"M285.476 272.971L91.132 467.314c-9.373 9.373-24.569 9.373-33.941 0l-22.667-22.667c-9.357-9.357-9.375-24.522-.04-33.901L188.505 256 34.484 101.255c-9.335-9.379-9.317-24.544.04-33.901l22.667-22.667c9.373-9.373 24.569-9.373 33.941 0L285.475 239.03c9.373 9.372 9.373 24.568.001 33.941z\"><\/path><\/svg>\t\t\t\t\t\t<\/span>\n\t\t\t\t\t\t\t\t\t\t<span class=\"elementor-icon-list-text\">Des qualifications suppl\u00e9mentaires : Si vous avez besoin d'autorisations suppl\u00e9mentaires pour des traitements esth\u00e9tiques, nous vous aiderons \u00e0 choisir et \u00e0 organiser les cours correspondants.<\/span>\n\t\t\t\t\t\t\t\t\t<\/li>\n\t\t\t\t\t\t<\/ul>\n\t\t\t\t\t\t<\/div>\n\t\t\t\t<\/div>\n\t\t\t\t\t<\/div>\n\t\t<\/div>\n\t\t\t\t<div class=\"elementor-column elementor-col-33 elementor-top-column elementor-element elementor-element-bd4b354\" data-id=\"bd4b354\" data-element_type=\"column\" data-e-type=\"column\">\n\t\t\t<div class=\"elementor-widget-wrap elementor-element-populated\">\n\t\t\t\t\t\t<div class=\"elementor-element elementor-element-1b3bebe elementor-widget elementor-widget-xts_team_member\" data-id=\"1b3bebe\" data-element_type=\"widget\" data-e-type=\"widget\" data-widget_type=\"xts_team_member.default\">\n\t\t\t\t<div class=\"elementor-widget-container\">\n\t\t\t\t\t\n\t\t<div class=\"xts-member xts-design-mask xts-textalign-left xts-scheme-light xts-with-bg-color xts-with-shadow\">\n\t\t\t\t\t\t\t<div class=\"xts-member-image\">\n\t\t\t\t\t<img fetchpriority=\"high\" decoding=\"async\" width=\"420\" height=\"658\" src=\"https:\/\/doctoflow.com\/wp-content\/uploads\/2020\/02\/venus-medic-3-opt.jpg\" class=\"attachment-full size-full wp-image-553\" alt=\"\" data-wp-pid=\"553\" \/>\t\t\t\t<\/div>\n\t\t\t\n\t\t\t<div class=\"xts-member-content xts-reset-mb-10 xts-reset-last\">\n\t\t\t\t\t\t\t\t\t<h4 class=\"xts-member-name xts-fontsize-m\" data-elementor-setting-key=\"name\">\n\t\t\t\t\t\tNaomi Dean\t\t\t\t\t<\/h4>\n\t\t\t\t\n\t\t\t\t\t\t\t\t\t<div class=\"xts-member-position xts-fontsize-s\" data-elementor-setting-key=\"position\">\n\t\t\t\t\t\tDermatologue\t\t\t\t\t<\/div>\n\t\t\t\t\n\t\t\t\t\n\t\t\t\t\t\t\t\t\t<div class=\"xts-social-buttons xts-social-icons xts-style-default xts-size-m xts-shape- xts-scheme-light\">\n\t\t\t\t\t\t\t\t\t\t\t\t\t<a target=\"_blank\" class=\"xts-social-facebook\" href=\"#\">\n\t\t\t\t\t\t\t\t<i class=\"xts-i-facebook\"><\/i>\n\t\t\t\t\t\t\t<\/a>\n\t\t\t\t\t\t\t\t\t\t\t\t\t<a target=\"_blank\" class=\"xts-social-twitter\" href=\"#\">\n\t\t\t\t\t\t\t\t<i class=\"xts-i-twitter\"><\/i>\n\t\t\t\t\t\t\t<\/a>\n\t\t\t\t\t\t\t\t\t\t\t\t\t<a target=\"_blank\" class=\"xts-social-linkedin\" href=\"#\">\n\t\t\t\t\t\t\t\t<i class=\"xts-i-linkedin\"><\/i>\n\t\t\t\t\t\t\t<\/a>\n\t\t\t\t\t\t\t\t\t\t\t\t\t<a target=\"_blank\" class=\"xts-social-instagram\" href=\"#\">\n\t\t\t\t\t\t\t\t<i class=\"xts-i-instagram\"><\/i>\n\t\t\t\t\t\t\t<\/a>\n\t\t\t\t\t\t\t\t\t\t\t\t\t<a target=\"_blank\" class=\"xts-social-github\" href=\"#\">\n\t\t\t\t\t\t\t\t<i class=\"xts-i-github\"><\/i>\n\t\t\t\t\t\t\t<\/a>\n\t\t\t\t\t\t\t\t\t\t\t<\/div>\n\t\t\t\t\t\t\t<\/div>\n\t\t<\/div>\n\n\t\t\t\t\t\t<\/div>\n\t\t\t\t<\/div>\n\t\t\t\t\t<\/div>\n\t\t<\/div>\n\t\t\t\t\t<\/div>\n\t\t<\/section>\n\t\t<div class=\"xts-negative-gap elementor-element elementor-element-933ad87 e-flex e-con-boxed xts-section-disabled e-con e-parent\" data-id=\"933ad87\" data-element_type=\"container\" data-e-type=\"container\">\n\t\t\t\t\t<div class=\"e-con-inner\">\n\t\t\t\t<div class=\"elementor-element elementor-element-885bdd1 elementor-widget elementor-widget-xts_button\" data-id=\"885bdd1\" data-element_type=\"widget\" data-e-type=\"widget\" data-widget_type=\"xts_button.default\">\n\t\t\t\t<div class=\"elementor-widget-container\">\n\t\t\t\t\t\t\t\t<div class=\"xts-button-wrapper xts-textalign-center\" >\n\t\t\t\t\t\t\t\t\t<a class=\"xts-button xts-size-xl xts-style-default xts-color-primary xts-shape-round xts-width-full\" href=\"http:\/\/wa.link\/hr0b0m\" target=\"_blank\" rel=\"noopener\">\n\t\t\t\t\t\t<span class=\"xts-button-text\" data-elementor-setting-key=\"button_text\">\n\t\t\t\t\t\t\tContacter maintenant via WhatsApp\t\t\t\t\t\t<\/span>\n\n\t\t\t\t\t\t\t\t\t\t\t<\/a>\n\t\t\t\t\t\t\t<\/div>\n\t\t\t\t\t\t<\/div>\n\t\t\t\t<\/div>\n\t\t\t\t\t<\/div>\n\t\t\t\t<\/div>\n\t\t\t\t<section class=\"xts-negative-gap elementor-section elementor-top-section elementor-element elementor-element-5e95911 elementor-section-boxed elementor-section-height-default elementor-section-height-default xts-section-disabled\" data-id=\"5e95911\" data-element_type=\"section\" data-e-type=\"section\">\n\t\t\t\t\t\t<div class=\"elementor-container elementor-column-gap-default\">\n\t\t\t\t\t<div class=\"elementor-column elementor-col-100 elementor-top-column elementor-element elementor-element-5104fd7\" data-id=\"5104fd7\" data-element_type=\"column\" data-e-type=\"column\">\n\t\t\t<div class=\"elementor-widget-wrap elementor-element-populated\">\n\t\t\t\t\t\t<div class=\"elementor-element elementor-element-6c86381 xts-scheme-inherit xts-textalign-inherit elementor-widget elementor-widget-text-editor\" data-id=\"6c86381\" data-element_type=\"widget\" data-e-type=\"widget\" data-widget_type=\"text-editor.default\">\n\t\t\t\t<div class=\"elementor-widget-container\">\n\t\t\t\t\t\t\t\t\t<h3><strong data-spm-anchor-id=\"a2ty_o01.29997173.0.i20.3858517190J6RG\">Tout ce que vous devez savoir sur la dermatologie aux EAU<\/strong><\/h3><p><strong>Quelles conditions dois-je remplir en tant que dermatologue pour pouvoir exercer aux EAU ?<\/strong><\/p><p>Pour exercer en tant que dermatologue aux EAU, vous devez obtenir une autorisation de l'Autorit\u00e9 sanitaire de Duba\u00ef (DHA). Celle-ci requiert entre autres<\/p><ul><li>Un dipl\u00f4me universitaire en dermatologie<\/li><li>Au moins deux ans d'exp\u00e9rience professionnelle<\/li><li>Documents traduits et certifi\u00e9s<\/li><li>Eventuellement un test de branche en anglais<\/li><\/ul><p>Nous vous aidons \u00e0 rassembler tous les documents n\u00e9cessaires et vous guidons tout au long du processus.<\/p><p><strong>Puis-je apporter mes propres appareils d'Allemagne ?<\/strong><\/p><p>Oui, mais il y a des restrictions. Tous les appareils ne sont pas autoris\u00e9s aux EAU et il peut y avoir des diff\u00e9rences au niveau des raccordements \u00e9lectriques et des normes techniques. Nous pouvons vous conseiller sur le choix et l'achat des appareils appropri\u00e9s.<\/p><p><strong>Combien de temps dure le processus d'autorisation de la DHA ?<\/strong><\/p><p>Le d\u00e9lai varie en fonction de la complexit\u00e9 de votre cas et de la communication entre les autorit\u00e9s. En g\u00e9n\u00e9ral, cela prend entre 4 semaines et 6 mois. Nous optimisons le processus afin de le cl\u00f4turer le plus rapidement possible.<\/p><p><strong>Combien co\u00fbte l'ouverture d'un cabinet de dermatologie aux EAU ?<\/strong><\/p><p>Les co\u00fbts d\u00e9pendent du type d'\u00e9tablissement :<\/p><ul><li>Petite pratique : \u00e0 partir d'environ 100.000 AED<\/li><li>H\u00f4pital de jour : \u00e0 partir d'environ 500.000 AED<\/li><li>Clinique compl\u00e8te : plusieurs millions d'AED<\/li><\/ul><p>Nous \u00e9tablissons une estimation d\u00e9taill\u00e9e des co\u00fbts en fonction de vos besoins.<\/p><div class=\"my-2\">\u00a0<\/div><hr \/><h3><strong>T\u00e9moignages de clients<\/strong><\/h3><h3><strong>Ce que disent nos clients<\/strong><\/h3><p>\"DoctorFlow nous a apport\u00e9 un soutien remarquable lors de l'ouverture de notre cabinet de dermatologie \u00e0 Duba\u00ef. L'ensemble du processus s'est d\u00e9roul\u00e9 sans stress et de mani\u00e8re professionnelle. Nous ne pouvons que recommander vivement l'\u00e9quipe !\"<br \/>- Dr. Sarah Klein, dermatologue<\/p><p>\"De l'agr\u00e9ment DHA \u00e0 l'am\u00e9nagement des locaux, DoctorFlow nous a accompagn\u00e9s \u00e0 chaque \u00e9tape. Nous sommes ravis de la qualit\u00e9 du service\".<br \/>- Dr Ahmed Al-Farsi, fondateur d'une clinique de dermatologie<\/p>\t\t\t\t\t\t\t\t<\/div>\n\t\t\t\t<\/div>\n\t\t\t\t\t<\/div>\n\t\t<\/div>\n\t\t\t\t\t<\/div>\n\t\t<\/section>\n\t\t<div class=\"xts-negative-gap elementor-element elementor-element-4dd5ad3 e-flex e-con-boxed xts-section-disabled e-con e-parent\" data-id=\"4dd5ad3\" data-element_type=\"container\" data-e-type=\"container\">\n\t\t\t\t\t<div class=\"e-con-inner\">\n\t\t\t\t<div class=\"elementor-element elementor-element-d6a98c8 elementor-widget elementor-widget-xts_button\" data-id=\"d6a98c8\" data-element_type=\"widget\" data-e-type=\"widget\" data-widget_type=\"xts_button.default\">\n\t\t\t\t<div class=\"elementor-widget-container\">\n\t\t\t\t\t\t\t\t<div class=\"xts-button-wrapper xts-textalign-center\" >\n\t\t\t\t\t\t\t\t\t<a class=\"xts-button xts-size-xl xts-style-default xts-color-primary xts-shape-round xts-width-full\" href=\"http:\/\/wa.link\/hr0b0m\" target=\"_blank\" rel=\"noopener\">\n\t\t\t\t\t\t<span class=\"xts-button-text\" data-elementor-setting-key=\"button_text\">\n\t\t\t\t\t\t\tContacter maintenant via WhatsApp\t\t\t\t\t\t<\/span>\n\n\t\t\t\t\t\t\t\t\t\t\t<\/a>\n\t\t\t\t\t\t\t<\/div>\n\t\t\t\t\t\t<\/div>\n\t\t\t\t<\/div>\n\t\t\t\t\t<\/div>\n\t\t\t\t<\/div>\n\t\t\t\t<section class=\"xts-negative-gap elementor-section elementor-top-section elementor-element elementor-element-fa8b52f elementor-section-boxed elementor-section-height-default elementor-section-height-default xts-section-disabled\" data-id=\"fa8b52f\" data-element_type=\"section\" data-e-type=\"section\">\n\t\t\t\t\t\t<div class=\"elementor-container elementor-column-gap-default\">\n\t\t\t\t\t<div class=\"elementor-column elementor-col-50 elementor-top-column elementor-element elementor-element-702cdec\" data-id=\"702cdec\" data-element_type=\"column\" data-e-type=\"column\">\n\t\t\t<div class=\"elementor-widget-wrap elementor-element-populated\">\n\t\t\t\t\t\t<div class=\"elementor-element elementor-element-e19a62d elementor-widget elementor-widget-xts_image\" data-id=\"e19a62d\" data-element_type=\"widget\" data-e-type=\"widget\" data-widget_type=\"xts_image.default\">\n\t\t\t\t<div class=\"elementor-widget-container\">\n\t\t\t\t\t\t\t\t<div class=\"xts-image-single xts-textalign-center\">\n\t\t\t\t<figure class=\"xts-image\">\n\t\t\t\t\t\t\t\t\t\t\t<div class=\"xts-image-inner\">\n\t\t\t\t\t\n\t\t\t\t\t\t<img decoding=\"async\" width=\"600\" height=\"370\" src=\"https:\/\/doctoflow.com\/wp-content\/uploads\/2020\/02\/venus-depatmens-5-opt.jpg\" class=\"attachment-full size-full wp-image-722\" alt=\"\" data-wp-pid=\"722\" \/>\n\t\t\t\t\t\t\t\t\t\t\t<\/div>\n\t\t\t\t\t\n\t\t\t\t\t\t\t\t\t<\/figure>\n\n\t\t\t\t\t\t\t<\/div>\n\t\t\t\t\t\t<\/div>\n\t\t\t\t<\/div>\n\t\t\t\t\t<\/div>\n\t\t<\/div>\n\t\t\t\t<div class=\"elementor-column elementor-col-50 elementor-top-column elementor-element elementor-element-0581ed2\" data-id=\"0581ed2\" data-element_type=\"column\" data-e-type=\"column\">\n\t\t\t<div class=\"elementor-widget-wrap elementor-element-populated\">\n\t\t\t\t\t\t<div class=\"elementor-element elementor-element-d9a3bb5 xts-scheme-inherit xts-textalign-inherit elementor-widget elementor-widget-text-editor\" data-id=\"d9a3bb5\" data-element_type=\"widget\" data-e-type=\"widget\" data-widget_type=\"text-editor.default\">\n\t\t\t\t<div class=\"elementor-widget-container\">\n\t\t\t\t\t\t\t\t\t<h3><strong data-spm-anchor-id=\"a2ty_o01.29997173.0.i22.3858517190J6RG\">Agir maintenant<\/strong><\/h3><p><strong>Commencez votre carri\u00e8re en dermatologie aux EAU - D\u00e8s aujourd'hui !<\/strong><\/p><p>Les EAU offrent d'innombrables possibilit\u00e9s aux dermatologues qui souhaitent s'y \u00e9tablir. Faites-vous aider par notre \u00e9quipe d'experts et transformez votre vision en r\u00e9alit\u00e9.<\/p>\t\t\t\t\t\t\t\t<\/div>\n\t\t\t\t<\/div>\n\t\t\t\t\t<\/div>\n\t\t<\/div>\n\t\t\t\t\t<\/div>\n\t\t<\/section>\n\t\t\t\t<\/div>","protected":false},"excerpt":{"rendered":"<p><span class=\"span-reading-time rt-reading-time\" style=\"display: block;\"><span class=\"rt-label rt-prefix\">Reading Time: <\/span> <span class=\"rt-time\"> 3<\/span> <span class=\"rt-label rt-postfix\">minutes<\/span><\/span>Erfolgreich als Dermatologe in den VAE starten \u2013 Mit DoctorFlow an Ihrer Seite Von der DHA-Zulassung bis zur Er\u00f6ffnung Ihrer Hautarztpraxis \u2013 Wir \u00fcbernehmen alles f\u00fcr Sie. M\u00f6chten Sie als Dermatologe\/in in den VAE Fu\u00df fassen oder eine moderne Hautarztpraxis gr\u00fcnden? Bei DoctorFlowunterst\u00fctzen wir Sie bei jedem Schritt des Prozesses. Unsere Experten kennen die regulatorischen [&hellip;]<\/p>\n","protected":false},"author":1,"featured_media":0,"parent":0,"menu_order":5,"comment_status":"closed","ping_status":"closed","template":"","meta":{"_acf_changed":false,"footnotes":""},"class_list":["post-686","page","type-page","status-publish","hentry"],"acf":[],"_hostinger_reach_plugin_has_subscription_block":false,"_hostinger_reach_plugin_is_elementor":false,"jetpack_sharing_enabled":true,"_links":{"self":[{"href":"https:\/\/doctoflow.com\/fr\/wp-json\/wp\/v2\/pages\/686","targetHints":{"allow":["GET"]}}],"collection":[{"href":"https:\/\/doctoflow.com\/fr\/wp-json\/wp\/v2\/pages"}],"about":[{"href":"https:\/\/doctoflow.com\/fr\/wp-json\/wp\/v2\/types\/page"}],"author":[{"embeddable":true,"href":"https:\/\/doctoflow.com\/fr\/wp-json\/wp\/v2\/users\/1"}],"replies":[{"embeddable":true,"href":"https:\/\/doctoflow.com\/fr\/wp-json\/wp\/v2\/comments?post=686"}],"version-history":[{"count":8,"href":"https:\/\/doctoflow.com\/fr\/wp-json\/wp\/v2\/pages\/686\/revisions"}],"predecessor-version":[{"id":1682,"href":"https:\/\/doctoflow.com\/fr\/wp-json\/wp\/v2\/pages\/686\/revisions\/1682"}],"wp:attachment":[{"href":"https:\/\/doctoflow.com\/fr\/wp-json\/wp\/v2\/media?parent=686"}],"curies":[{"name":"wp","href":"https:\/\/api.w.org\/{rel}","templated":true}]}}