{"id":691,"date":"2020-02-12T10:28:37","date_gmt":"2020-02-12T10:28:37","guid":{"rendered":"http:\/\/space.xtemos.com\/demo\/venus\/?page_id=691"},"modified":"2025-04-12T13:50:47","modified_gmt":"2025-04-12T13:50:47","slug":"cardiologie-2","status":"publish","type":"page","link":"https:\/\/doctoflow.com\/fr\/kardiologie\/","title":{"rendered":"Cardiologie"},"content":{"rendered":"<div data-elementor-type=\"wp-page\" data-elementor-id=\"691\" class=\"elementor elementor-691\">\n\t\t\t\t\t\t<section class=\"xts-negative-gap elementor-section elementor-top-section elementor-element elementor-element-d10dcae elementor-section-boxed elementor-section-height-default elementor-section-height-default xts-section-disabled\" data-id=\"d10dcae\" data-element_type=\"section\" data-e-type=\"section\">\n\t\t\t\t\t\t<div class=\"elementor-container elementor-column-gap-wide\">\n\t\t\t\t\t<div class=\"elementor-column elementor-col-66 elementor-top-column elementor-element elementor-element-9835dca\" data-id=\"9835dca\" data-element_type=\"column\" data-e-type=\"column\">\n\t\t\t<div class=\"elementor-widget-wrap elementor-element-populated\">\n\t\t\t\t\t\t<div class=\"elementor-element elementor-element-c44d598 xts-scheme-inherit xts-textalign-inherit elementor-widget elementor-widget-text-editor\" data-id=\"c44d598\" data-element_type=\"widget\" data-e-type=\"widget\" data-widget_type=\"text-editor.default\">\n\t\t\t\t<div class=\"elementor-widget-container\">\n\t\t\t\t\t\t\t\t\t<h3><strong data-spm-anchor-id=\"a2ty_o01.29997173.0.i28.3858517190J6RG\">R\u00e9ussir son installation en tant que cardiologue aux EAU - Avec DoctorFlow \u00e0 vos c\u00f4t\u00e9s<\/strong><\/h3><p data-spm-anchor-id=\"a2ty_o01.29997173.0.i31.3858517190J6RG\">De l'autorisation DHA \u00e0 l'ouverture de votre cabinet de cardiologie - nous nous chargeons de tout pour vous.<\/p><p data-spm-anchor-id=\"a2ty_o01.29997173.0.i30.3858517190J6RG\">Vous souhaitez vous \u00e9tablir comme cardiologue aux EAU ou cr\u00e9er un cabinet de cardiologie moderne ?<\/p><p data-spm-anchor-id=\"a2ty_o01.29997173.0.i30.3858517190J6RG\">Sur <strong>DoctorFlow <\/strong>nous vous assistons \u00e0 chaque \u00e9tape du processus. Nos experts connaissent parfaitement les exigences r\u00e9glementaires de la Dubai Health Authority (DHA) et veillent \u00e0 ce que l'ouverture de votre cabinet se d\u00e9roule sans probl\u00e8me.<\/p><p>Que vous souhaitiez ouvrir un petit cabinet, une clinique de jour ou m\u00eame une clinique cardiaque enti\u00e8rement \u00e9quip\u00e9e, nous proposons des solutions sur mesure qui r\u00e9pondent \u00e0 vos objectifs. Faites confiance \u00e0 notre expertise locale et laissez-nous g\u00e9rer les proc\u00e9dures compliqu\u00e9es \u00e0 votre place.<\/p><p data-spm-anchor-id=\"a2ty_o01.29997173.0.i32.3858517190J6RG\">Les E.A.U. constituent un march\u00e9 en pleine expansion pour les services de cardiologie, notamment dans le domaine de la pr\u00e9vention, du diagnostic et du traitement des maladies cardiaques. La demande de traitements cardiologiques de qualit\u00e9 ne cesse d'augmenter, tant au sein de la population locale que parmi les patients internationaux qui optent pour des soins m\u00e9dicaux avanc\u00e9s.<\/p><p><strong>En tant que cardiologue, vous b\u00e9n\u00e9ficiez de :<\/strong><\/p>\t\t\t\t\t\t\t\t<\/div>\n\t\t\t\t<\/div>\n\t\t\t\t<div class=\"elementor-element elementor-element-6d90521 elementor-icon-list--layout-traditional elementor-list-item-link-full_width elementor-widget elementor-widget-icon-list\" data-id=\"6d90521\" data-element_type=\"widget\" data-e-type=\"widget\" data-widget_type=\"icon-list.default\">\n\t\t\t\t<div class=\"elementor-widget-container\">\n\t\t\t\t\t\t\t<ul class=\"elementor-icon-list-items\">\n\t\t\t\t\t\t\t<li class=\"elementor-icon-list-item\">\n\t\t\t\t\t\t\t\t\t\t\t<span class=\"elementor-icon-list-icon\">\n\t\t\t\t\t\t\t<svg aria-hidden=\"true\" class=\"e-font-icon-svg e-fas-chevron-right\" viewbox=\"0 0 320 512\" xmlns=\"http:\/\/www.w3.org\/2000\/svg\"><path d=\"M285.476 272.971L91.132 467.314c-9.373 9.373-24.569 9.373-33.941 0l-22.667-22.667c-9.357-9.357-9.375-24.522-.04-33.901L188.505 256 34.484 101.255c-9.335-9.379-9.317-24.544.04-33.901l22.667-22.667c9.373-9.373 24.569-9.373 33.941 0L285.475 239.03c9.373 9.372 9.373 24.568.001 33.941z\"><\/path><\/svg>\t\t\t\t\t\t<\/span>\n\t\t\t\t\t\t\t\t\t\t<span class=\"elementor-icon-list-text\">Forte demande : un accent croissant sur la sant\u00e9 cardiaque et la m\u00e9decine pr\u00e9ventive.<\/span>\n\t\t\t\t\t\t\t\t\t<\/li>\n\t\t\t\t\t\t\t\t<li class=\"elementor-icon-list-item\">\n\t\t\t\t\t\t\t\t\t\t\t<span class=\"elementor-icon-list-icon\">\n\t\t\t\t\t\t\t<svg aria-hidden=\"true\" class=\"e-font-icon-svg e-fas-chevron-right\" viewbox=\"0 0 320 512\" xmlns=\"http:\/\/www.w3.org\/2000\/svg\"><path d=\"M285.476 272.971L91.132 467.314c-9.373 9.373-24.569 9.373-33.941 0l-22.667-22.667c-9.357-9.357-9.375-24.522-.04-33.901L188.505 256 34.484 101.255c-9.335-9.379-9.317-24.544.04-33.901l22.667-22.667c9.373-9.373 24.569-9.373 33.941 0L285.475 239.03c9.373 9.372 9.373 24.568.001 33.941z\"><\/path><\/svg>\t\t\t\t\t\t<\/span>\n\t\t\t\t\t\t\t\t\t\t<span class=\"elementor-icon-list-text\">Infrastructure moderne : installations et technologies \u00e0 la pointe du progr\u00e8s.<\/span>\n\t\t\t\t\t\t\t\t\t<\/li>\n\t\t\t\t\t\t\t\t<li class=\"elementor-icon-list-item\">\n\t\t\t\t\t\t\t\t\t\t\t<span class=\"elementor-icon-list-icon\">\n\t\t\t\t\t\t\t<svg aria-hidden=\"true\" class=\"e-font-icon-svg e-fas-chevron-right\" viewbox=\"0 0 320 512\" xmlns=\"http:\/\/www.w3.org\/2000\/svg\"><path d=\"M285.476 272.971L91.132 467.314c-9.373 9.373-24.569 9.373-33.941 0l-22.667-22.667c-9.357-9.357-9.375-24.522-.04-33.901L188.505 256 34.484 101.255c-9.335-9.379-9.317-24.544.04-33.901l22.667-22.667c9.373-9.373 24.569-9.373 33.941 0L285.475 239.03c9.373 9.372 9.373 24.568.001 33.941z\"><\/path><\/svg>\t\t\t\t\t\t<\/span>\n\t\t\t\t\t\t\t\t\t\t<span class=\"elementor-icon-list-text\">Visa d'or : en tant que professionnel de la sant\u00e9, vous pouvez facilement obtenir un Golden Visa.<\/span>\n\t\t\t\t\t\t\t\t\t<\/li>\n\t\t\t\t\t\t\t\t<li class=\"elementor-icon-list-item\">\n\t\t\t\t\t\t\t\t\t\t\t<span class=\"elementor-icon-list-icon\">\n\t\t\t\t\t\t\t<svg aria-hidden=\"true\" class=\"e-font-icon-svg e-fas-chevron-right\" viewbox=\"0 0 320 512\" xmlns=\"http:\/\/www.w3.org\/2000\/svg\"><path d=\"M285.476 272.971L91.132 467.314c-9.373 9.373-24.569 9.373-33.941 0l-22.667-22.667c-9.357-9.357-9.375-24.522-.04-33.901L188.505 256 34.484 101.255c-9.335-9.379-9.317-24.544.04-33.901l22.667-22.667c9.373-9.373 24.569-9.373 33.941 0L285.475 239.03c9.373 9.372 9.373 24.568.001 33.941z\"><\/path><\/svg>\t\t\t\t\t\t<\/span>\n\t\t\t\t\t\t\t\t\t\t<span class=\"elementor-icon-list-text\">Des patients internationaux : Les EAU attirent des patients du monde entier \u00e0 la recherche de traitements de qualit\u00e9.<\/span>\n\t\t\t\t\t\t\t\t\t<\/li>\n\t\t\t\t\t\t<\/ul>\n\t\t\t\t\t\t<\/div>\n\t\t\t\t<\/div>\n\t\t\t\t\t<\/div>\n\t\t<\/div>\n\t\t\t\t<div class=\"elementor-column elementor-col-33 elementor-top-column elementor-element elementor-element-df3f06c\" data-id=\"df3f06c\" data-element_type=\"column\" data-e-type=\"column\">\n\t\t\t<div class=\"elementor-widget-wrap elementor-element-populated\">\n\t\t\t\t\t\t<div class=\"elementor-element elementor-element-c5e9ab6 elementor-widget elementor-widget-xts_team_member\" data-id=\"c5e9ab6\" data-element_type=\"widget\" data-e-type=\"widget\" data-widget_type=\"xts_team_member.default\">\n\t\t\t\t<div class=\"elementor-widget-container\">\n\t\t\t\t\t\n\t\t<div class=\"xts-member xts-design-mask xts-textalign-left xts-scheme-light xts-with-bg-color xts-with-shadow\">\n\t\t\t\t\t\t\t<div class=\"xts-member-image\">\n\t\t\t\t\t<img fetchpriority=\"high\" decoding=\"async\" width=\"420\" height=\"658\" src=\"https:\/\/doctoflow.com\/wp-content\/uploads\/2020\/02\/venus-medic-4-opt.jpg\" class=\"attachment-full size-full wp-image-554\" alt=\"\" \/>\t\t\t\t<\/div>\n\t\t\t\n\t\t\t<div class=\"xts-member-content xts-reset-mb-10 xts-reset-last\">\n\t\t\t\t\t\t\t\t\t<h4 class=\"xts-member-name xts-fontsize-m\" data-elementor-setting-key=\"name\">\n\t\t\t\t\t\tJacob Burns\t\t\t\t\t<\/h4>\n\t\t\t\t\n\t\t\t\t\t\t\t\t\t<div class=\"xts-member-position xts-fontsize-s\" data-elementor-setting-key=\"position\">\n\t\t\t\t\t\tCardiologie\t\t\t\t\t<\/div>\n\t\t\t\t\n\t\t\t\t\n\t\t\t\t\t\t\t\t\t<div class=\"xts-social-buttons xts-social-icons xts-style-default xts-size-m xts-shape- xts-scheme-light\">\n\t\t\t\t\t\t\t\t\t\t\t\t\t<a target=\"_blank\" class=\"xts-social-facebook\" href=\"#\">\n\t\t\t\t\t\t\t\t<i class=\"xts-i-facebook\"><\/i>\n\t\t\t\t\t\t\t<\/a>\n\t\t\t\t\t\t\t\t\t\t\t\t\t<a target=\"_blank\" class=\"xts-social-twitter\" href=\"#\">\n\t\t\t\t\t\t\t\t<i class=\"xts-i-twitter\"><\/i>\n\t\t\t\t\t\t\t<\/a>\n\t\t\t\t\t\t\t\t\t\t\t\t\t<a target=\"_blank\" class=\"xts-social-linkedin\" href=\"#\">\n\t\t\t\t\t\t\t\t<i class=\"xts-i-linkedin\"><\/i>\n\t\t\t\t\t\t\t<\/a>\n\t\t\t\t\t\t\t\t\t\t\t\t\t<a target=\"_blank\" class=\"xts-social-instagram\" href=\"#\">\n\t\t\t\t\t\t\t\t<i class=\"xts-i-instagram\"><\/i>\n\t\t\t\t\t\t\t<\/a>\n\t\t\t\t\t\t\t\t\t\t\t\t\t<a target=\"_blank\" class=\"xts-social-github\" href=\"#\">\n\t\t\t\t\t\t\t\t<i class=\"xts-i-github\"><\/i>\n\t\t\t\t\t\t\t<\/a>\n\t\t\t\t\t\t\t\t\t\t\t<\/div>\n\t\t\t\t\t\t\t<\/div>\n\t\t<\/div>\n\n\t\t\t\t\t\t<\/div>\n\t\t\t\t<\/div>\n\t\t\t\t\t<\/div>\n\t\t<\/div>\n\t\t\t\t\t<\/div>\n\t\t<\/section>\n\t\t\t\t<section class=\"xts-negative-gap elementor-section elementor-top-section elementor-element elementor-element-e4b041e elementor-section-boxed elementor-section-height-default elementor-section-height-default xts-section-disabled\" data-id=\"e4b041e\" data-element_type=\"section\" data-e-type=\"section\">\n\t\t\t\t\t\t<div class=\"elementor-container elementor-column-gap-default\">\n\t\t\t\t\t<div class=\"elementor-column elementor-col-100 elementor-top-column elementor-element elementor-element-0364018\" data-id=\"0364018\" data-element_type=\"column\" data-e-type=\"column\">\n\t\t\t<div class=\"elementor-widget-wrap elementor-element-populated\">\n\t\t\t\t\t\t<div class=\"elementor-element elementor-element-421db21 xts-scheme-inherit xts-textalign-inherit elementor-widget elementor-widget-text-editor\" data-id=\"421db21\" data-element_type=\"widget\" data-e-type=\"widget\" data-widget_type=\"text-editor.default\">\n\t\t\t\t<div class=\"elementor-widget-container\">\n\t\t\t\t\t\t\t\t\t<p><strong data-spm-anchor-id=\"a2ty_o01.29997173.0.i38.3858517190J6RG\">Nos services complets pour les cardiologues aux EAU<\/strong><\/p><p>Nous proposons un <strong>Service complet <\/strong>qui r\u00e9pond \u00e0 tous les besoins. Voici comment nous vous soutenons :<\/p><ol start=\"1\"><li><p><strong>Agr\u00e9ment DHA et autorisation d'exercer :<\/strong><br \/>Nous nous occupons de tous les documents n\u00e9cessaires \u00e0 la demande d'agr\u00e9ment DHA, des logbooks aux dipl\u00f4mes universitaires en passant par les traductions.<\/p><\/li><li><p><strong>Cr\u00e9ation d'une LLC\/d'un cabinet :<\/strong><br \/>Nous vous aidons \u00e0 cr\u00e9er une Limited Liability Company (LLC) et veillons \u00e0 ce que toutes les exigences l\u00e9gales soient remplies.<\/p><\/li><li><p><strong>Am\u00e9nagement de l'espace et appareils :<\/strong><br \/>De la planification des locaux \u00e0 l'achat d'\u00e9quipements de cardiologie de pointe, nous veillons \u00e0 ce que votre cabinet r\u00e9ponde aux normes les plus strictes.<\/p><\/li><li><p><strong>Assurances et conformit\u00e9 :<\/strong><br \/>Nous organisons les assurances malpractice n\u00e9cessaires et veillons \u00e0 la pleine conformit\u00e9 avec les r\u00e9glementations locales.<\/p><\/li><li><p><strong>Marketing et acquisition de patients :<\/strong><br \/>Nous vous aidons \u00e0 faire conna\u00eetre votre cabinet et \u00e0 attirer des patients - au niveau local et international.<\/p><\/li><li><p><strong>Des technologies avanc\u00e9es :<\/strong><br \/>Nous vous conseillons dans le choix d'appareils ECG, d'appareils \u00e0 ultrasons, de scanners cardiaques et d'autres solutions de haute technologie.<\/p><\/li><li><p><strong>Qualifications suppl\u00e9mentaires :<\/strong><br \/>Si vous avez besoin d'autorisations suppl\u00e9mentaires pour la cardiologie interventionnelle ou les traitements sp\u00e9cialis\u00e9s, nous vous aiderons \u00e0 choisir et \u00e0 organiser les cours correspondants.<\/p><\/li><\/ol>\t\t\t\t\t\t\t\t<\/div>\n\t\t\t\t<\/div>\n\t\t\t\t\t<\/div>\n\t\t<\/div>\n\t\t\t\t\t<\/div>\n\t\t<\/section>\n\t\t\t\t<section class=\"xts-negative-gap elementor-section elementor-top-section elementor-element elementor-element-12af891 elementor-section-boxed elementor-section-height-default elementor-section-height-default xts-section-disabled\" data-id=\"12af891\" data-element_type=\"section\" data-e-type=\"section\">\n\t\t\t\t\t\t<div class=\"elementor-container elementor-column-gap-default\">\n\t\t\t\t\t<div class=\"elementor-column elementor-col-50 elementor-top-column elementor-element elementor-element-9311f19\" data-id=\"9311f19\" data-element_type=\"column\" data-e-type=\"column\">\n\t\t\t<div class=\"elementor-widget-wrap elementor-element-populated\">\n\t\t\t\t\t\t<div class=\"elementor-element elementor-element-6c3387d elementor-widget elementor-widget-xts_image\" data-id=\"6c3387d\" data-element_type=\"widget\" data-e-type=\"widget\" data-widget_type=\"xts_image.default\">\n\t\t\t\t<div class=\"elementor-widget-container\">\n\t\t\t\t\t\t\t\t<div class=\"xts-image-single xts-textalign-center\">\n\t\t\t\t<figure class=\"xts-image\">\n\t\t\t\t\t\t\t\t\t\t\t<div class=\"xts-image-inner\">\n\t\t\t\t\t\n\t\t\t\t\t\t<img decoding=\"async\" width=\"600\" height=\"371\" src=\"https:\/\/doctoflow.com\/wp-content\/uploads\/2020\/02\/venus-depatmens-2-opt.jpg\" class=\"attachment-full size-full wp-image-719\" alt=\"\" \/>\n\t\t\t\t\t\t\t\t\t\t\t<\/div>\n\t\t\t\t\t\n\t\t\t\t\t\t\t\t\t<\/figure>\n\n\t\t\t\t\t\t\t<\/div>\n\t\t\t\t\t\t<\/div>\n\t\t\t\t<\/div>\n\t\t\t\t\t<\/div>\n\t\t<\/div>\n\t\t\t\t<div class=\"elementor-column elementor-col-50 elementor-top-column elementor-element elementor-element-476c417\" data-id=\"476c417\" data-element_type=\"column\" data-e-type=\"column\">\n\t\t\t<div class=\"elementor-widget-wrap elementor-element-populated\">\n\t\t\t\t\t\t<div class=\"elementor-element elementor-element-3ffb3be xts-scheme-inherit xts-textalign-inherit elementor-widget elementor-widget-text-editor\" data-id=\"3ffb3be\" data-element_type=\"widget\" data-e-type=\"widget\" data-widget_type=\"text-editor.default\">\n\t\t\t\t<div class=\"elementor-widget-container\">\n\t\t\t\t\t\t\t\t\t<h3><strong data-spm-anchor-id=\"a2ty_o01.29997173.0.i40.3858517190J6RG\">Tout ce que vous devez savoir sur la cardiologie aux EAU<\/strong><\/h3><p><strong data-spm-anchor-id=\"a2ty_o01.29997173.0.i39.3858517190J6RG\">Quelles conditions dois-je remplir en tant que cardiologue pour pouvoir exercer aux EAU ?<\/strong><\/p><p>Pour exercer la cardiologie aux EAU, vous devez obtenir une autorisation de l'Autorit\u00e9 sanitaire de Duba\u00ef (DHA). Celle-ci requiert entre autres<\/p><ul><li>Un dipl\u00f4me universitaire en cardiologie<\/li><li>Au moins deux ans d'exp\u00e9rience professionnelle<\/li><li>Documents traduits et certifi\u00e9s<\/li><li>Eventuellement un test de branche en anglais<\/li><\/ul><p>Nous vous aidons \u00e0 rassembler tous les documents n\u00e9cessaires et vous guidons tout au long du processus.<\/p><p><strong>Puis-je apporter mes propres appareils d'Allemagne ?<\/strong><\/p><p>Oui, mais il y a des restrictions. Tous les appareils ne sont pas autoris\u00e9s aux EAU et il peut y avoir des diff\u00e9rences au niveau des raccordements \u00e9lectriques et des normes techniques. Nous pouvons vous conseiller sur le choix et l'achat des appareils appropri\u00e9s.<\/p><p><strong>Combien de temps dure le processus d'autorisation de la DHA ?<\/strong><\/p><p>Le d\u00e9lai varie en fonction de la complexit\u00e9 de votre cas et de la communication entre les autorit\u00e9s. En g\u00e9n\u00e9ral, cela prend entre 4 semaines et 6 mois. Nous optimisons le processus afin de le cl\u00f4turer le plus rapidement possible.<\/p><p><strong>Combien co\u00fbte l'ouverture d'un cabinet de cardiologie aux EAU ?<\/strong><\/p><p>Les co\u00fbts d\u00e9pendent du type d'\u00e9tablissement :<\/p><ul><li>Petite pratique : \u00e0 partir d'environ 150.000 AED<\/li><li>H\u00f4pital de jour : \u00e0 partir d'environ 750.000 AED<\/li><li>Clinique compl\u00e8te : plusieurs millions d'AED<\/li><\/ul><p>Nous \u00e9tablissons une estimation d\u00e9taill\u00e9e des co\u00fbts en fonction de vos besoins.<\/p>\t\t\t\t\t\t\t\t<\/div>\n\t\t\t\t<\/div>\n\t\t\t\t\t<\/div>\n\t\t<\/div>\n\t\t\t\t\t<\/div>\n\t\t<\/section>\n\t\t\t\t<\/div>","protected":false},"excerpt":{"rendered":"<p>Erfolgreich als Kardiologe in den VAE starten \u2013 Mit DoctorFlow an Ihrer Seite Von der DHA-Zulassung bis zur Er\u00f6ffnung Ihrer Kardiologie-Praxis \u2013 Wir \u00fcbernehmen alles f\u00fcr Sie. M\u00f6chten Sie als Kardiologe\/in in den VAE Fu\u00df fassen oder eine moderne Herzspezialistenpraxis gr\u00fcnden? Bei DoctorFlow unterst\u00fctzen wir Sie bei jedem Schritt des Prozesses. Unsere Experten kennen die [&hellip;]<\/p>\n","protected":false},"author":1,"featured_media":0,"parent":0,"menu_order":2,"comment_status":"closed","ping_status":"closed","template":"","meta":{"footnotes":""},"class_list":["post-691","page","type-page","status-publish","hentry"],"_hostinger_reach_plugin_has_subscription_block":false,"_hostinger_reach_plugin_is_elementor":false,"_links":{"self":[{"href":"https:\/\/doctoflow.com\/fr\/wp-json\/wp\/v2\/pages\/691","targetHints":{"allow":["GET"]}}],"collection":[{"href":"https:\/\/doctoflow.com\/fr\/wp-json\/wp\/v2\/pages"}],"about":[{"href":"https:\/\/doctoflow.com\/fr\/wp-json\/wp\/v2\/types\/page"}],"author":[{"embeddable":true,"href":"https:\/\/doctoflow.com\/fr\/wp-json\/wp\/v2\/users\/1"}],"replies":[{"embeddable":true,"href":"https:\/\/doctoflow.com\/fr\/wp-json\/wp\/v2\/comments?post=691"}],"version-history":[{"count":5,"href":"https:\/\/doctoflow.com\/fr\/wp-json\/wp\/v2\/pages\/691\/revisions"}],"predecessor-version":[{"id":1633,"href":"https:\/\/doctoflow.com\/fr\/wp-json\/wp\/v2\/pages\/691\/revisions\/1633"}],"wp:attachment":[{"href":"https:\/\/doctoflow.com\/fr\/wp-json\/wp\/v2\/media?parent=691"}],"curies":[{"name":"wp","href":"https:\/\/api.w.org\/{rel}","templated":true}]}}