{"id":661,"date":"2020-02-12T09:49:55","date_gmt":"2020-02-12T09:49:55","guid":{"rendered":"http:\/\/space.xtemos.com\/demo\/venus\/?page_id=661"},"modified":"2025-06-03T19:28:17","modified_gmt":"2025-06-03T19:28:17","slug":"tandheelkunde","status":"publish","type":"page","link":"https:\/\/doctoflow.com\/nl\/zahnmedizin\/","title":{"rendered":"Tandheelkunde"},"content":{"rendered":"<div data-elementor-type=\"wp-page\" data-elementor-id=\"661\" class=\"elementor elementor-661\">\n\t\t\t\t\t\t<section class=\"xts-negative-gap elementor-section elementor-top-section elementor-element elementor-element-aabde2c elementor-section-boxed elementor-section-height-default elementor-section-height-default xts-section-disabled\" data-id=\"aabde2c\" data-element_type=\"section\" data-e-type=\"section\">\n\t\t\t\t\t\t<div class=\"elementor-container elementor-column-gap-wide\">\n\t\t\t\t\t<div class=\"elementor-column elementor-col-66 elementor-top-column elementor-element elementor-element-046e579\" data-id=\"046e579\" data-element_type=\"column\" data-e-type=\"column\">\n\t\t\t<div class=\"elementor-widget-wrap elementor-element-populated\">\n\t\t\t\t\t\t<div class=\"elementor-element elementor-element-8ec3077 xts-scheme-inherit xts-textalign-inherit elementor-widget elementor-widget-text-editor\" data-id=\"8ec3077\" data-element_type=\"widget\" data-e-type=\"widget\" data-widget_type=\"text-editor.default\">\n\t\t\t\t<div class=\"elementor-widget-container\">\n\t\t\t\t\t\t\t\t\t<h3><strong data-spm-anchor-id=\"a2ty_o01.29997173.0.i6.3858c9212mR4Lq\">Een succesvolle start met tandheelkunde in de VAE - met DoctorFlow aan uw zijde<\/strong><\/h3><p data-spm-anchor-id=\"a2ty_o01.29997173.0.i7.3858c9212mR4Lq\">Van DHA-autorisatie tot de opening van je tandartspraktijk - wij regelen alles voor je.<\/p><p data-spm-anchor-id=\"a2ty_o01.29997173.0.i10.3858c9212mR4Lq\">De VAE is een groeiende markt voor tandheelkunde, die wordt gekenmerkt door hoge investeringen in de gezondheidszorginfrastructuur en een toenemende vraag naar tandheelkundige diensten van hoge kwaliteit.<\/p><p data-spm-anchor-id=\"a2ty_o01.29997173.0.i11.3858c9212mR4Lq\"><strong>Als tandarts profiteer je van:<\/strong><\/p>\t\t\t\t\t\t\t\t<\/div>\n\t\t\t\t<\/div>\n\t\t\t\t<div class=\"elementor-element elementor-element-733d44d elementor-icon-list--layout-traditional elementor-list-item-link-full_width elementor-widget elementor-widget-icon-list\" data-id=\"733d44d\" data-element_type=\"widget\" data-e-type=\"widget\" data-widget_type=\"icon-list.default\">\n\t\t\t\t<div class=\"elementor-widget-container\">\n\t\t\t\t\t\t\t<ul class=\"elementor-icon-list-items\">\n\t\t\t\t\t\t\t<li class=\"elementor-icon-list-item\">\n\t\t\t\t\t\t\t\t\t\t\t<span class=\"elementor-icon-list-icon\">\n\t\t\t\t\t\t\t<svg aria-hidden=\"true\" class=\"e-font-icon-svg e-fas-chevron-right\" viewbox=\"0 0 320 512\" xmlns=\"http:\/\/www.w3.org\/2000\/svg\"><path d=\"M285.476 272.971L91.132 467.314c-9.373 9.373-24.569 9.373-33.941 0l-22.667-22.667c-9.357-9.357-9.375-24.522-.04-33.901L188.505 256 34.484 101.255c-9.335-9.379-9.317-24.544.04-33.901l22.667-22.667c9.373-9.373 24.569-9.373 33.941 0L285.475 239.03c9.373 9.372 9.373 24.568.001 33.941z\"><\/path><\/svg>\t\t\t\t\t\t<\/span>\n\t\t\t\t\t\t\t\t\t\t<span class=\"elementor-icon-list-text\">Grote vraag: een groeiende bevolking en een toenemende focus op esthetische tandheelkunde.<\/span>\n\t\t\t\t\t\t\t\t\t<\/li>\n\t\t\t\t\t\t\t\t<li class=\"elementor-icon-list-item\">\n\t\t\t\t\t\t\t\t\t\t\t<span class=\"elementor-icon-list-icon\">\n\t\t\t\t\t\t\t<svg aria-hidden=\"true\" class=\"e-font-icon-svg e-fas-chevron-right\" viewbox=\"0 0 320 512\" xmlns=\"http:\/\/www.w3.org\/2000\/svg\"><path d=\"M285.476 272.971L91.132 467.314c-9.373 9.373-24.569 9.373-33.941 0l-22.667-22.667c-9.357-9.357-9.375-24.522-.04-33.901L188.505 256 34.484 101.255c-9.335-9.379-9.317-24.544.04-33.901l22.667-22.667c9.373-9.373 24.569-9.373 33.941 0L285.475 239.03c9.373 9.372 9.373 24.568.001 33.941z\"><\/path><\/svg>\t\t\t\t\t\t<\/span>\n\t\t\t\t\t\t\t\t\t\t<span class=\"elementor-icon-list-text\">Moderne infrastructuur: ultramoderne faciliteiten en technologie\u00ebn.<\/span>\n\t\t\t\t\t\t\t\t\t<\/li>\n\t\t\t\t\t\t\t\t<li class=\"elementor-icon-list-item\">\n\t\t\t\t\t\t\t\t\t\t\t<span class=\"elementor-icon-list-icon\">\n\t\t\t\t\t\t\t<svg aria-hidden=\"true\" class=\"e-font-icon-svg e-fas-chevron-right\" viewbox=\"0 0 320 512\" xmlns=\"http:\/\/www.w3.org\/2000\/svg\"><path d=\"M285.476 272.971L91.132 467.314c-9.373 9.373-24.569 9.373-33.941 0l-22.667-22.667c-9.357-9.357-9.375-24.522-.04-33.901L188.505 256 34.484 101.255c-9.335-9.379-9.317-24.544.04-33.901l22.667-22.667c9.373-9.373 24.569-9.373 33.941 0L285.475 239.03c9.373 9.372 9.373 24.568.001 33.941z\"><\/path><\/svg>\t\t\t\t\t\t<\/span>\n\t\t\t\t\t\t\t\t\t\t<span class=\"elementor-icon-list-text\">Gouden visum: Als professional in de gezondheidszorg kunt u gemakkelijk een gouden visum krijgen.<\/span>\n\t\t\t\t\t\t\t\t\t<\/li>\n\t\t\t\t\t\t\t\t<li class=\"elementor-icon-list-item\">\n\t\t\t\t\t\t\t\t\t\t\t<span class=\"elementor-icon-list-icon\">\n\t\t\t\t\t\t\t<svg aria-hidden=\"true\" class=\"e-font-icon-svg e-fas-chevron-right\" viewbox=\"0 0 320 512\" xmlns=\"http:\/\/www.w3.org\/2000\/svg\"><path d=\"M285.476 272.971L91.132 467.314c-9.373 9.373-24.569 9.373-33.941 0l-22.667-22.667c-9.357-9.357-9.375-24.522-.04-33.901L188.505 256 34.484 101.255c-9.335-9.379-9.317-24.544.04-33.901l22.667-22.667c9.373-9.373 24.569-9.373 33.941 0L285.475 239.03c9.373 9.372 9.373 24.568.001 33.941z\"><\/path><\/svg>\t\t\t\t\t\t<\/span>\n\t\t\t\t\t\t\t\t\t\t<span class=\"elementor-icon-list-text\">Internationale pati\u00ebnten: De VAE trekken pati\u00ebnten van over de hele wereld aan die op zoek zijn naar behandelingen van hoge kwaliteit.<\/span>\n\t\t\t\t\t\t\t\t\t<\/li>\n\t\t\t\t\t\t<\/ul>\n\t\t\t\t\t\t<\/div>\n\t\t\t\t<\/div>\n\t\t\t\t\t<\/div>\n\t\t<\/div>\n\t\t\t\t<div class=\"elementor-column elementor-col-33 elementor-top-column elementor-element elementor-element-270f8e5\" data-id=\"270f8e5\" data-element_type=\"column\" data-e-type=\"column\">\n\t\t\t<div class=\"elementor-widget-wrap elementor-element-populated\">\n\t\t\t\t\t\t<div class=\"elementor-element elementor-element-cbd4ce9 elementor-widget elementor-widget-xts_team_member\" data-id=\"cbd4ce9\" data-element_type=\"widget\" data-e-type=\"widget\" data-widget_type=\"xts_team_member.default\">\n\t\t\t\t<div class=\"elementor-widget-container\">\n\t\t\t\t\t\n\t\t<div class=\"xts-member xts-design-mask xts-textalign-left xts-scheme-light xts-with-bg-color xts-with-shadow\">\n\t\t\t\t\t\t\t<div class=\"xts-member-image\">\n\t\t\t\t\t<img fetchpriority=\"high\" decoding=\"async\" width=\"420\" height=\"658\" src=\"https:\/\/doctoflow.com\/wp-content\/uploads\/2020\/02\/venus-medic-2-opt-1.jpg\" class=\"attachment-full size-full wp-image-552\" alt=\"\" \/>\t\t\t\t<\/div>\n\t\t\t\n\t\t\t<div class=\"xts-member-content xts-reset-mb-10 xts-reset-last\">\n\t\t\t\t\t\t\t\t\t<h4 class=\"xts-member-name xts-fontsize-m\" data-elementor-setting-key=\"name\">\n\t\t\t\t\t\tJohn Woods\t\t\t\t\t<\/h4>\n\t\t\t\t\n\t\t\t\t\t\t\t\t\t<div class=\"xts-member-position xts-fontsize-s\" data-elementor-setting-key=\"position\">\n\t\t\t\t\t\tTandheelkunde\t\t\t\t\t<\/div>\n\t\t\t\t\n\t\t\t\t\n\t\t\t\t\t\t\t<\/div>\n\t\t<\/div>\n\n\t\t\t\t\t\t<\/div>\n\t\t\t\t<\/div>\n\t\t\t\t\t<\/div>\n\t\t<\/div>\n\t\t\t\t\t<\/div>\n\t\t<\/section>\n\t\t\t\t<section class=\"xts-negative-gap elementor-section elementor-top-section elementor-element elementor-element-eced782 elementor-section-boxed elementor-section-height-default elementor-section-height-default xts-section-disabled\" data-id=\"eced782\" data-element_type=\"section\" data-e-type=\"section\">\n\t\t\t\t\t\t<div class=\"elementor-container elementor-column-gap-default\">\n\t\t\t\t\t<div class=\"elementor-column elementor-col-100 elementor-top-column elementor-element elementor-element-5586519\" data-id=\"5586519\" data-element_type=\"column\" data-e-type=\"column\">\n\t\t\t<div class=\"elementor-widget-wrap elementor-element-populated\">\n\t\t\t\t\t\t<div class=\"elementor-element elementor-element-31addfb xts-scheme-inherit xts-textalign-inherit elementor-widget elementor-widget-text-editor\" data-id=\"31addfb\" data-element_type=\"widget\" data-e-type=\"widget\" data-widget_type=\"text-editor.default\">\n\t\t\t\t<div class=\"elementor-widget-container\">\n\t\t\t\t\t\t\t\t\t<p data-spm-anchor-id=\"a2ty_o01.29997173.0.i8.3858c9212mR4Lq\">Wilt u zich vestigen als tandarts in de VAE of een moderne tandheelkundige kliniek opzetten? Met <strong>DoctorFlow <\/strong>ondersteunen we je bij elke stap. Onze experts kennen de wettelijke vereisten van de Dubai Health Authority (DHA) door en door en zullen ervoor zorgen dat de opening van je praktijk vlekkeloos verloopt.<\/p><div class=\"my-2\">\u00a0<\/div><p>Of u nu een kleine tandartspraktijk of een grote kliniek wilt openen, wij bieden oplossingen op maat die aan uw doelen voldoen. Vertrouw op onze lokale expertise en laat ons de ingewikkelde processen voor je afhandelen.<\/p><p>Dat is niet zo erg, er is een dummy-exemplaar om je te redden. Maar erger nog, wat als de vis niet in het blikje past, de voet te groot is voor de laars? Of te klein? Te korte zinnen, te veel koppen, afbeeldingen te groot voor het voorgestelde ontwerp, of te klein, of ze passen er wel in maar het ziet er niet goed uit om redenen die de mensen in de vergadering nu nog niet helemaal kunnen achterhalen, maar ze zijn op de een of andere manier ongelukkig.<\/p><p>Een klant die ongelukkig is met een reden is een probleem, een klant die ongelukkig is zonder dat hij of zij er de vinger op kan leggen is erger. Maar. Een grote maar: Lorem Ipsum is niet de oorzaak van het probleem, het laat alleen zien wat er mis gaat. De kans is groot dat er geen samenwerking, communicatie en controlepunten waren, dat er geen proces was afgesproken of gespecificeerd met de vereiste granulariteit. Het is een contentstrategie die vanaf het begin verkeerd is gegaan. Afzien van het gebruik van Lorem Ipsum had niet geholpen en helpt nu ook niet.<\/p>\t\t\t\t\t\t\t\t<\/div>\n\t\t\t\t<\/div>\n\t\t\t\t\t<\/div>\n\t\t<\/div>\n\t\t\t\t\t<\/div>\n\t\t<\/section>\n\t\t<div class=\"xts-negative-gap elementor-element elementor-element-b1a7e80 e-flex e-con-boxed xts-section-disabled e-con e-parent\" data-id=\"b1a7e80\" data-element_type=\"container\" data-e-type=\"container\">\n\t\t\t\t\t<div class=\"e-con-inner\">\n\t\t\t\t<div class=\"elementor-element elementor-element-94aede2 elementor-widget elementor-widget-xts_button\" data-id=\"94aede2\" data-element_type=\"widget\" data-e-type=\"widget\" data-widget_type=\"xts_button.default\">\n\t\t\t\t<div class=\"elementor-widget-container\">\n\t\t\t\t\t\t\t\t<div class=\"xts-button-wrapper xts-textalign-center\" >\n\t\t\t\t\t\t\t\t\t<a class=\"xts-button xts-size-xl xts-style-default xts-color-primary xts-shape-round xts-width-full\" href=\"http:\/\/wa.link\/hr0b0m\" target=\"_blank\" rel=\"noopener\">\n\t\t\t\t\t\t<span class=\"xts-button-text\" data-elementor-setting-key=\"button_text\">\n\t\t\t\t\t\t\tNeem nu contact met ons op via WhatsApp\t\t\t\t\t\t<\/span>\n\n\t\t\t\t\t\t\t\t\t\t\t<\/a>\n\t\t\t\t\t\t\t<\/div>\n\t\t\t\t\t\t<\/div>\n\t\t\t\t<\/div>\n\t\t\t\t\t<\/div>\n\t\t\t\t<\/div>\n\t\t\t\t<section class=\"xts-negative-gap elementor-section elementor-top-section elementor-element elementor-element-be42099 elementor-section-boxed elementor-section-height-default elementor-section-height-default xts-section-disabled\" data-id=\"be42099\" data-element_type=\"section\" data-e-type=\"section\">\n\t\t\t\t\t\t<div class=\"elementor-container elementor-column-gap-default\">\n\t\t\t\t\t<div class=\"elementor-column elementor-col-50 elementor-top-column elementor-element elementor-element-d58d236\" data-id=\"d58d236\" data-element_type=\"column\" data-e-type=\"column\">\n\t\t\t<div class=\"elementor-widget-wrap elementor-element-populated\">\n\t\t\t\t\t\t<div class=\"elementor-element elementor-element-5291dea elementor-widget elementor-widget-xts_image\" data-id=\"5291dea\" data-element_type=\"widget\" data-e-type=\"widget\" data-widget_type=\"xts_image.default\">\n\t\t\t\t<div class=\"elementor-widget-container\">\n\t\t\t\t\t\t\t\t<div class=\"xts-image-single xts-textalign-center\">\n\t\t\t\t<figure class=\"xts-image\">\n\t\t\t\t\t\t\t\t\t\t\t<div class=\"xts-image-inner\">\n\t\t\t\t\t\n\t\t\t\t\t\t<img decoding=\"async\" width=\"600\" height=\"370\" src=\"https:\/\/doctoflow.com\/wp-content\/uploads\/2020\/02\/venus-depatmens-4-opt.jpg\" class=\"attachment-full size-full wp-image-721\" alt=\"\" \/>\n\t\t\t\t\t\t\t\t\t\t\t<\/div>\n\t\t\t\t\t\n\t\t\t\t\t\t\t\t\t<\/figure>\n\n\t\t\t\t\t\t\t<\/div>\n\t\t\t\t\t\t<\/div>\n\t\t\t\t<\/div>\n\t\t\t\t\t<\/div>\n\t\t<\/div>\n\t\t\t\t<div class=\"elementor-column elementor-col-50 elementor-top-column elementor-element elementor-element-5b982e6\" data-id=\"5b982e6\" data-element_type=\"column\" data-e-type=\"column\">\n\t\t\t<div class=\"elementor-widget-wrap elementor-element-populated\">\n\t\t\t\t\t\t<div class=\"elementor-element elementor-element-01bea04 xts-scheme-inherit xts-textalign-inherit elementor-widget elementor-widget-text-editor\" data-id=\"01bea04\" data-element_type=\"widget\" data-e-type=\"widget\" data-widget_type=\"text-editor.default\">\n\t\t\t\t<div class=\"elementor-widget-container\">\n\t\t\t\t\t\t\t\t\t<h3><strong data-spm-anchor-id=\"a2ty_o01.29997173.0.i15.3858c9212mR4Lq\">Onze uitgebreide services voor tandartsen in de VAE<\/strong><\/h3><p data-spm-anchor-id=\"a2ty_o01.29997173.0.i16.3858c9212mR4Lq\">We bieden een <strong>Volledige service <\/strong>die niets te wensen overlaat. Dit is hoe we je ondersteunen:<\/p><div class=\"my-2\">\u00a0<\/div><ol start=\"1\"><li><p><strong>DHA-autorisatie en vergunning om te praktiseren:<\/strong><br \/>Wij zorgen voor alle documenten die nodig zijn om een DHA-autorisatie aan te vragen - van logboeken en universiteitsdiploma's tot vertalingen.<\/p><\/li><li><p><strong>Oprichting van een LLC\/praktijk:<\/strong><br \/>Wij helpen je bij het opzetten van een Limited Liability Company (LLC) en zorgen ervoor dat aan alle wettelijke vereisten wordt voldaan.<\/p><\/li><li><p><strong>Binneninrichting en uitrusting:<\/strong><br \/>Van het plannen van het pand tot het aanschaffen van de nieuwste tandheelkundige apparatuur - wij zorgen ervoor dat uw praktijk aan de hoogste normen voldoet.<\/p><\/li><li><p><strong>Verzekering en naleving:<\/strong><br \/>We organiseren de noodzakelijke verzekering tegen wanpraktijken en zorgen ervoor dat we volledig voldoen aan de plaatselijke voorschriften.<\/p><\/li><li><p><strong>Marketing en pati\u00ebntenwerving:<\/strong><br \/>We ondersteunen je bij het bekendmaken van je praktijk en het aantrekken van pati\u00ebnten - lokaal en internationaal.<\/p><\/li><\/ol><div class=\"my-2\">\u00a0<\/div><hr \/><h3><strong>FAQ - Veelgestelde vragen<\/strong><\/h3><h3><strong>Alles wat je moet weten over tandheelkunde in de VAE<\/strong><\/h3><p><strong>Aan welke eisen moet ik als tandarts voldoen om mijn beroep in de VAE uit te oefenen?<\/strong><\/p><p>Om als tandarts te werken in de VAE heb je een vergunning nodig van de Dubai Health Authority (DHA). Hiervoor is onder andere het volgende vereist<\/p><ul><li>Een universitair diploma tandheelkunde<\/li><li>Ten minste twee jaar werkervaring<\/li><li>Vertaalde en notari\u00eble documenten<\/li><li>Eventueel een gespecialiseerde test in het Engels<\/li><\/ul><div class=\"my-2\">\u00a0<\/div><p>Wij helpen je alle benodigde documenten samen te stellen en begeleiden je door het hele proces.<\/p><div class=\"my-2\">\u00a0<\/div><p><strong>Kan ik mijn eigen apparaten meenemen uit Duitsland?<\/strong><\/p><p>Ja, maar er zijn beperkingen. Niet alle apparaten zijn goedgekeurd in de VAE en er kunnen verschillen zijn in stroomaansluitingen en technische normen. We kunnen je adviseren over de selectie en aanschaf van de juiste apparaten.<\/p><p><strong>Hoe lang duurt de autorisatieprocedure van DHA?<\/strong><\/p><p>Het tijdsbestek varieert afhankelijk van de complexiteit van je zaak en de communicatie tussen de autoriteiten. Meestal duurt het tussen de 4 weken en 6 maanden. We optimaliseren het proces om het zo snel mogelijk af te ronden.<\/p><p><strong>Wat kost het om een tandartspraktijk te openen in de VAE?<\/strong><\/p><p>De kosten zijn afhankelijk van het type faciliteit:<\/p><ul><li>Kleine praktijk: Vanaf ca. 100.000 AED<\/li><li>Dagkliniek: Vanaf ca. 500.000 AED<\/li><li>Complete kliniek: Enkele miljoenen AED<\/li><\/ul><div class=\"my-2\">\u00a0<\/div><p>We stellen een gedetailleerde kostenraming op die is aangepast aan jouw behoeften.<\/p><h3>\u00a0<\/h3><p><strong>Wat onze klanten zeggen<\/strong><\/p><div class=\"my-2\">\u00a0<\/div><p>\"DoctorFlow heeft ons uitstekend ondersteund bij de opening van onze tandartspraktijk in Dubai. Het hele proces was stressvrij en professioneel. We kunnen het team ten zeerste aanbevelen!\"<br \/>- Dr. Anna M\u00fcller, tandarts<\/p><div class=\"my-2\">\u00a0<\/div><p>\"Van de DHA-goedkeuring tot het interieurontwerp - DoctorFlow begeleidde ons bij elke stap. We zijn erg blij met de kwaliteit van de service.\"<br \/>- Dr. Ahmed Al-Farsi, oprichter van een tandheelkundige kliniek<\/p><div class=\"my-2\">\u00a0<\/div><hr \/><h3><strong>6 Nu handelen<\/strong><\/h3><p><strong>Start uw tandheelkundige carri\u00e8re in de VAE - vandaag!<\/strong><\/p><p>De VAE bieden talloze mogelijkheden voor tandartsen die hier voet aan de grond willen krijgen. Laat ons team van experts u ondersteunen en uw visie werkelijkheid laten worden.<\/p>\t\t\t\t\t\t\t\t<\/div>\n\t\t\t\t<\/div>\n\t\t\t\t\t<\/div>\n\t\t<\/div>\n\t\t\t\t\t<\/div>\n\t\t<\/section>\n\t\t<div class=\"xts-negative-gap elementor-element elementor-element-2314f91 e-flex e-con-boxed xts-section-disabled e-con e-parent\" data-id=\"2314f91\" data-element_type=\"container\" data-e-type=\"container\">\n\t\t\t\t\t<div class=\"e-con-inner\">\n\t\t\t\t<div class=\"elementor-element elementor-element-0d80c82 elementor-widget elementor-widget-xts_button\" data-id=\"0d80c82\" data-element_type=\"widget\" data-e-type=\"widget\" data-widget_type=\"xts_button.default\">\n\t\t\t\t<div class=\"elementor-widget-container\">\n\t\t\t\t\t\t\t\t<div class=\"xts-button-wrapper xts-textalign-center\" >\n\t\t\t\t\t\t\t\t\t<a class=\"xts-button xts-size-xl xts-style-default xts-color-primary xts-shape-round xts-width-full\" href=\"http:\/\/wa.link\/hr0b0m\" target=\"_blank\" rel=\"noopener\">\n\t\t\t\t\t\t<span class=\"xts-button-text\" data-elementor-setting-key=\"button_text\">\n\t\t\t\t\t\t\tNeem nu contact met ons op via WhatsApp\t\t\t\t\t\t<\/span>\n\n\t\t\t\t\t\t\t\t\t\t\t<\/a>\n\t\t\t\t\t\t\t<\/div>\n\t\t\t\t\t\t<\/div>\n\t\t\t\t<\/div>\n\t\t\t\t\t<\/div>\n\t\t\t\t<\/div>\n\t\t\t\t<\/div>","protected":false},"excerpt":{"rendered":"<p>Erfolgreich in die Zahnmedizin in den VAE starten \u2013 Mit DoctorFlow an Ihrer Seite Von der DHA-Zulassung bis zur Er\u00f6ffnung Ihrer Zahnarztpraxis \u2013 Wir \u00fcbernehmen alles f\u00fcr Sie. Die VAE sind ein wachsender Markt f\u00fcr Zahnmedizin, der durch hohe Investitionen in Gesundheitsinfrastruktur und eine steigende Nachfrage nach hochwertigen zahnmedizinischen Dienstleistungen gekennzeichnet ist. Als Zahnarzt profitieren [&hellip;]<\/p>\n","protected":false},"author":1,"featured_media":0,"parent":0,"menu_order":4,"comment_status":"closed","ping_status":"closed","template":"","meta":{"footnotes":""},"class_list":["post-661","page","type-page","status-publish","hentry"],"_hostinger_reach_plugin_has_subscription_block":false,"_hostinger_reach_plugin_is_elementor":false,"_links":{"self":[{"href":"https:\/\/doctoflow.com\/nl\/wp-json\/wp\/v2\/pages\/661","targetHints":{"allow":["GET"]}}],"collection":[{"href":"https:\/\/doctoflow.com\/nl\/wp-json\/wp\/v2\/pages"}],"about":[{"href":"https:\/\/doctoflow.com\/nl\/wp-json\/wp\/v2\/types\/page"}],"author":[{"embeddable":true,"href":"https:\/\/doctoflow.com\/nl\/wp-json\/wp\/v2\/users\/1"}],"replies":[{"embeddable":true,"href":"https:\/\/doctoflow.com\/nl\/wp-json\/wp\/v2\/comments?post=661"}],"version-history":[{"count":16,"href":"https:\/\/doctoflow.com\/nl\/wp-json\/wp\/v2\/pages\/661\/revisions"}],"predecessor-version":[{"id":1743,"href":"https:\/\/doctoflow.com\/nl\/wp-json\/wp\/v2\/pages\/661\/revisions\/1743"}],"wp:attachment":[{"href":"https:\/\/doctoflow.com\/nl\/wp-json\/wp\/v2\/media?parent=661"}],"curies":[{"name":"wp","href":"https:\/\/api.w.org\/{rel}","templated":true}]}}