{"id":686,"date":"2020-02-12T10:28:07","date_gmt":"2020-02-12T10:28:07","guid":{"rendered":"http:\/\/space.xtemos.com\/demo\/venus\/?page_id=686"},"modified":"2025-04-12T14:37:49","modified_gmt":"2025-04-12T14:37:49","slug":"dermatologie","status":"publish","type":"page","link":"https:\/\/doctoflow.com\/nl\/dermatologie\/","title":{"rendered":"Dermatologie"},"content":{"rendered":"<div data-elementor-type=\"wp-page\" data-elementor-id=\"686\" class=\"elementor elementor-686\">\n\t\t\t\t\t\t<section class=\"xts-negative-gap elementor-section elementor-top-section elementor-element elementor-element-15fffed elementor-section-boxed elementor-section-height-default elementor-section-height-default xts-section-disabled\" data-id=\"15fffed\" data-element_type=\"section\" data-e-type=\"section\">\n\t\t\t\t\t\t<div class=\"elementor-container elementor-column-gap-wide\">\n\t\t\t\t\t<div class=\"elementor-column elementor-col-66 elementor-top-column elementor-element elementor-element-b7abcff\" data-id=\"b7abcff\" data-element_type=\"column\" data-e-type=\"column\">\n\t\t\t<div class=\"elementor-widget-wrap elementor-element-populated\">\n\t\t\t\t\t\t<div class=\"elementor-element elementor-element-677f5bb xts-scheme-inherit xts-textalign-inherit elementor-widget elementor-widget-text-editor\" data-id=\"677f5bb\" data-element_type=\"widget\" data-e-type=\"widget\" data-widget_type=\"text-editor.default\">\n\t\t\t\t<div class=\"elementor-widget-container\">\n\t\t\t\t\t\t\t\t\t<h3><strong data-spm-anchor-id=\"a2ty_o01.29997173.0.i6.3858517190J6RG\">Succesvolle start als dermatoloog in de VAE - met DoctorFlow aan uw zijde<\/strong><\/h3><p data-spm-anchor-id=\"a2ty_o01.29997173.0.i7.3858517190J6RG\">Van DHA-autorisatie tot de opening van je dermatologische praktijk - wij regelen alles voor je.<\/p><p data-spm-anchor-id=\"a2ty_o01.29997173.0.i8.3858517190J6RG\">Wilt u voet aan de grond krijgen als dermatoloog in de VAE of een moderne dermatologische praktijk opzetten? Met <strong>DoctorFlow<\/strong>ondersteunen we je bij elke stap. Onze experts kennen de wettelijke vereisten van de Dubai Health Authority (DHA) door en door en zullen ervoor zorgen dat de opening van je praktijk vlekkeloos verloopt.<\/p><p>Of je nu een kleine praktijk of een gespecialiseerde dermatologiekliniek wilt openen, wij bieden oplossingen op maat die voldoen aan jouw doelen. Vertrouw op onze lokale expertise en laat ons de ingewikkelde processen voor je afhandelen.<\/p><h3><strong data-spm-anchor-id=\"a2ty_o01.29997173.0.i11.3858517190J6RG\">Waarom dermatologie in de VAE?<\/strong><\/h3><p><strong>Headline:<\/strong><br \/><strong data-spm-anchor-id=\"a2ty_o01.29997173.0.i10.3858517190J6RG\">Waarom de VAE een aantrekkelijke locatie is voor dermatologen<\/strong><\/p><p>De VAE is een groeiende markt voor dermatologische diensten, met name op het gebied van esthetische geneeskunde en huidverzorging. De vraag naar hoogwaardige behandelingen zoals botox, fillers, lasertherapie\u00ebn en antiverouderingsoplossingen neemt voortdurend toe - zowel onder de lokale bevolking als onder internationale pati\u00ebnten.<\/p><p>Als dermatoloog profiteer je van:<\/p><ul><li><strong>Veel vraag: <\/strong>Een groeiende focus op esthetische geneeskunde en preventieve huidverzorging.<\/li><li><strong>Moderne infrastructuur: <\/strong>Geavanceerde faciliteiten en technologie\u00ebn.<\/li><li><strong>Gouden visum: <\/strong>Als professional in de gezondheidszorg kunt u gemakkelijk een gouden visum krijgen.<\/li><li><strong>Internationale pati\u00ebnten: <\/strong>De VAE trekken pati\u00ebnten van over de hele wereld aan die op zoek zijn naar behandelingen van hoge kwaliteit.<\/li><\/ul><p>Met <strong>DoctorFlow <\/strong>Haal het beste uit deze kansen - wij helpen je om je in deze dynamische markt te vestigen.<\/p><p data-spm-anchor-id=\"a2ty_o01.29997173.0.i13.3858517190J6RG\"><strong>Onze uitgebreide diensten voor dermatologen in de VAE<\/strong><\/p>\t\t\t\t\t\t\t\t<\/div>\n\t\t\t\t<\/div>\n\t\t\t\t<div class=\"elementor-element elementor-element-0354f5f elementor-icon-list--layout-traditional elementor-list-item-link-full_width elementor-widget elementor-widget-icon-list\" data-id=\"0354f5f\" data-element_type=\"widget\" data-e-type=\"widget\" data-widget_type=\"icon-list.default\">\n\t\t\t\t<div class=\"elementor-widget-container\">\n\t\t\t\t\t\t\t<ul class=\"elementor-icon-list-items\">\n\t\t\t\t\t\t\t<li class=\"elementor-icon-list-item\">\n\t\t\t\t\t\t\t\t\t\t\t<span class=\"elementor-icon-list-icon\">\n\t\t\t\t\t\t\t<svg aria-hidden=\"true\" class=\"e-font-icon-svg e-fas-chevron-right\" viewbox=\"0 0 320 512\" xmlns=\"http:\/\/www.w3.org\/2000\/svg\"><path d=\"M285.476 272.971L91.132 467.314c-9.373 9.373-24.569 9.373-33.941 0l-22.667-22.667c-9.357-9.357-9.375-24.522-.04-33.901L188.505 256 34.484 101.255c-9.335-9.379-9.317-24.544.04-33.901l22.667-22.667c9.373-9.373 24.569-9.373 33.941 0L285.475 239.03c9.373 9.372 9.373 24.568.001 33.941z\"><\/path><\/svg>\t\t\t\t\t\t<\/span>\n\t\t\t\t\t\t\t\t\t\t<span class=\"elementor-icon-list-text\">DHA-toelating en vergunning om te praktiseren: Wij verzorgen alle documenten die nodig zijn om een DHA-toelating aan te vragen - van logboeken en universiteitsdiploma's tot vertalingen.<\/span>\n\t\t\t\t\t\t\t\t\t<\/li>\n\t\t\t\t\t\t\t\t<li class=\"elementor-icon-list-item\">\n\t\t\t\t\t\t\t\t\t\t\t<span class=\"elementor-icon-list-icon\">\n\t\t\t\t\t\t\t<svg aria-hidden=\"true\" class=\"e-font-icon-svg e-fas-chevron-right\" viewbox=\"0 0 320 512\" xmlns=\"http:\/\/www.w3.org\/2000\/svg\"><path d=\"M285.476 272.971L91.132 467.314c-9.373 9.373-24.569 9.373-33.941 0l-22.667-22.667c-9.357-9.357-9.375-24.522-.04-33.901L188.505 256 34.484 101.255c-9.335-9.379-9.317-24.544.04-33.901l22.667-22.667c9.373-9.373 24.569-9.373 33.941 0L285.475 239.03c9.373 9.372 9.373 24.568.001 33.941z\"><\/path><\/svg>\t\t\t\t\t\t<\/span>\n\t\t\t\t\t\t\t\t\t\t<span class=\"elementor-icon-list-text\">Oprichting van een LLC\/praktijk: We helpen je bij het oprichten van een Limited Liability Company (LLC) en zorgen ervoor dat aan alle wettelijke vereisten wordt voldaan.<\/span>\n\t\t\t\t\t\t\t\t\t<\/li>\n\t\t\t\t\t\t\t\t<li class=\"elementor-icon-list-item\">\n\t\t\t\t\t\t\t\t\t\t\t<span class=\"elementor-icon-list-icon\">\n\t\t\t\t\t\t\t<svg aria-hidden=\"true\" class=\"e-font-icon-svg e-fas-chevron-right\" viewbox=\"0 0 320 512\" xmlns=\"http:\/\/www.w3.org\/2000\/svg\"><path d=\"M285.476 272.971L91.132 467.314c-9.373 9.373-24.569 9.373-33.941 0l-22.667-22.667c-9.357-9.357-9.375-24.522-.04-33.901L188.505 256 34.484 101.255c-9.335-9.379-9.317-24.544.04-33.901l22.667-22.667c9.373-9.373 24.569-9.373 33.941 0L285.475 239.03c9.373 9.372 9.373 24.568.001 33.941z\"><\/path><\/svg>\t\t\t\t\t\t<\/span>\n\t\t\t\t\t\t\t\t\t\t<span class=\"elementor-icon-list-text\">Interieurontwerp en apparatuur: van het plannen van het pand tot het aanschaffen van de nieuwste dermatologische apparatuur - wij zorgen ervoor dat uw praktijk aan de hoogste normen voldoet.<\/span>\n\t\t\t\t\t\t\t\t\t<\/li>\n\t\t\t\t\t\t\t\t<li class=\"elementor-icon-list-item\">\n\t\t\t\t\t\t\t\t\t\t\t<span class=\"elementor-icon-list-icon\">\n\t\t\t\t\t\t\t<svg aria-hidden=\"true\" class=\"e-font-icon-svg e-fas-chevron-right\" viewbox=\"0 0 320 512\" xmlns=\"http:\/\/www.w3.org\/2000\/svg\"><path d=\"M285.476 272.971L91.132 467.314c-9.373 9.373-24.569 9.373-33.941 0l-22.667-22.667c-9.357-9.357-9.375-24.522-.04-33.901L188.505 256 34.484 101.255c-9.335-9.379-9.317-24.544.04-33.901l22.667-22.667c9.373-9.373 24.569-9.373 33.941 0L285.475 239.03c9.373 9.372 9.373 24.568.001 33.941z\"><\/path><\/svg>\t\t\t\t\t\t<\/span>\n\t\t\t\t\t\t\t\t\t\t<span class=\"elementor-icon-list-text\">Verzekering en naleving: We organiseren de noodzakelijke verzekering tegen wanpraktijken en zorgen ervoor dat we volledig voldoen aan de lokale voorschriften.<\/span>\n\t\t\t\t\t\t\t\t\t<\/li>\n\t\t\t\t\t\t\t\t<li class=\"elementor-icon-list-item\">\n\t\t\t\t\t\t\t\t\t\t\t<span class=\"elementor-icon-list-icon\">\n\t\t\t\t\t\t\t<svg aria-hidden=\"true\" class=\"e-font-icon-svg e-fas-chevron-right\" viewbox=\"0 0 320 512\" xmlns=\"http:\/\/www.w3.org\/2000\/svg\"><path d=\"M285.476 272.971L91.132 467.314c-9.373 9.373-24.569 9.373-33.941 0l-22.667-22.667c-9.357-9.357-9.375-24.522-.04-33.901L188.505 256 34.484 101.255c-9.335-9.379-9.317-24.544.04-33.901l22.667-22.667c9.373-9.373 24.569-9.373 33.941 0L285.475 239.03c9.373 9.372 9.373 24.568.001 33.941z\"><\/path><\/svg>\t\t\t\t\t\t<\/span>\n\t\t\t\t\t\t\t\t\t\t<span class=\"elementor-icon-list-text\">Marketing en pati\u00ebntenwerving: We ondersteunen je bij het bekendmaken van je praktijk en het aantrekken van pati\u00ebnten - lokaal en internationaal.<\/span>\n\t\t\t\t\t\t\t\t\t<\/li>\n\t\t\t\t\t\t\t\t<li class=\"elementor-icon-list-item\">\n\t\t\t\t\t\t\t\t\t\t\t<span class=\"elementor-icon-list-icon\">\n\t\t\t\t\t\t\t<svg aria-hidden=\"true\" class=\"e-font-icon-svg e-fas-chevron-right\" viewbox=\"0 0 320 512\" xmlns=\"http:\/\/www.w3.org\/2000\/svg\"><path d=\"M285.476 272.971L91.132 467.314c-9.373 9.373-24.569 9.373-33.941 0l-22.667-22.667c-9.357-9.357-9.375-24.522-.04-33.901L188.505 256 34.484 101.255c-9.335-9.379-9.317-24.544.04-33.901l22.667-22.667c9.373-9.373 24.569-9.373 33.941 0L285.475 239.03c9.373 9.372 9.373 24.568.001 33.941z\"><\/path><\/svg>\t\t\t\t\t\t<\/span>\n\t\t\t\t\t\t\t\t\t\t<span class=\"elementor-icon-list-text\">Extra kwalificaties: Als je aanvullende kwalificaties nodig hebt voor esthetische behandelingen, helpen we je bij het selecteren en organiseren van de juiste cursussen.<\/span>\n\t\t\t\t\t\t\t\t\t<\/li>\n\t\t\t\t\t\t<\/ul>\n\t\t\t\t\t\t<\/div>\n\t\t\t\t<\/div>\n\t\t\t\t\t<\/div>\n\t\t<\/div>\n\t\t\t\t<div class=\"elementor-column elementor-col-33 elementor-top-column elementor-element elementor-element-bd4b354\" data-id=\"bd4b354\" data-element_type=\"column\" data-e-type=\"column\">\n\t\t\t<div class=\"elementor-widget-wrap elementor-element-populated\">\n\t\t\t\t\t\t<div class=\"elementor-element elementor-element-1b3bebe elementor-widget elementor-widget-xts_team_member\" data-id=\"1b3bebe\" data-element_type=\"widget\" data-e-type=\"widget\" data-widget_type=\"xts_team_member.default\">\n\t\t\t\t<div class=\"elementor-widget-container\">\n\t\t\t\t\t\n\t\t<div class=\"xts-member xts-design-mask xts-textalign-left xts-scheme-light xts-with-bg-color xts-with-shadow\">\n\t\t\t\t\t\t\t<div class=\"xts-member-image\">\n\t\t\t\t\t<img fetchpriority=\"high\" decoding=\"async\" width=\"420\" height=\"658\" src=\"https:\/\/doctoflow.com\/wp-content\/uploads\/2020\/02\/venus-medic-3-opt.jpg\" class=\"attachment-full size-full wp-image-553\" alt=\"\" \/>\t\t\t\t<\/div>\n\t\t\t\n\t\t\t<div class=\"xts-member-content xts-reset-mb-10 xts-reset-last\">\n\t\t\t\t\t\t\t\t\t<h4 class=\"xts-member-name xts-fontsize-m\" data-elementor-setting-key=\"name\">\n\t\t\t\t\t\tNaomi Dean\t\t\t\t\t<\/h4>\n\t\t\t\t\n\t\t\t\t\t\t\t\t\t<div class=\"xts-member-position xts-fontsize-s\" data-elementor-setting-key=\"position\">\n\t\t\t\t\t\tDermatoloog\t\t\t\t\t<\/div>\n\t\t\t\t\n\t\t\t\t\n\t\t\t\t\t\t\t\t\t<div class=\"xts-social-buttons xts-social-icons xts-style-default xts-size-m xts-shape- xts-scheme-light\">\n\t\t\t\t\t\t\t\t\t\t\t\t\t<a target=\"_blank\" class=\"xts-social-facebook\" href=\"#\">\n\t\t\t\t\t\t\t\t<i class=\"xts-i-facebook\"><\/i>\n\t\t\t\t\t\t\t<\/a>\n\t\t\t\t\t\t\t\t\t\t\t\t\t<a target=\"_blank\" class=\"xts-social-twitter\" href=\"#\">\n\t\t\t\t\t\t\t\t<i class=\"xts-i-twitter\"><\/i>\n\t\t\t\t\t\t\t<\/a>\n\t\t\t\t\t\t\t\t\t\t\t\t\t<a target=\"_blank\" class=\"xts-social-linkedin\" href=\"#\">\n\t\t\t\t\t\t\t\t<i class=\"xts-i-linkedin\"><\/i>\n\t\t\t\t\t\t\t<\/a>\n\t\t\t\t\t\t\t\t\t\t\t\t\t<a target=\"_blank\" class=\"xts-social-instagram\" href=\"#\">\n\t\t\t\t\t\t\t\t<i class=\"xts-i-instagram\"><\/i>\n\t\t\t\t\t\t\t<\/a>\n\t\t\t\t\t\t\t\t\t\t\t\t\t<a target=\"_blank\" class=\"xts-social-github\" href=\"#\">\n\t\t\t\t\t\t\t\t<i class=\"xts-i-github\"><\/i>\n\t\t\t\t\t\t\t<\/a>\n\t\t\t\t\t\t\t\t\t\t\t<\/div>\n\t\t\t\t\t\t\t<\/div>\n\t\t<\/div>\n\n\t\t\t\t\t\t<\/div>\n\t\t\t\t<\/div>\n\t\t\t\t\t<\/div>\n\t\t<\/div>\n\t\t\t\t\t<\/div>\n\t\t<\/section>\n\t\t<div class=\"xts-negative-gap elementor-element elementor-element-933ad87 e-flex e-con-boxed xts-section-disabled e-con e-parent\" data-id=\"933ad87\" data-element_type=\"container\" data-e-type=\"container\">\n\t\t\t\t\t<div class=\"e-con-inner\">\n\t\t\t\t<div class=\"elementor-element elementor-element-885bdd1 elementor-widget elementor-widget-xts_button\" data-id=\"885bdd1\" data-element_type=\"widget\" data-e-type=\"widget\" data-widget_type=\"xts_button.default\">\n\t\t\t\t<div class=\"elementor-widget-container\">\n\t\t\t\t\t\t\t\t<div class=\"xts-button-wrapper xts-textalign-center\" >\n\t\t\t\t\t\t\t\t\t<a class=\"xts-button xts-size-xl xts-style-default xts-color-primary xts-shape-round xts-width-full\" href=\"http:\/\/wa.link\/hr0b0m\" target=\"_blank\" rel=\"noopener\">\n\t\t\t\t\t\t<span class=\"xts-button-text\" data-elementor-setting-key=\"button_text\">\n\t\t\t\t\t\t\tNeem nu contact met ons op via WhatsApp\t\t\t\t\t\t<\/span>\n\n\t\t\t\t\t\t\t\t\t\t\t<\/a>\n\t\t\t\t\t\t\t<\/div>\n\t\t\t\t\t\t<\/div>\n\t\t\t\t<\/div>\n\t\t\t\t\t<\/div>\n\t\t\t\t<\/div>\n\t\t\t\t<section class=\"xts-negative-gap elementor-section elementor-top-section elementor-element elementor-element-5e95911 elementor-section-boxed elementor-section-height-default elementor-section-height-default xts-section-disabled\" data-id=\"5e95911\" data-element_type=\"section\" data-e-type=\"section\">\n\t\t\t\t\t\t<div class=\"elementor-container elementor-column-gap-default\">\n\t\t\t\t\t<div class=\"elementor-column elementor-col-100 elementor-top-column elementor-element elementor-element-5104fd7\" data-id=\"5104fd7\" data-element_type=\"column\" data-e-type=\"column\">\n\t\t\t<div class=\"elementor-widget-wrap elementor-element-populated\">\n\t\t\t\t\t\t<div class=\"elementor-element elementor-element-6c86381 xts-scheme-inherit xts-textalign-inherit elementor-widget elementor-widget-text-editor\" data-id=\"6c86381\" data-element_type=\"widget\" data-e-type=\"widget\" data-widget_type=\"text-editor.default\">\n\t\t\t\t<div class=\"elementor-widget-container\">\n\t\t\t\t\t\t\t\t\t<h3><strong data-spm-anchor-id=\"a2ty_o01.29997173.0.i20.3858517190J6RG\">Alles wat je moet weten over dermatologie in de VAE<\/strong><\/h3><p><strong>Aan welke eisen moet ik als dermatoloog voldoen om mijn beroep in de VAE uit te oefenen?<\/strong><\/p><p>Om als dermatoloog te werken in de VAE heb je een praktijkvergunning nodig van de Dubai Health Authority (DHA). Hiervoor is onder andere het volgende vereist<\/p><ul><li>Een universitair diploma dermatologie<\/li><li>Ten minste twee jaar werkervaring<\/li><li>Vertaalde en notari\u00eble documenten<\/li><li>Eventueel een gespecialiseerde test in het Engels<\/li><\/ul><p>Wij helpen je alle benodigde documenten samen te stellen en begeleiden je door het hele proces.<\/p><p><strong>Kan ik mijn eigen apparaten meenemen uit Duitsland?<\/strong><\/p><p>Ja, maar er zijn beperkingen. Niet alle apparaten zijn goedgekeurd in de VAE en er kunnen verschillen zijn in stroomaansluitingen en technische normen. We kunnen je adviseren over de selectie en aanschaf van de juiste apparaten.<\/p><p><strong>Hoe lang duurt de autorisatieprocedure van DHA?<\/strong><\/p><p>Het tijdsbestek varieert afhankelijk van de complexiteit van je zaak en de communicatie tussen de autoriteiten. Meestal duurt het tussen de 4 weken en 6 maanden. We optimaliseren het proces om het zo snel mogelijk af te ronden.<\/p><p><strong>Wat kost het om een dermatologiepraktijk te openen in de VAE?<\/strong><\/p><p>De kosten zijn afhankelijk van het type faciliteit:<\/p><ul><li>Kleine praktijk: Vanaf ca. 100.000 AED<\/li><li>Dagkliniek: Vanaf ca. 500.000 AED<\/li><li>Complete kliniek: Enkele miljoenen AED<\/li><\/ul><p>We stellen een gedetailleerde kostenraming op die is aangepast aan jouw behoeften.<\/p><div class=\"my-2\">\u00a0<\/div><hr \/><h3><strong>Getuigenissen van klanten<\/strong><\/h3><h3><strong>Wat onze klanten zeggen<\/strong><\/h3><p>\"DoctorFlow heeft ons uitstekend ondersteund bij de opening van onze dermatologische praktijk in Dubai. Het hele proces was stressvrij en professioneel. We kunnen het team van harte aanbevelen!\"<br \/>- Dr. Sarah Klein, dermatoloog<\/p><p>\"Van de DHA-goedkeuring tot het interieurontwerp - DoctorFlow begeleidde ons bij elke stap. We zijn erg blij met de kwaliteit van de service.\"<br \/>- Dr. Ahmed Al-Farsi, oprichter van een dermatologische kliniek<\/p>\t\t\t\t\t\t\t\t<\/div>\n\t\t\t\t<\/div>\n\t\t\t\t\t<\/div>\n\t\t<\/div>\n\t\t\t\t\t<\/div>\n\t\t<\/section>\n\t\t<div class=\"xts-negative-gap elementor-element elementor-element-4dd5ad3 e-flex e-con-boxed xts-section-disabled e-con e-parent\" data-id=\"4dd5ad3\" data-element_type=\"container\" data-e-type=\"container\">\n\t\t\t\t\t<div class=\"e-con-inner\">\n\t\t\t\t<div class=\"elementor-element elementor-element-d6a98c8 elementor-widget elementor-widget-xts_button\" data-id=\"d6a98c8\" data-element_type=\"widget\" data-e-type=\"widget\" data-widget_type=\"xts_button.default\">\n\t\t\t\t<div class=\"elementor-widget-container\">\n\t\t\t\t\t\t\t\t<div class=\"xts-button-wrapper xts-textalign-center\" >\n\t\t\t\t\t\t\t\t\t<a class=\"xts-button xts-size-xl xts-style-default xts-color-primary xts-shape-round xts-width-full\" href=\"http:\/\/wa.link\/hr0b0m\" target=\"_blank\" rel=\"noopener\">\n\t\t\t\t\t\t<span class=\"xts-button-text\" data-elementor-setting-key=\"button_text\">\n\t\t\t\t\t\t\tNeem nu contact met ons op via WhatsApp\t\t\t\t\t\t<\/span>\n\n\t\t\t\t\t\t\t\t\t\t\t<\/a>\n\t\t\t\t\t\t\t<\/div>\n\t\t\t\t\t\t<\/div>\n\t\t\t\t<\/div>\n\t\t\t\t\t<\/div>\n\t\t\t\t<\/div>\n\t\t\t\t<section class=\"xts-negative-gap elementor-section elementor-top-section elementor-element elementor-element-fa8b52f elementor-section-boxed elementor-section-height-default elementor-section-height-default xts-section-disabled\" data-id=\"fa8b52f\" data-element_type=\"section\" data-e-type=\"section\">\n\t\t\t\t\t\t<div class=\"elementor-container elementor-column-gap-default\">\n\t\t\t\t\t<div class=\"elementor-column elementor-col-50 elementor-top-column elementor-element elementor-element-702cdec\" data-id=\"702cdec\" data-element_type=\"column\" data-e-type=\"column\">\n\t\t\t<div class=\"elementor-widget-wrap elementor-element-populated\">\n\t\t\t\t\t\t<div class=\"elementor-element elementor-element-e19a62d elementor-widget elementor-widget-xts_image\" data-id=\"e19a62d\" data-element_type=\"widget\" data-e-type=\"widget\" data-widget_type=\"xts_image.default\">\n\t\t\t\t<div class=\"elementor-widget-container\">\n\t\t\t\t\t\t\t\t<div class=\"xts-image-single xts-textalign-center\">\n\t\t\t\t<figure class=\"xts-image\">\n\t\t\t\t\t\t\t\t\t\t\t<div class=\"xts-image-inner\">\n\t\t\t\t\t\n\t\t\t\t\t\t<img decoding=\"async\" width=\"600\" height=\"370\" src=\"https:\/\/doctoflow.com\/wp-content\/uploads\/2020\/02\/venus-depatmens-5-opt.jpg\" class=\"attachment-full size-full wp-image-722\" alt=\"\" \/>\n\t\t\t\t\t\t\t\t\t\t\t<\/div>\n\t\t\t\t\t\n\t\t\t\t\t\t\t\t\t<\/figure>\n\n\t\t\t\t\t\t\t<\/div>\n\t\t\t\t\t\t<\/div>\n\t\t\t\t<\/div>\n\t\t\t\t\t<\/div>\n\t\t<\/div>\n\t\t\t\t<div class=\"elementor-column elementor-col-50 elementor-top-column elementor-element elementor-element-0581ed2\" data-id=\"0581ed2\" data-element_type=\"column\" data-e-type=\"column\">\n\t\t\t<div class=\"elementor-widget-wrap elementor-element-populated\">\n\t\t\t\t\t\t<div class=\"elementor-element elementor-element-d9a3bb5 xts-scheme-inherit xts-textalign-inherit elementor-widget elementor-widget-text-editor\" data-id=\"d9a3bb5\" data-element_type=\"widget\" data-e-type=\"widget\" data-widget_type=\"text-editor.default\">\n\t\t\t\t<div class=\"elementor-widget-container\">\n\t\t\t\t\t\t\t\t\t<h3><strong data-spm-anchor-id=\"a2ty_o01.29997173.0.i22.3858517190J6RG\">Nu handelen<\/strong><\/h3><p><strong>Start vandaag nog je dermatologiecarri\u00e8re in de VAE!<\/strong><\/p><p>De VAE bieden talloze mogelijkheden voor dermatologen die hier voet aan de grond willen krijgen. Laat ons team van experts u ondersteunen en uw visie werkelijkheid laten worden.<\/p>\t\t\t\t\t\t\t\t<\/div>\n\t\t\t\t<\/div>\n\t\t\t\t\t<\/div>\n\t\t<\/div>\n\t\t\t\t\t<\/div>\n\t\t<\/section>\n\t\t\t\t<\/div>","protected":false},"excerpt":{"rendered":"<p>Erfolgreich als Dermatologe in den VAE starten \u2013 Mit DoctorFlow an Ihrer Seite Von der DHA-Zulassung bis zur Er\u00f6ffnung Ihrer Hautarztpraxis \u2013 Wir \u00fcbernehmen alles f\u00fcr Sie. M\u00f6chten Sie als Dermatologe\/in in den VAE Fu\u00df fassen oder eine moderne Hautarztpraxis gr\u00fcnden? Bei DoctorFlowunterst\u00fctzen wir Sie bei jedem Schritt des Prozesses. Unsere Experten kennen die regulatorischen [&hellip;]<\/p>\n","protected":false},"author":1,"featured_media":0,"parent":0,"menu_order":5,"comment_status":"closed","ping_status":"closed","template":"","meta":{"footnotes":""},"class_list":["post-686","page","type-page","status-publish","hentry"],"_hostinger_reach_plugin_has_subscription_block":false,"_hostinger_reach_plugin_is_elementor":false,"_links":{"self":[{"href":"https:\/\/doctoflow.com\/nl\/wp-json\/wp\/v2\/pages\/686","targetHints":{"allow":["GET"]}}],"collection":[{"href":"https:\/\/doctoflow.com\/nl\/wp-json\/wp\/v2\/pages"}],"about":[{"href":"https:\/\/doctoflow.com\/nl\/wp-json\/wp\/v2\/types\/page"}],"author":[{"embeddable":true,"href":"https:\/\/doctoflow.com\/nl\/wp-json\/wp\/v2\/users\/1"}],"replies":[{"embeddable":true,"href":"https:\/\/doctoflow.com\/nl\/wp-json\/wp\/v2\/comments?post=686"}],"version-history":[{"count":8,"href":"https:\/\/doctoflow.com\/nl\/wp-json\/wp\/v2\/pages\/686\/revisions"}],"predecessor-version":[{"id":1682,"href":"https:\/\/doctoflow.com\/nl\/wp-json\/wp\/v2\/pages\/686\/revisions\/1682"}],"wp:attachment":[{"href":"https:\/\/doctoflow.com\/nl\/wp-json\/wp\/v2\/media?parent=686"}],"curies":[{"name":"wp","href":"https:\/\/api.w.org\/{rel}","templated":true}]}}