{"id":691,"date":"2020-02-12T10:28:37","date_gmt":"2020-02-12T10:28:37","guid":{"rendered":"http:\/\/space.xtemos.com\/demo\/venus\/?page_id=691"},"modified":"2025-04-12T13:50:47","modified_gmt":"2025-04-12T13:50:47","slug":"cardiologie","status":"publish","type":"page","link":"https:\/\/doctoflow.com\/nl\/kardiologie\/","title":{"rendered":"Cardiologie"},"content":{"rendered":"<div data-elementor-type=\"wp-page\" data-elementor-id=\"691\" class=\"elementor elementor-691\">\n\t\t\t\t\t\t<section class=\"xts-negative-gap elementor-section elementor-top-section elementor-element elementor-element-d10dcae elementor-section-boxed elementor-section-height-default elementor-section-height-default xts-section-disabled\" data-id=\"d10dcae\" data-element_type=\"section\" data-e-type=\"section\">\n\t\t\t\t\t\t<div class=\"elementor-container elementor-column-gap-wide\">\n\t\t\t\t\t<div class=\"elementor-column elementor-col-66 elementor-top-column elementor-element elementor-element-9835dca\" data-id=\"9835dca\" data-element_type=\"column\" data-e-type=\"column\">\n\t\t\t<div class=\"elementor-widget-wrap elementor-element-populated\">\n\t\t\t\t\t\t<div class=\"elementor-element elementor-element-c44d598 xts-scheme-inherit xts-textalign-inherit elementor-widget elementor-widget-text-editor\" data-id=\"c44d598\" data-element_type=\"widget\" data-e-type=\"widget\" data-widget_type=\"text-editor.default\">\n\t\t\t\t<div class=\"elementor-widget-container\">\n\t\t\t\t\t\t\t\t\t<h3><strong data-spm-anchor-id=\"a2ty_o01.29997173.0.i28.3858517190J6RG\">Succesvolle start als cardioloog in de VAE - Met DoctorFlow aan uw zijde<\/strong><\/h3><p data-spm-anchor-id=\"a2ty_o01.29997173.0.i31.3858517190J6RG\">Van DHA-autorisatie tot de opening van je cardiologische praktijk - wij regelen alles voor je.<\/p><p data-spm-anchor-id=\"a2ty_o01.29997173.0.i30.3858517190J6RG\">Wilt u als cardioloog voet aan de grond krijgen in de VAE of een moderne cardiologische praktijk opzetten?<\/p><p data-spm-anchor-id=\"a2ty_o01.29997173.0.i30.3858517190J6RG\">Met <strong>DoctorFlow <\/strong>ondersteunen we je bij elke stap. Onze experts kennen de wettelijke vereisten van de Dubai Health Authority (DHA) door en door en zullen ervoor zorgen dat de opening van je praktijk vlekkeloos verloopt.<\/p><p>Of je nu een kleine praktijk, een dagkliniek of zelfs een volledig uitgeruste hartkliniek wilt openen - wij bieden oplossingen op maat die aan je doelen voldoen. Vertrouw op onze lokale expertise en laat ons de ingewikkelde processen voor je afhandelen.<\/p><p data-spm-anchor-id=\"a2ty_o01.29997173.0.i32.3858517190J6RG\">De VAE vormen een groeiende markt voor cardiologische diensten, met name op het gebied van preventie, diagnose en behandeling van hartaandoeningen. De vraag naar cardiologische behandelingen van hoge kwaliteit neemt voortdurend toe - zowel onder de lokale bevolking als onder internationale pati\u00ebnten die kiezen voor geavanceerde medische zorg.<\/p><p><strong>Als cardioloog profiteer je van<\/strong><\/p>\t\t\t\t\t\t\t\t<\/div>\n\t\t\t\t<\/div>\n\t\t\t\t<div class=\"elementor-element elementor-element-6d90521 elementor-icon-list--layout-traditional elementor-list-item-link-full_width elementor-widget elementor-widget-icon-list\" data-id=\"6d90521\" data-element_type=\"widget\" data-e-type=\"widget\" data-widget_type=\"icon-list.default\">\n\t\t\t\t<div class=\"elementor-widget-container\">\n\t\t\t\t\t\t\t<ul class=\"elementor-icon-list-items\">\n\t\t\t\t\t\t\t<li class=\"elementor-icon-list-item\">\n\t\t\t\t\t\t\t\t\t\t\t<span class=\"elementor-icon-list-icon\">\n\t\t\t\t\t\t\t<svg aria-hidden=\"true\" class=\"e-font-icon-svg e-fas-chevron-right\" viewbox=\"0 0 320 512\" xmlns=\"http:\/\/www.w3.org\/2000\/svg\"><path d=\"M285.476 272.971L91.132 467.314c-9.373 9.373-24.569 9.373-33.941 0l-22.667-22.667c-9.357-9.357-9.375-24.522-.04-33.901L188.505 256 34.484 101.255c-9.335-9.379-9.317-24.544.04-33.901l22.667-22.667c9.373-9.373 24.569-9.373 33.941 0L285.475 239.03c9.373 9.372 9.373 24.568.001 33.941z\"><\/path><\/svg>\t\t\t\t\t\t<\/span>\n\t\t\t\t\t\t\t\t\t\t<span class=\"elementor-icon-list-text\">Grote vraag: Een groeiende focus op hartgezondheid en preventieve geneeskunde.<\/span>\n\t\t\t\t\t\t\t\t\t<\/li>\n\t\t\t\t\t\t\t\t<li class=\"elementor-icon-list-item\">\n\t\t\t\t\t\t\t\t\t\t\t<span class=\"elementor-icon-list-icon\">\n\t\t\t\t\t\t\t<svg aria-hidden=\"true\" class=\"e-font-icon-svg e-fas-chevron-right\" viewbox=\"0 0 320 512\" xmlns=\"http:\/\/www.w3.org\/2000\/svg\"><path d=\"M285.476 272.971L91.132 467.314c-9.373 9.373-24.569 9.373-33.941 0l-22.667-22.667c-9.357-9.357-9.375-24.522-.04-33.901L188.505 256 34.484 101.255c-9.335-9.379-9.317-24.544.04-33.901l22.667-22.667c9.373-9.373 24.569-9.373 33.941 0L285.475 239.03c9.373 9.372 9.373 24.568.001 33.941z\"><\/path><\/svg>\t\t\t\t\t\t<\/span>\n\t\t\t\t\t\t\t\t\t\t<span class=\"elementor-icon-list-text\">Moderne infrastructuur: ultramoderne faciliteiten en technologie\u00ebn.<\/span>\n\t\t\t\t\t\t\t\t\t<\/li>\n\t\t\t\t\t\t\t\t<li class=\"elementor-icon-list-item\">\n\t\t\t\t\t\t\t\t\t\t\t<span class=\"elementor-icon-list-icon\">\n\t\t\t\t\t\t\t<svg aria-hidden=\"true\" class=\"e-font-icon-svg e-fas-chevron-right\" viewbox=\"0 0 320 512\" xmlns=\"http:\/\/www.w3.org\/2000\/svg\"><path d=\"M285.476 272.971L91.132 467.314c-9.373 9.373-24.569 9.373-33.941 0l-22.667-22.667c-9.357-9.357-9.375-24.522-.04-33.901L188.505 256 34.484 101.255c-9.335-9.379-9.317-24.544.04-33.901l22.667-22.667c9.373-9.373 24.569-9.373 33.941 0L285.475 239.03c9.373 9.372 9.373 24.568.001 33.941z\"><\/path><\/svg>\t\t\t\t\t\t<\/span>\n\t\t\t\t\t\t\t\t\t\t<span class=\"elementor-icon-list-text\">Gouden visum: Als professional in de gezondheidszorg kunt u gemakkelijk een gouden visum krijgen.<\/span>\n\t\t\t\t\t\t\t\t\t<\/li>\n\t\t\t\t\t\t\t\t<li class=\"elementor-icon-list-item\">\n\t\t\t\t\t\t\t\t\t\t\t<span class=\"elementor-icon-list-icon\">\n\t\t\t\t\t\t\t<svg aria-hidden=\"true\" class=\"e-font-icon-svg e-fas-chevron-right\" viewbox=\"0 0 320 512\" xmlns=\"http:\/\/www.w3.org\/2000\/svg\"><path d=\"M285.476 272.971L91.132 467.314c-9.373 9.373-24.569 9.373-33.941 0l-22.667-22.667c-9.357-9.357-9.375-24.522-.04-33.901L188.505 256 34.484 101.255c-9.335-9.379-9.317-24.544.04-33.901l22.667-22.667c9.373-9.373 24.569-9.373 33.941 0L285.475 239.03c9.373 9.372 9.373 24.568.001 33.941z\"><\/path><\/svg>\t\t\t\t\t\t<\/span>\n\t\t\t\t\t\t\t\t\t\t<span class=\"elementor-icon-list-text\">Internationale pati\u00ebnten: De VAE trekken pati\u00ebnten van over de hele wereld aan die op zoek zijn naar behandelingen van hoge kwaliteit.<\/span>\n\t\t\t\t\t\t\t\t\t<\/li>\n\t\t\t\t\t\t<\/ul>\n\t\t\t\t\t\t<\/div>\n\t\t\t\t<\/div>\n\t\t\t\t\t<\/div>\n\t\t<\/div>\n\t\t\t\t<div class=\"elementor-column elementor-col-33 elementor-top-column elementor-element elementor-element-df3f06c\" data-id=\"df3f06c\" data-element_type=\"column\" data-e-type=\"column\">\n\t\t\t<div class=\"elementor-widget-wrap elementor-element-populated\">\n\t\t\t\t\t\t<div class=\"elementor-element elementor-element-c5e9ab6 elementor-widget elementor-widget-xts_team_member\" data-id=\"c5e9ab6\" data-element_type=\"widget\" data-e-type=\"widget\" data-widget_type=\"xts_team_member.default\">\n\t\t\t\t<div class=\"elementor-widget-container\">\n\t\t\t\t\t\n\t\t<div class=\"xts-member xts-design-mask xts-textalign-left xts-scheme-light xts-with-bg-color xts-with-shadow\">\n\t\t\t\t\t\t\t<div class=\"xts-member-image\">\n\t\t\t\t\t<img fetchpriority=\"high\" decoding=\"async\" width=\"420\" height=\"658\" src=\"https:\/\/doctoflow.com\/wp-content\/uploads\/2020\/02\/venus-medic-4-opt.jpg\" class=\"attachment-full size-full wp-image-554\" alt=\"\" \/>\t\t\t\t<\/div>\n\t\t\t\n\t\t\t<div class=\"xts-member-content xts-reset-mb-10 xts-reset-last\">\n\t\t\t\t\t\t\t\t\t<h4 class=\"xts-member-name xts-fontsize-m\" data-elementor-setting-key=\"name\">\n\t\t\t\t\t\tJacob Brandwonden\t\t\t\t\t<\/h4>\n\t\t\t\t\n\t\t\t\t\t\t\t\t\t<div class=\"xts-member-position xts-fontsize-s\" data-elementor-setting-key=\"position\">\n\t\t\t\t\t\tCardiologie\t\t\t\t\t<\/div>\n\t\t\t\t\n\t\t\t\t\n\t\t\t\t\t\t\t\t\t<div class=\"xts-social-buttons xts-social-icons xts-style-default xts-size-m xts-shape- xts-scheme-light\">\n\t\t\t\t\t\t\t\t\t\t\t\t\t<a target=\"_blank\" class=\"xts-social-facebook\" href=\"#\">\n\t\t\t\t\t\t\t\t<i class=\"xts-i-facebook\"><\/i>\n\t\t\t\t\t\t\t<\/a>\n\t\t\t\t\t\t\t\t\t\t\t\t\t<a target=\"_blank\" class=\"xts-social-twitter\" href=\"#\">\n\t\t\t\t\t\t\t\t<i class=\"xts-i-twitter\"><\/i>\n\t\t\t\t\t\t\t<\/a>\n\t\t\t\t\t\t\t\t\t\t\t\t\t<a target=\"_blank\" class=\"xts-social-linkedin\" href=\"#\">\n\t\t\t\t\t\t\t\t<i class=\"xts-i-linkedin\"><\/i>\n\t\t\t\t\t\t\t<\/a>\n\t\t\t\t\t\t\t\t\t\t\t\t\t<a target=\"_blank\" class=\"xts-social-instagram\" href=\"#\">\n\t\t\t\t\t\t\t\t<i class=\"xts-i-instagram\"><\/i>\n\t\t\t\t\t\t\t<\/a>\n\t\t\t\t\t\t\t\t\t\t\t\t\t<a target=\"_blank\" class=\"xts-social-github\" href=\"#\">\n\t\t\t\t\t\t\t\t<i class=\"xts-i-github\"><\/i>\n\t\t\t\t\t\t\t<\/a>\n\t\t\t\t\t\t\t\t\t\t\t<\/div>\n\t\t\t\t\t\t\t<\/div>\n\t\t<\/div>\n\n\t\t\t\t\t\t<\/div>\n\t\t\t\t<\/div>\n\t\t\t\t\t<\/div>\n\t\t<\/div>\n\t\t\t\t\t<\/div>\n\t\t<\/section>\n\t\t\t\t<section class=\"xts-negative-gap elementor-section elementor-top-section elementor-element elementor-element-e4b041e elementor-section-boxed elementor-section-height-default elementor-section-height-default xts-section-disabled\" data-id=\"e4b041e\" data-element_type=\"section\" data-e-type=\"section\">\n\t\t\t\t\t\t<div class=\"elementor-container elementor-column-gap-default\">\n\t\t\t\t\t<div class=\"elementor-column elementor-col-100 elementor-top-column elementor-element elementor-element-0364018\" data-id=\"0364018\" data-element_type=\"column\" data-e-type=\"column\">\n\t\t\t<div class=\"elementor-widget-wrap elementor-element-populated\">\n\t\t\t\t\t\t<div class=\"elementor-element elementor-element-421db21 xts-scheme-inherit xts-textalign-inherit elementor-widget elementor-widget-text-editor\" data-id=\"421db21\" data-element_type=\"widget\" data-e-type=\"widget\" data-widget_type=\"text-editor.default\">\n\t\t\t\t<div class=\"elementor-widget-container\">\n\t\t\t\t\t\t\t\t\t<p><strong data-spm-anchor-id=\"a2ty_o01.29997173.0.i38.3858517190J6RG\">Onze uitgebreide diensten voor cardiologen in de VAE<\/strong><\/p><p>We bieden een <strong>Volledige service <\/strong>die niets te wensen overlaat. Dit is hoe we je ondersteunen:<\/p><ol start=\"1\"><li><p><strong>DHA-autorisatie en vergunning om te praktiseren:<\/strong><br \/>Wij zorgen voor alle documenten die nodig zijn om een DHA-autorisatie aan te vragen - van logboeken en universiteitsdiploma's tot vertalingen.<\/p><\/li><li><p><strong>Oprichting van een LLC\/praktijk:<\/strong><br \/>Wij helpen je bij het opzetten van een Limited Liability Company (LLC) en zorgen ervoor dat aan alle wettelijke vereisten wordt voldaan.<\/p><\/li><li><p><strong>Binneninrichting en uitrusting:<\/strong><br \/>Van het plannen van het pand tot het aanschaffen van de nieuwste cardiologische apparatuur - wij zorgen ervoor dat uw praktijk aan de hoogste normen voldoet.<\/p><\/li><li><p><strong>Verzekering en naleving:<\/strong><br \/>We organiseren de noodzakelijke verzekering tegen wanpraktijken en zorgen ervoor dat we volledig voldoen aan de plaatselijke voorschriften.<\/p><\/li><li><p><strong>Marketing en pati\u00ebntenwerving:<\/strong><br \/>We ondersteunen je bij het bekendmaken van je praktijk en het aantrekken van pati\u00ebnten - lokaal en internationaal.<\/p><\/li><li><p><strong>Geavanceerde technologie\u00ebn:<\/strong><br \/>Wij adviseren u bij de selectie van ECG-apparaten, ultrasone apparaten, hart-CT-scanners en andere hightech oplossingen.<\/p><\/li><li><p><strong>Extra kwalificaties:<\/strong><br \/>Als je aanvullende kwalificaties nodig hebt voor interventionele cardiologie of gespecialiseerde behandelingen, helpen we je bij het selecteren en organiseren van de juiste cursussen.<\/p><\/li><\/ol>\t\t\t\t\t\t\t\t<\/div>\n\t\t\t\t<\/div>\n\t\t\t\t\t<\/div>\n\t\t<\/div>\n\t\t\t\t\t<\/div>\n\t\t<\/section>\n\t\t\t\t<section class=\"xts-negative-gap elementor-section elementor-top-section elementor-element elementor-element-12af891 elementor-section-boxed elementor-section-height-default elementor-section-height-default xts-section-disabled\" data-id=\"12af891\" data-element_type=\"section\" data-e-type=\"section\">\n\t\t\t\t\t\t<div class=\"elementor-container elementor-column-gap-default\">\n\t\t\t\t\t<div class=\"elementor-column elementor-col-50 elementor-top-column elementor-element elementor-element-9311f19\" data-id=\"9311f19\" data-element_type=\"column\" data-e-type=\"column\">\n\t\t\t<div class=\"elementor-widget-wrap elementor-element-populated\">\n\t\t\t\t\t\t<div class=\"elementor-element elementor-element-6c3387d elementor-widget elementor-widget-xts_image\" data-id=\"6c3387d\" data-element_type=\"widget\" data-e-type=\"widget\" data-widget_type=\"xts_image.default\">\n\t\t\t\t<div class=\"elementor-widget-container\">\n\t\t\t\t\t\t\t\t<div class=\"xts-image-single xts-textalign-center\">\n\t\t\t\t<figure class=\"xts-image\">\n\t\t\t\t\t\t\t\t\t\t\t<div class=\"xts-image-inner\">\n\t\t\t\t\t\n\t\t\t\t\t\t<img decoding=\"async\" width=\"600\" height=\"371\" src=\"https:\/\/doctoflow.com\/wp-content\/uploads\/2020\/02\/venus-depatmens-2-opt.jpg\" class=\"attachment-full size-full wp-image-719\" alt=\"\" \/>\n\t\t\t\t\t\t\t\t\t\t\t<\/div>\n\t\t\t\t\t\n\t\t\t\t\t\t\t\t\t<\/figure>\n\n\t\t\t\t\t\t\t<\/div>\n\t\t\t\t\t\t<\/div>\n\t\t\t\t<\/div>\n\t\t\t\t\t<\/div>\n\t\t<\/div>\n\t\t\t\t<div class=\"elementor-column elementor-col-50 elementor-top-column elementor-element elementor-element-476c417\" data-id=\"476c417\" data-element_type=\"column\" data-e-type=\"column\">\n\t\t\t<div class=\"elementor-widget-wrap elementor-element-populated\">\n\t\t\t\t\t\t<div class=\"elementor-element elementor-element-3ffb3be xts-scheme-inherit xts-textalign-inherit elementor-widget elementor-widget-text-editor\" data-id=\"3ffb3be\" data-element_type=\"widget\" data-e-type=\"widget\" data-widget_type=\"text-editor.default\">\n\t\t\t\t<div class=\"elementor-widget-container\">\n\t\t\t\t\t\t\t\t\t<h3><strong data-spm-anchor-id=\"a2ty_o01.29997173.0.i40.3858517190J6RG\">Alles wat je moet weten over cardiologie in de VAE<\/strong><\/h3><p><strong data-spm-anchor-id=\"a2ty_o01.29997173.0.i39.3858517190J6RG\">Aan welke eisen moet ik als cardioloog voldoen om in de VAE te mogen werken?<\/strong><\/p><p>Om als cardioloog in de VAE te werken, heb je een vergunning nodig van de Dubai Health Authority (DHA). Hiervoor is onder andere het volgende vereist<\/p><ul><li>Een universitair diploma cardiologie<\/li><li>Ten minste twee jaar werkervaring<\/li><li>Vertaalde en notari\u00eble documenten<\/li><li>Eventueel een gespecialiseerde test in het Engels<\/li><\/ul><p>Wij helpen je alle benodigde documenten samen te stellen en begeleiden je door het hele proces.<\/p><p><strong>Kan ik mijn eigen apparaten meenemen uit Duitsland?<\/strong><\/p><p>Ja, maar er zijn beperkingen. Niet alle apparaten zijn goedgekeurd in de VAE en er kunnen verschillen zijn in stroomaansluitingen en technische normen. We kunnen je adviseren over de selectie en aanschaf van de juiste apparaten.<\/p><p><strong>Hoe lang duurt de autorisatieprocedure van DHA?<\/strong><\/p><p>Het tijdsbestek varieert afhankelijk van de complexiteit van je zaak en de communicatie tussen de autoriteiten. Meestal duurt het tussen de 4 weken en 6 maanden. We optimaliseren het proces om het zo snel mogelijk af te ronden.<\/p><p><strong>Wat kost het om een cardiologische praktijk te openen in de VAE?<\/strong><\/p><p>De kosten zijn afhankelijk van het type faciliteit:<\/p><ul><li>Kleine praktijk: Vanaf ca. 150.000 AED<\/li><li>Dagkliniek: Vanaf ca. 750.000 AED<\/li><li>Complete kliniek: Enkele miljoenen AED<\/li><\/ul><p>We stellen een gedetailleerde kostenraming op die is aangepast aan jouw behoeften.<\/p>\t\t\t\t\t\t\t\t<\/div>\n\t\t\t\t<\/div>\n\t\t\t\t\t<\/div>\n\t\t<\/div>\n\t\t\t\t\t<\/div>\n\t\t<\/section>\n\t\t\t\t<\/div>","protected":false},"excerpt":{"rendered":"<p>Erfolgreich als Kardiologe in den VAE starten \u2013 Mit DoctorFlow an Ihrer Seite Von der DHA-Zulassung bis zur Er\u00f6ffnung Ihrer Kardiologie-Praxis \u2013 Wir \u00fcbernehmen alles f\u00fcr Sie. M\u00f6chten Sie als Kardiologe\/in in den VAE Fu\u00df fassen oder eine moderne Herzspezialistenpraxis gr\u00fcnden? Bei DoctorFlow unterst\u00fctzen wir Sie bei jedem Schritt des Prozesses. Unsere Experten kennen die [&hellip;]<\/p>\n","protected":false},"author":1,"featured_media":0,"parent":0,"menu_order":2,"comment_status":"closed","ping_status":"closed","template":"","meta":{"footnotes":""},"class_list":["post-691","page","type-page","status-publish","hentry"],"_hostinger_reach_plugin_has_subscription_block":false,"_hostinger_reach_plugin_is_elementor":false,"_links":{"self":[{"href":"https:\/\/doctoflow.com\/nl\/wp-json\/wp\/v2\/pages\/691","targetHints":{"allow":["GET"]}}],"collection":[{"href":"https:\/\/doctoflow.com\/nl\/wp-json\/wp\/v2\/pages"}],"about":[{"href":"https:\/\/doctoflow.com\/nl\/wp-json\/wp\/v2\/types\/page"}],"author":[{"embeddable":true,"href":"https:\/\/doctoflow.com\/nl\/wp-json\/wp\/v2\/users\/1"}],"replies":[{"embeddable":true,"href":"https:\/\/doctoflow.com\/nl\/wp-json\/wp\/v2\/comments?post=691"}],"version-history":[{"count":5,"href":"https:\/\/doctoflow.com\/nl\/wp-json\/wp\/v2\/pages\/691\/revisions"}],"predecessor-version":[{"id":1633,"href":"https:\/\/doctoflow.com\/nl\/wp-json\/wp\/v2\/pages\/691\/revisions\/1633"}],"wp:attachment":[{"href":"https:\/\/doctoflow.com\/nl\/wp-json\/wp\/v2\/media?parent=691"}],"curies":[{"name":"wp","href":"https:\/\/api.w.org\/{rel}","templated":true}]}}