{"id":694,"date":"2020-02-12T10:29:06","date_gmt":"2020-02-12T10:29:06","guid":{"rendered":"http:\/\/space.xtemos.com\/demo\/venus\/?page_id=694"},"modified":"2025-04-12T14:38:23","modified_gmt":"2025-04-12T14:38:23","slug":"chirurgie","status":"publish","type":"page","link":"https:\/\/doctoflow.com\/nl\/chirurgie\/","title":{"rendered":"Chirurgie"},"content":{"rendered":"<div data-elementor-type=\"wp-page\" data-elementor-id=\"694\" class=\"elementor elementor-694\">\n\t\t\t\t\t\t<section class=\"xts-negative-gap elementor-section elementor-top-section elementor-element elementor-element-94fa62a elementor-section-boxed elementor-section-height-default elementor-section-height-default xts-section-disabled\" data-id=\"94fa62a\" data-element_type=\"section\" data-e-type=\"section\">\n\t\t\t\t\t\t<div class=\"elementor-container elementor-column-gap-wide\">\n\t\t\t\t\t<div class=\"elementor-column elementor-col-66 elementor-top-column elementor-element elementor-element-e197b82\" data-id=\"e197b82\" data-element_type=\"column\" data-e-type=\"column\">\n\t\t\t<div class=\"elementor-widget-wrap elementor-element-populated\">\n\t\t\t\t\t\t<div class=\"elementor-element elementor-element-2c77d8e xts-scheme-inherit xts-textalign-inherit elementor-widget elementor-widget-text-editor\" data-id=\"2c77d8e\" data-element_type=\"widget\" data-e-type=\"widget\" data-widget_type=\"text-editor.default\">\n\t\t\t\t<div class=\"elementor-widget-container\">\n\t\t\t\t\t\t\t\t\t<h3><strong data-spm-anchor-id=\"a2ty_o01.29997173.0.i49.3858517190J6RG\">Succesvolle start als chirurg in de VAE - met DoctorFlow aan uw zijde<\/strong><\/h3><p data-spm-anchor-id=\"a2ty_o01.29997173.0.i50.3858517190J6RG\">Van DHA-autorisatie tot de opening van je chirurgische praktijk of kliniek - wij regelen alles voor je.<\/p><div class=\"my-2\"><p data-spm-anchor-id=\"a2ty_o01.29997173.0.i51.3858517190J6RG\">Wil je jezelf vestigen als chirurg in de VAE of een modern chirurgisch centrum opzetten? Met <strong>DoctorFlow<\/strong>ondersteunen we je bij elke stap van het proces. Onze experts kennen de wettelijke vereisten van de Dubai Health Authority (DHA) door en door en zullen ervoor zorgen dat de opening van je praktijk of kliniek vlekkeloos verloopt.<\/p><p>Of je nu een kleine dagkliniek, een poliklinische chirurgische faciliteit of een volledig uitgerust ziekenhuis wilt openen - wij bieden oplossingen op maat die aan je doelen voldoen. Vertrouw op onze lokale expertise en laat ons de ingewikkelde processen voor je afhandelen.<\/p><\/div><h4>\u00a0<\/h4><h4><strong data-spm-anchor-id=\"a2ty_o01.29997173.0.i52.3858517190J6RG\">Waarom de VAE een aantrekkelijke locatie is voor chirurgen<\/strong><\/h4><p>De VAE is een groeiende markt voor chirurgische diensten, met name op het gebied van minimaal invasieve chirurgie, plastische chirurgie en orthopedische procedures. De vraag naar chirurgische behandelingen van hoge kwaliteit neemt voortdurend toe - zowel onder de lokale bevolking als onder internationale pati\u00ebnten die kiezen voor geavanceerde medische zorg.<\/p>\t\t\t\t\t\t\t\t<\/div>\n\t\t\t\t<\/div>\n\t\t\t\t<div class=\"elementor-element elementor-element-4c18ae9 elementor-icon-list--layout-traditional elementor-list-item-link-full_width elementor-widget elementor-widget-icon-list\" data-id=\"4c18ae9\" data-element_type=\"widget\" data-e-type=\"widget\" data-widget_type=\"icon-list.default\">\n\t\t\t\t<div class=\"elementor-widget-container\">\n\t\t\t\t\t\t\t<ul class=\"elementor-icon-list-items\">\n\t\t\t\t\t\t\t<li class=\"elementor-icon-list-item\">\n\t\t\t\t\t\t\t\t\t\t\t<span class=\"elementor-icon-list-icon\">\n\t\t\t\t\t\t\t<svg aria-hidden=\"true\" class=\"e-font-icon-svg e-fas-chevron-right\" viewbox=\"0 0 320 512\" xmlns=\"http:\/\/www.w3.org\/2000\/svg\"><path d=\"M285.476 272.971L91.132 467.314c-9.373 9.373-24.569 9.373-33.941 0l-22.667-22.667c-9.357-9.357-9.375-24.522-.04-33.901L188.505 256 34.484 101.255c-9.335-9.379-9.317-24.544.04-33.901l22.667-22.667c9.373-9.373 24.569-9.373 33.941 0L285.475 239.03c9.373 9.372 9.373 24.568.001 33.941z\"><\/path><\/svg>\t\t\t\t\t\t<\/span>\n\t\t\t\t\t\t\t\t\t\t<span class=\"elementor-icon-list-text\">Grote vraag: Een groeiende focus op chirurgische innovaties en precieze behandelingen.<\/span>\n\t\t\t\t\t\t\t\t\t<\/li>\n\t\t\t\t\t\t\t\t<li class=\"elementor-icon-list-item\">\n\t\t\t\t\t\t\t\t\t\t\t<span class=\"elementor-icon-list-icon\">\n\t\t\t\t\t\t\t<svg aria-hidden=\"true\" class=\"e-font-icon-svg e-fas-chevron-right\" viewbox=\"0 0 320 512\" xmlns=\"http:\/\/www.w3.org\/2000\/svg\"><path d=\"M285.476 272.971L91.132 467.314c-9.373 9.373-24.569 9.373-33.941 0l-22.667-22.667c-9.357-9.357-9.375-24.522-.04-33.901L188.505 256 34.484 101.255c-9.335-9.379-9.317-24.544.04-33.901l22.667-22.667c9.373-9.373 24.569-9.373 33.941 0L285.475 239.03c9.373 9.372 9.373 24.568.001 33.941z\"><\/path><\/svg>\t\t\t\t\t\t<\/span>\n\t\t\t\t\t\t\t\t\t\t<span class=\"elementor-icon-list-text\">Moderne infrastructuur: ultramoderne operatiekamers en technologie\u00ebn.<\/span>\n\t\t\t\t\t\t\t\t\t<\/li>\n\t\t\t\t\t\t\t\t<li class=\"elementor-icon-list-item\">\n\t\t\t\t\t\t\t\t\t\t\t<span class=\"elementor-icon-list-icon\">\n\t\t\t\t\t\t\t<svg aria-hidden=\"true\" class=\"e-font-icon-svg e-fas-chevron-right\" viewbox=\"0 0 320 512\" xmlns=\"http:\/\/www.w3.org\/2000\/svg\"><path d=\"M285.476 272.971L91.132 467.314c-9.373 9.373-24.569 9.373-33.941 0l-22.667-22.667c-9.357-9.357-9.375-24.522-.04-33.901L188.505 256 34.484 101.255c-9.335-9.379-9.317-24.544.04-33.901l22.667-22.667c9.373-9.373 24.569-9.373 33.941 0L285.475 239.03c9.373 9.372 9.373 24.568.001 33.941z\"><\/path><\/svg>\t\t\t\t\t\t<\/span>\n\t\t\t\t\t\t\t\t\t\t<span class=\"elementor-icon-list-text\">Gouden visum: Als professional in de gezondheidszorg kunt u gemakkelijk een gouden visum krijgen.<\/span>\n\t\t\t\t\t\t\t\t\t<\/li>\n\t\t\t\t\t\t\t\t<li class=\"elementor-icon-list-item\">\n\t\t\t\t\t\t\t\t\t\t\t<span class=\"elementor-icon-list-icon\">\n\t\t\t\t\t\t\t<svg aria-hidden=\"true\" class=\"e-font-icon-svg e-fas-chevron-right\" viewbox=\"0 0 320 512\" xmlns=\"http:\/\/www.w3.org\/2000\/svg\"><path d=\"M285.476 272.971L91.132 467.314c-9.373 9.373-24.569 9.373-33.941 0l-22.667-22.667c-9.357-9.357-9.375-24.522-.04-33.901L188.505 256 34.484 101.255c-9.335-9.379-9.317-24.544.04-33.901l22.667-22.667c9.373-9.373 24.569-9.373 33.941 0L285.475 239.03c9.373 9.372 9.373 24.568.001 33.941z\"><\/path><\/svg>\t\t\t\t\t\t<\/span>\n\t\t\t\t\t\t\t\t\t\t<span class=\"elementor-icon-list-text\">Internationale pati\u00ebnten: De VAE trekken pati\u00ebnten van over de hele wereld aan die op zoek zijn naar behandelingen van hoge kwaliteit.<\/span>\n\t\t\t\t\t\t\t\t\t<\/li>\n\t\t\t\t\t\t<\/ul>\n\t\t\t\t\t\t<\/div>\n\t\t\t\t<\/div>\n\t\t\t\t\t<\/div>\n\t\t<\/div>\n\t\t\t\t<div class=\"elementor-column elementor-col-33 elementor-top-column elementor-element elementor-element-3aff4a8\" data-id=\"3aff4a8\" data-element_type=\"column\" data-e-type=\"column\">\n\t\t\t<div class=\"elementor-widget-wrap elementor-element-populated\">\n\t\t\t\t\t\t<div class=\"elementor-element elementor-element-711b1e0 elementor-widget elementor-widget-xts_team_member\" data-id=\"711b1e0\" data-element_type=\"widget\" data-e-type=\"widget\" data-widget_type=\"xts_team_member.default\">\n\t\t\t\t<div class=\"elementor-widget-container\">\n\t\t\t\t\t\n\t\t<div class=\"xts-member xts-design-mask xts-textalign-left xts-scheme-light xts-with-bg-color xts-with-shadow\">\n\t\t\t\t\t\t\t<div class=\"xts-member-image\">\n\t\t\t\t\t<img fetchpriority=\"high\" decoding=\"async\" width=\"420\" height=\"658\" src=\"https:\/\/doctoflow.com\/wp-content\/uploads\/2020\/02\/venus-medic-1-opt-1.jpg\" class=\"attachment-full size-full wp-image-551\" alt=\"\" \/>\t\t\t\t<\/div>\n\t\t\t\n\t\t\t<div class=\"xts-member-content xts-reset-mb-10 xts-reset-last\">\n\t\t\t\t\t\t\t\t\t<h4 class=\"xts-member-name xts-fontsize-m\" data-elementor-setting-key=\"name\">\n\t\t\t\t\t\tMaria Jacht\t\t\t\t\t<\/h4>\n\t\t\t\t\n\t\t\t\t\t\t\t\t\t<div class=\"xts-member-position xts-fontsize-s\" data-elementor-setting-key=\"position\">\n\t\t\t\t\t\tParamedicus\t\t\t\t\t<\/div>\n\t\t\t\t\n\t\t\t\t\n\t\t\t\t\t\t\t<\/div>\n\t\t<\/div>\n\n\t\t\t\t\t\t<\/div>\n\t\t\t\t<\/div>\n\t\t\t\t\t<\/div>\n\t\t<\/div>\n\t\t\t\t\t<\/div>\n\t\t<\/section>\n\t\t\t\t<section class=\"xts-negative-gap elementor-section elementor-top-section elementor-element elementor-element-dc3a512 elementor-section-boxed elementor-section-height-default elementor-section-height-default xts-section-disabled\" data-id=\"dc3a512\" data-element_type=\"section\" data-e-type=\"section\">\n\t\t\t\t\t\t<div class=\"elementor-container elementor-column-gap-default\">\n\t\t\t\t\t<div class=\"elementor-column elementor-col-100 elementor-top-column elementor-element elementor-element-2c0d8c0\" data-id=\"2c0d8c0\" data-element_type=\"column\" data-e-type=\"column\">\n\t\t\t<div class=\"elementor-widget-wrap elementor-element-populated\">\n\t\t\t\t\t\t<div class=\"elementor-element elementor-element-473b716 xts-scheme-inherit xts-textalign-inherit elementor-widget elementor-widget-text-editor\" data-id=\"473b716\" data-element_type=\"widget\" data-e-type=\"widget\" data-widget_type=\"text-editor.default\">\n\t\t\t\t<div class=\"elementor-widget-container\">\n\t\t\t\t\t\t\t\t\t<h3><strong data-spm-anchor-id=\"a2ty_o01.29997173.0.i59.3858517190J6RG\">Onze service voor chirurgen<\/strong><\/h3><p><strong data-spm-anchor-id=\"a2ty_o01.29997173.0.i58.3858517190J6RG\">Onze uitgebreide diensten voor chirurgen in de VAE<\/strong><\/p><p>We bieden een <strong>Volledige service <\/strong>die niets te wensen overlaat. Dit is hoe we je ondersteunen:<\/p><ol start=\"1\"><li><p><strong>DHA-autorisatie en vergunning om te praktiseren:<\/strong><br \/>Wij zorgen voor alle documenten die nodig zijn om een DHA-autorisatie aan te vragen - van logboeken en universiteitsdiploma's tot vertalingen.<\/p><\/li><li><p><strong>Oprichting van een LLC\/praktijk:<\/strong><br \/>Wij helpen je bij het opzetten van een Limited Liability Company (LLC) en zorgen ervoor dat aan alle wettelijke vereisten wordt voldaan.<\/p><\/li><li><p><strong>Binneninrichting en uitrusting:<\/strong><br \/>Van het plannen van het pand tot het aanschaffen van de nieuwste chirurgische apparatuur, wij zorgen ervoor dat uw faciliteit aan de hoogste normen voldoet.<\/p><\/li><li><p><strong>Verzekering en naleving:<\/strong><br \/>We organiseren de noodzakelijke verzekering tegen wanpraktijken en zorgen ervoor dat we volledig voldoen aan de plaatselijke voorschriften.<\/p><\/li><li><p><strong>Marketing en pati\u00ebntenwerving:<\/strong><br \/>We ondersteunen je bij het bekendmaken van je praktijk of kliniek en het aantrekken van pati\u00ebnten - lokaal en internationaal.<\/p><\/li><li><p><strong>Geavanceerde technologie\u00ebn:<\/strong><br \/>Wij adviseren u bij de selectie van operatiekamerapparatuur, robotchirurgiesystemen, endoscopieapparatuur en andere hightechoplossingen.<\/p><\/li><li><p><strong>Extra kwalificaties:<\/strong><br \/>Als je extra toelatingen nodig hebt voor gespecialiseerde procedures, helpen we je bij het selecteren en organiseren van de juiste cursussen.<\/p><\/li><\/ol>\t\t\t\t\t\t\t\t<\/div>\n\t\t\t\t<\/div>\n\t\t\t\t\t<\/div>\n\t\t<\/div>\n\t\t\t\t\t<\/div>\n\t\t<\/section>\n\t\t<div class=\"xts-negative-gap elementor-element elementor-element-20ed9c3 e-flex e-con-boxed xts-section-disabled e-con e-parent\" data-id=\"20ed9c3\" data-element_type=\"container\" data-e-type=\"container\">\n\t\t\t\t\t<div class=\"e-con-inner\">\n\t\t\t\t<div class=\"elementor-element elementor-element-180f34c elementor-widget elementor-widget-xts_button\" data-id=\"180f34c\" data-element_type=\"widget\" data-e-type=\"widget\" data-widget_type=\"xts_button.default\">\n\t\t\t\t<div class=\"elementor-widget-container\">\n\t\t\t\t\t\t\t\t<div class=\"xts-button-wrapper xts-textalign-center\" >\n\t\t\t\t\t\t\t\t\t<a class=\"xts-button xts-size-xl xts-style-default xts-color-primary xts-shape-round xts-width-full\" href=\"http:\/\/wa.link\/hr0b0m\" target=\"_blank\" rel=\"noopener\">\n\t\t\t\t\t\t<span class=\"xts-button-text\" data-elementor-setting-key=\"button_text\">\n\t\t\t\t\t\t\tNeem nu contact met ons op via WhatsApp\t\t\t\t\t\t<\/span>\n\n\t\t\t\t\t\t\t\t\t\t\t<\/a>\n\t\t\t\t\t\t\t<\/div>\n\t\t\t\t\t\t<\/div>\n\t\t\t\t<\/div>\n\t\t\t\t\t<\/div>\n\t\t\t\t<\/div>\n\t\t\t\t<section class=\"xts-negative-gap elementor-section elementor-top-section elementor-element elementor-element-bc1b3f0 elementor-section-boxed elementor-section-height-default elementor-section-height-default xts-section-disabled\" data-id=\"bc1b3f0\" data-element_type=\"section\" data-e-type=\"section\">\n\t\t\t\t\t\t<div class=\"elementor-container elementor-column-gap-default\">\n\t\t\t\t\t<div class=\"elementor-column elementor-col-50 elementor-top-column elementor-element elementor-element-ad492cd\" data-id=\"ad492cd\" data-element_type=\"column\" data-e-type=\"column\">\n\t\t\t<div class=\"elementor-widget-wrap elementor-element-populated\">\n\t\t\t\t\t\t<div class=\"elementor-element elementor-element-aa46cb7 elementor-widget elementor-widget-xts_image\" data-id=\"aa46cb7\" data-element_type=\"widget\" data-e-type=\"widget\" data-widget_type=\"xts_image.default\">\n\t\t\t\t<div class=\"elementor-widget-container\">\n\t\t\t\t\t\t\t\t<div class=\"xts-image-single xts-textalign-center\">\n\t\t\t\t<figure class=\"xts-image\">\n\t\t\t\t\t\t\t\t\t\t\t<div class=\"xts-image-inner\">\n\t\t\t\t\t\n\t\t\t\t\t\t<img decoding=\"async\" width=\"600\" height=\"371\" src=\"https:\/\/doctoflow.com\/wp-content\/uploads\/2020\/02\/venus-depatmens-6-opt.jpg\" class=\"attachment-full size-full wp-image-723\" alt=\"\" \/>\n\t\t\t\t\t\t\t\t\t\t\t<\/div>\n\t\t\t\t\t\n\t\t\t\t\t\t\t\t\t<\/figure>\n\n\t\t\t\t\t\t\t<\/div>\n\t\t\t\t\t\t<\/div>\n\t\t\t\t<\/div>\n\t\t\t\t\t<\/div>\n\t\t<\/div>\n\t\t\t\t<div class=\"elementor-column elementor-col-50 elementor-top-column elementor-element elementor-element-83cd690\" data-id=\"83cd690\" data-element_type=\"column\" data-e-type=\"column\">\n\t\t\t<div class=\"elementor-widget-wrap elementor-element-populated\">\n\t\t\t\t\t\t<div class=\"elementor-element elementor-element-ca0ae6f xts-scheme-inherit xts-textalign-inherit elementor-widget elementor-widget-text-editor\" data-id=\"ca0ae6f\" data-element_type=\"widget\" data-e-type=\"widget\" data-widget_type=\"text-editor.default\">\n\t\t\t\t<div class=\"elementor-widget-container\">\n\t\t\t\t\t\t\t\t\t<h3><strong data-spm-anchor-id=\"a2ty_o01.29997173.0.i60.3858517190J6RG\">FAQ - Veelgestelde vragen<\/strong><\/h3><p><strong>Alles wat je moet weten over chirurgie in de VAE<\/strong><\/p><p><strong>Aan welke eisen moet ik als chirurg voldoen om in de VAE te mogen werken?<\/strong><\/p><p>Om als chirurg te werken in de VAE heb je een vergunning nodig van de Dubai Health Authority (DHA). Hiervoor is onder andere het volgende vereist<\/p><ul><li>Een universitair diploma chirurgie<\/li><li>Ten minste twee jaar werkervaring<\/li><li>Vertaalde en notari\u00eble documenten<\/li><li>Eventueel een gespecialiseerde test in het Engels<\/li><\/ul><p>Wij helpen je alle benodigde documenten samen te stellen en begeleiden je door het hele proces.<\/p><p><strong>Kan ik mijn eigen chirurgische apparatuur meenemen uit Duitsland?<\/strong><\/p><p>Ja, maar er zijn beperkingen. Niet alle apparaten zijn goedgekeurd in de VAE en er kunnen verschillen zijn in stroomaansluitingen en technische normen. We kunnen je adviseren over de selectie en aanschaf van de juiste apparaten.<\/p><p><strong>Hoe lang duurt de autorisatieprocedure van DHA?<\/strong><\/p><p>Het tijdsbestek varieert afhankelijk van de complexiteit van je zaak en de communicatie tussen de autoriteiten. Meestal duurt het tussen de 4 weken en 6 maanden. We optimaliseren het proces om het zo snel mogelijk af te ronden.<\/p><p><strong>Wat kost het om een chirurgische praktijk of kliniek te openen in de VAE?<\/strong><\/p><p>De kosten zijn afhankelijk van het type faciliteit:<\/p><ul><li>Kleine praktijk: Vanaf ca. 200.000 AED<\/li><li>Dagkliniek: Vanaf ca. 1.000.000 AED<\/li><li>Complete kliniek: Enkele miljoenen AED<\/li><\/ul><p>We stellen een gedetailleerde kostenraming op die is aangepast aan jouw behoeften.<\/p><h3><strong>Getuigenissen van klanten<\/strong><\/h3><p><strong>Wat onze klanten zeggen<\/strong><\/p><p><br \/>\"DoctorFlow heeft ons uitstekend ondersteund tijdens de opening van onze chirurgische kliniek in Dubai. Het hele proces was stressvrij en professioneel. We kunnen het team van harte aanbevelen!\"<br \/>- Dr. Thomas M\u00fcller, chirurg<\/p><div class=\"my-2\">\u00a0<\/div><p>\"Van de DHA-goedkeuring tot het interieurontwerp - DoctorFlow begeleidde ons bij elke stap. We zijn erg blij met de kwaliteit van de service.\"<br \/>- Dr. Fatima Al-Mansoori, oprichter van een chirurgische kliniek<\/p><div class=\"my-2\">\u00a0<\/div><hr \/><h3><strong>Nu handelen<\/strong><\/h3><h3><strong>Start uw chirurgische carri\u00e8re in de VAE - vandaag!<\/strong><\/h3><p>De VAE bieden talloze mogelijkheden voor chirurgen die hier voet aan de grond willen krijgen. Laat ons team van experts u ondersteunen en uw visie werkelijkheid laten worden.<\/p>\t\t\t\t\t\t\t\t<\/div>\n\t\t\t\t<\/div>\n\t\t\t\t\t<\/div>\n\t\t<\/div>\n\t\t\t\t\t<\/div>\n\t\t<\/section>\n\t\t<div class=\"xts-negative-gap elementor-element elementor-element-1c7abd4 e-flex e-con-boxed xts-section-disabled e-con e-parent\" data-id=\"1c7abd4\" data-element_type=\"container\" data-e-type=\"container\">\n\t\t\t\t\t<div class=\"e-con-inner\">\n\t\t\t\t<div class=\"elementor-element elementor-element-a9d2a0c elementor-widget elementor-widget-xts_button\" data-id=\"a9d2a0c\" data-element_type=\"widget\" data-e-type=\"widget\" data-widget_type=\"xts_button.default\">\n\t\t\t\t<div class=\"elementor-widget-container\">\n\t\t\t\t\t\t\t\t<div class=\"xts-button-wrapper xts-textalign-center\" >\n\t\t\t\t\t\t\t\t\t<a class=\"xts-button xts-size-xl xts-style-default xts-color-primary xts-shape-round xts-width-full\" href=\"http:\/\/wa.link\/hr0b0m\" target=\"_blank\" rel=\"noopener\">\n\t\t\t\t\t\t<span class=\"xts-button-text\" data-elementor-setting-key=\"button_text\">\n\t\t\t\t\t\t\tNeem nu contact met ons op via WhatsApp\t\t\t\t\t\t<\/span>\n\n\t\t\t\t\t\t\t\t\t\t\t<\/a>\n\t\t\t\t\t\t\t<\/div>\n\t\t\t\t\t\t<\/div>\n\t\t\t\t<\/div>\n\t\t\t\t\t<\/div>\n\t\t\t\t<\/div>\n\t\t\t\t<\/div>","protected":false},"excerpt":{"rendered":"<p>Erfolgreich als Chirurg in den VAE starten \u2013 Mit DoctorFlow an Ihrer Seite Von der DHA-Zulassung bis zur Er\u00f6ffnung Ihrer chirurgischen Praxis oder Klinik \u2013 Wir \u00fcbernehmen alles f\u00fcr Sie. M\u00f6chten Sie als Chirurg\/in in den VAE Fu\u00df fassen oder eine moderne chirurgische Einrichtung gr\u00fcnden? Bei DoctorFlowunterst\u00fctzen wir Sie bei jedem Schritt des Prozesses. Unsere [&hellip;]<\/p>\n","protected":false},"author":1,"featured_media":0,"parent":0,"menu_order":11,"comment_status":"closed","ping_status":"closed","template":"","meta":{"footnotes":""},"class_list":["post-694","page","type-page","status-publish","hentry"],"_hostinger_reach_plugin_has_subscription_block":false,"_hostinger_reach_plugin_is_elementor":false,"_links":{"self":[{"href":"https:\/\/doctoflow.com\/nl\/wp-json\/wp\/v2\/pages\/694","targetHints":{"allow":["GET"]}}],"collection":[{"href":"https:\/\/doctoflow.com\/nl\/wp-json\/wp\/v2\/pages"}],"about":[{"href":"https:\/\/doctoflow.com\/nl\/wp-json\/wp\/v2\/types\/page"}],"author":[{"embeddable":true,"href":"https:\/\/doctoflow.com\/nl\/wp-json\/wp\/v2\/users\/1"}],"replies":[{"embeddable":true,"href":"https:\/\/doctoflow.com\/nl\/wp-json\/wp\/v2\/comments?post=694"}],"version-history":[{"count":8,"href":"https:\/\/doctoflow.com\/nl\/wp-json\/wp\/v2\/pages\/694\/revisions"}],"predecessor-version":[{"id":1685,"href":"https:\/\/doctoflow.com\/nl\/wp-json\/wp\/v2\/pages\/694\/revisions\/1685"}],"wp:attachment":[{"href":"https:\/\/doctoflow.com\/nl\/wp-json\/wp\/v2\/media?parent=694"}],"curies":[{"name":"wp","href":"https:\/\/api.w.org\/{rel}","templated":true}]}}