{"id":697,"date":"2020-02-12T10:29:23","date_gmt":"2020-02-12T10:29:23","guid":{"rendered":"http:\/\/space.xtemos.com\/demo\/venus\/?page_id=697"},"modified":"2025-04-12T14:39:04","modified_gmt":"2025-04-12T14:39:04","slug":"kinderarts","status":"publish","type":"page","link":"https:\/\/doctoflow.com\/nl\/kinderarzt\/","title":{"rendered":"Kinderarts"},"content":{"rendered":"<div data-elementor-type=\"wp-page\" data-elementor-id=\"697\" class=\"elementor elementor-697\">\n\t\t\t\t\t\t<section class=\"xts-negative-gap elementor-section elementor-top-section elementor-element elementor-element-d6e792e elementor-section-boxed elementor-section-height-default elementor-section-height-default xts-section-disabled\" data-id=\"d6e792e\" data-element_type=\"section\" data-e-type=\"section\">\n\t\t\t\t\t\t<div class=\"elementor-container elementor-column-gap-wide\">\n\t\t\t\t\t<div class=\"elementor-column elementor-col-66 elementor-top-column elementor-element elementor-element-aa4089a\" data-id=\"aa4089a\" data-element_type=\"column\" data-e-type=\"column\">\n\t\t\t<div class=\"elementor-widget-wrap elementor-element-populated\">\n\t\t\t\t\t\t<div class=\"elementor-element elementor-element-b11f56e xts-scheme-inherit xts-textalign-inherit elementor-widget elementor-widget-text-editor\" data-id=\"b11f56e\" data-element_type=\"widget\" data-e-type=\"widget\" data-widget_type=\"text-editor.default\">\n\t\t\t\t<div class=\"elementor-widget-container\">\n\t\t\t\t\t\t\t\t\t<h3 data-spm-anchor-id=\"a2ty_o01.29997173.0.i68.3858517190J6RG\"><strong data-spm-anchor-id=\"a2ty_o01.29997173.0.i67.3858517190J6RG\">Succesvolle start als kinderarts in de VAE - met DoctorFlow aan uw zijde<\/strong><\/h3><p data-spm-anchor-id=\"a2ty_o01.29997173.0.i66.3858517190J6RG\">Van DHA-goedkeuring tot het openen van je kinderpraktijk - wij regelen alles voor je.<\/p><p>Wilt u zich vestigen als kinderarts in de VAE of een moderne kindergeneeskundige praktijk opzetten? Met <strong>DoctorFlow <\/strong>ondersteunen we je bij elke stap. Onze experts kennen de wettelijke vereisten van de Dubai Health Authority (DHA) door en door en zullen ervoor zorgen dat de opening van je praktijk vlekkeloos verloopt.<\/p><p>Of je nu een kleine praktijk, een dagkliniek of een volledig uitgeruste kinderkliniek wilt openen - wij bieden oplossingen op maat die aan je doelen voldoen. Vertrouw op onze lokale expertise en laat ons de ingewikkelde processen voor je afhandelen.<\/p><h3><strong>Waarom kindergeneeskunde in de VAE?<\/strong><\/h3><p><strong>Waarom de VAE een aantrekkelijke locatie is voor kinderartsen<\/strong><\/p><p>De VAE is een groeiende markt voor pediatrische diensten, met name op het gebied van preventie, vaccinatie en kindvriendelijke gezondheidszorg. De vraag naar hoogwaardige pediatrische behandeling neemt voortdurend toe, zowel onder de lokale bevolking als onder internationale gezinnen die zich in de VAE vestigen.<\/p><p><strong>Als kinderarts profiteer je van<\/strong><\/p>\t\t\t\t\t\t\t\t<\/div>\n\t\t\t\t<\/div>\n\t\t\t\t<div class=\"elementor-element elementor-element-e5795e1 elementor-icon-list--layout-traditional elementor-list-item-link-full_width elementor-widget elementor-widget-icon-list\" data-id=\"e5795e1\" data-element_type=\"widget\" data-e-type=\"widget\" data-widget_type=\"icon-list.default\">\n\t\t\t\t<div class=\"elementor-widget-container\">\n\t\t\t\t\t\t\t<ul class=\"elementor-icon-list-items\">\n\t\t\t\t\t\t\t<li class=\"elementor-icon-list-item\">\n\t\t\t\t\t\t\t\t\t\t\t<span class=\"elementor-icon-list-icon\">\n\t\t\t\t\t\t\t<svg aria-hidden=\"true\" class=\"e-font-icon-svg e-fas-chevron-right\" viewbox=\"0 0 320 512\" xmlns=\"http:\/\/www.w3.org\/2000\/svg\"><path d=\"M285.476 272.971L91.132 467.314c-9.373 9.373-24.569 9.373-33.941 0l-22.667-22.667c-9.357-9.357-9.375-24.522-.04-33.901L188.505 256 34.484 101.255c-9.335-9.379-9.317-24.544.04-33.901l22.667-22.667c9.373-9.373 24.569-9.373 33.941 0L285.475 239.03c9.373 9.372 9.373 24.568.001 33.941z\"><\/path><\/svg>\t\t\t\t\t\t<\/span>\n\t\t\t\t\t\t\t\t\t\t<span class=\"elementor-icon-list-text\">Veel vraag: Een groeiende focus op pediatrische geneeskunde en preventieve gezondheidszorg.<\/span>\n\t\t\t\t\t\t\t\t\t<\/li>\n\t\t\t\t\t\t\t\t<li class=\"elementor-icon-list-item\">\n\t\t\t\t\t\t\t\t\t\t\t<span class=\"elementor-icon-list-icon\">\n\t\t\t\t\t\t\t<svg aria-hidden=\"true\" class=\"e-font-icon-svg e-fas-chevron-right\" viewbox=\"0 0 320 512\" xmlns=\"http:\/\/www.w3.org\/2000\/svg\"><path d=\"M285.476 272.971L91.132 467.314c-9.373 9.373-24.569 9.373-33.941 0l-22.667-22.667c-9.357-9.357-9.375-24.522-.04-33.901L188.505 256 34.484 101.255c-9.335-9.379-9.317-24.544.04-33.901l22.667-22.667c9.373-9.373 24.569-9.373 33.941 0L285.475 239.03c9.373 9.372 9.373 24.568.001 33.941z\"><\/path><\/svg>\t\t\t\t\t\t<\/span>\n\t\t\t\t\t\t\t\t\t\t<span class=\"elementor-icon-list-text\">Moderne infrastructuur: ultramoderne faciliteiten en technologie\u00ebn.<\/span>\n\t\t\t\t\t\t\t\t\t<\/li>\n\t\t\t\t\t\t\t\t<li class=\"elementor-icon-list-item\">\n\t\t\t\t\t\t\t\t\t\t\t<span class=\"elementor-icon-list-icon\">\n\t\t\t\t\t\t\t<svg aria-hidden=\"true\" class=\"e-font-icon-svg e-fas-chevron-right\" viewbox=\"0 0 320 512\" xmlns=\"http:\/\/www.w3.org\/2000\/svg\"><path d=\"M285.476 272.971L91.132 467.314c-9.373 9.373-24.569 9.373-33.941 0l-22.667-22.667c-9.357-9.357-9.375-24.522-.04-33.901L188.505 256 34.484 101.255c-9.335-9.379-9.317-24.544.04-33.901l22.667-22.667c9.373-9.373 24.569-9.373 33.941 0L285.475 239.03c9.373 9.372 9.373 24.568.001 33.941z\"><\/path><\/svg>\t\t\t\t\t\t<\/span>\n\t\t\t\t\t\t\t\t\t\t<span class=\"elementor-icon-list-text\">Gouden visum: Als professional in de gezondheidszorg kunt u gemakkelijk een gouden visum krijgen.<\/span>\n\t\t\t\t\t\t\t\t\t<\/li>\n\t\t\t\t\t\t\t\t<li class=\"elementor-icon-list-item\">\n\t\t\t\t\t\t\t\t\t\t\t<span class=\"elementor-icon-list-icon\">\n\t\t\t\t\t\t\t<svg aria-hidden=\"true\" class=\"e-font-icon-svg e-fas-chevron-right\" viewbox=\"0 0 320 512\" xmlns=\"http:\/\/www.w3.org\/2000\/svg\"><path d=\"M285.476 272.971L91.132 467.314c-9.373 9.373-24.569 9.373-33.941 0l-22.667-22.667c-9.357-9.357-9.375-24.522-.04-33.901L188.505 256 34.484 101.255c-9.335-9.379-9.317-24.544.04-33.901l22.667-22.667c9.373-9.373 24.569-9.373 33.941 0L285.475 239.03c9.373 9.372 9.373 24.568.001 33.941z\"><\/path><\/svg>\t\t\t\t\t\t<\/span>\n\t\t\t\t\t\t\t\t\t\t<span class=\"elementor-icon-list-text\">Internationale pati\u00ebnten: De VAE trekken gezinnen van over de hele wereld aan die op zoek zijn naar behandelingen van hoge kwaliteit.<\/span>\n\t\t\t\t\t\t\t\t\t<\/li>\n\t\t\t\t\t\t<\/ul>\n\t\t\t\t\t\t<\/div>\n\t\t\t\t<\/div>\n\t\t\t\t\t<\/div>\n\t\t<\/div>\n\t\t\t\t<div class=\"elementor-column elementor-col-33 elementor-top-column elementor-element elementor-element-f94cd52\" data-id=\"f94cd52\" data-element_type=\"column\" data-e-type=\"column\">\n\t\t\t<div class=\"elementor-widget-wrap elementor-element-populated\">\n\t\t\t\t\t\t<div class=\"elementor-element elementor-element-495e13e elementor-widget elementor-widget-xts_team_member\" data-id=\"495e13e\" data-element_type=\"widget\" data-e-type=\"widget\" data-widget_type=\"xts_team_member.default\">\n\t\t\t\t<div class=\"elementor-widget-container\">\n\t\t\t\t\t\n\t\t<div class=\"xts-member xts-design-mask xts-textalign-left xts-scheme-light xts-with-bg-color xts-with-shadow\">\n\t\t\t\t\t\t\t<div class=\"xts-member-image\">\n\t\t\t\t\t<img fetchpriority=\"high\" decoding=\"async\" width=\"420\" height=\"658\" src=\"https:\/\/doctoflow.com\/wp-content\/uploads\/2020\/02\/venus-medic-2-opt-1.jpg\" class=\"attachment-full size-full wp-image-552\" alt=\"\" \/>\t\t\t\t<\/div>\n\t\t\t\n\t\t\t<div class=\"xts-member-content xts-reset-mb-10 xts-reset-last\">\n\t\t\t\t\t\t\t\t\t<h4 class=\"xts-member-name xts-fontsize-m\" data-elementor-setting-key=\"name\">\n\t\t\t\t\t\tJohn Woods\t\t\t\t\t<\/h4>\n\t\t\t\t\n\t\t\t\t\t\t\t\t\t<div class=\"xts-member-position xts-fontsize-s\" data-elementor-setting-key=\"position\">\n\t\t\t\t\t\tKinderarts\t\t\t\t\t<\/div>\n\t\t\t\t\n\t\t\t\t\n\t\t\t\t\t\t\t<\/div>\n\t\t<\/div>\n\n\t\t\t\t\t\t<\/div>\n\t\t\t\t<\/div>\n\t\t\t\t\t<\/div>\n\t\t<\/div>\n\t\t\t\t\t<\/div>\n\t\t<\/section>\n\t\t<div class=\"xts-negative-gap elementor-element elementor-element-c4bc43a e-flex e-con-boxed xts-section-disabled e-con e-parent\" data-id=\"c4bc43a\" data-element_type=\"container\" data-e-type=\"container\">\n\t\t\t\t\t<div class=\"e-con-inner\">\n\t\t\t\t<div class=\"elementor-element elementor-element-b175341 elementor-widget elementor-widget-xts_button\" data-id=\"b175341\" data-element_type=\"widget\" data-e-type=\"widget\" data-widget_type=\"xts_button.default\">\n\t\t\t\t<div class=\"elementor-widget-container\">\n\t\t\t\t\t\t\t\t<div class=\"xts-button-wrapper xts-textalign-center\" >\n\t\t\t\t\t\t\t\t\t<a class=\"xts-button xts-size-xl xts-style-default xts-color-primary xts-shape-round xts-width-full\" href=\"http:\/\/wa.link\/hr0b0m\" target=\"_blank\" rel=\"noopener\">\n\t\t\t\t\t\t<span class=\"xts-button-text\" data-elementor-setting-key=\"button_text\">\n\t\t\t\t\t\t\tNeem nu contact met ons op via WhatsApp\t\t\t\t\t\t<\/span>\n\n\t\t\t\t\t\t\t\t\t\t\t<\/a>\n\t\t\t\t\t\t\t<\/div>\n\t\t\t\t\t\t<\/div>\n\t\t\t\t<\/div>\n\t\t\t\t\t<\/div>\n\t\t\t\t<\/div>\n\t\t\t\t<section class=\"xts-negative-gap elementor-section elementor-top-section elementor-element elementor-element-5e88531 elementor-section-boxed elementor-section-height-default elementor-section-height-default xts-section-disabled\" data-id=\"5e88531\" data-element_type=\"section\" data-e-type=\"section\">\n\t\t\t\t\t\t<div class=\"elementor-container elementor-column-gap-default\">\n\t\t\t\t\t<div class=\"elementor-column elementor-col-100 elementor-top-column elementor-element elementor-element-da3b49a\" data-id=\"da3b49a\" data-element_type=\"column\" data-e-type=\"column\">\n\t\t\t<div class=\"elementor-widget-wrap elementor-element-populated\">\n\t\t\t\t\t\t<div class=\"elementor-element elementor-element-cbed2af xts-scheme-inherit xts-textalign-inherit elementor-widget elementor-widget-text-editor\" data-id=\"cbed2af\" data-element_type=\"widget\" data-e-type=\"widget\" data-widget_type=\"text-editor.default\">\n\t\t\t\t<div class=\"elementor-widget-container\">\n\t\t\t\t\t\t\t\t\t<h3><strong data-spm-anchor-id=\"a2ty_o01.29997173.0.i4.38582f1eTCCvta\">Onze service voor kinderartsen<\/strong><\/h3><p><strong>Onze uitgebreide diensten voor kinderartsen in de VAE<\/strong><\/p><p>We bieden een <strong>Volledige service <\/strong>die niets te wensen overlaat. Dit is hoe we je ondersteunen:<\/p><ol start=\"1\"><li><p><strong>DHA-autorisatie en vergunning om te praktiseren:<\/strong><br \/>Wij zorgen voor alle documenten die nodig zijn om een DHA-autorisatie aan te vragen - van logboeken en universiteitsdiploma's tot vertalingen.<\/p><\/li><li><p><strong>Oprichting van een LLC\/praktijk:<\/strong><br \/>Wij helpen je bij het opzetten van een Limited Liability Company (LLC) en zorgen ervoor dat aan alle wettelijke vereisten wordt voldaan.<\/p><\/li><li><p><strong>Binneninrichting en uitrusting:<\/strong><br \/>Van het plannen van het pand tot het aanschaffen van de nieuwste pediatrische apparatuur - wij zorgen ervoor dat uw praktijk aan de hoogste normen voldoet.<\/p><\/li><li><p><strong>Verzekering en naleving:<\/strong><br \/>We organiseren de noodzakelijke verzekering tegen wanpraktijken en zorgen ervoor dat we volledig voldoen aan de plaatselijke voorschriften.<\/p><\/li><li><p><strong>Marketing en pati\u00ebntenwerving:<\/strong><br \/>We ondersteunen je bij het bekendmaken van je praktijk en het aantrekken van pati\u00ebnten - lokaal en internationaal.<\/p><\/li><li><p><strong>Geavanceerde technologie\u00ebn:<\/strong><br \/>We adviseren je bij de selectie van echoapparatuur, vaccins, diagnostische apparatuur en andere hightech oplossingen voor de pediatrie.<\/p><\/li><li><p><strong>Extra kwalificaties:<\/strong><br \/>Als je aanvullende kwalificaties nodig hebt op het gebied van neonatale intensive care of andere specialismen, helpen we je bij het selecteren en organiseren van de juiste cursussen.<\/p><\/li><\/ol><div class=\"my-2\">\u00a0<\/div><hr \/><h3><strong>FAQ - Veelgestelde vragen<\/strong><\/h3><p><strong>Alles wat je moet weten over kindergeneeskunde in de VAE<\/strong><\/p><p><strong>Aan welke eisen moet ik als kinderarts voldoen om in de VAE te mogen werken?<\/strong><\/p><p>Om als kinderarts in de VAE te werken, heb je een praktijkvergunning nodig van de Dubai Health Authority (DHA). Hiervoor is onder andere het volgende vereist<\/p><ul><li>Een universitair diploma in kindergeneeskunde<\/li><li>Ten minste twee jaar werkervaring<\/li><li>Vertaalde en notari\u00eble documenten<\/li><li>Eventueel een gespecialiseerde test in het Engels<\/li><\/ul><p>Wij helpen je alle benodigde documenten samen te stellen en begeleiden je door het hele proces.<\/p><p><strong>Kan ik mijn eigen apparaten meenemen uit Duitsland?<\/strong><\/p><p>Ja, maar er zijn beperkingen. Niet alle apparaten zijn goedgekeurd in de VAE en er kunnen verschillen zijn in stroomaansluitingen en technische normen. We kunnen je adviseren over de selectie en aanschaf van de juiste apparaten.<\/p><p><strong>Hoe lang duurt de autorisatieprocedure van DHA?<\/strong><\/p><p>Het tijdsbestek varieert afhankelijk van de complexiteit van je zaak en de communicatie tussen de autoriteiten. Meestal duurt het tussen de 4 weken en 6 maanden. We optimaliseren het proces om het zo snel mogelijk af te ronden.<\/p><p><strong>Wat kost het om een pediatrische praktijk te openen in de VAE?<\/strong><\/p><p>De kosten zijn afhankelijk van het type faciliteit:<\/p><ul><li>Kleine praktijk: Vanaf ca. 100.000 AED<\/li><li>Dagkliniek: Vanaf ca. 500.000 AED<\/li><li>Complete kliniek: Enkele miljoenen AED<\/li><\/ul><p>We stellen een gedetailleerde kostenraming op die is aangepast aan jouw behoeften.<\/p><div class=\"my-2\">\u00a0<\/div><hr \/><h3><strong>Getuigenissen van klanten<\/strong><\/h3><h3><strong>Wat onze klanten zeggen<\/strong><\/h3><p><br \/>\"DoctorFlow heeft ons uitstekend ondersteund bij de opening van onze pediatrische praktijk in Dubai. Het hele proces was stressvrij en professioneel. We kunnen het team ten zeerste aanbevelen!\"<br \/>- Dr. Anna Schmidt, kinderarts<\/p><p>\"Van de DHA-goedkeuring tot het interieurontwerp - DoctorFlow begeleidde ons bij elke stap. We zijn erg blij met de kwaliteit van de service.\"<br \/>- Dr. Ahmed Al-Farsi, oprichter van een kinderkliniek<\/p><h3><strong>Nu handelen<\/strong><\/h3><h3><strong>Start vandaag nog je carri\u00e8re als kinderarts in de VAE!<\/strong><\/h3><p>De VAE bieden talloze mogelijkheden voor kinderartsen die hier voet aan de grond willen krijgen. Laat ons team van experts u ondersteunen en uw visie omzetten in realiteit.<\/p>\t\t\t\t\t\t\t\t<\/div>\n\t\t\t\t<\/div>\n\t\t\t\t\t<\/div>\n\t\t<\/div>\n\t\t\t\t\t<\/div>\n\t\t<\/section>\n\t\t<div class=\"xts-negative-gap elementor-element elementor-element-17aeceb e-flex e-con-boxed xts-section-disabled e-con e-parent\" data-id=\"17aeceb\" data-element_type=\"container\" data-e-type=\"container\">\n\t\t\t\t\t<div class=\"e-con-inner\">\n\t\t\t\t<div class=\"elementor-element elementor-element-18724a8 elementor-widget elementor-widget-xts_button\" data-id=\"18724a8\" data-element_type=\"widget\" data-e-type=\"widget\" data-widget_type=\"xts_button.default\">\n\t\t\t\t<div class=\"elementor-widget-container\">\n\t\t\t\t\t\t\t\t<div class=\"xts-button-wrapper xts-textalign-center\" >\n\t\t\t\t\t\t\t\t\t<a class=\"xts-button xts-size-xl xts-style-default xts-color-primary xts-shape-round xts-width-full\" href=\"http:\/\/wa.link\/hr0b0m\" target=\"_blank\" rel=\"noopener\">\n\t\t\t\t\t\t<span class=\"xts-button-text\" data-elementor-setting-key=\"button_text\">\n\t\t\t\t\t\t\tNeem nu contact met ons op via WhatsApp\t\t\t\t\t\t<\/span>\n\n\t\t\t\t\t\t\t\t\t\t\t<\/a>\n\t\t\t\t\t\t\t<\/div>\n\t\t\t\t\t\t<\/div>\n\t\t\t\t<\/div>\n\t\t\t\t\t<\/div>\n\t\t\t\t<\/div>\n\t\t\t\t<section class=\"xts-negative-gap elementor-section elementor-top-section elementor-element elementor-element-2acc8f7 elementor-section-boxed elementor-section-height-default elementor-section-height-default xts-section-disabled\" data-id=\"2acc8f7\" data-element_type=\"section\" data-e-type=\"section\">\n\t\t\t\t\t\t<div class=\"elementor-container elementor-column-gap-default\">\n\t\t\t\t\t<div class=\"elementor-column elementor-col-50 elementor-top-column elementor-element elementor-element-df40235\" data-id=\"df40235\" data-element_type=\"column\" data-e-type=\"column\">\n\t\t\t<div class=\"elementor-widget-wrap elementor-element-populated\">\n\t\t\t\t\t\t<div class=\"elementor-element elementor-element-257e1da elementor-widget elementor-widget-xts_image\" data-id=\"257e1da\" data-element_type=\"widget\" data-e-type=\"widget\" data-widget_type=\"xts_image.default\">\n\t\t\t\t<div class=\"elementor-widget-container\">\n\t\t\t\t\t\t\t\t<div class=\"xts-image-single xts-textalign-center\">\n\t\t\t\t<figure class=\"xts-image\">\n\t\t\t\t\t\t\t\t\t\t\t<div class=\"xts-image-inner\">\n\t\t\t\t\t\n\t\t\t\t\t\t<img decoding=\"async\" width=\"600\" height=\"371\" src=\"https:\/\/doctoflow.com\/wp-content\/uploads\/2020\/02\/venus-depatmens-1-opt.jpg\" class=\"attachment-full size-full wp-image-718\" alt=\"\" \/>\n\t\t\t\t\t\t\t\t\t\t\t<\/div>\n\t\t\t\t\t\n\t\t\t\t\t\t\t\t\t<\/figure>\n\n\t\t\t\t\t\t\t<\/div>\n\t\t\t\t\t\t<\/div>\n\t\t\t\t<\/div>\n\t\t\t\t\t<\/div>\n\t\t<\/div>\n\t\t\t\t<div class=\"elementor-column elementor-col-50 elementor-top-column elementor-element elementor-element-a0251ab\" data-id=\"a0251ab\" data-element_type=\"column\" data-e-type=\"column\">\n\t\t\t<div class=\"elementor-widget-wrap elementor-element-populated\">\n\t\t\t\t\t\t<div class=\"elementor-element elementor-element-41b5fe3 xts-scheme-inherit xts-textalign-inherit elementor-widget elementor-widget-text-editor\" data-id=\"41b5fe3\" data-element_type=\"widget\" data-e-type=\"widget\" data-widget_type=\"text-editor.default\">\n\t\t\t\t<div class=\"elementor-widget-container\">\n\t\t\t\t\t\t\t\t\t<h3><strong>Nu handelen<\/strong><\/h3><p><strong>Start vandaag nog je carri\u00e8re als kinderarts in de VAE!<\/strong><\/p><p>De VAE bieden talloze mogelijkheden voor kinderartsen die hier voet aan de grond willen krijgen. Laat ons team van experts u ondersteunen en uw visie omzetten in realiteit.<\/p>\t\t\t\t\t\t\t\t<\/div>\n\t\t\t\t<\/div>\n\t\t\t\t\t<\/div>\n\t\t<\/div>\n\t\t\t\t\t<\/div>\n\t\t<\/section>\n\t\t\t\t<\/div>","protected":false},"excerpt":{"rendered":"<p>Erfolgreich als Kinderarzt in den VAE starten \u2013 Mit DoctorFlow an Ihrer Seite Von der DHA-Zulassung bis zur Er\u00f6ffnung Ihrer p\u00e4diatrischen Praxis \u2013 Wir \u00fcbernehmen alles f\u00fcr Sie. M\u00f6chten Sie als Kinderarzt\/in in den VAE Fu\u00df fassen oder eine moderne p\u00e4diatrische Praxis gr\u00fcnden? Bei DoctorFlow unterst\u00fctzen wir Sie bei jedem Schritt des Prozesses. Unsere Experten [&hellip;]<\/p>\n","protected":false},"author":1,"featured_media":0,"parent":0,"menu_order":9,"comment_status":"closed","ping_status":"closed","template":"","meta":{"footnotes":""},"class_list":["post-697","page","type-page","status-publish","hentry"],"_hostinger_reach_plugin_has_subscription_block":false,"_hostinger_reach_plugin_is_elementor":false,"_links":{"self":[{"href":"https:\/\/doctoflow.com\/nl\/wp-json\/wp\/v2\/pages\/697","targetHints":{"allow":["GET"]}}],"collection":[{"href":"https:\/\/doctoflow.com\/nl\/wp-json\/wp\/v2\/pages"}],"about":[{"href":"https:\/\/doctoflow.com\/nl\/wp-json\/wp\/v2\/types\/page"}],"author":[{"embeddable":true,"href":"https:\/\/doctoflow.com\/nl\/wp-json\/wp\/v2\/users\/1"}],"replies":[{"embeddable":true,"href":"https:\/\/doctoflow.com\/nl\/wp-json\/wp\/v2\/comments?post=697"}],"version-history":[{"count":11,"href":"https:\/\/doctoflow.com\/nl\/wp-json\/wp\/v2\/pages\/697\/revisions"}],"predecessor-version":[{"id":1688,"href":"https:\/\/doctoflow.com\/nl\/wp-json\/wp\/v2\/pages\/697\/revisions\/1688"}],"wp:attachment":[{"href":"https:\/\/doctoflow.com\/nl\/wp-json\/wp\/v2\/media?parent=697"}],"curies":[{"name":"wp","href":"https:\/\/api.w.org\/{rel}","templated":true}]}}