{"id":2102,"date":"2025-11-12T04:35:10","date_gmt":"2025-11-12T04:35:10","guid":{"rendered":"https:\/\/doctoflow.com\/?page_id=2102"},"modified":"2026-04-19T17:15:20","modified_gmt":"2026-04-19T17:15:20","slug":"como-ajudamos-os-medicos-a-mudarem-se-para-o-dubai","status":"publish","type":"page","link":"https:\/\/doctoflow.com\/pt\/how-we-help-doctors-move-to-dubai\/","title":{"rendered":"Como ajudamos os m\u00e9dicos a mudarem-se para o Dubai"},"content":{"rendered":"<div data-elementor-type=\"wp-page\" data-elementor-id=\"2102\" class=\"elementor elementor-2102\">\n\t\t\t\t<div class=\"xts-negative-gap elementor-element elementor-element-6d58931 e-flex e-con-boxed xts-section-disabled e-con e-parent\" data-id=\"6d58931\" data-element_type=\"container\" data-e-type=\"container\">\n\t\t\t\t\t<div class=\"e-con-inner\">\n\t\t\t\t<div class=\"elementor-element elementor-element-64a30d7 elementor-widget elementor-widget-spacer\" data-id=\"64a30d7\" data-element_type=\"widget\" data-e-type=\"widget\" data-widget_type=\"spacer.default\">\n\t\t\t\t<div class=\"elementor-widget-container\">\n\t\t\t\t\t\t\t<div class=\"elementor-spacer\">\n\t\t\t<div class=\"elementor-spacer-inner\"><\/div>\n\t\t<\/div>\n\t\t\t\t\t\t<\/div>\n\t\t\t\t<\/div>\n\t\t\t\t\t<\/div>\n\t\t\t\t<\/div>\n\t\t<div class=\"xts-negative-gap elementor-element elementor-element-ff42923 e-flex e-con-boxed xts-section-disabled e-con e-parent\" data-id=\"ff42923\" data-element_type=\"container\" data-e-type=\"container\">\n\t\t\t\t\t<div class=\"e-con-inner\">\n\t\t\t\t<div class=\"elementor-element elementor-element-da610b7 xts-scheme-inherit xts-textalign-inherit elementor-widget elementor-widget-text-editor\" data-id=\"da610b7\" data-element_type=\"widget\" data-e-type=\"widget\" data-widget_type=\"text-editor.default\">\n\t\t\t\t<div class=\"elementor-widget-container\">\n\t\t\t\t\t\t\t\t\t<p data-start=\"299\" data-end=\"505\">Em <strong data-start=\"302\" data-end=\"315\">DoctoFlow<\/strong>, simplificamos o in\u00edcio de um novo cap\u00edtulo no mundo da medicina do Dubai para os m\u00e9dicos. O nosso processo foi concebido para eliminar toda a complexidade - para que se possa concentrar na sua carreira, enquanto n\u00f3s tratamos do resto.<\/p><h4 data-start=\"507\" data-end=\"547\">Primeiro passo: Consulta inicial<\/h4><p data-start=\"548\" data-end=\"792\">Tudo come\u00e7a com uma conversa. Sem papelada, sem press\u00e3o - apenas uma conversa aberta sobre a sua hist\u00f3ria, a sua especialidade, o seu percurso de forma\u00e7\u00e3o e os seus objectivos. Isto ajuda-nos a compreender o seu perfil profissional e a planear o caminho certo para si.<\/p><h4 data-start=\"794\" data-end=\"835\">Segunda etapa: Verifica\u00e7\u00e3o do fluxo de dados<\/h4><p data-start=\"836\" data-end=\"1102\">Depois de conhecermos o seu historial, come\u00e7amos a <strong data-start=\"885\" data-end=\"910\">Verifica\u00e7\u00e3o de DataFlow<\/strong> - o controlo oficial dos antecedentes exigido pelo <strong data-start=\"959\" data-end=\"979\">DHA, DOH ou MOH<\/strong>. A nossa equipa gere todos os documentos, carregamentos e acompanhamentos para garantir que a sua verifica\u00e7\u00e3o \u00e9 conclu\u00edda de forma eficiente e sem problemas.<\/p><h4 data-start=\"1104\" data-end=\"1141\">Terceira etapa: Fase de licenciamento<\/h4><p data-start=\"1142\" data-end=\"1410\">Em seguida, ajudamos com a <strong data-start=\"1167\" data-end=\"1196\">processo de licenciamento m\u00e9dico<\/strong>. \u00c9 nesta altura que a sua carteira profissional e a sua identifica\u00e7\u00e3o DHA s\u00e3o aprovadas.<br data-start=\"1261\" data-end=\"1264\" \/>Se um exame como o <strong data-start=\"1287\" data-end=\"1300\">Prometric<\/strong> Se for necess\u00e1rio, tratamos da marca\u00e7\u00e3o, fornecemos materiais de estudo e guiamo-lo durante a prepara\u00e7\u00e3o at\u00e9 ao \u00eaxito.<\/p><h4 data-start=\"1412\" data-end=\"1446\">Quarta etapa: Coloca\u00e7\u00e3o no mercado de trabalho<\/h4><p data-start=\"1447\" data-end=\"1709\">Quando a sua licen\u00e7a estiver pronta ou perto da aprova\u00e7\u00e3o, passamos a <strong data-start=\"1503\" data-end=\"1520\">coloca\u00e7\u00e3o profissional<\/strong> - a fase mais gratificante. Apresentamo-lo diretamente a hospitais e cl\u00ednicas no Dubai, marcamos entrevistas e colocamo-lo em contacto com vagas que correspondem verdadeiramente \u00e0 sua forma\u00e7\u00e3o e ambi\u00e7\u00f5es.<\/p><h4 data-start=\"1711\" data-end=\"1757\">Quinto passo: Apoio \u00e0 obten\u00e7\u00e3o de vistos e \u00e0 relocaliza\u00e7\u00e3o<\/h4><p data-start=\"1758\" data-end=\"1990\">Por fim, tratamos do <strong data-start=\"1787\" data-end=\"1832\">visto, identifica\u00e7\u00e3o dos Emirados e processo de relocaliza\u00e7\u00e3o<\/strong>. Quando chega ao Dubai, a sua oferta de emprego e todos os documentos legais j\u00e1 est\u00e3o prontos. Pode come\u00e7ar a sua nova vida com confian\u00e7a e paz de esp\u00edrito.<\/p><hr data-start=\"1992\" data-end=\"1995\" \/><h3 data-start=\"1997\" data-end=\"2051\">Da primeira mensagem ao seu primeiro dia de trabalho<\/h3><p data-start=\"2052\" data-end=\"2169\">\u00c9 o <strong data-start=\"2063\" data-end=\"2084\">Processo DoctoFlow<\/strong> - uma viagem completa desde o seu primeiro contacto at\u00e9 ao seu primeiro dia de trabalho nos EAU.<\/p><p data-start=\"2171\" data-end=\"2379\">Na pr\u00f3xima parte da nossa viagem, vamos explorar algo ainda mais importante: <strong data-start=\"2249\" data-end=\"2258\">confian\u00e7a<\/strong> - como o constru\u00edmos e porque \u00e9 que centenas de m\u00e9dicos de todo o mundo escolhem o DoctoFlow como o seu parceiro de confian\u00e7a no Dubai.<\/p>\t\t\t\t\t\t\t\t<\/div>\n\t\t\t\t<\/div>\n\t\t\t\t\t<\/div>\n\t\t\t\t<\/div>\n\t\t<div class=\"xts-negative-gap elementor-element elementor-element-a149e3d e-flex e-con-boxed xts-section-disabled e-con e-parent\" data-id=\"a149e3d\" data-element_type=\"container\" data-e-type=\"container\">\n\t\t\t\t\t<div class=\"e-con-inner\">\n\t\t\t\t<div class=\"elementor-element elementor-element-e44936f elementor-widget elementor-widget-spacer\" data-id=\"e44936f\" data-element_type=\"widget\" data-e-type=\"widget\" data-widget_type=\"spacer.default\">\n\t\t\t\t<div class=\"elementor-widget-container\">\n\t\t\t\t\t\t\t<div class=\"elementor-spacer\">\n\t\t\t<div class=\"elementor-spacer-inner\"><\/div>\n\t\t<\/div>\n\t\t\t\t\t\t<\/div>\n\t\t\t\t<\/div>\n\t\t\t\t\t<\/div>\n\t\t\t\t<\/div>\n\t\t<div class=\"xts-negative-gap elementor-element elementor-element-6cdd746 e-flex e-con-boxed xts-section-disabled e-con e-parent\" data-id=\"6cdd746\" data-element_type=\"container\" data-e-type=\"container\">\n\t\t\t\t\t<div class=\"e-con-inner\">\n\t\t\t\t<div class=\"elementor-element elementor-element-9221730 elementor-widget elementor-widget-xts_button\" data-id=\"9221730\" data-element_type=\"widget\" data-e-type=\"widget\" data-widget_type=\"xts_button.default\">\n\t\t\t\t<div class=\"elementor-widget-container\">\n\t\t\t\t\t\t\t\t<div class=\"xts-button-wrapper xts-textalign-center xts-smooth-scroll\"  data-smooth-time=\"100\" data-smooth-offset=\"100\">\n\t\t\t\t\t\t\t\t\t<a class=\"xts-button xts-size-xl xts-style-default xts-color-primary xts-shape-round xts-width-full\"  href=\"https:\/\/doctoflow.com\/pt\/building-trust-with-doctoflow\/\">\n\t\t\t\t\t\t<span class=\"xts-button-text\" data-elementor-setting-key=\"button_text\">\n\t\t\t\t\t\t\tPr\u00f3ximo v\u00eddeo - Criar confian\u00e7a com o DoctoFlow\t\t\t\t\t\t<\/span>\n\n\t\t\t\t\t\t\t\t\t\t\t<\/a>\n\t\t\t\t\t\t\t<\/div>\n\t\t\t\t\t\t<\/div>\n\t\t\t\t<\/div>\n\t\t\t\t\t<\/div>\n\t\t\t\t<\/div>\n\t\t\t\t<\/div>","protected":false},"excerpt":{"rendered":"<p>At DoctoFlow, we make it simple for doctors to begin a new chapter in Dubai\u2019s medical world. Our process is designed to remove all complexity \u2014 so you can focus on your career, while we handle the rest. 1. Step One: Initial Consultation Everything begins with a conversation. No paperwork, no pressure \u2014 just an [&hellip;]<\/p>\n","protected":false},"author":1,"featured_media":0,"parent":0,"menu_order":0,"comment_status":"closed","ping_status":"closed","template":"","meta":{"footnotes":""},"class_list":["post-2102","page","type-page","status-publish","hentry"],"_hostinger_reach_plugin_has_subscription_block":false,"_hostinger_reach_plugin_is_elementor":false,"_links":{"self":[{"href":"https:\/\/doctoflow.com\/pt\/wp-json\/wp\/v2\/pages\/2102","targetHints":{"allow":["GET"]}}],"collection":[{"href":"https:\/\/doctoflow.com\/pt\/wp-json\/wp\/v2\/pages"}],"about":[{"href":"https:\/\/doctoflow.com\/pt\/wp-json\/wp\/v2\/types\/page"}],"author":[{"embeddable":true,"href":"https:\/\/doctoflow.com\/pt\/wp-json\/wp\/v2\/users\/1"}],"replies":[{"embeddable":true,"href":"https:\/\/doctoflow.com\/pt\/wp-json\/wp\/v2\/comments?post=2102"}],"version-history":[{"count":12,"href":"https:\/\/doctoflow.com\/pt\/wp-json\/wp\/v2\/pages\/2102\/revisions"}],"predecessor-version":[{"id":2205,"href":"https:\/\/doctoflow.com\/pt\/wp-json\/wp\/v2\/pages\/2102\/revisions\/2205"}],"wp:attachment":[{"href":"https:\/\/doctoflow.com\/pt\/wp-json\/wp\/v2\/media?parent=2102"}],"curies":[{"name":"wp","href":"https:\/\/api.w.org\/{rel}","templated":true}]}}