{"id":661,"date":"2020-02-12T09:49:55","date_gmt":"2020-02-12T09:49:55","guid":{"rendered":"http:\/\/space.xtemos.com\/demo\/venus\/?page_id=661"},"modified":"2025-06-03T19:28:17","modified_gmt":"2025-06-03T19:28:17","slug":"odontologia","status":"publish","type":"page","link":"https:\/\/doctoflow.com\/pt\/odontologia\/","title":{"rendered":"Medicina dent\u00e1ria"},"content":{"rendered":"<span class=\"span-reading-time rt-reading-time\" style=\"display: block;\"><span class=\"rt-label rt-prefix\">Tempo de leitura: <\/span> <span class=\"rt-time\"> 3<\/span> <span class=\"rt-label rt-postfix\">minutos<\/span><\/span>\t\t<div data-elementor-type=\"wp-page\" data-elementor-id=\"661\" class=\"elementor elementor-661\">\n\t\t\t\t\t\t<section class=\"xts-negative-gap elementor-section elementor-top-section elementor-element elementor-element-aabde2c elementor-section-boxed elementor-section-height-default elementor-section-height-default xts-section-disabled\" data-id=\"aabde2c\" data-element_type=\"section\" data-e-type=\"section\">\n\t\t\t\t\t\t<div class=\"elementor-container elementor-column-gap-wide\">\n\t\t\t\t\t<div class=\"elementor-column elementor-col-66 elementor-top-column elementor-element elementor-element-046e579\" data-id=\"046e579\" data-element_type=\"column\" data-e-type=\"column\">\n\t\t\t<div class=\"elementor-widget-wrap elementor-element-populated\">\n\t\t\t\t\t\t<div class=\"elementor-element elementor-element-8ec3077 xts-scheme-inherit xts-textalign-inherit elementor-widget elementor-widget-text-editor\" data-id=\"8ec3077\" data-element_type=\"widget\" data-e-type=\"widget\" data-widget_type=\"text-editor.default\">\n\t\t\t\t<div class=\"elementor-widget-container\">\n\t\t\t\t\t\t\t\t\t<h3><strong data-spm-anchor-id=\"a2ty_o01.29997173.0.i6.3858c9212mR4Lq\">Um come\u00e7o bem sucedido para a odontologia nos EAU - com a DoctorFlow ao seu lado<\/strong><\/h3><p data-spm-anchor-id=\"a2ty_o01.29997173.0.i7.3858c9212mR4Lq\">Desde a autoriza\u00e7\u00e3o DHA at\u00e9 \u00e0 abertura do seu consult\u00f3rio dent\u00e1rio - tratamos de tudo por si.<\/p><p data-spm-anchor-id=\"a2ty_o01.29997173.0.i10.3858c9212mR4Lq\">Os EAU s\u00e3o um mercado em crescimento para a medicina dent\u00e1ria, caracterizado por um elevado investimento em infra-estruturas de sa\u00fade e uma procura crescente de servi\u00e7os dent\u00e1rios de alta qualidade.<\/p><p data-spm-anchor-id=\"a2ty_o01.29997173.0.i11.3858c9212mR4Lq\"><strong>Como dentista, beneficia de:<\/strong><\/p>\t\t\t\t\t\t\t\t<\/div>\n\t\t\t\t<\/div>\n\t\t\t\t<div class=\"elementor-element elementor-element-733d44d elementor-icon-list--layout-traditional elementor-list-item-link-full_width elementor-widget elementor-widget-icon-list\" data-id=\"733d44d\" data-element_type=\"widget\" data-e-type=\"widget\" data-widget_type=\"icon-list.default\">\n\t\t\t\t<div class=\"elementor-widget-container\">\n\t\t\t\t\t\t\t<ul class=\"elementor-icon-list-items\">\n\t\t\t\t\t\t\t<li class=\"elementor-icon-list-item\">\n\t\t\t\t\t\t\t\t\t\t\t<span class=\"elementor-icon-list-icon\">\n\t\t\t\t\t\t\t<svg aria-hidden=\"true\" class=\"e-font-icon-svg e-fas-chevron-right\" viewbox=\"0 0 320 512\" xmlns=\"http:\/\/www.w3.org\/2000\/svg\"><path d=\"M285.476 272.971L91.132 467.314c-9.373 9.373-24.569 9.373-33.941 0l-22.667-22.667c-9.357-9.357-9.375-24.522-.04-33.901L188.505 256 34.484 101.255c-9.335-9.379-9.317-24.544.04-33.901l22.667-22.667c9.373-9.373 24.569-9.373 33.941 0L285.475 239.03c9.373 9.372 9.373 24.568.001 33.941z\"><\/path><\/svg>\t\t\t\t\t\t<\/span>\n\t\t\t\t\t\t\t\t\t\t<span class=\"elementor-icon-list-text\">Elevada procura: Uma popula\u00e7\u00e3o em crescimento e uma aten\u00e7\u00e3o crescente \u00e0 medicina dent\u00e1ria est\u00e9tica.<\/span>\n\t\t\t\t\t\t\t\t\t<\/li>\n\t\t\t\t\t\t\t\t<li class=\"elementor-icon-list-item\">\n\t\t\t\t\t\t\t\t\t\t\t<span class=\"elementor-icon-list-icon\">\n\t\t\t\t\t\t\t<svg aria-hidden=\"true\" class=\"e-font-icon-svg e-fas-chevron-right\" viewbox=\"0 0 320 512\" xmlns=\"http:\/\/www.w3.org\/2000\/svg\"><path d=\"M285.476 272.971L91.132 467.314c-9.373 9.373-24.569 9.373-33.941 0l-22.667-22.667c-9.357-9.357-9.375-24.522-.04-33.901L188.505 256 34.484 101.255c-9.335-9.379-9.317-24.544.04-33.901l22.667-22.667c9.373-9.373 24.569-9.373 33.941 0L285.475 239.03c9.373 9.372 9.373 24.568.001 33.941z\"><\/path><\/svg>\t\t\t\t\t\t<\/span>\n\t\t\t\t\t\t\t\t\t\t<span class=\"elementor-icon-list-text\">Infra-estruturas modernas: instala\u00e7\u00f5es e tecnologias de ponta.<\/span>\n\t\t\t\t\t\t\t\t\t<\/li>\n\t\t\t\t\t\t\t\t<li class=\"elementor-icon-list-item\">\n\t\t\t\t\t\t\t\t\t\t\t<span class=\"elementor-icon-list-icon\">\n\t\t\t\t\t\t\t<svg aria-hidden=\"true\" class=\"e-font-icon-svg e-fas-chevron-right\" viewbox=\"0 0 320 512\" xmlns=\"http:\/\/www.w3.org\/2000\/svg\"><path d=\"M285.476 272.971L91.132 467.314c-9.373 9.373-24.569 9.373-33.941 0l-22.667-22.667c-9.357-9.357-9.375-24.522-.04-33.901L188.505 256 34.484 101.255c-9.335-9.379-9.317-24.544.04-33.901l22.667-22.667c9.373-9.373 24.569-9.373 33.941 0L285.475 239.03c9.373 9.372 9.373 24.568.001 33.941z\"><\/path><\/svg>\t\t\t\t\t\t<\/span>\n\t\t\t\t\t\t\t\t\t\t<span class=\"elementor-icon-list-text\">Golden Visa: Enquanto profissional de sa\u00fade, pode facilmente obter um Golden Visa.<\/span>\n\t\t\t\t\t\t\t\t\t<\/li>\n\t\t\t\t\t\t\t\t<li class=\"elementor-icon-list-item\">\n\t\t\t\t\t\t\t\t\t\t\t<span class=\"elementor-icon-list-icon\">\n\t\t\t\t\t\t\t<svg aria-hidden=\"true\" class=\"e-font-icon-svg e-fas-chevron-right\" viewbox=\"0 0 320 512\" xmlns=\"http:\/\/www.w3.org\/2000\/svg\"><path d=\"M285.476 272.971L91.132 467.314c-9.373 9.373-24.569 9.373-33.941 0l-22.667-22.667c-9.357-9.357-9.375-24.522-.04-33.901L188.505 256 34.484 101.255c-9.335-9.379-9.317-24.544.04-33.901l22.667-22.667c9.373-9.373 24.569-9.373 33.941 0L285.475 239.03c9.373 9.372 9.373 24.568.001 33.941z\"><\/path><\/svg>\t\t\t\t\t\t<\/span>\n\t\t\t\t\t\t\t\t\t\t<span class=\"elementor-icon-list-text\">Pacientes internacionais: Os EAU atraem pacientes de todo o mundo que procuram tratamentos de alta qualidade.<\/span>\n\t\t\t\t\t\t\t\t\t<\/li>\n\t\t\t\t\t\t<\/ul>\n\t\t\t\t\t\t<\/div>\n\t\t\t\t<\/div>\n\t\t\t\t\t<\/div>\n\t\t<\/div>\n\t\t\t\t<div class=\"elementor-column elementor-col-33 elementor-top-column elementor-element elementor-element-270f8e5\" data-id=\"270f8e5\" data-element_type=\"column\" data-e-type=\"column\">\n\t\t\t<div class=\"elementor-widget-wrap elementor-element-populated\">\n\t\t\t\t\t\t<div class=\"elementor-element elementor-element-cbd4ce9 elementor-widget elementor-widget-xts_team_member\" data-id=\"cbd4ce9\" data-element_type=\"widget\" data-e-type=\"widget\" data-widget_type=\"xts_team_member.default\">\n\t\t\t\t<div class=\"elementor-widget-container\">\n\t\t\t\t\t\n\t\t<div class=\"xts-member xts-design-mask xts-textalign-left xts-scheme-light xts-with-bg-color xts-with-shadow\">\n\t\t\t\t\t\t\t<div class=\"xts-member-image\">\n\t\t\t\t\t<img fetchpriority=\"high\" decoding=\"async\" width=\"420\" height=\"658\" src=\"https:\/\/doctoflow.com\/wp-content\/uploads\/2020\/02\/venus-medic-2-opt-1.jpg\" class=\"attachment-full size-full wp-image-552\" alt=\"\" data-wp-pid=\"552\" \/>\t\t\t\t<\/div>\n\t\t\t\n\t\t\t<div class=\"xts-member-content xts-reset-mb-10 xts-reset-last\">\n\t\t\t\t\t\t\t\t\t<h4 class=\"xts-member-name xts-fontsize-m\" data-elementor-setting-key=\"name\">\n\t\t\t\t\t\tJohn Woods\t\t\t\t\t<\/h4>\n\t\t\t\t\n\t\t\t\t\t\t\t\t\t<div class=\"xts-member-position xts-fontsize-s\" data-elementor-setting-key=\"position\">\n\t\t\t\t\t\tMedicina dent\u00e1ria\t\t\t\t\t<\/div>\n\t\t\t\t\n\t\t\t\t\n\t\t\t\t\t\t\t<\/div>\n\t\t<\/div>\n\n\t\t\t\t\t\t<\/div>\n\t\t\t\t<\/div>\n\t\t\t\t\t<\/div>\n\t\t<\/div>\n\t\t\t\t\t<\/div>\n\t\t<\/section>\n\t\t\t\t<section class=\"xts-negative-gap elementor-section elementor-top-section elementor-element elementor-element-eced782 elementor-section-boxed elementor-section-height-default elementor-section-height-default xts-section-disabled\" data-id=\"eced782\" data-element_type=\"section\" data-e-type=\"section\">\n\t\t\t\t\t\t<div class=\"elementor-container elementor-column-gap-default\">\n\t\t\t\t\t<div class=\"elementor-column elementor-col-100 elementor-top-column elementor-element elementor-element-5586519\" data-id=\"5586519\" data-element_type=\"column\" data-e-type=\"column\">\n\t\t\t<div class=\"elementor-widget-wrap elementor-element-populated\">\n\t\t\t\t\t\t<div class=\"elementor-element elementor-element-31addfb xts-scheme-inherit xts-textalign-inherit elementor-widget elementor-widget-text-editor\" data-id=\"31addfb\" data-element_type=\"widget\" data-e-type=\"widget\" data-widget_type=\"text-editor.default\">\n\t\t\t\t<div class=\"elementor-widget-container\">\n\t\t\t\t\t\t\t\t\t<p data-spm-anchor-id=\"a2ty_o01.29997173.0.i8.3858c9212mR4Lq\">Gostaria de se estabelecer como dentista nos EAU ou abrir uma cl\u00ednica dent\u00e1ria moderna? Com <strong>DoctorFlow <\/strong>apoiamo-lo em todas as etapas do processo. Os nossos especialistas conhecem a fundo os requisitos regulamentares da Autoridade de Sa\u00fade do Dubai (DHA) e garantir\u00e3o que a sua cl\u00ednica abre sem problemas.<\/p><div class=\"my-2\">\u00a0<\/div><p>Quer pretenda abrir um pequeno consult\u00f3rio dent\u00e1rio ou uma grande cl\u00ednica, oferecemos solu\u00e7\u00f5es personalizadas que v\u00e3o ao encontro dos seus objectivos. Confie na nossa experi\u00eancia local e deixe-nos tratar dos processos complicados por si.<\/p><p>Isso n\u00e3o \u00e9 assim t\u00e3o mau, h\u00e1 uma c\u00f3pia fict\u00edcia para o salvar. Mas pior, e se o peixe n\u00e3o couber na lata, se o p\u00e9 for demasiado grande para a bota? Ou demasiado pequeno? Frases demasiado curtas, demasiados t\u00edtulos, imagens demasiado grandes para o design proposto, ou demasiado pequenas, ou encaixam, mas parecem duvidosas por raz\u00f5es que as pessoas na reuni\u00e3o n\u00e3o conseguem perceber agora, mas est\u00e3o descontentes, de alguma forma.<\/p><p>Um cliente insatisfeito por uma raz\u00e3o \u00e9 um problema, um cliente insatisfeito que n\u00e3o consegue identificar a raz\u00e3o \u00e9 pior. Mas. Um grande mas: Lorem Ipsum n\u00e3o \u00e9 a raiz do problema, apenas mostra o que est\u00e1 a correr mal. \u00c9 prov\u00e1vel que n\u00e3o tenha havido colabora\u00e7\u00e3o, comunica\u00e7\u00e3o e pontos de controlo, que n\u00e3o tenha havido um processo acordado ou especificado com a granularidade necess\u00e1ria. \u00c9 uma estrat\u00e9gia de conte\u00fados que correu mal desde o in\u00edcio. N\u00e3o ter usado Lorem Ipsum n\u00e3o teria ajudado e n\u00e3o vai ajudar agora.<\/p>\t\t\t\t\t\t\t\t<\/div>\n\t\t\t\t<\/div>\n\t\t\t\t\t<\/div>\n\t\t<\/div>\n\t\t\t\t\t<\/div>\n\t\t<\/section>\n\t\t<div class=\"xts-negative-gap elementor-element elementor-element-b1a7e80 e-flex e-con-boxed xts-section-disabled e-con e-parent\" data-id=\"b1a7e80\" data-element_type=\"container\" data-e-type=\"container\">\n\t\t\t\t\t<div class=\"e-con-inner\">\n\t\t\t\t<div class=\"elementor-element elementor-element-94aede2 elementor-widget elementor-widget-xts_button\" data-id=\"94aede2\" data-element_type=\"widget\" data-e-type=\"widget\" data-widget_type=\"xts_button.default\">\n\t\t\t\t<div class=\"elementor-widget-container\">\n\t\t\t\t\t\t\t\t<div class=\"xts-button-wrapper xts-textalign-center\" >\n\t\t\t\t\t\t\t\t\t<a class=\"xts-button xts-size-xl xts-style-default xts-color-primary xts-shape-round xts-width-full\" href=\"http:\/\/wa.link\/hr0b0m\" target=\"_blank\" rel=\"noopener\">\n\t\t\t\t\t\t<span class=\"xts-button-text\" data-elementor-setting-key=\"button_text\">\n\t\t\t\t\t\t\tContacte-nos agora via WhatsApp\t\t\t\t\t\t<\/span>\n\n\t\t\t\t\t\t\t\t\t\t\t<\/a>\n\t\t\t\t\t\t\t<\/div>\n\t\t\t\t\t\t<\/div>\n\t\t\t\t<\/div>\n\t\t\t\t\t<\/div>\n\t\t\t\t<\/div>\n\t\t\t\t<section class=\"xts-negative-gap elementor-section elementor-top-section elementor-element elementor-element-be42099 elementor-section-boxed elementor-section-height-default elementor-section-height-default xts-section-disabled\" data-id=\"be42099\" data-element_type=\"section\" data-e-type=\"section\">\n\t\t\t\t\t\t<div class=\"elementor-container elementor-column-gap-default\">\n\t\t\t\t\t<div class=\"elementor-column elementor-col-50 elementor-top-column elementor-element elementor-element-d58d236\" data-id=\"d58d236\" data-element_type=\"column\" data-e-type=\"column\">\n\t\t\t<div class=\"elementor-widget-wrap elementor-element-populated\">\n\t\t\t\t\t\t<div class=\"elementor-element elementor-element-5291dea elementor-widget elementor-widget-xts_image\" data-id=\"5291dea\" data-element_type=\"widget\" data-e-type=\"widget\" data-widget_type=\"xts_image.default\">\n\t\t\t\t<div class=\"elementor-widget-container\">\n\t\t\t\t\t\t\t\t<div class=\"xts-image-single xts-textalign-center\">\n\t\t\t\t<figure class=\"xts-image\">\n\t\t\t\t\t\t\t\t\t\t\t<div class=\"xts-image-inner\">\n\t\t\t\t\t\n\t\t\t\t\t\t<img decoding=\"async\" width=\"600\" height=\"370\" src=\"https:\/\/doctoflow.com\/wp-content\/uploads\/2020\/02\/venus-depatmens-4-opt.jpg\" class=\"attachment-full size-full wp-image-721\" alt=\"\" data-wp-pid=\"721\" \/>\n\t\t\t\t\t\t\t\t\t\t\t<\/div>\n\t\t\t\t\t\n\t\t\t\t\t\t\t\t\t<\/figure>\n\n\t\t\t\t\t\t\t<\/div>\n\t\t\t\t\t\t<\/div>\n\t\t\t\t<\/div>\n\t\t\t\t\t<\/div>\n\t\t<\/div>\n\t\t\t\t<div class=\"elementor-column elementor-col-50 elementor-top-column elementor-element elementor-element-5b982e6\" data-id=\"5b982e6\" data-element_type=\"column\" data-e-type=\"column\">\n\t\t\t<div class=\"elementor-widget-wrap elementor-element-populated\">\n\t\t\t\t\t\t<div class=\"elementor-element elementor-element-01bea04 xts-scheme-inherit xts-textalign-inherit elementor-widget elementor-widget-text-editor\" data-id=\"01bea04\" data-element_type=\"widget\" data-e-type=\"widget\" data-widget_type=\"text-editor.default\">\n\t\t\t\t<div class=\"elementor-widget-container\">\n\t\t\t\t\t\t\t\t\t<h3><strong data-spm-anchor-id=\"a2ty_o01.29997173.0.i15.3858c9212mR4Lq\">Os nossos servi\u00e7os completos para dentistas nos EAU<\/strong><\/h3><p data-spm-anchor-id=\"a2ty_o01.29997173.0.i16.3858c9212mR4Lq\">Oferecemos um <strong>Servi\u00e7o completo <\/strong>, que n\u00e3o deixa nada a desejar. Eis como o apoiamos:<\/p><div class=\"my-2\">\u00a0<\/div><ol start=\"1\"><li><p><strong>Autoriza\u00e7\u00e3o DHA e licen\u00e7a para exercer a profiss\u00e3o:<\/strong><br \/>Tratamos de todos os documentos necess\u00e1rios para requerer a autoriza\u00e7\u00e3o DHA - desde os livros de registo e diplomas universit\u00e1rios at\u00e9 \u00e0s tradu\u00e7\u00f5es.<\/p><\/li><li><p><strong>Constitui\u00e7\u00e3o de uma sociedade an\u00f3nima\/empresa:<\/strong><br \/>Ajudamo-lo a criar uma Sociedade de Responsabilidade Limitada (LLC) e garantimos que todos os requisitos legais s\u00e3o cumpridos.<\/p><\/li><li><p><strong>Arranjos e equipamentos interiores:<\/strong><br \/>Desde o planeamento das instala\u00e7\u00f5es at\u00e9 \u00e0 aquisi\u00e7\u00e3o do mais recente equipamento dent\u00e1rio - asseguramos que o seu consult\u00f3rio cumpre os mais elevados padr\u00f5es.<\/p><\/li><li><p><strong>Seguros e conformidade:<\/strong><br \/>Organizamos os seguros necess\u00e1rios contra as m\u00e1s pr\u00e1ticas e asseguramos o cumprimento integral da regulamenta\u00e7\u00e3o local.<\/p><\/li><li><p><strong>Marketing e aquisi\u00e7\u00e3o de pacientes:<\/strong><br \/>Ajudamo-lo a publicitar a sua cl\u00ednica e a atrair pacientes - a n\u00edvel local e internacional.<\/p><\/li><\/ol><div class=\"my-2\">\u00a0<\/div><hr \/><h3><strong>FAQ - Perguntas mais frequentes<\/strong><\/h3><h3><strong>Tudo o que precisa de saber sobre medicina dent\u00e1ria nos EAU<\/strong><\/h3><p><strong>Que requisitos devo preencher enquanto dentista para poder exercer a minha profiss\u00e3o nos EAU?<\/strong><\/p><p>Para trabalhar como dentista nos Emirados \u00c1rabes Unidos, \u00e9 necess\u00e1ria uma licen\u00e7a da Dubai Health Authority (DHA). Esta licen\u00e7a exige, entre outras coisas<\/p><ul><li>Um diploma universit\u00e1rio em medicina dent\u00e1ria<\/li><li>Pelo menos dois anos de experi\u00eancia profissional<\/li><li>Documentos traduzidos e autenticados<\/li><li>Eventualmente um teste especializado em ingl\u00eas<\/li><\/ul><div class=\"my-2\">\u00a0<\/div><p>Ajudamo-lo a reunir todos os documentos necess\u00e1rios e orientamo-lo ao longo de todo o processo.<\/p><div class=\"my-2\">\u00a0<\/div><p><strong>Posso trazer os meus pr\u00f3prios aparelhos da Alemanha?<\/strong><\/p><p>Sim, mas existem restri\u00e7\u00f5es. Nem todos os dispositivos s\u00e3o aprovados nos EAU e podem existir diferen\u00e7as nas liga\u00e7\u00f5es el\u00e9ctricas e nas normas t\u00e9cnicas. Podemos aconselh\u00e1-lo na sele\u00e7\u00e3o e aquisi\u00e7\u00e3o dos dispositivos adequados.<\/p><p><strong>Quanto tempo demora o processo de autoriza\u00e7\u00e3o do DHA?<\/strong><\/p><p>O prazo varia consoante a complexidade do seu caso e a comunica\u00e7\u00e3o entre as autoridades. Normalmente, demora entre 4 semanas e 6 meses. Optimizamos o processo para o concluir o mais rapidamente poss\u00edvel.<\/p><p><strong>Quanto custa abrir um consult\u00f3rio dent\u00e1rio nos EAU?<\/strong><\/p><p>Os custos dependem do tipo de instala\u00e7\u00e3o:<\/p><ul><li>Pequeno consult\u00f3rio: A partir de aprox. 100 000 AED<\/li><li>Cl\u00ednica de dia: A partir de aprox. 500 000 AED<\/li><li>Cl\u00ednica completa: V\u00e1rios milh\u00f5es de AED<\/li><\/ul><div class=\"my-2\">\u00a0<\/div><p>Elaboramos um or\u00e7amento pormenorizado e adaptado \u00e0s suas necessidades.<\/p><h3>\u00a0<\/h3><p><strong>O que dizem os nossos clientes<\/strong><\/p><div class=\"my-2\">\u00a0<\/div><p>\u201eA DoctorFlow deu-nos um excelente apoio quando abrimos o nosso consult\u00f3rio dent\u00e1rio no Dubai. Todo o processo foi profissional e sem stress. Recomendamos vivamente a equipa!\u201c<br \/>- Dra. Anna M\u00fcller, dentista<\/p><div class=\"my-2\">\u00a0<\/div><p>\u201eDesde a aprova\u00e7\u00e3o do DHA at\u00e9 ao design de interiores - a DoctorFlow acompanhou-nos em todas as fases do processo. Estamos muito satisfeitos com a qualidade do servi\u00e7o.\u201c<br \/>- Dr. Ahmed Al-Farsi, fundador de uma cl\u00ednica dent\u00e1ria<\/p><div class=\"my-2\">\u00a0<\/div><hr \/><h3><strong>6 Agir agora<\/strong><\/h3><p><strong>Comece a sua carreira de dentista nos EAU - hoje!<\/strong><\/p><p>Os Emirados \u00c1rabes Unidos oferecem in\u00fameras oportunidades para os dentistas que queiram estabelecer-se aqui. Deixe que a nossa equipa de especialistas o apoie e transforme a sua vis\u00e3o em realidade.<\/p>\t\t\t\t\t\t\t\t<\/div>\n\t\t\t\t<\/div>\n\t\t\t\t\t<\/div>\n\t\t<\/div>\n\t\t\t\t\t<\/div>\n\t\t<\/section>\n\t\t<div class=\"xts-negative-gap elementor-element elementor-element-2314f91 e-flex e-con-boxed xts-section-disabled e-con e-parent\" data-id=\"2314f91\" data-element_type=\"container\" data-e-type=\"container\">\n\t\t\t\t\t<div class=\"e-con-inner\">\n\t\t\t\t<div class=\"elementor-element elementor-element-0d80c82 elementor-widget elementor-widget-xts_button\" data-id=\"0d80c82\" data-element_type=\"widget\" data-e-type=\"widget\" data-widget_type=\"xts_button.default\">\n\t\t\t\t<div class=\"elementor-widget-container\">\n\t\t\t\t\t\t\t\t<div class=\"xts-button-wrapper xts-textalign-center\" >\n\t\t\t\t\t\t\t\t\t<a class=\"xts-button xts-size-xl xts-style-default xts-color-primary xts-shape-round xts-width-full\" href=\"http:\/\/wa.link\/hr0b0m\" target=\"_blank\" rel=\"noopener\">\n\t\t\t\t\t\t<span class=\"xts-button-text\" data-elementor-setting-key=\"button_text\">\n\t\t\t\t\t\t\tContacte-nos agora via WhatsApp\t\t\t\t\t\t<\/span>\n\n\t\t\t\t\t\t\t\t\t\t\t<\/a>\n\t\t\t\t\t\t\t<\/div>\n\t\t\t\t\t\t<\/div>\n\t\t\t\t<\/div>\n\t\t\t\t\t<\/div>\n\t\t\t\t<\/div>\n\t\t\t\t<\/div>","protected":false},"excerpt":{"rendered":"<p><span class=\"span-reading-time rt-reading-time\" style=\"display: block;\"><span class=\"rt-label rt-prefix\">Reading Time: <\/span> <span class=\"rt-time\"> 3<\/span> <span class=\"rt-label rt-postfix\">minutes<\/span><\/span>Erfolgreich in die Zahnmedizin in den VAE starten \u2013 Mit DoctorFlow an Ihrer Seite Von der DHA-Zulassung bis zur Er\u00f6ffnung Ihrer Zahnarztpraxis \u2013 Wir \u00fcbernehmen alles f\u00fcr Sie. Die VAE sind ein wachsender Markt f\u00fcr Zahnmedizin, der durch hohe Investitionen in Gesundheitsinfrastruktur und eine steigende Nachfrage nach hochwertigen zahnmedizinischen Dienstleistungen gekennzeichnet ist. Als Zahnarzt profitieren [&hellip;]<\/p>\n","protected":false},"author":1,"featured_media":0,"parent":0,"menu_order":4,"comment_status":"closed","ping_status":"closed","template":"","meta":{"_acf_changed":false,"footnotes":""},"class_list":["post-661","page","type-page","status-publish","hentry"],"acf":[],"_hostinger_reach_plugin_has_subscription_block":false,"_hostinger_reach_plugin_is_elementor":false,"jetpack_sharing_enabled":true,"_links":{"self":[{"href":"https:\/\/doctoflow.com\/pt\/wp-json\/wp\/v2\/pages\/661","targetHints":{"allow":["GET"]}}],"collection":[{"href":"https:\/\/doctoflow.com\/pt\/wp-json\/wp\/v2\/pages"}],"about":[{"href":"https:\/\/doctoflow.com\/pt\/wp-json\/wp\/v2\/types\/page"}],"author":[{"embeddable":true,"href":"https:\/\/doctoflow.com\/pt\/wp-json\/wp\/v2\/users\/1"}],"replies":[{"embeddable":true,"href":"https:\/\/doctoflow.com\/pt\/wp-json\/wp\/v2\/comments?post=661"}],"version-history":[{"count":16,"href":"https:\/\/doctoflow.com\/pt\/wp-json\/wp\/v2\/pages\/661\/revisions"}],"predecessor-version":[{"id":1743,"href":"https:\/\/doctoflow.com\/pt\/wp-json\/wp\/v2\/pages\/661\/revisions\/1743"}],"wp:attachment":[{"href":"https:\/\/doctoflow.com\/pt\/wp-json\/wp\/v2\/media?parent=661"}],"curies":[{"name":"wp","href":"https:\/\/api.w.org\/{rel}","templated":true}]}}