{"id":694,"date":"2020-02-12T10:29:06","date_gmt":"2020-02-12T10:29:06","guid":{"rendered":"http:\/\/space.xtemos.com\/demo\/venus\/?page_id=694"},"modified":"2025-04-12T14:38:23","modified_gmt":"2025-04-12T14:38:23","slug":"cirurgia","status":"publish","type":"page","link":"https:\/\/doctoflow.com\/pt\/cirurgia\/","title":{"rendered":"Cirurgia"},"content":{"rendered":"<span class=\"span-reading-time rt-reading-time\" style=\"display: block;\"><span class=\"rt-label rt-prefix\">Tempo de leitura: <\/span> <span class=\"rt-time\"> 3<\/span> <span class=\"rt-label rt-postfix\">minutos<\/span><\/span>\t\t<div data-elementor-type=\"wp-page\" data-elementor-id=\"694\" class=\"elementor elementor-694\">\n\t\t\t\t\t\t<section class=\"xts-negative-gap elementor-section elementor-top-section elementor-element elementor-element-94fa62a elementor-section-boxed elementor-section-height-default elementor-section-height-default xts-section-disabled\" data-id=\"94fa62a\" data-element_type=\"section\" data-e-type=\"section\">\n\t\t\t\t\t\t<div class=\"elementor-container elementor-column-gap-wide\">\n\t\t\t\t\t<div class=\"elementor-column elementor-col-66 elementor-top-column elementor-element elementor-element-e197b82\" data-id=\"e197b82\" data-element_type=\"column\" data-e-type=\"column\">\n\t\t\t<div class=\"elementor-widget-wrap elementor-element-populated\">\n\t\t\t\t\t\t<div class=\"elementor-element elementor-element-2c77d8e xts-scheme-inherit xts-textalign-inherit elementor-widget elementor-widget-text-editor\" data-id=\"2c77d8e\" data-element_type=\"widget\" data-e-type=\"widget\" data-widget_type=\"text-editor.default\">\n\t\t\t\t<div class=\"elementor-widget-container\">\n\t\t\t\t\t\t\t\t\t<h3><strong data-spm-anchor-id=\"a2ty_o01.29997173.0.i49.3858517190J6RG\">In\u00edcio bem-sucedido como cirurgi\u00e3o nos Emirados \u00c1rabes Unidos - com a DoctorFlow ao seu lado<\/strong><\/h3><p data-spm-anchor-id=\"a2ty_o01.29997173.0.i50.3858517190J6RG\">Desde a autoriza\u00e7\u00e3o do DHA at\u00e9 \u00e0 abertura da sua cl\u00ednica ou consult\u00f3rio cir\u00fargico - n\u00f3s tratamos de tudo por si.<\/p><div class=\"my-2\"><p data-spm-anchor-id=\"a2ty_o01.29997173.0.i51.3858517190J6RG\">Gostaria de se estabelecer como cirurgi\u00e3o nos EAU ou de criar um centro cir\u00fargico moderno? Com <strong>DoctorFlow<\/strong>apoiamo-lo em todas as etapas do processo. Os nossos especialistas conhecem a fundo os requisitos regulamentares da Autoridade de Sa\u00fade do Dubai (DHA) e assegurar\u00e3o que o seu consult\u00f3rio ou cl\u00ednica abre sem problemas.<\/p><p>Quer pretenda abrir uma pequena cl\u00ednica de dia, um centro cir\u00fargico de ambulat\u00f3rio ou um hospital totalmente equipado - oferecemos solu\u00e7\u00f5es personalizadas que v\u00e3o ao encontro dos seus objectivos. Confie na nossa experi\u00eancia local e deixe-nos tratar dos processos complicados por si.<\/p><\/div><h4>\u00a0<\/h4><h4><strong data-spm-anchor-id=\"a2ty_o01.29997173.0.i52.3858517190J6RG\">Porque \u00e9 que os EAU s\u00e3o um local atrativo para os cirurgi\u00f5es<\/strong><\/h4><p>Os EAU s\u00e3o um mercado em crescimento para servi\u00e7os cir\u00fargicos, particularmente no dom\u00ednio da cirurgia minimamente invasiva, cirurgia pl\u00e1stica e procedimentos ortop\u00e9dicos. A procura de tratamentos cir\u00fargicos de alta qualidade est\u00e1 a aumentar continuamente - tanto entre a popula\u00e7\u00e3o local como entre os pacientes internacionais que optam por cuidados m\u00e9dicos avan\u00e7ados.<\/p>\t\t\t\t\t\t\t\t<\/div>\n\t\t\t\t<\/div>\n\t\t\t\t<div class=\"elementor-element elementor-element-4c18ae9 elementor-icon-list--layout-traditional elementor-list-item-link-full_width elementor-widget elementor-widget-icon-list\" data-id=\"4c18ae9\" data-element_type=\"widget\" data-e-type=\"widget\" data-widget_type=\"icon-list.default\">\n\t\t\t\t<div class=\"elementor-widget-container\">\n\t\t\t\t\t\t\t<ul class=\"elementor-icon-list-items\">\n\t\t\t\t\t\t\t<li class=\"elementor-icon-list-item\">\n\t\t\t\t\t\t\t\t\t\t\t<span class=\"elementor-icon-list-icon\">\n\t\t\t\t\t\t\t<svg aria-hidden=\"true\" class=\"e-font-icon-svg e-fas-chevron-right\" viewbox=\"0 0 320 512\" xmlns=\"http:\/\/www.w3.org\/2000\/svg\"><path d=\"M285.476 272.971L91.132 467.314c-9.373 9.373-24.569 9.373-33.941 0l-22.667-22.667c-9.357-9.357-9.375-24.522-.04-33.901L188.505 256 34.484 101.255c-9.335-9.379-9.317-24.544.04-33.901l22.667-22.667c9.373-9.373 24.569-9.373 33.941 0L285.475 239.03c9.373 9.372 9.373 24.568.001 33.941z\"><\/path><\/svg>\t\t\t\t\t\t<\/span>\n\t\t\t\t\t\t\t\t\t\t<span class=\"elementor-icon-list-text\">Elevada procura: Uma aten\u00e7\u00e3o crescente \u00e0s inova\u00e7\u00f5es cir\u00fargicas e aos tratamentos de precis\u00e3o.<\/span>\n\t\t\t\t\t\t\t\t\t<\/li>\n\t\t\t\t\t\t\t\t<li class=\"elementor-icon-list-item\">\n\t\t\t\t\t\t\t\t\t\t\t<span class=\"elementor-icon-list-icon\">\n\t\t\t\t\t\t\t<svg aria-hidden=\"true\" class=\"e-font-icon-svg e-fas-chevron-right\" viewbox=\"0 0 320 512\" xmlns=\"http:\/\/www.w3.org\/2000\/svg\"><path d=\"M285.476 272.971L91.132 467.314c-9.373 9.373-24.569 9.373-33.941 0l-22.667-22.667c-9.357-9.357-9.375-24.522-.04-33.901L188.505 256 34.484 101.255c-9.335-9.379-9.317-24.544.04-33.901l22.667-22.667c9.373-9.373 24.569-9.373 33.941 0L285.475 239.03c9.373 9.372 9.373 24.568.001 33.941z\"><\/path><\/svg>\t\t\t\t\t\t<\/span>\n\t\t\t\t\t\t\t\t\t\t<span class=\"elementor-icon-list-text\">Infra-estruturas modernas: salas de opera\u00e7\u00f5es e tecnologias de ponta.<\/span>\n\t\t\t\t\t\t\t\t\t<\/li>\n\t\t\t\t\t\t\t\t<li class=\"elementor-icon-list-item\">\n\t\t\t\t\t\t\t\t\t\t\t<span class=\"elementor-icon-list-icon\">\n\t\t\t\t\t\t\t<svg aria-hidden=\"true\" class=\"e-font-icon-svg e-fas-chevron-right\" viewbox=\"0 0 320 512\" xmlns=\"http:\/\/www.w3.org\/2000\/svg\"><path d=\"M285.476 272.971L91.132 467.314c-9.373 9.373-24.569 9.373-33.941 0l-22.667-22.667c-9.357-9.357-9.375-24.522-.04-33.901L188.505 256 34.484 101.255c-9.335-9.379-9.317-24.544.04-33.901l22.667-22.667c9.373-9.373 24.569-9.373 33.941 0L285.475 239.03c9.373 9.372 9.373 24.568.001 33.941z\"><\/path><\/svg>\t\t\t\t\t\t<\/span>\n\t\t\t\t\t\t\t\t\t\t<span class=\"elementor-icon-list-text\">Golden Visa: Enquanto profissional de sa\u00fade, pode facilmente obter um Golden Visa.<\/span>\n\t\t\t\t\t\t\t\t\t<\/li>\n\t\t\t\t\t\t\t\t<li class=\"elementor-icon-list-item\">\n\t\t\t\t\t\t\t\t\t\t\t<span class=\"elementor-icon-list-icon\">\n\t\t\t\t\t\t\t<svg aria-hidden=\"true\" class=\"e-font-icon-svg e-fas-chevron-right\" viewbox=\"0 0 320 512\" xmlns=\"http:\/\/www.w3.org\/2000\/svg\"><path d=\"M285.476 272.971L91.132 467.314c-9.373 9.373-24.569 9.373-33.941 0l-22.667-22.667c-9.357-9.357-9.375-24.522-.04-33.901L188.505 256 34.484 101.255c-9.335-9.379-9.317-24.544.04-33.901l22.667-22.667c9.373-9.373 24.569-9.373 33.941 0L285.475 239.03c9.373 9.372 9.373 24.568.001 33.941z\"><\/path><\/svg>\t\t\t\t\t\t<\/span>\n\t\t\t\t\t\t\t\t\t\t<span class=\"elementor-icon-list-text\">Pacientes internacionais: Os EAU atraem pacientes de todo o mundo que procuram tratamentos de alta qualidade.<\/span>\n\t\t\t\t\t\t\t\t\t<\/li>\n\t\t\t\t\t\t<\/ul>\n\t\t\t\t\t\t<\/div>\n\t\t\t\t<\/div>\n\t\t\t\t\t<\/div>\n\t\t<\/div>\n\t\t\t\t<div class=\"elementor-column elementor-col-33 elementor-top-column elementor-element elementor-element-3aff4a8\" data-id=\"3aff4a8\" data-element_type=\"column\" data-e-type=\"column\">\n\t\t\t<div class=\"elementor-widget-wrap elementor-element-populated\">\n\t\t\t\t\t\t<div class=\"elementor-element elementor-element-711b1e0 elementor-widget elementor-widget-xts_team_member\" data-id=\"711b1e0\" data-element_type=\"widget\" data-e-type=\"widget\" data-widget_type=\"xts_team_member.default\">\n\t\t\t\t<div class=\"elementor-widget-container\">\n\t\t\t\t\t\n\t\t<div class=\"xts-member xts-design-mask xts-textalign-left xts-scheme-light xts-with-bg-color xts-with-shadow\">\n\t\t\t\t\t\t\t<div class=\"xts-member-image\">\n\t\t\t\t\t<img fetchpriority=\"high\" decoding=\"async\" width=\"420\" height=\"658\" src=\"https:\/\/doctoflow.com\/wp-content\/uploads\/2020\/02\/venus-medic-1-opt-1.jpg\" class=\"attachment-full size-full wp-image-551\" alt=\"\" data-wp-pid=\"551\" \/>\t\t\t\t<\/div>\n\t\t\t\n\t\t\t<div class=\"xts-member-content xts-reset-mb-10 xts-reset-last\">\n\t\t\t\t\t\t\t\t\t<h4 class=\"xts-member-name xts-fontsize-m\" data-elementor-setting-key=\"name\">\n\t\t\t\t\t\tMary Hunt\t\t\t\t\t<\/h4>\n\t\t\t\t\n\t\t\t\t\t\t\t\t\t<div class=\"xts-member-position xts-fontsize-s\" data-elementor-setting-key=\"position\">\n\t\t\t\t\t\tParam\u00e9dico\t\t\t\t\t<\/div>\n\t\t\t\t\n\t\t\t\t\n\t\t\t\t\t\t\t<\/div>\n\t\t<\/div>\n\n\t\t\t\t\t\t<\/div>\n\t\t\t\t<\/div>\n\t\t\t\t\t<\/div>\n\t\t<\/div>\n\t\t\t\t\t<\/div>\n\t\t<\/section>\n\t\t\t\t<section class=\"xts-negative-gap elementor-section elementor-top-section elementor-element elementor-element-dc3a512 elementor-section-boxed elementor-section-height-default elementor-section-height-default xts-section-disabled\" data-id=\"dc3a512\" data-element_type=\"section\" data-e-type=\"section\">\n\t\t\t\t\t\t<div class=\"elementor-container elementor-column-gap-default\">\n\t\t\t\t\t<div class=\"elementor-column elementor-col-100 elementor-top-column elementor-element elementor-element-2c0d8c0\" data-id=\"2c0d8c0\" data-element_type=\"column\" data-e-type=\"column\">\n\t\t\t<div class=\"elementor-widget-wrap elementor-element-populated\">\n\t\t\t\t\t\t<div class=\"elementor-element elementor-element-473b716 xts-scheme-inherit xts-textalign-inherit elementor-widget elementor-widget-text-editor\" data-id=\"473b716\" data-element_type=\"widget\" data-e-type=\"widget\" data-widget_type=\"text-editor.default\">\n\t\t\t\t<div class=\"elementor-widget-container\">\n\t\t\t\t\t\t\t\t\t<h3><strong data-spm-anchor-id=\"a2ty_o01.29997173.0.i59.3858517190J6RG\">O nosso servi\u00e7o para cirurgi\u00f5es<\/strong><\/h3><p><strong data-spm-anchor-id=\"a2ty_o01.29997173.0.i58.3858517190J6RG\">Os nossos servi\u00e7os completos para cirurgi\u00f5es nos EAU<\/strong><\/p><p>Oferecemos um <strong>Servi\u00e7o completo <\/strong>, que n\u00e3o deixa nada a desejar. Eis como o apoiamos:<\/p><ol start=\"1\"><li><p><strong>Autoriza\u00e7\u00e3o DHA e licen\u00e7a para exercer a profiss\u00e3o:<\/strong><br \/>Tratamos de todos os documentos necess\u00e1rios para requerer a autoriza\u00e7\u00e3o DHA - desde os livros de registo e diplomas universit\u00e1rios at\u00e9 \u00e0s tradu\u00e7\u00f5es.<\/p><\/li><li><p><strong>Constitui\u00e7\u00e3o de uma sociedade an\u00f3nima\/empresa:<\/strong><br \/>Ajudamo-lo a criar uma Sociedade de Responsabilidade Limitada (LLC) e garantimos que todos os requisitos legais s\u00e3o cumpridos.<\/p><\/li><li><p><strong>Arranjos e equipamentos interiores:<\/strong><br \/>Desde o planeamento das instala\u00e7\u00f5es at\u00e9 \u00e0 aquisi\u00e7\u00e3o do mais recente equipamento cir\u00fargico, garantimos que as suas instala\u00e7\u00f5es cumprem os mais elevados padr\u00f5es.<\/p><\/li><li><p><strong>Seguros e conformidade:<\/strong><br \/>Organizamos os seguros necess\u00e1rios contra as m\u00e1s pr\u00e1ticas e asseguramos o cumprimento integral da regulamenta\u00e7\u00e3o local.<\/p><\/li><li><p><strong>Marketing e aquisi\u00e7\u00e3o de pacientes:<\/strong><br \/>Apoiamo-lo na divulga\u00e7\u00e3o do seu consult\u00f3rio ou cl\u00ednica e na capta\u00e7\u00e3o de pacientes - a n\u00edvel local e internacional.<\/p><\/li><li><p><strong>Tecnologias avan\u00e7adas:<\/strong><br \/>Aconselhamo-lo na sele\u00e7\u00e3o de aparelhos de bloco operat\u00f3rio, sistemas de cirurgia rob\u00f3tica, aparelhos de endoscopia e outras solu\u00e7\u00f5es de alta tecnologia.<\/p><\/li><li><p><strong>Qualifica\u00e7\u00f5es adicionais:<\/strong><br \/>Se necessitar de autoriza\u00e7\u00f5es adicionais para procedimentos especializados, ajud\u00e1-lo-emos a selecionar e a organizar os cursos adequados.<\/p><\/li><\/ol>\t\t\t\t\t\t\t\t<\/div>\n\t\t\t\t<\/div>\n\t\t\t\t\t<\/div>\n\t\t<\/div>\n\t\t\t\t\t<\/div>\n\t\t<\/section>\n\t\t<div class=\"xts-negative-gap elementor-element elementor-element-20ed9c3 e-flex e-con-boxed xts-section-disabled e-con e-parent\" data-id=\"20ed9c3\" data-element_type=\"container\" data-e-type=\"container\">\n\t\t\t\t\t<div class=\"e-con-inner\">\n\t\t\t\t<div class=\"elementor-element elementor-element-180f34c elementor-widget elementor-widget-xts_button\" data-id=\"180f34c\" data-element_type=\"widget\" data-e-type=\"widget\" data-widget_type=\"xts_button.default\">\n\t\t\t\t<div class=\"elementor-widget-container\">\n\t\t\t\t\t\t\t\t<div class=\"xts-button-wrapper xts-textalign-center\" >\n\t\t\t\t\t\t\t\t\t<a class=\"xts-button xts-size-xl xts-style-default xts-color-primary xts-shape-round xts-width-full\" href=\"http:\/\/wa.link\/hr0b0m\" target=\"_blank\" rel=\"noopener\">\n\t\t\t\t\t\t<span class=\"xts-button-text\" data-elementor-setting-key=\"button_text\">\n\t\t\t\t\t\t\tContacte-nos agora via WhatsApp\t\t\t\t\t\t<\/span>\n\n\t\t\t\t\t\t\t\t\t\t\t<\/a>\n\t\t\t\t\t\t\t<\/div>\n\t\t\t\t\t\t<\/div>\n\t\t\t\t<\/div>\n\t\t\t\t\t<\/div>\n\t\t\t\t<\/div>\n\t\t\t\t<section class=\"xts-negative-gap elementor-section elementor-top-section elementor-element elementor-element-bc1b3f0 elementor-section-boxed elementor-section-height-default elementor-section-height-default xts-section-disabled\" data-id=\"bc1b3f0\" data-element_type=\"section\" data-e-type=\"section\">\n\t\t\t\t\t\t<div class=\"elementor-container elementor-column-gap-default\">\n\t\t\t\t\t<div class=\"elementor-column elementor-col-50 elementor-top-column elementor-element elementor-element-ad492cd\" data-id=\"ad492cd\" data-element_type=\"column\" data-e-type=\"column\">\n\t\t\t<div class=\"elementor-widget-wrap elementor-element-populated\">\n\t\t\t\t\t\t<div class=\"elementor-element elementor-element-aa46cb7 elementor-widget elementor-widget-xts_image\" data-id=\"aa46cb7\" data-element_type=\"widget\" data-e-type=\"widget\" data-widget_type=\"xts_image.default\">\n\t\t\t\t<div class=\"elementor-widget-container\">\n\t\t\t\t\t\t\t\t<div class=\"xts-image-single xts-textalign-center\">\n\t\t\t\t<figure class=\"xts-image\">\n\t\t\t\t\t\t\t\t\t\t\t<div class=\"xts-image-inner\">\n\t\t\t\t\t\n\t\t\t\t\t\t<img decoding=\"async\" width=\"600\" height=\"371\" src=\"https:\/\/doctoflow.com\/wp-content\/uploads\/2020\/02\/venus-depatmens-6-opt.jpg\" class=\"attachment-full size-full wp-image-723\" alt=\"\" data-wp-pid=\"723\" \/>\n\t\t\t\t\t\t\t\t\t\t\t<\/div>\n\t\t\t\t\t\n\t\t\t\t\t\t\t\t\t<\/figure>\n\n\t\t\t\t\t\t\t<\/div>\n\t\t\t\t\t\t<\/div>\n\t\t\t\t<\/div>\n\t\t\t\t\t<\/div>\n\t\t<\/div>\n\t\t\t\t<div class=\"elementor-column elementor-col-50 elementor-top-column elementor-element elementor-element-83cd690\" data-id=\"83cd690\" data-element_type=\"column\" data-e-type=\"column\">\n\t\t\t<div class=\"elementor-widget-wrap elementor-element-populated\">\n\t\t\t\t\t\t<div class=\"elementor-element elementor-element-ca0ae6f xts-scheme-inherit xts-textalign-inherit elementor-widget elementor-widget-text-editor\" data-id=\"ca0ae6f\" data-element_type=\"widget\" data-e-type=\"widget\" data-widget_type=\"text-editor.default\">\n\t\t\t\t<div class=\"elementor-widget-container\">\n\t\t\t\t\t\t\t\t\t<h3><strong data-spm-anchor-id=\"a2ty_o01.29997173.0.i60.3858517190J6RG\">FAQ - Perguntas mais frequentes<\/strong><\/h3><p><strong>Tudo o que precisa de saber sobre cirurgia nos EAU<\/strong><\/p><p><strong>Que requisitos devo preencher enquanto cirurgi\u00e3o para poder exercer a minha atividade nos EAU?<\/strong><\/p><p>Para trabalhar como cirurgi\u00e3o nos EAU, \u00e9 necess\u00e1rio obter uma licen\u00e7a da Dubai Health Authority (DHA). Esta licen\u00e7a exige, entre outras coisas<\/p><ul><li>Um diploma universit\u00e1rio em cirurgia<\/li><li>Pelo menos dois anos de experi\u00eancia profissional<\/li><li>Documentos traduzidos e autenticados<\/li><li>Eventualmente um teste especializado em ingl\u00eas<\/li><\/ul><p>Ajudamo-lo a reunir todos os documentos necess\u00e1rios e orientamo-lo ao longo de todo o processo.<\/p><p><strong>Posso trazer o meu pr\u00f3prio material cir\u00fargico da Alemanha?<\/strong><\/p><p>Sim, mas existem restri\u00e7\u00f5es. Nem todos os dispositivos s\u00e3o aprovados nos EAU e podem existir diferen\u00e7as nas liga\u00e7\u00f5es el\u00e9ctricas e nas normas t\u00e9cnicas. Podemos aconselh\u00e1-lo na sele\u00e7\u00e3o e aquisi\u00e7\u00e3o dos dispositivos adequados.<\/p><p><strong>Quanto tempo demora o processo de autoriza\u00e7\u00e3o do DHA?<\/strong><\/p><p>O prazo varia consoante a complexidade do seu caso e a comunica\u00e7\u00e3o entre as autoridades. Normalmente, demora entre 4 semanas e 6 meses. Optimizamos o processo para o concluir o mais rapidamente poss\u00edvel.<\/p><p><strong>Quanto custa abrir uma cl\u00ednica ou consult\u00f3rio cir\u00fargico nos Emirados \u00c1rabes Unidos?<\/strong><\/p><p>Os custos dependem do tipo de instala\u00e7\u00e3o:<\/p><ul><li>Pequeno consult\u00f3rio: A partir de cerca de 200 000 AED<\/li><li>Cl\u00ednica de dia: A partir de aprox. 1.000.000 AED<\/li><li>Cl\u00ednica completa: V\u00e1rios milh\u00f5es de AED<\/li><\/ul><p>Elaboramos um or\u00e7amento pormenorizado e adaptado \u00e0s suas necessidades.<\/p><h3><strong>Testemunhos de clientes<\/strong><\/h3><p><strong>O que dizem os nossos clientes<\/strong><\/p><p><br \/>\u201eA DoctorFlow deu-nos um excelente apoio durante a abertura da nossa cl\u00ednica cir\u00fargica no Dubai. Todo o processo foi profissional e sem stress. Recomendamos vivamente a equipa!\u201c<br \/>- Dr. Thomas M\u00fcller, Cirurgi\u00e3o<\/p><div class=\"my-2\">\u00a0<\/div><p>\u201eDesde a aprova\u00e7\u00e3o do DHA at\u00e9 ao design de interiores - a DoctorFlow acompanhou-nos em todas as fases do processo. Estamos muito satisfeitos com a qualidade do servi\u00e7o.\u201c<br \/>- Dra. Fatima Al-Mansoori, fundadora de uma cl\u00ednica cir\u00fargica<\/p><div class=\"my-2\">\u00a0<\/div><hr \/><h3><strong>Agir agora<\/strong><\/h3><h3><strong>Comece a sua carreira cir\u00fargica nos EAU - hoje!<\/strong><\/h3><p>Os Emirados \u00c1rabes Unidos oferecem in\u00fameras oportunidades para os cirurgi\u00f5es que queiram estabelecer-se aqui. Deixe que a nossa equipa de especialistas o apoie e transforme a sua vis\u00e3o em realidade.<\/p>\t\t\t\t\t\t\t\t<\/div>\n\t\t\t\t<\/div>\n\t\t\t\t\t<\/div>\n\t\t<\/div>\n\t\t\t\t\t<\/div>\n\t\t<\/section>\n\t\t<div class=\"xts-negative-gap elementor-element elementor-element-1c7abd4 e-flex e-con-boxed xts-section-disabled e-con e-parent\" data-id=\"1c7abd4\" data-element_type=\"container\" data-e-type=\"container\">\n\t\t\t\t\t<div class=\"e-con-inner\">\n\t\t\t\t<div class=\"elementor-element elementor-element-a9d2a0c elementor-widget elementor-widget-xts_button\" data-id=\"a9d2a0c\" data-element_type=\"widget\" data-e-type=\"widget\" data-widget_type=\"xts_button.default\">\n\t\t\t\t<div class=\"elementor-widget-container\">\n\t\t\t\t\t\t\t\t<div class=\"xts-button-wrapper xts-textalign-center\" >\n\t\t\t\t\t\t\t\t\t<a class=\"xts-button xts-size-xl xts-style-default xts-color-primary xts-shape-round xts-width-full\" href=\"http:\/\/wa.link\/hr0b0m\" target=\"_blank\" rel=\"noopener\">\n\t\t\t\t\t\t<span class=\"xts-button-text\" data-elementor-setting-key=\"button_text\">\n\t\t\t\t\t\t\tContacte-nos agora via WhatsApp\t\t\t\t\t\t<\/span>\n\n\t\t\t\t\t\t\t\t\t\t\t<\/a>\n\t\t\t\t\t\t\t<\/div>\n\t\t\t\t\t\t<\/div>\n\t\t\t\t<\/div>\n\t\t\t\t\t<\/div>\n\t\t\t\t<\/div>\n\t\t\t\t<\/div>","protected":false},"excerpt":{"rendered":"<p><span class=\"span-reading-time rt-reading-time\" style=\"display: block;\"><span class=\"rt-label rt-prefix\">Reading Time: <\/span> <span class=\"rt-time\"> 3<\/span> <span class=\"rt-label rt-postfix\">minutes<\/span><\/span>Erfolgreich als Chirurg in den VAE starten \u2013 Mit DoctorFlow an Ihrer Seite Von der DHA-Zulassung bis zur Er\u00f6ffnung Ihrer chirurgischen Praxis oder Klinik \u2013 Wir \u00fcbernehmen alles f\u00fcr Sie. M\u00f6chten Sie als Chirurg\/in in den VAE Fu\u00df fassen oder eine moderne chirurgische Einrichtung gr\u00fcnden? Bei DoctorFlowunterst\u00fctzen wir Sie bei jedem Schritt des Prozesses. Unsere [&hellip;]<\/p>\n","protected":false},"author":1,"featured_media":0,"parent":0,"menu_order":11,"comment_status":"closed","ping_status":"closed","template":"","meta":{"_acf_changed":false,"footnotes":""},"class_list":["post-694","page","type-page","status-publish","hentry"],"acf":[],"_hostinger_reach_plugin_has_subscription_block":false,"_hostinger_reach_plugin_is_elementor":false,"jetpack_sharing_enabled":true,"_links":{"self":[{"href":"https:\/\/doctoflow.com\/pt\/wp-json\/wp\/v2\/pages\/694","targetHints":{"allow":["GET"]}}],"collection":[{"href":"https:\/\/doctoflow.com\/pt\/wp-json\/wp\/v2\/pages"}],"about":[{"href":"https:\/\/doctoflow.com\/pt\/wp-json\/wp\/v2\/types\/page"}],"author":[{"embeddable":true,"href":"https:\/\/doctoflow.com\/pt\/wp-json\/wp\/v2\/users\/1"}],"replies":[{"embeddable":true,"href":"https:\/\/doctoflow.com\/pt\/wp-json\/wp\/v2\/comments?post=694"}],"version-history":[{"count":8,"href":"https:\/\/doctoflow.com\/pt\/wp-json\/wp\/v2\/pages\/694\/revisions"}],"predecessor-version":[{"id":1685,"href":"https:\/\/doctoflow.com\/pt\/wp-json\/wp\/v2\/pages\/694\/revisions\/1685"}],"wp:attachment":[{"href":"https:\/\/doctoflow.com\/pt\/wp-json\/wp\/v2\/media?parent=694"}],"curies":[{"name":"wp","href":"https:\/\/api.w.org\/{rel}","templated":true}]}}