{"id":1507,"date":"2025-04-08T15:01:38","date_gmt":"2025-04-08T15:01:38","guid":{"rendered":"https:\/\/doctoflow.com\/?page_id=1507"},"modified":"2025-11-16T06:17:45","modified_gmt":"2025-11-16T06:17:45","slug":"relocation-services-fuer-aerzte-in-dubai-und-den-vae","status":"publish","type":"page","link":"https:\/\/doctoflow.com\/ru\/relocation-services-fuer-aerzte-in-dubai-und-den-vae\/","title":{"rendered":"\u0423\u0441\u043b\u0443\u0433\u0438 \u043f\u043e \u0440\u0435\u043b\u043e\u043a\u0430\u0446\u0438\u0438 \u0434\u043b\u044f \u0432\u0440\u0430\u0447\u0435\u0439 \u0432 \u0414\u0443\u0431\u0430\u0435 \u0438 \u041e\u0410\u042d"},"content":{"rendered":"\t\t<div data-elementor-type=\"wp-page\" data-elementor-id=\"1507\" class=\"elementor elementor-1507\">\n\t\t\t\t<div class=\"xts-negative-gap elementor-element elementor-element-8bf629d e-flex e-con-boxed xts-section-disabled e-con e-parent\" data-id=\"8bf629d\" data-element_type=\"container\" data-e-type=\"container\">\n\t\t\t\t\t<div class=\"e-con-inner\">\n\t\t\t\t<div class=\"elementor-element elementor-element-ad30e8f elementor-widget elementor-widget-xts_banner\" data-id=\"ad30e8f\" data-element_type=\"widget\" data-e-type=\"widget\" data-widget_type=\"xts_banner.default\">\n\t\t\t\t<div class=\"elementor-widget-container\">\n\t\t\t\t\t\t\t<div class=\"xts-iimage xts-with-background xts-style-mask-gradient xts-hover-zoom-in xts-scheme-light xts-cursor-pointer\" onclick=\"window.location.href=&quot;https:\/\/doctoflow.com\/cardiology\/&quot;\">\n\n\t\t\t<div class=\"xts-iimage-img-wrapper\">\n\t\t\t\t<div class=\"xts-iimage-img xts-bg-position-center-center\">\n\t\t\t\t\t<img fetchpriority=\"high\" decoding=\"async\" width=\"247\" height=\"240\" src=\"https:\/\/doctoflow.com\/wp-content\/uploads\/2020\/02\/venus-category-4-opt.jpg\" class=\"attachment-full size-full wp-image-512\" alt=\"\" \/>\t\t\t\t<\/div>\n\n\t\t\t\t<div class=\"xts-iimage-overlay xts-fill\"><\/div>\n\t\t\t<\/div>\n\n\t\t\t<div class=\"xts-iimage-content-wrapper xts-fill xts-justify-start xts-items-end xts-textalign-left\">\n\t\t\t\t<div class=\"xts-iimage-content xts-reset-all-last\">\n\t\t\t\t\t\n\t\t\t\t\t\t\t\t\t\t\t<h4 class=\"xts-iimage-title title xts-fontsize-m\" data-elementor-setting-key=\"title\">\n\t\t\t\t\t\t\tCardiology\t\t\t\t\t\t<\/h4>\n\t\t\t\t\t\n\t\t\t\t\t\n\t\t\t\t\t\t\t\t\t\t\t\t\t\t<div class=\"xts-button-wrapper\" >\n\t\t\t\t\t\t\t\t\t<a class=\"xts-button xts-size-s xts-style-link xts-color-white\"  href=\"https:\/\/doctoflow.com\/cardiology\/\">\n\t\t\t\t\t\t<span class=\"xts-button-text\" data-elementor-setting-key=\"button_text\">\n\t\t\t\t\t\t\tMake appointment\t\t\t\t\t\t<\/span>\n\n\t\t\t\t\t\t\t\t\t\t\t<\/a>\n\t\t\t\t\t\t\t<\/div>\n\t\t\t\t\t\t\t\t\t\t\t<\/div>\n\t\t\t<\/div>\n\t\t<\/div>\n\n\t\t\t\t\t\t<\/div>\n\t\t\t\t<\/div>\n\t\t\t\t\t<\/div>\n\t\t\t\t<\/div>\n\t\t<div class=\"xts-negative-gap elementor-element elementor-element-e2519dc e-flex e-con-boxed xts-section-disabled e-con e-parent\" data-id=\"e2519dc\" data-element_type=\"container\" data-e-type=\"container\">\n\t\t\t\t\t<div class=\"e-con-inner\">\n\t\t\t\t<div class=\"elementor-element elementor-element-ca75bd9 elementor-widget elementor-widget-spacer\" data-id=\"ca75bd9\" data-element_type=\"widget\" data-e-type=\"widget\" data-widget_type=\"spacer.default\">\n\t\t\t\t<div class=\"elementor-widget-container\">\n\t\t\t\t\t\t\t<div class=\"elementor-spacer\">\n\t\t\t<div class=\"elementor-spacer-inner\"><\/div>\n\t\t<\/div>\n\t\t\t\t\t\t<\/div>\n\t\t\t\t<\/div>\n\t\t\t\t\t<\/div>\n\t\t\t\t<\/div>\n\t\t<div class=\"xts-negative-gap elementor-element elementor-element-5106b03 e-flex e-con-boxed xts-section-disabled e-con e-parent\" data-id=\"5106b03\" data-element_type=\"container\" data-e-type=\"container\">\n\t\t\t\t\t<div class=\"e-con-inner\">\n\t\t\t\t<div class=\"elementor-element elementor-element-8039b0d xts-width-100 elementor-widget elementor-widget-xts_title\" data-id=\"8039b0d\" data-element_type=\"widget\" data-e-type=\"widget\" data-widget_type=\"xts_title.default\">\n\t\t\t\t<div class=\"elementor-widget-container\">\n\t\t\t\t\t\t\t\t<div class=\"xts-section-heading xts-reset-mb-10 xts-reset-last xts-textalign-left\" data-animation-delay=\"\">\n\t\t\t\t\t\t\t\t\t<div class=\"xts-section-subtitle xts-textcolor-primary xts-fontsize-s\">\n\t\t\t\t\t\t<span class=\"xts-section-subtitle-text\" data-elementor-setting-key=\"subtitle\">\n\t\t\t\t\t\t\tUAE Health Care \t\t\t\t\t\t<\/span>\n\n\t\t\t\t\t\t\t\t\t\t\t<\/div>\n\t\t\t\t\n\t\t\t\t\n\t\t\t\t\n\t\t\t\t\t\t\t<\/div>\n\t\t\t\t\t\t<\/div>\n\t\t\t\t<\/div>\n\t\t\t\t\t<\/div>\n\t\t\t\t<\/div>\n\t\t<div class=\"xts-negative-gap elementor-element elementor-element-49ebebf e-flex e-con-boxed xts-section-disabled e-con e-parent\" data-id=\"49ebebf\" data-element_type=\"container\" data-e-type=\"container\">\n\t\t\t\t\t<div class=\"e-con-inner\">\n\t\t\t\t<div class=\"elementor-element elementor-element-39221a5 elementor-widget elementor-widget-xts_button\" data-id=\"39221a5\" data-element_type=\"widget\" data-e-type=\"widget\" data-widget_type=\"xts_button.default\">\n\t\t\t\t<div class=\"elementor-widget-container\">\n\t\t\t\t\t\t\t\t<div class=\"xts-button-wrapper xts-textalign-center\" >\n\t\t\t\t\t\t\t\t\t<a class=\"xts-button xts-size-xl xts-style-default xts-color-primary xts-shape-round xts-width-full\" href=\"http:\/\/wa.link\/hr0b0m\" target=\"_blank\" rel=\"noopener\">\n\t\t\t\t\t\t<span class=\"xts-button-text\" data-elementor-setting-key=\"button_text\">\n\t\t\t\t\t\t\tJetzt \u00fcber WhatsApp kontaktieren\t\t\t\t\t\t<\/span>\n\n\t\t\t\t\t\t\t\t\t\t\t<\/a>\n\t\t\t\t\t\t\t<\/div>\n\t\t\t\t\t\t<\/div>\n\t\t\t\t<\/div>\n\t\t\t\t\t<\/div>\n\t\t\t\t<\/div>\n\t\t<div class=\"xts-negative-gap elementor-element elementor-element-8c0a9f7 e-flex e-con-boxed xts-section-disabled e-con e-parent\" data-id=\"8c0a9f7\" data-element_type=\"container\" data-e-type=\"container\">\n\t\t\t\t\t<div class=\"e-con-inner\">\n\t\t\t\t<div class=\"elementor-element elementor-element-abe35b6 elementor-widget elementor-widget-spacer\" data-id=\"abe35b6\" data-element_type=\"widget\" data-e-type=\"widget\" data-widget_type=\"spacer.default\">\n\t\t\t\t<div class=\"elementor-widget-container\">\n\t\t\t\t\t\t\t<div class=\"elementor-spacer\">\n\t\t\t<div class=\"elementor-spacer-inner\"><\/div>\n\t\t<\/div>\n\t\t\t\t\t\t<\/div>\n\t\t\t\t<\/div>\n\t\t\t\t\t<\/div>\n\t\t\t\t<\/div>\n\t\t<div class=\"xts-negative-gap elementor-element elementor-element-a14765d e-flex e-con-boxed xts-section-disabled e-con e-parent\" data-id=\"a14765d\" data-element_type=\"container\" data-e-type=\"container\">\n\t\t\t\t\t<div class=\"e-con-inner\">\n\t\t\t\t<div class=\"elementor-element elementor-element-6a54425 elementor-widget elementor-widget-html\" data-id=\"6a54425\" data-element_type=\"widget\" data-e-type=\"widget\" data-widget_type=\"html.default\">\n\t\t\t\t<div class=\"elementor-widget-container\">\n\t\t\t\t\t<script src=\"https:\/\/fast.wistia.com\/player.js\" async><\/script><script src=\"https:\/\/fast.wistia.com\/embed\/fcluc3kvtc.js\" async type=\"module\"><\/script><style>wistia-player[media-id='fcluc3kvtc']:not(:defined) { background: center \/ contain no-repeat url('https:\/\/fast.wistia.com\/embed\/medias\/fcluc3kvtc\/swatch'); display: block; filter: blur(5px); padding-top:56.25%; }<\/style> <wistia-player media-id=\"fcluc3kvtc\" aspect=\"1.7777777777777777\"><div class=\"wistia_preload_transcript_outer_wrapper\" style=\"width: 100%; height: 100%; display:flex; justify-content:center; align-items: center; margin-top:-56.25%;\"><div class=\"wistia_preload_transcript_inner_wrapper\" style=\" overflow: auto;\"><p class=\"wistia_preload_transcript_text\" aria-hidden=\"true\" tabindex=\"-1\" style=\"text-align: justify; font-size: 5px !important;\">Actually, I found the company online while I was searching for some information about our move to Dubai. It was very simple. I put their information on WhatsApp and within a few minutes, I received a reply. And from that moment on, everything went really smoothly. The whole relocation process was simple and well organized. I always felt completely supported. Everything was transparent, quick and professional. What I really appreciated was that they always paid attention to the smaller things from finding the best apartment and helping me settle in. It was such a positive experience from start to finish. Honestly, I can truly recommend this company to everyone. When people ask me why we chose to leave our home country and move to Dubai, I always smile because here there's an incredible mix of opportunity, safety, and lifestyle that you don't find anywhere else. You really feel the city is growing every day. It's full of energy, new ideas, and international people. It's not just about work, it's about the way of life. The warmth, the safety, the respect you feel here. For us, it was the best decision we could make. If you also wish to start your medical career in Dubai, feel free to contact us. We fully support you throughout the entire process.<\/p><\/div><\/div><\/wistia-player>\t\t\t\t<\/div>\n\t\t\t\t<\/div>\n\t\t\t\t\t<\/div>\n\t\t\t\t<\/div>\n\t\t<div class=\"xts-negative-gap elementor-element elementor-element-703c9ad e-flex e-con-boxed xts-section-disabled e-con e-parent\" data-id=\"703c9ad\" data-element_type=\"container\" data-e-type=\"container\">\n\t\t\t\t\t<div class=\"e-con-inner\">\n\t\t\t\t<div class=\"elementor-element elementor-element-d324de0 elementor-widget elementor-widget-spacer\" data-id=\"d324de0\" data-element_type=\"widget\" data-e-type=\"widget\" data-widget_type=\"spacer.default\">\n\t\t\t\t<div class=\"elementor-widget-container\">\n\t\t\t\t\t\t\t<div class=\"elementor-spacer\">\n\t\t\t<div class=\"elementor-spacer-inner\"><\/div>\n\t\t<\/div>\n\t\t\t\t\t\t<\/div>\n\t\t\t\t<\/div>\n\t\t\t\t\t<\/div>\n\t\t\t\t<\/div>\n\t\t<div class=\"xts-negative-gap elementor-element elementor-element-50e62d9 e-flex e-con-boxed xts-section-disabled e-con e-parent\" data-id=\"50e62d9\" data-element_type=\"container\" data-e-type=\"container\">\n\t\t\t\t\t<div class=\"e-con-inner\">\n\t\t\t\t<div class=\"elementor-element elementor-element-ebae506 xts-scheme-inherit xts-textalign-inherit elementor-widget elementor-widget-text-editor\" data-id=\"ebae506\" data-element_type=\"widget\" data-e-type=\"widget\" data-widget_type=\"text-editor.default\">\n\t\t\t\t<div class=\"elementor-widget-container\">\n\t\t\t\t\t\t\t\t\t<p>Der Umzug in ein neues Land ist eine bedeutende Ver\u00e4nderung, besonders f\u00fcr Mediziner und ihre Familien. DoctoFlow bietet ma\u00dfgeschneiderte Relocation-Dienstleistungen, die speziell auf die Bed\u00fcrfnisse westlicher \u00c4rzte zugeschnitten sind, die in die Vereinigten Arabischen Emirate ziehen m\u00f6chten. Unser umfassendes Servicepaket deckt alle Aspekte Ihres Umzugs ab und sorgt f\u00fcr einen reibungslosen \u00dcbergang in Ihr neues Leben in Dubai oder anderen Emiraten.<\/p><h3>Unsere Relocation-Dienstleistungen<\/h3><p><strong>Umzugsberatung<\/strong><\/p><p>Bevor Sie den gro\u00dfen Schritt wagen, bieten wir Ihnen eine umfassende Beratung zu allen Aspekten des Lebens und Arbeitens in den VAE:<\/p><p>&#8211; Detaillierte Informationen zu verschiedenen Stadtteilen und Wohngegenden<br \/>&#8211; Kostenanalyse und Budgetplanung f\u00fcr Ihren Umzug und das Leben in den VAE<br \/>&#8211; Kulturelle Orientierung und Einblicke in lokale Gepflogenheiten<br \/>&#8211; Praktische Tipps zur Vorbereitung auf das Leben in einem arabischen Land<br \/>&#8211; Beantwortung aller Fragen zu Alltagsthemen wie Gesundheitsversorgung, Transport und Freizeitm\u00f6glichkeiten<\/p><p>Unsere Beratung hilft Ihnen, realistische Erwartungen zu entwickeln und fundierte Entscheidungen zu treffen.<\/p><h3>Visum- und Aufenthaltsunterst\u00fctzung<\/h3><p>Die Visumbeantragung ist ein kritischer Schritt f\u00fcr Ihren Umzug in die VAE. Wir unterst\u00fctzen Sie bei:<\/p><p>&#8211; Beantragung des Arbeitsvisums in Zusammenarbeit mit Ihrem Arbeitgeber<br \/>&#8211; Vorbereitung aller erforderlichen Dokumente f\u00fcr die Aufenthaltsgenehmigung (Residence Visa)<br \/>&#8211; Koordination der medizinischen Untersuchungen f\u00fcr die Visumausstellung<br \/>&#8211; Beantragung der Emirates ID (nationale Identit\u00e4tskarte)<br \/>&#8211; Unterst\u00fctzung bei der Beantragung von Familienvisa f\u00fcr Ehepartner und Kinder<br \/>&#8211; Beratung zu Visumbestimmungen und -verl\u00e4ngerungen<\/p><p>Unser Expertenteam kennt die aktuellen Einwanderungsbestimmungen und sorgt f\u00fcr einen reibungslosen Prozess.<\/p><h3>Familienumzug<\/h3><p>Wir verstehen, dass ein erfolgreicher Umzug das Wohlbefinden der gesamten Familie ber\u00fccksichtigen muss. Unsere Dienstleistungen umfassen:<\/p><p>&#8211; Beratung zu Familiennachzug und entsprechenden Visaanforderungen<br \/>&#8211; Unterst\u00fctzung bei der Auswahl geeigneter Schulen f\u00fcr Ihre Kinder<br \/>&#8211; Hilfe bei Schulanmeldungen und Einschreibungsprozessen<br \/>&#8211; Informationen zu Freizeitaktivit\u00e4ten und sozialen Netzwerken f\u00fcr Familien<br \/>&#8211; Beratung zu medizinischer Versorgung und Krankenversicherung f\u00fcr Familienmitglieder<br \/>&#8211; Unterst\u00fctzung bei der Integration in die lokale Community<\/p><p>Wir sorgen daf\u00fcr, dass sich Ihre Familie in den VAE schnell zu Hause f\u00fchlt.<\/p><h3>Wohnungssuche<\/h3><p>Die Wohnungssuche in einem fremden Land kann \u00fcberw\u00e4ltigend sein. Unser Team bietet:<\/p><p>&#8211; Bedarfsanalyse basierend auf Ihrem Budget, Lebensstil und Arbeitsst\u00e4tte<br \/>&#8211; Vorauswahl geeigneter Wohnungen oder H\u00e4user entsprechend Ihren Anforderungen<br \/>&#8211; Virtuelle oder pers\u00f6nliche Besichtigungen ausgew\u00e4hlter Immobilien<br \/>&#8211; Verhandlungsunterst\u00fctzung mit Vermietern und Immobilienmaklern<br \/>&#8211; Pr\u00fcfung von Mietvertr\u00e4gen und Beratung zu lokalen Mietpraktiken<br \/>&#8211; Unterst\u00fctzung bei der Anmeldung von Versorgungsleistungen (Strom, Wasser, Internet)<br \/>&#8211; Hilfe bei der Einrichtung von Zahlungsmethoden f\u00fcr Miete und Nebenkosten<\/p><p>Wir helfen Ihnen, die perfekte Wohnung zu finden, die Ihren Bed\u00fcrfnissen und Budget entspricht.<\/p><h3>Schulen und Bildung f\u00fcr Kinder<\/h3><p>Die Auswahl der richtigen Schule ist entscheidend f\u00fcr das Wohlbefinden Ihrer Kinder. Wir bieten:<\/p><p>&#8211; Umfassende Informationen zu internationalen und deutschen Schulen in den VAE<br \/>&#8211; Beratung zur Auswahl der passenden Bildungseinrichtung basierend auf Curriculum, Standort und Budget<br \/>&#8211; Unterst\u00fctzung bei Anmeldeverfahren und Aufnahmepr\u00fcfungen<br \/>&#8211; Hilfe bei der Beschaffung und Beglaubigung erforderlicher Schulunterlagen<br \/>&#8211; Informationen zu au\u00dferschulischen Aktivit\u00e4ten und F\u00f6rderm\u00f6glichkeiten<br \/>&#8211; Beratung zu Vorschuloptionen und Kinderbetreuung<\/p><p>Unser Ziel ist es, einen nahtlosen Bildungs\u00fcbergang f\u00fcr Ihre Kinder zu gew\u00e4hrleisten.<\/p><h3>Praktische Unterst\u00fctzung vor Ort<\/h3><p><strong>Ankommen und Einleben<\/strong><\/p><p>Nach Ihrer Ankunft in den VAE bieten wir praktische Unterst\u00fctzung f\u00fcr einen reibungslosen Start:<\/p><p>&#8211; Meet &amp; Greet Service am Flughafen (optional)<br \/>&#8211; Unterst\u00fctzung bei der Er\u00f6ffnung eines Bankkontos<br \/>&#8211; Hilfe bei der Beschaffung einer lokalen SIM-Karte und Mobilfunkvertrag<br \/>&#8211; Beratung zu Transportm\u00f6glichkeiten (Autokauf\/-miete, \u00f6ffentliche Verkehrsmittel)<br \/>&#8211; Orientierungstour durch Ihre neue Nachbarschaft<br \/>&#8211; Einf\u00fchrung in lokale Dienstleistungen und Einrichtungen<\/p><h3>Administrative Unterst\u00fctzung<\/h3><p>Wir helfen Ihnen bei der Bew\u00e4ltigung administrativer Aufgaben:<\/p><p>&#8211; Unterst\u00fctzung bei der Registrierung bei lokalen Beh\u00f6rden<br \/>&#8211; Hilfe bei der Beantragung eines F\u00fchrerscheins<br \/>&#8211; Beratung zu Krankenversicherungsoptionen<br \/>&#8211; Unterst\u00fctzung bei der Einrichtung von Versorgungsleistungen<br \/>&#8211; Hilfe bei der Beantragung notwendiger Genehmigungen und Registrierungen<\/p><h3>Vorteile unserer Relocation-Dienstleistungen<\/h3><p><strong>Zeitersparnis<\/strong><\/p><p>Unser Service spart Ihnen wertvolle Zeit, die Sie sonst mit Recherche und administrativen Aufgaben verbringen m\u00fcssten.<\/p><h3>Lokale Expertise<\/h3><p>Unser Team verf\u00fcgt \u00fcber umfassende Kenntnisse des lokalen Marktes, der Kultur und der Vorschriften in den VAE.<\/p><p><strong>Stressreduktion<\/strong><\/p><p>Wir \u00fcbernehmen die komplexen und zeitaufw\u00e4ndigen Aspekte Ihres Umzugs, damit Sie sich auf Ihre berufliche Entwicklung konzentrieren k\u00f6nnen.<\/p><p><strong>Kosteneffizienz<\/strong><\/p><p>Durch unsere Verhandlungserfahrung und Marktkenntnisse k\u00f6nnen wir Ihnen helfen, unn\u00f6tige Ausgaben zu vermeiden.<\/p><p><strong>Pers\u00f6nliche Betreuung<\/strong><\/p><p>Jeder Kunde erh\u00e4lt einen pers\u00f6nlichen Relocation-Berater, der den gesamten Prozess individuell begleitet.<\/p><h3>Relocation-Prozess mit DoctoFlow<\/h3><p>1. Bedarfsanalyse<br \/>Wir ermitteln Ihre spezifischen Bed\u00fcrfnisse und Pr\u00e4ferenzen f\u00fcr den Umzug.<\/p><p>2. Ma\u00dfgeschneiderter Relocation-Plan<br \/>Basierend auf Ihrer Situation entwickeln wir einen individuellen Aktionsplan.<\/p><p>3. Vorbereitungsphase<br \/>Wir unterst\u00fctzen Sie bei allen notwendigen Vorbereitungen vor der Abreise.<\/p><p>4. Visum- und Dokumentenmanagement**<br \/>Wir k\u00fcmmern uns um die Beantragung aller erforderlichen Visa und Dokumente.<\/p><p>5. Wohnungssuche und Schulauswahl**<br \/>Wir finden die passende Unterkunft und Bildungseinrichtungen f\u00fcr Ihre Familie.<\/p><p>6. Ankunft und Einrichtung**<br \/>Wir sorgen f\u00fcr einen reibungslosen Start in Ihrem neuen Zuhause.<\/p><p>7. Integration und Nachbetreuung**<br \/>Wir unterst\u00fctzen Sie bei der Integration in Ihr neues Umfeld und stehen f\u00fcr Fragen zur Verf\u00fcgung.<\/p><h3>H\u00e4ufig gestellte Fragen zur Relocation<\/h3><p><strong>Wie lange dauert der gesamte Relocation-Prozess?<\/strong><\/p><p>Der Zeitrahmen variiert je nach individueller Situation, aber typischerweise sollten Sie 2-3 Monate f\u00fcr den gesamten Prozess einplanen, von der ersten Beratung bis zur vollst\u00e4ndigen Einrichtung in den VAE.<\/p><p><strong>Kann ich meine M\u00f6bel und pers\u00f6nlichen Gegenst\u00e4nde mitbringen?<\/strong><\/p><p>Ja, wir k\u00f6nnen Sie bei der Organisation eines internationalen Umzugs unterst\u00fctzen. Alternativ beraten wir Sie auch zu Mietobjekten mit M\u00f6blierung oder lokalen Einkaufsm\u00f6glichkeiten f\u00fcr M\u00f6bel und Haushaltsger\u00e4te.<\/p><p><strong>Wie hoch sind die Lebenshaltungskosten in Dubai\/VAE?<\/strong><\/p><p>Die Lebenshaltungskosten variieren stark je nach Lebensstil und Wohnort. Wir erstellen f\u00fcr Sie eine detaillierte Kostenanalyse basierend auf Ihren spezifischen Bed\u00fcrfnissen und Ihrem Budget.<\/p><p><strong>Welche Schuloptionen gibt es f\u00fcr meine Kinder?<\/strong><\/p><p>Die VAE bieten eine Vielzahl internationaler Schulen mit verschiedenen Lehrpl\u00e4nen (britisch, amerikanisch, IB, deutsch, franz\u00f6sisch etc.). Wir helfen Ihnen, die beste Option basierend auf Alter, Bildungshintergrund und Pr\u00e4ferenzen Ihrer Kinder zu finden.<\/p><p><strong>Wie funktioniert das Gesundheitssystem in den VAE?<\/strong><\/p><p>Die VAE verf\u00fcgen \u00fcber ein hochmodernes Gesundheitssystem mit \u00f6ffentlichen und privaten Einrichtungen. Als Expat ben\u00f6tigen Sie eine Krankenversicherung, die oft vom Arbeitgeber bereitgestellt wird. Wir beraten Sie zu den besten Versicherungsoptionen f\u00fcr Sie und Ihre Familie.<\/p><p><strong>Kontaktieren Sie uns<\/strong><\/p><p>Lassen Sie uns Ihren Umzug in die VAE so reibungslos wie m\u00f6glich gestalten. Unser Relocation-Team steht bereit, um Sie zu unterst\u00fctzen.<\/p><h3>KOSTENLOSE BERATUNG VEREINBAREN<\/h3><p>Oder kontaktieren Sie uns direkt:<\/p>\t\t\t\t\t\t\t\t<\/div>\n\t\t\t\t<\/div>\n\t\t\t\t\t<\/div>\n\t\t\t\t<\/div>\n\t\t<div class=\"xts-negative-gap elementor-element elementor-element-a78fae3 e-flex e-con-boxed xts-section-disabled e-con e-parent\" data-id=\"a78fae3\" data-element_type=\"container\" data-e-type=\"container\">\n\t\t\t\t\t<div class=\"e-con-inner\">\n\t\t\t\t<div class=\"elementor-element elementor-element-4b0fcc3 elementor-widget elementor-widget-xts_button\" data-id=\"4b0fcc3\" data-element_type=\"widget\" data-e-type=\"widget\" data-widget_type=\"xts_button.default\">\n\t\t\t\t<div class=\"elementor-widget-container\">\n\t\t\t\t\t\t\t\t<div class=\"xts-button-wrapper xts-textalign-center\" >\n\t\t\t\t\t\t\t\t\t<a class=\"xts-button xts-size-xl xts-style-default xts-color-primary xts-shape-round xts-width-full\" href=\"http:\/\/wa.link\/hr0b0m\" target=\"_blank\" rel=\"noopener\">\n\t\t\t\t\t\t<span class=\"xts-button-text\" data-elementor-setting-key=\"button_text\">\n\t\t\t\t\t\t\tJetzt \u00fcber WhatsApp kontaktieren\t\t\t\t\t\t<\/span>\n\n\t\t\t\t\t\t\t\t\t\t\t<\/a>\n\t\t\t\t\t\t\t<\/div>\n\t\t\t\t\t\t<\/div>\n\t\t\t\t<\/div>\n\t\t\t\t\t<\/div>\n\t\t\t\t<\/div>\n\t\t\t\t<\/div>\n\t\t","protected":false},"excerpt":{"rendered":"<p>Cardiology Make appointment UAE Health Care Jetzt \u00fcber WhatsApp kontaktieren Actually, I found the company online while I was searching for some information about our move to Dubai. It was very simple. I put their information on WhatsApp and within a few minutes, I received a reply. And from that moment on, everything went really [&hellip;]<\/p>\n","protected":false},"author":1,"featured_media":0,"parent":0,"menu_order":0,"comment_status":"closed","ping_status":"closed","template":"","meta":{"footnotes":""},"class_list":["post-1507","page","type-page","status-publish","hentry"],"_hostinger_reach_plugin_has_subscription_block":false,"_hostinger_reach_plugin_is_elementor":false,"_links":{"self":[{"href":"https:\/\/doctoflow.com\/ru\/wp-json\/wp\/v2\/pages\/1507","targetHints":{"allow":["GET"]}}],"collection":[{"href":"https:\/\/doctoflow.com\/ru\/wp-json\/wp\/v2\/pages"}],"about":[{"href":"https:\/\/doctoflow.com\/ru\/wp-json\/wp\/v2\/types\/page"}],"author":[{"embeddable":true,"href":"https:\/\/doctoflow.com\/ru\/wp-json\/wp\/v2\/users\/1"}],"replies":[{"embeddable":true,"href":"https:\/\/doctoflow.com\/ru\/wp-json\/wp\/v2\/comments?post=1507"}],"version-history":[{"count":11,"href":"https:\/\/doctoflow.com\/ru\/wp-json\/wp\/v2\/pages\/1507\/revisions"}],"predecessor-version":[{"id":2175,"href":"https:\/\/doctoflow.com\/ru\/wp-json\/wp\/v2\/pages\/1507\/revisions\/2175"}],"wp:attachment":[{"href":"https:\/\/doctoflow.com\/ru\/wp-json\/wp\/v2\/media?parent=1507"}],"curies":[{"name":"wp","href":"https:\/\/api.w.org\/{rel}","templated":true}]}}