{"id":1541,"date":"2025-04-08T16:33:47","date_gmt":"2025-04-08T16:33:47","guid":{"rendered":"https:\/\/doctoflow.com\/?page_id=1541"},"modified":"2025-11-16T06:19:00","modified_gmt":"2025-11-16T06:19:00","slug":"arbeitgeberservices-fuer-gesundheitseinrichtungen-in-den-vae","status":"publish","type":"page","link":"https:\/\/doctoflow.com\/ru\/arbeitgeberservices-fuer-gesundheitseinrichtungen-in-den-vae\/","title":{"rendered":"\u0423\u0441\u043b\u0443\u0433\u0438 \u0434\u043b\u044f \u0440\u0430\u0431\u043e\u0442\u043e\u0434\u0430\u0442\u0435\u043b\u0435\u0439 \u0432 \u043c\u0435\u0434\u0438\u0446\u0438\u043d\u0441\u043a\u0438\u0445 \u0443\u0447\u0440\u0435\u0436\u0434\u0435\u043d\u0438\u044f\u0445 \u041e\u0410\u042d"},"content":{"rendered":"\t\t<div data-elementor-type=\"wp-page\" data-elementor-id=\"1541\" class=\"elementor elementor-1541\">\n\t\t\t\t<div class=\"xts-negative-gap elementor-element elementor-element-6dcd886 e-flex e-con-boxed xts-section-disabled e-con e-parent\" data-id=\"6dcd886\" data-element_type=\"container\" data-e-type=\"container\">\n\t\t\t\t\t<div class=\"e-con-inner\">\n\t\t\t\t<div class=\"elementor-element elementor-element-4da2913 elementor-widget elementor-widget-xts_banner\" data-id=\"4da2913\" data-element_type=\"widget\" data-e-type=\"widget\" data-widget_type=\"xts_banner.default\">\n\t\t\t\t<div class=\"elementor-widget-container\">\n\t\t\t\t\t\t\t<div class=\"xts-iimage xts-with-background xts-style-mask-gradient xts-hover-zoom-in xts-scheme-light xts-cursor-pointer\" onclick=\"window.location.href=&quot;https:\/\/doctoflow.com\/surgery\/&quot;\">\n\n\t\t\t<div class=\"xts-iimage-img-wrapper\">\n\t\t\t\t<div class=\"xts-iimage-img xts-bg-position-center-center\">\n\t\t\t\t\t<img fetchpriority=\"high\" decoding=\"async\" width=\"246\" height=\"240\" src=\"https:\/\/doctoflow.com\/wp-content\/uploads\/2020\/02\/venus-category-2-opt.jpg\" class=\"attachment-full size-full wp-image-510\" alt=\"\" \/>\t\t\t\t<\/div>\n\n\t\t\t\t<div class=\"xts-iimage-overlay xts-fill\"><\/div>\n\t\t\t<\/div>\n\n\t\t\t<div class=\"xts-iimage-content-wrapper xts-fill xts-justify-start xts-items-end xts-textalign-left\">\n\t\t\t\t<div class=\"xts-iimage-content xts-reset-all-last\">\n\t\t\t\t\t\n\t\t\t\t\t\t\t\t\t\t\t<h4 class=\"xts-iimage-title title xts-fontsize-m\" data-elementor-setting-key=\"title\">\n\t\t\t\t\t\t\tArbeitgeberservices f\u00fcr Gesundheitseinrichtungen in den VAE\t\t\t\t\t\t<\/h4>\n\t\t\t\t\t\n\t\t\t\t\t\n\t\t\t\t\t\t\t\t\t\t\t\t\t\t<div class=\"xts-button-wrapper\" >\n\t\t\t\t\t\t\t\t\t<a class=\"xts-button xts-size-s xts-style-link xts-color-white\"  href=\"https:\/\/doctoflow.com\/surgery\/\">\n\t\t\t\t\t\t<span class=\"xts-button-text\" data-elementor-setting-key=\"button_text\">\n\t\t\t\t\t\t\tMake appointment\t\t\t\t\t\t<\/span>\n\n\t\t\t\t\t\t\t\t\t\t\t<\/a>\n\t\t\t\t\t\t\t<\/div>\n\t\t\t\t\t\t\t\t\t\t\t<\/div>\n\t\t\t<\/div>\n\t\t<\/div>\n\n\t\t\t\t\t\t<\/div>\n\t\t\t\t<\/div>\n\t\t\t\t\t<\/div>\n\t\t\t\t<\/div>\n\t\t<div class=\"xts-negative-gap elementor-element elementor-element-010feb4 e-flex e-con-boxed xts-section-disabled e-con e-parent\" data-id=\"010feb4\" data-element_type=\"container\" data-e-type=\"container\">\n\t\t\t\t\t<div class=\"e-con-inner\">\n\t\t\t\t<div class=\"elementor-element elementor-element-11acfda elementor-widget elementor-widget-spacer\" data-id=\"11acfda\" data-element_type=\"widget\" data-e-type=\"widget\" data-widget_type=\"spacer.default\">\n\t\t\t\t<div class=\"elementor-widget-container\">\n\t\t\t\t\t\t\t<div class=\"elementor-spacer\">\n\t\t\t<div class=\"elementor-spacer-inner\"><\/div>\n\t\t<\/div>\n\t\t\t\t\t\t<\/div>\n\t\t\t\t<\/div>\n\t\t\t\t\t<\/div>\n\t\t\t\t<\/div>\n\t\t<div class=\"xts-negative-gap elementor-element elementor-element-8b627fe e-flex e-con-boxed xts-section-disabled e-con e-parent\" data-id=\"8b627fe\" data-element_type=\"container\" data-e-type=\"container\">\n\t\t\t\t\t<div class=\"e-con-inner\">\n\t\t\t\t<div class=\"elementor-element elementor-element-250ddcb elementor-widget elementor-widget-xts_button\" data-id=\"250ddcb\" data-element_type=\"widget\" data-e-type=\"widget\" data-widget_type=\"xts_button.default\">\n\t\t\t\t<div class=\"elementor-widget-container\">\n\t\t\t\t\t\t\t\t<div class=\"xts-button-wrapper xts-textalign-center\" >\n\t\t\t\t\t\t\t\t\t<a class=\"xts-button xts-size-xl xts-style-default xts-color-primary xts-shape-round xts-width-full\" href=\"http:\/\/wa.link\/hr0b0m\" target=\"_blank\" rel=\"noopener\">\n\t\t\t\t\t\t<span class=\"xts-button-text\" data-elementor-setting-key=\"button_text\">\n\t\t\t\t\t\t\tJetzt \u00fcber WhatsApp kontaktieren\t\t\t\t\t\t<\/span>\n\n\t\t\t\t\t\t\t\t\t\t\t<\/a>\n\t\t\t\t\t\t\t<\/div>\n\t\t\t\t\t\t<\/div>\n\t\t\t\t<\/div>\n\t\t\t\t\t<\/div>\n\t\t\t\t<\/div>\n\t\t<div class=\"xts-negative-gap elementor-element elementor-element-ecb4d27 e-flex e-con-boxed xts-section-disabled e-con e-parent\" data-id=\"ecb4d27\" data-element_type=\"container\" data-e-type=\"container\">\n\t\t\t\t\t<div class=\"e-con-inner\">\n\t\t\t\t<div class=\"elementor-element elementor-element-55f7efa elementor-widget elementor-widget-spacer\" data-id=\"55f7efa\" data-element_type=\"widget\" data-e-type=\"widget\" data-widget_type=\"spacer.default\">\n\t\t\t\t<div class=\"elementor-widget-container\">\n\t\t\t\t\t\t\t<div class=\"elementor-spacer\">\n\t\t\t<div class=\"elementor-spacer-inner\"><\/div>\n\t\t<\/div>\n\t\t\t\t\t\t<\/div>\n\t\t\t\t<\/div>\n\t\t\t\t\t<\/div>\n\t\t\t\t<\/div>\n\t\t<div class=\"xts-negative-gap elementor-element elementor-element-65c5e5f e-flex e-con-boxed xts-section-disabled e-con e-parent\" data-id=\"65c5e5f\" data-element_type=\"container\" data-e-type=\"container\">\n\t\t\t\t\t<div class=\"e-con-inner\">\n\t\t\t\t<div class=\"elementor-element elementor-element-9955d55 xts-scheme-inherit xts-textalign-inherit elementor-widget elementor-widget-text-editor\" data-id=\"9955d55\" data-element_type=\"widget\" data-e-type=\"widget\" data-widget_type=\"text-editor.default\">\n\t\t\t\t<div class=\"elementor-widget-container\">\n\t\t\t\t\t\t\t\t\t<p>DoctoFlow bietet spezialisierte Rekrutierungs- und Personaldienstleistungen f\u00fcr Gesundheitseinrichtungen in den Vereinigten Arabischen Emiraten. Unser Fokus liegt auf der Vermittlung hochqualifizierter westlicher \u00c4rzte und medizinischer Fachkr\u00e4fte, die den anspruchsvollen Standards des emiratischen Gesundheitswesens entsprechen. Mit unserem umfassenden Dienstleistungspaket unterst\u00fctzen wir Krankenh\u00e4user, Kliniken und medizinische Zentren dabei, die besten internationalen Talente zu gewinnen und langfristig zu binden.<\/p><h3>Unsere Arbeitgeberservices<\/h3><p>Rekrutierung westlicher \u00c4rzte<\/p><p>Wir sind spezialisiert auf die Vermittlung westlicher \u00c4rzte f\u00fcr den VAE-Gesundheitsmarkt:<\/p><p>&#8211; Zugang zu einem exklusiven Pool hochqualifizierter \u00c4rzte aus Deutschland, \u00d6sterreich, der Schweiz und anderen westlichen L\u00e4ndern<br \/>&#8211; Ma\u00dfgeschneiderte Rekrutierungsl\u00f6sungen basierend auf Ihren spezifischen Anforderungen<br \/>&#8211; Vorauswahl geeigneter Kandidaten nach Qualifikation, Erfahrung und kultureller Passung<br \/>&#8211; Organisation von Vorstellungsgespr\u00e4chen (pers\u00f6nlich oder virtuell)<br \/>&#8211; Unterst\u00fctzung bei der Entscheidungsfindung durch detaillierte Kandidatenprofile<br \/>&#8211; Vermittlung von Fach\u00e4rzten aller Spezialisierungen sowie Allgemeinmedizinern<\/p><p>Unsere Rekrutierungsexperten verstehen die besonderen Anforderungen des VAE-Gesundheitsmarktes und finden die passenden Kandidaten f\u00fcr Ihre Einrichtung.<\/p><h3>Personalvermittlung<\/h3><p>Unser umfassender Personalvermittlungsservice umfasst:<\/p><p>&#8211; Bedarfsanalyse und Erstellung detaillierter Stellenprofile<br \/>&#8211; Aktive Suche nach qualifizierten Kandidaten in unserem internationalen Netzwerk<br \/>&#8211; Durchf\u00fchrung von Erstgespr\u00e4chen und fachlichen Assessments<br \/>&#8211; \u00dcberpr\u00fcfung von Qualifikationen und Referenzen<br \/>&#8211; Pr\u00e4sentation einer Auswahl geeigneter Kandidaten<br \/>&#8211; Unterst\u00fctzung bei Vertragsverhandlungen<br \/>&#8211; Nachbetreuung w\u00e4hrend der Probezeit<\/p><p>Wir \u00fcbernehmen den gesamten Rekrutierungsprozess und sparen Ihnen wertvolle Zeit und Ressourcen.<\/p><h3>Onboarding-Unterst\u00fctzung<\/h3><p>Ein erfolgreicher Start ist entscheidend f\u00fcr die langfristige Bindung neuer Mitarbeiter:<\/p><p>&#8211; Unterst\u00fctzung bei der Lizenzierung neuer \u00c4rzte bei den zust\u00e4ndigen Gesundheitsbeh\u00f6rden<br \/>&#8211; Koordination des DataFlow-Verifizierungsprozesses<br \/>&#8211; Hilfe bei der Visumbeantragung und Arbeitserlaubnis<br \/>&#8211; Organisation der Relocation f\u00fcr den Arzt und seine Familie<br \/>&#8211; Entwicklung strukturierter Einarbeitungsprogramme<br \/>&#8211; Kulturelle Orientierung und Integration in das Team<br \/>&#8211; Begleitung w\u00e4hrend der ersten Monate im neuen Arbeitsumfeld<\/p><p>Unser Onboarding-Service sorgt f\u00fcr einen reibungslosen Start und reduziert die Fluktuation neuer Mitarbeiter.<\/p><h3>Compliance-Beratung<\/h3><p>Wir unterst\u00fctzen Sie bei der Einhaltung aller rechtlichen Anforderungen:<\/p><p>&#8211; Beratung zu aktuellen Lizenzierungsvorschriften der Gesundheitsbeh\u00f6rden<br \/>&#8211; Unterst\u00fctzung bei der Erf\u00fcllung beh\u00f6rdlicher Anforderungen<br \/>&#8211; \u00dcberpr\u00fcfung von Arbeitsvertr\u00e4gen auf Compliance mit lokalen Gesetzen<br \/>&#8211; Beratung zu Visa- und Arbeitserlaubnisbestimmungen<br \/>&#8211; Unterst\u00fctzung bei der Dokumentation und Berichterstattung<br \/>&#8211; Updates zu relevanten Gesetzes\u00e4nderungen<\/p><p>Unsere Compliance-Experten helfen Ihnen, rechtliche Risiken zu minimieren und alle Vorschriften einzuhalten.<\/p><h3>Langfristige Personalplanung<\/h3><p>Wir unterst\u00fctzen Sie bei der strategischen Personalplanung:<\/p><p>&#8211; Analyse des aktuellen und zuk\u00fcnftigen Personalbedarfs<br \/>&#8211; Entwicklung langfristiger Rekrutierungsstrategien<br \/>&#8211; Beratung zur Mitarbeiterbindung und Karriereentwicklung<br \/>&#8211; Unterst\u00fctzung bei der Nachfolgeplanung f\u00fcr Schl\u00fcsselpositionen<br \/>&#8211; Marktanalysen zu Verg\u00fctungsstrukturen und Benefits<br \/>&#8211; Beratung zur Optimierung der Personalkosten<\/p><p>Mit unserer Unterst\u00fctzung entwickeln Sie nachhaltige Personalstrategien f\u00fcr den langfristigen Erfolg Ihrer Einrichtung.<\/p><p>Vorteile unserer Arbeitgeberservices<\/p><h3>Zugang zu westlichen Fachkr\u00e4ften<\/h3><p>Durch unser spezialisiertes Netzwerk haben wir direkten Zugang zu hochqualifizierten westlichen \u00c4rzten, die an einer Karriere in den VAE interessiert sind.<\/p><h3>Zeitersparnis<\/h3><p>Wir \u00fcbernehmen den zeitintensiven Rekrutierungsprozess und pr\u00e4sentieren Ihnen nur vorqualifizierte Kandidaten, die Ihren Anforderungen entsprechen.<\/p><p>Qualit\u00e4tssicherung<\/p><p>Alle Kandidaten durchlaufen einen strengen Auswahlprozess, bei dem Qualifikationen, Erfahrungen und Referenzen gr\u00fcndlich \u00fcberpr\u00fcft werden.<\/p><h3>Kosteneffizienz<\/h3><p>Unsere Dienstleistungen reduzieren Fehlbesetzungen und die damit verbundenen hohen Kosten f\u00fcr Neurekrutierung und Einarbeitung.<\/p><h3>Kulturelle Passung<\/h3><p>Wir ber\u00fccksichtigen nicht nur fachliche Qualifikationen, sondern auch die kulturelle Passung der Kandidaten zu Ihrer Einrichtung und den VAE.<\/p><h3>Unsere Rekrutierungsmethodik<\/h3><p>1. Bedarfsanalyse<br \/>Wir analysieren Ihre spezifischen Anforderungen und entwickeln ein detailliertes Anforderungsprofil.<\/p><p>2. Suchstrategie<br \/>Basierend auf Ihren Anforderungen entwickeln wir eine ma\u00dfgeschneiderte Suchstrategie.<\/p><p>3. Kandidatenidentifikation<br \/>Wir identifizieren geeignete Kandidaten durch aktive Suche in unserem Netzwerk und gezielte Ansprache.<\/p><p>4. Vorauswahl<br \/>Alle Kandidaten durchlaufen einen strengen Auswahlprozess mit Interviews und Qualifikationspr\u00fcfungen.<\/p><p>5. Pr\u00e4sentation<br \/>Wir pr\u00e4sentieren Ihnen eine Auswahl der besten Kandidaten mit detaillierten Profilen.<\/p><p>6. Interviews<br \/>Wir organisieren und koordinieren Vorstellungsgespr\u00e4che zwischen Ihnen und den Kandidaten.<\/p><p>7. Vertragsverhandlung<br \/>Wir unterst\u00fctzen bei der Aushandlung fairer und marktgerechter Vertragskonditionen.<\/p><p>8. Onboarding<br \/>Nach der Einstellung begleiten wir den gesamten Onboarding-Prozess f\u00fcr einen erfolgreichen Start.<\/p><h3>Spezialisierte Rekrutierung nach Fachrichtungen<\/h3><p>Wir sind auf die Rekrutierung in allen medizinischen Fachbereichen spezialisiert, mit besonderem Fokus auf:<\/p><p>Hochspezialisierte Fach\u00e4rzte<br \/>&#8211; Kardiologie und interventionelle Kardiologie<br \/>&#8211; Onkologie und H\u00e4matologie<br \/>&#8211; Neurologie und Neurochirurgie<br \/>&#8211; Orthop\u00e4die und Sportmedizin<br \/>&#8211; Plastische und rekonstruktive Chirurgie<br \/>&#8211; Reproduktionsmedizin und IVF-Spezialisten<\/p><h3>Allgemeine Fachrichtungen<\/h3><p>&#8211; Allgemeinmedizin<br \/>&#8211; Innere Medizin<br \/>&#8211; P\u00e4diatrie<br \/>&#8211; Gyn\u00e4kologie und Geburtshilfe<br \/>&#8211; Dermatologie<br \/>&#8211; Radiologie und bildgebende Verfahren<br \/>&#8211; An\u00e4sthesiologie<\/p><h3>F\u00fchrungspositionen<\/h3><p>&#8211; Chef\u00e4rzte und medizinische Direktoren<br \/>&#8211; Abteilungsleiter<br \/>&#8211; Klinikmanager mit medizinischem Hintergrund<\/p><h3>Preismodelle<\/h3><p>Wir bieten flexible Preismodelle, die auf Ihre spezifischen Bed\u00fcrfnisse zugeschnitten sind:<\/p><p><strong>Standard-Vermittlung<\/strong><br \/>Einmalige Vermittlungsgeb\u00fchr basierend auf dem Jahresgehalt des vermittelten Arztes.<\/p><p><strong>Retained Search<\/strong><br \/>Exklusive Suche f\u00fcr Schl\u00fcsselpositionen mit garantiertem Ergebnis, aufgeteilt in mehrere Zahlungsphasen.<\/p><p><strong>Rahmenvertr\u00e4ge<\/strong><br \/>Vorteilhafte Konditionen f\u00fcr Gesundheitseinrichtungen mit regelm\u00e4\u00dfigem Rekrutierungsbedarf.<\/p><p><strong>Projektbasierte Rekrutierung<\/strong><br \/>Ma\u00dfgeschneiderte L\u00f6sungen f\u00fcr die Besetzung mehrerer Positionen innerhalb eines definierten Zeitraums.<\/p><h3>H\u00e4ufig gestellte Fragen zu Arbeitgeberservices<\/h3><p><strong>Wie lange dauert der typische Rekrutierungsprozess?<\/strong><\/p><p>Der Zeitrahmen variiert je nach Position und Verf\u00fcgbarkeit geeigneter Kandidaten. F\u00fcr Standardpositionen betr\u00e4gt die durchschnittliche Zeit von der Beauftragung bis zum Arbeitsantritt 3-6 Monate, einschlie\u00dflich Lizenzierung und Relocation.<\/p><p><strong>Welche Garantien bieten Sie f\u00fcr vermittelte \u00c4rzte?<\/strong><\/p><p>Wir bieten eine Ersatzgarantie f\u00fcr den Fall, dass ein vermittelter Arzt w\u00e4hrend der Probezeit ausscheidet. Die genauen Bedingungen werden im Vermittlungsvertrag festgelegt.<\/p><p><strong>Wie unterst\u00fctzen Sie bei der Lizenzierung internationaler \u00c4rzte?<\/strong><\/p><p>Unser spezialisiertes Lizenzierungsteam \u00fcbernimmt den gesamten Prozess, von der Dokumentenvorbereitung \u00fcber die DataFlow-Verifizierung bis zur Einreichung bei den zust\u00e4ndigen Gesundheitsbeh\u00f6rden (DHA, DOH, MOHAP).<\/p><p><strong>K\u00f6nnen Sie auch bei kurzfristigem Personalbedarf helfen?<\/strong><\/p><p>Ja, f\u00fcr dringende Besetzungen k\u00f6nnen wir auf unseren Pool sofort verf\u00fcgbarer Kandidaten zur\u00fcckgreifen, die bereits \u00fcber eine VAE-Lizenz verf\u00fcgen oder kurz vor Abschluss des Lizenzierungsprozesses stehen.<\/p><p><strong>Wie stellen Sie die Qualit\u00e4t der Kandidaten sicher?<\/strong><\/p><p>Alle Kandidaten durchlaufen einen mehrstufigen Auswahlprozess, der Interviews, Qualifikationspr\u00fcfungen, Referenz\u00fcberpr\u00fcfungen und bei Bedarf fachliche Assessments umfasst.<\/p><h3>Referenzen<\/h3><p>Wir arbeiten erfolgreich mit f\u00fchrenden Gesundheitseinrichtungen in den VAE zusammen, darunter:<\/p><p>&#8211; Renommierte Privatkliniken in Dubai und Abu Dhabi<br \/>&#8211; Internationale Krankenhausgruppen<br \/>&#8211; Spezialkliniken und medizinische Zentren<br \/>&#8211; \u00d6ffentliche Gesundheitseinrichtungen<\/p><h3>Auf Anfrage stellen wir gerne Referenzen von zufriedenen Kunden zur Verf\u00fcgung.<\/h3><p><strong>Kontaktieren Sie uns<\/strong><\/p><p>Lassen Sie uns gemeinsam Ihre Personalherausforderungen l\u00f6sen. Unser Expertenteam f\u00fcr Arbeitgeberservices steht bereit, um Sie zu unterst\u00fctzen.<\/p><h3>BERATUNGSGESPR\u00c4CH VEREINBAREN<\/h3><p>\u00a0<\/p>\t\t\t\t\t\t\t\t<\/div>\n\t\t\t\t<\/div>\n\t\t\t\t\t<\/div>\n\t\t\t\t<\/div>\n\t\t<div class=\"xts-negative-gap elementor-element elementor-element-a83d823 e-flex e-con-boxed xts-section-disabled e-con e-parent\" data-id=\"a83d823\" data-element_type=\"container\" data-e-type=\"container\">\n\t\t\t\t\t<div class=\"e-con-inner\">\n\t\t\t\t<div class=\"elementor-element elementor-element-0cad7c4 elementor-widget elementor-widget-xts_button\" data-id=\"0cad7c4\" data-element_type=\"widget\" data-e-type=\"widget\" data-widget_type=\"xts_button.default\">\n\t\t\t\t<div class=\"elementor-widget-container\">\n\t\t\t\t\t\t\t\t<div class=\"xts-button-wrapper xts-textalign-center\" >\n\t\t\t\t\t\t\t\t\t<a class=\"xts-button xts-size-xl xts-style-default xts-color-primary xts-shape-round xts-width-full\" href=\"http:\/\/wa.link\/hr0b0m\" target=\"_blank\" rel=\"noopener\">\n\t\t\t\t\t\t<span class=\"xts-button-text\" data-elementor-setting-key=\"button_text\">\n\t\t\t\t\t\t\tJetzt \u00fcber WhatsApp kontaktieren\t\t\t\t\t\t<\/span>\n\n\t\t\t\t\t\t\t\t\t\t\t<\/a>\n\t\t\t\t\t\t\t<\/div>\n\t\t\t\t\t\t<\/div>\n\t\t\t\t<\/div>\n\t\t\t\t\t<\/div>\n\t\t\t\t<\/div>\n\t\t<div class=\"xts-negative-gap elementor-element elementor-element-9a8fb98 e-flex e-con-boxed xts-section-disabled e-con e-parent\" data-id=\"9a8fb98\" data-element_type=\"container\" data-e-type=\"container\">\n\t\t\t\t\t<div class=\"e-con-inner\">\n\t\t\t\t<div class=\"elementor-element elementor-element-f0b1336 elementor-widget elementor-widget-spacer\" data-id=\"f0b1336\" data-element_type=\"widget\" data-e-type=\"widget\" data-widget_type=\"spacer.default\">\n\t\t\t\t<div class=\"elementor-widget-container\">\n\t\t\t\t\t\t\t<div class=\"elementor-spacer\">\n\t\t\t<div class=\"elementor-spacer-inner\"><\/div>\n\t\t<\/div>\n\t\t\t\t\t\t<\/div>\n\t\t\t\t<\/div>\n\t\t\t\t\t<\/div>\n\t\t\t\t<\/div>\n\t\t<div class=\"xts-negative-gap elementor-element elementor-element-514599d e-flex e-con-boxed xts-section-disabled e-con e-parent\" data-id=\"514599d\" data-element_type=\"container\" data-e-type=\"container\">\n\t\t\t\t\t<div class=\"e-con-inner\">\n\t\t\t\t<div class=\"elementor-element elementor-element-e458603 elementor-widget elementor-widget-html\" data-id=\"e458603\" data-element_type=\"widget\" data-e-type=\"widget\" data-widget_type=\"html.default\">\n\t\t\t\t<div class=\"elementor-widget-container\">\n\t\t\t\t\t<script src=\"https:\/\/fast.wistia.com\/player.js\" async><\/script><script src=\"https:\/\/fast.wistia.com\/embed\/fcluc3kvtc.js\" async type=\"module\"><\/script><style>wistia-player[media-id='fcluc3kvtc']:not(:defined) { background: center \/ contain no-repeat url('https:\/\/fast.wistia.com\/embed\/medias\/fcluc3kvtc\/swatch'); display: block; filter: blur(5px); padding-top:56.25%; }<\/style> <wistia-player media-id=\"fcluc3kvtc\" aspect=\"1.7777777777777777\"><div class=\"wistia_preload_transcript_outer_wrapper\" style=\"width: 100%; height: 100%; display:flex; justify-content:center; align-items: center; margin-top:-56.25%;\"><div class=\"wistia_preload_transcript_inner_wrapper\" style=\" overflow: auto;\"><p class=\"wistia_preload_transcript_text\" aria-hidden=\"true\" tabindex=\"-1\" style=\"text-align: justify; font-size: 5px !important;\">Actually, I found the company online while I was searching for some information about our move to Dubai. It was very simple. I put their information on WhatsApp and within a few minutes, I received a reply. And from that moment on, everything went really smoothly. The whole relocation process was simple and well organized. I always felt completely supported. Everything was transparent, quick and professional. What I really appreciated was that they always paid attention to the smaller things from finding the best apartment and helping me settle in. It was such a positive experience from start to finish. Honestly, I can truly recommend this company to everyone. When people ask me why we chose to leave our home country and move to Dubai, I always smile because here there's an incredible mix of opportunity, safety, and lifestyle that you don't find anywhere else. You really feel the city is growing every day. It's full of energy, new ideas, and international people. It's not just about work, it's about the way of life. The warmth, the safety, the respect you feel here. For us, it was the best decision we could make. If you also wish to start your medical career in Dubai, feel free to contact us. We fully support you throughout the entire process.<\/p><\/div><\/div><\/wistia-player>\t\t\t\t<\/div>\n\t\t\t\t<\/div>\n\t\t\t\t\t<\/div>\n\t\t\t\t<\/div>\n\t\t\t\t<\/div>\n\t\t","protected":false},"excerpt":{"rendered":"<p>Arbeitgeberservices f\u00fcr Gesundheitseinrichtungen in den VAE Make appointment Jetzt \u00fcber WhatsApp kontaktieren DoctoFlow bietet spezialisierte Rekrutierungs- und Personaldienstleistungen f\u00fcr Gesundheitseinrichtungen in den Vereinigten Arabischen Emiraten. Unser Fokus liegt auf der Vermittlung hochqualifizierter westlicher \u00c4rzte und medizinischer Fachkr\u00e4fte, die den anspruchsvollen Standards des emiratischen Gesundheitswesens entsprechen. Mit unserem umfassenden Dienstleistungspaket unterst\u00fctzen wir Krankenh\u00e4user, Kliniken und medizinische [&hellip;]<\/p>\n","protected":false},"author":1,"featured_media":0,"parent":0,"menu_order":0,"comment_status":"closed","ping_status":"closed","template":"","meta":{"footnotes":""},"class_list":["post-1541","page","type-page","status-publish","hentry"],"_hostinger_reach_plugin_has_subscription_block":false,"_hostinger_reach_plugin_is_elementor":false,"_links":{"self":[{"href":"https:\/\/doctoflow.com\/ru\/wp-json\/wp\/v2\/pages\/1541","targetHints":{"allow":["GET"]}}],"collection":[{"href":"https:\/\/doctoflow.com\/ru\/wp-json\/wp\/v2\/pages"}],"about":[{"href":"https:\/\/doctoflow.com\/ru\/wp-json\/wp\/v2\/types\/page"}],"author":[{"embeddable":true,"href":"https:\/\/doctoflow.com\/ru\/wp-json\/wp\/v2\/users\/1"}],"replies":[{"embeddable":true,"href":"https:\/\/doctoflow.com\/ru\/wp-json\/wp\/v2\/comments?post=1541"}],"version-history":[{"count":10,"href":"https:\/\/doctoflow.com\/ru\/wp-json\/wp\/v2\/pages\/1541\/revisions"}],"predecessor-version":[{"id":2178,"href":"https:\/\/doctoflow.com\/ru\/wp-json\/wp\/v2\/pages\/1541\/revisions\/2178"}],"wp:attachment":[{"href":"https:\/\/doctoflow.com\/ru\/wp-json\/wp\/v2\/media?parent=1541"}],"curies":[{"name":"wp","href":"https:\/\/api.w.org\/{rel}","templated":true}]}}